{"id":5728,"date":"2021-07-13T11:33:38","date_gmt":"2021-07-13T08:33:38","guid":{"rendered":"https:\/\/portaltest.atauni.edu.tr\/bilgisayar-muhendisligi\/?page_id=5728"},"modified":"2025-05-13T09:13:34","modified_gmt":"2025-05-13T06:13:34","slug":"bolum-tanitimi","status":"publish","type":"page","link":"https:\/\/atauni.edu.tr\/tarim-makinalari-muhendisligi\/bolum-tanitimi\/","title":{"rendered":"B\u00f6l\u00fcm Tan\u0131t\u0131m\u0131"},"content":{"rendered":"\t\t<div data-elementor-type=\"wp-page\" data-elementor-id=\"5728\" class=\"elementor elementor-5728\" data-elementor-post-type=\"page\">\n\t\t\t\t\t\t<section class=\"elementor-section elementor-top-section elementor-element elementor-element-730d320 elementor-section-boxed elementor-section-height-default elementor-section-height-default\" data-id=\"730d320\" data-element_type=\"section\">\n\t\t\t\t\t\t<div class=\"elementor-container elementor-column-gap-default\">\n\t\t\t\t\t<div class=\"elementor-column elementor-col-100 elementor-top-column elementor-element elementor-element-753d0860\" data-id=\"753d0860\" data-element_type=\"column\">\n\t\t\t<div class=\"elementor-widget-wrap\">\n\t\t\t\t\t\t\t<\/div>\n\t\t<\/div>\n\t\t\t\t\t<\/div>\n\t\t<\/section>\n\t\t\t\t<section class=\"elementor-section elementor-top-section elementor-element elementor-element-9be811a elementor-section-boxed elementor-section-height-default elementor-section-height-default\" data-id=\"9be811a\" data-element_type=\"section\">\n\t\t\t\t\t\t<div class=\"elementor-container elementor-column-gap-default\">\n\t\t\t\t\t<div class=\"elementor-column elementor-col-100 elementor-top-column elementor-element elementor-element-1ed847b7\" data-id=\"1ed847b7\" data-element_type=\"column\">\n\t\t\t<div class=\"elementor-widget-wrap elementor-element-populated\">\n\t\t\t\t\t\t<div class=\"elementor-element elementor-element-4ce0d07f elementor-widget elementor-widget-heading\" data-id=\"4ce0d07f\" data-element_type=\"widget\" data-widget_type=\"heading.default\">\n\t\t\t\t<div class=\"elementor-widget-container\">\n\t\t\t\t\t<h2 class=\"elementor-heading-title elementor-size-default\">B\u00f6l\u00fcm Tan\u0131t\u0131m\u0131<\/h2>\t\t\t\t<\/div>\n\t\t\t\t<\/div>\n\t\t\t\t<div class=\"elementor-element elementor-element-63260862 elementor-widget-divider--view-line elementor-widget elementor-widget-divider\" data-id=\"63260862\" data-element_type=\"widget\" data-widget_type=\"divider.default\">\n\t\t\t\t<div class=\"elementor-widget-container\">\n\t\t\t\t\t\t\t<div class=\"elementor-divider\">\n\t\t\t<span class=\"elementor-divider-separator\">\n\t\t\t\t\t\t<\/span>\n\t\t<\/div>\n\t\t\t\t\t\t<\/div>\n\t\t\t\t<\/div>\n\t\t\t\t\t<\/div>\n\t\t<\/div>\n\t\t\t\t\t<\/div>\n\t\t<\/section>\n\t\t\t\t<section class=\"elementor-section elementor-top-section elementor-element elementor-element-681db8b elementor-section-boxed elementor-section-height-default elementor-section-height-default\" data-id=\"681db8b\" data-element_type=\"section\">\n\t\t\t\t\t\t<div class=\"elementor-container elementor-column-gap-default\">\n\t\t\t\t\t<div class=\"elementor-column elementor-col-100 elementor-top-column elementor-element elementor-element-ad4dac5\" data-id=\"ad4dac5\" data-element_type=\"column\">\n\t\t\t<div class=\"elementor-widget-wrap elementor-element-populated\">\n\t\t\t\t\t\t<div class=\"elementor-element elementor-element-2f96b3d elementor-widget elementor-widget-text-editor\" data-id=\"2f96b3d\" data-element_type=\"widget\" data-widget_type=\"text-editor.default\">\n\t\t\t\t<div class=\"elementor-widget-container\">\n\t\t\t\t\t\t\t\t\t<h3>S\u0131n\u0131f ve Laboratuvar \u0130mkanlar\u0131<\/h3><p>Tar\u0131m Makinalar\u0131 B\u00f6l\u00fcm\u00fc idare binas\u0131, Tar\u0131msal Yap\u0131lar ve Sulama B\u00f6l\u00fcm\u00fc ile ortakla\u015fa kullan\u0131lmakta olup, ikisi Teknik Resim \u00c7izim Salon\u0131 olmak \u00fczere di\u011fer b\u00f6l\u00fcmlerle de ortak kullan\u0131lan 9 derslikte e\u011fitim ve \u00f6\u011fretim yap\u0131lmaktad\u0131r. Ayr\u0131ca Tar\u0131m Makinalar\u0131 B\u00f6l\u00fcm\u00fcnde s\u00fcreli yay\u0131nlar\u0131n bulundu\u011fu, \u00e7e\u015fitli m\u00fchendislik ve ziraat alan\u0131yla ilgili kitap ve dergilerin ar\u015fivlendi\u011fi ayr\u0131 bir k\u00fct\u00fcphane de mevcuttur.\u00a0 B\u00f6l\u00fcmde e\u011fitim ve \u00f6\u011fretim faaliyetlerinin yan\u0131 s\u0131ra uygulamalar\u0131n ve bilimsel \u00e7al\u0131\u015fmalar\u0131n yap\u0131ld\u0131\u011f\u0131, Tar\u0131m Makinalar\u0131, Tar\u0131msal Elektrifikasyon, Termik Motorlar, Mekanik Teknolojisi ve Biyolojik Malzeme laboratuvarlar\u0131 ile birlikte 650 m2 alana sahip bir at\u00f6lye bulunmaktad\u0131r. Bu at\u00f6lyede, torna, freze, planya i\u015fleri ile motor bak\u0131m ve onar\u0131m\u0131, kaporta, kaynak i\u015fleri ve a\u011fa\u00e7 i\u015fleri yap\u0131labilmektedir. At\u00f6lye, ara\u015ft\u0131rmalar sonucunda geli\u015ftirilebilecek alet ve makina prototiplerini yapabilecek donan\u0131m ve kapasiteye sahip bulunmaktad\u0131r. Ayr\u0131ca b\u00f6l\u00fcm binas\u0131na ek olarak yap\u0131lan 750 m2 alana sahip bir tar\u0131m makinalar\u0131 ve test laboratuvar\u0131 da ara\u015ft\u0131rma, e\u011fitim ve \u00f6\u011fretim ama\u00e7l\u0131 olarak kullan\u0131lmaktad\u0131r.<\/p><h3>Bilgisayar Laboratuvarlar\u0131<\/h3><p>B\u00f6l\u00fcm binas\u0131nda \u00f6\u011frencilere hizmet veren bir kafeterya, bir k\u00fct\u00fcphane bulunmakta, fak\u00fclte ve b\u00f6l\u00fcm \u00f6\u011frencilerine bilgisayar destekli e\u011fitim vermek amac\u0131yla 2 adet bilgisayar donan\u0131ml\u0131 teknoloji s\u0131n\u0131f\u0131 bulunmaktad\u0131r.<\/p><h3>K\u00fct\u00fcphane\u00a0<\/h3><p>Tar\u0131m Makinalar\u0131 B\u00f6l\u00fcm\u00fc k\u00fct\u00fcphanesinde 1990 ve sonraki y\u0131llar\u0131n kapsad\u0131\u011f\u0131 kitap say\u0131s\u0131 2160 adettir.<\/p>\t\t\t\t\t\t\t\t<\/div>\n\t\t\t\t<\/div>\n\t\t\t\t\t<\/div>\n\t\t<\/div>\n\t\t\t\t\t<\/div>\n\t\t<\/section>\n\t\t\t\t<section class=\"elementor-section elementor-top-section elementor-element elementor-element-1af8c47 elementor-section-boxed elementor-section-height-default elementor-section-height-default\" data-id=\"1af8c47\" data-element_type=\"section\">\n\t\t\t\t\t\t<div class=\"elementor-container elementor-column-gap-default\">\n\t\t\t\t\t<div class=\"elementor-column elementor-col-100 elementor-top-column elementor-element elementor-element-eb49782\" data-id=\"eb49782\" data-element_type=\"column\">\n\t\t\t<div class=\"elementor-widget-wrap elementor-element-populated\">\n\t\t\t\t\t\t<div class=\"elementor-element elementor-element-b2d09e2 elementor-widget elementor-widget-text-editor\" data-id=\"b2d09e2\" data-element_type=\"widget\" data-widget_type=\"text-editor.default\">\n\t\t\t\t<div class=\"elementor-widget-container\">\n\t\t\t\t\t\t\t\t\t<h3>Tan\u0131t\u0131m Bro\u015f\u00fcr\u00fc\u00a0<\/h3>\t\t\t\t\t\t\t\t<\/div>\n\t\t\t\t<\/div>\n\t\t\t\t\t<\/div>\n\t\t<\/div>\n\t\t\t\t\t<\/div>\n\t\t<\/section>\n\t\t\t\t<section class=\"elementor-section elementor-top-section elementor-element elementor-element-8f9ab2e elementor-section-boxed elementor-section-height-default elementor-section-height-default\" data-id=\"8f9ab2e\" data-element_type=\"section\">\n\t\t\t\t\t\t<div class=\"elementor-container elementor-column-gap-default\">\n\t\t\t\t\t<div class=\"elementor-column elementor-col-100 elementor-top-column elementor-element elementor-element-c3c9d1f\" data-id=\"c3c9d1f\" data-element_type=\"column\">\n\t\t\t<div class=\"elementor-widget-wrap elementor-element-populated\">\n\t\t\t\t\t\t<div class=\"elementor-element elementor-element-feeacd2 elementor-widget elementor-widget-image\" data-id=\"feeacd2\" data-element_type=\"widget\" data-widget_type=\"image.default\">\n\t\t\t\t<div class=\"elementor-widget-container\">\n\t\t\t\t\t\t\t\t\t\t\t\t\t\t\t<img fetchpriority=\"high\" decoding=\"async\" width=\"600\" height=\"871\" src=\"https:\/\/atauni.edu.tr\/tarim-makinalari-muhendisligi\/wp-content\/uploads\/sites\/160\/2025\/05\/Tarim-Makinalari-Programi-Brosur-1.jpg\" class=\"attachment-large size-large wp-image-7954\" alt=\"\" srcset=\"https:\/\/atauni.edu.tr\/tarim-makinalari-muhendisligi\/wp-content\/uploads\/sites\/160\/2025\/05\/Tarim-Makinalari-Programi-Brosur-1.jpg 600w, https:\/\/atauni.edu.tr\/tarim-makinalari-muhendisligi\/wp-content\/uploads\/sites\/160\/2025\/05\/Tarim-Makinalari-Programi-Brosur-1-207x300.jpg 207w, https:\/\/atauni.edu.tr\/tarim-makinalari-muhendisligi\/wp-content\/uploads\/sites\/160\/2025\/05\/Tarim-Makinalari-Programi-Brosur-1-413x600.jpg 413w, https:\/\/atauni.edu.tr\/tarim-makinalari-muhendisligi\/wp-content\/uploads\/sites\/160\/2025\/05\/Tarim-Makinalari-Programi-Brosur-1-386x560.jpg 386w\" sizes=\"(max-width: 600px) 100vw, 600px\" \/>\t\t\t\t\t\t\t\t\t\t\t\t\t\t\t<\/div>\n\t\t\t\t<\/div>\n\t\t\t\t\t<\/div>\n\t\t<\/div>\n\t\t\t\t\t<\/div>\n\t\t<\/section>\n\t\t\t\t<section class=\"elementor-section elementor-top-section elementor-element elementor-element-98ee38d elementor-section-boxed elementor-section-height-default elementor-section-height-default\" data-id=\"98ee38d\" data-element_type=\"section\">\n\t\t\t\t\t\t<div class=\"elementor-container elementor-column-gap-default\">\n\t\t\t\t\t<div class=\"elementor-column elementor-col-100 elementor-top-column elementor-element elementor-element-b664db2\" data-id=\"b664db2\" data-element_type=\"column\">\n\t\t\t<div class=\"elementor-widget-wrap elementor-element-populated\">\n\t\t\t\t\t\t<div class=\"elementor-element elementor-element-c5789a9 elementor-widget elementor-widget-text-editor\" data-id=\"c5789a9\" data-element_type=\"widget\" data-widget_type=\"text-editor.default\">\n\t\t\t\t<div class=\"elementor-widget-container\">\n\t\t\t\t\t\t\t\t\t<h3>Tan\u0131t\u0131m Videolar\u0131<\/h3>\t\t\t\t\t\t\t\t<\/div>\n\t\t\t\t<\/div>\n\t\t\t\t\t<\/div>\n\t\t<\/div>\n\t\t\t\t\t<\/div>\n\t\t<\/section>\n\t\t\t\t<section class=\"elementor-section elementor-top-section elementor-element elementor-element-bfc9608 elementor-section-boxed elementor-section-height-default elementor-section-height-default\" data-id=\"bfc9608\" data-element_type=\"section\">\n\t\t\t\t\t\t<div class=\"elementor-container elementor-column-gap-default\">\n\t\t\t\t\t<div class=\"elementor-column elementor-col-100 elementor-top-column elementor-element elementor-element-44c7707\" data-id=\"44c7707\" data-element_type=\"column\">\n\t\t\t<div class=\"elementor-widget-wrap elementor-element-populated\">\n\t\t\t\t\t\t<div class=\"elementor-element elementor-element-793101f elementor-widget elementor-widget-video\" data-id=\"793101f\" data-element_type=\"widget\" data-settings=\"{&quot;video_type&quot;:&quot;hosted&quot;,&quot;controls&quot;:&quot;yes&quot;}\" data-widget_type=\"video.default\">\n\t\t\t\t<div class=\"elementor-widget-container\">\n\t\t\t\t\t\t\t<div class=\"e-hosted-video elementor-wrapper elementor-open-inline\">\n\t\t\t\t\t<video class=\"elementor-video\" src=\"http:\/\/birimler.atauni.edu.tr\/tarim-makinalari-muhendisligi\/wp-content\/uploads\/sites\/160\/2025\/05\/TMTM-Tanitim.mp4\" controls=\"\" preload=\"metadata\" controlsList=\"nodownload\"><\/video>\n\t\t\t\t<\/div>\n\t\t\t\t\t\t<\/div>\n\t\t\t\t<\/div>\n\t\t\t\t\t<\/div>\n\t\t<\/div>\n\t\t\t\t\t<\/div>\n\t\t<\/section>\n\t\t\t\t<\/div>\n\t\t","protected":false},"excerpt":{"rendered":"<p>B\u00f6l\u00fcm Tan\u0131t\u0131m\u0131 S\u0131n\u0131f ve Laboratuvar \u0130mkanlar\u0131 Tar\u0131m Makinalar\u0131 B\u00f6l\u00fcm\u00fc idare binas\u0131, Tar\u0131msal Yap\u0131lar ve Sulama B\u00f6l\u00fcm\u00fc ile ortakla\u015fa kullan\u0131lmakta olup, ikisi Teknik Resim \u00c7izim Salon\u0131 olmak \u00fczere di\u011fer b\u00f6l\u00fcmlerle de ortak kullan\u0131lan 9 derslikte e\u011fitim ve \u00f6\u011fretim yap\u0131lmaktad\u0131r. Ayr\u0131ca Tar\u0131m Makinalar\u0131 B\u00f6l\u00fcm\u00fcnde s\u00fcreli yay\u0131nlar\u0131n bulundu\u011fu, \u00e7e\u015fitli m\u00fchendislik ve ziraat alan\u0131yla ilgili kitap ve dergilerin ar\u015fivlendi\u011fi [&hellip;]<\/p>\n","protected":false},"author":1,"featured_media":0,"parent":0,"menu_order":0,"comment_status":"closed","ping_status":"closed","template":"elementor_header_footer","meta":{"footnotes":""},"class_list":["post-5728","page","type-page","status-publish","hentry"],"_links":{"self":[{"href":"https:\/\/atauni.edu.tr\/tarim-makinalari-muhendisligi\/wp-json\/wp\/v2\/pages\/5728","targetHints":{"allow":["GET"]}}],"collection":[{"href":"https:\/\/atauni.edu.tr\/tarim-makinalari-muhendisligi\/wp-json\/wp\/v2\/pages"}],"about":[{"href":"https:\/\/atauni.edu.tr\/tarim-makinalari-muhendisligi\/wp-json\/wp\/v2\/types\/page"}],"author":[{"embeddable":true,"href":"https:\/\/atauni.edu.tr\/tarim-makinalari-muhendisligi\/wp-json\/wp\/v2\/users\/1"}],"replies":[{"embeddable":true,"href":"https:\/\/atauni.edu.tr\/tarim-makinalari-muhendisligi\/wp-json\/wp\/v2\/comments?post=5728"}],"version-history":[{"count":14,"href":"https:\/\/atauni.edu.tr\/tarim-makinalari-muhendisligi\/wp-json\/wp\/v2\/pages\/5728\/revisions"}],"predecessor-version":[{"id":7974,"href":"https:\/\/atauni.edu.tr\/tarim-makinalari-muhendisligi\/wp-json\/wp\/v2\/pages\/5728\/revisions\/7974"}],"wp:attachment":[{"href":"https:\/\/atauni.edu.tr\/tarim-makinalari-muhendisligi\/wp-json\/wp\/v2\/media?parent=5728"}],"curies":[{"name":"wp","href":"https:\/\/api.w.org\/{rel}","templated":true}]}}