{"id":5734,"date":"2021-07-13T11:37:45","date_gmt":"2021-07-13T08:37:45","guid":{"rendered":"https:\/\/portaltest.atauni.edu.tr\/bilgisayar-muhendisligi\/?page_id=5734"},"modified":"2023-08-18T14:08:29","modified_gmt":"2023-08-18T11:08:29","slug":"ogrenci-deneyimi","status":"publish","type":"page","link":"https:\/\/atauni.edu.tr\/tarim-makinalari-muhendisligi\/ogrenci-deneyimi\/","title":{"rendered":"\u00d6\u011frenci Deneyimi"},"content":{"rendered":"\t\t<div data-elementor-type=\"wp-page\" data-elementor-id=\"5734\" class=\"elementor elementor-5734\" data-elementor-post-type=\"page\">\n\t\t\t\t\t\t<section class=\"elementor-section elementor-top-section elementor-element elementor-element-730d320 elementor-section-boxed elementor-section-height-default elementor-section-height-default\" data-id=\"730d320\" data-element_type=\"section\">\n\t\t\t\t\t\t<div class=\"elementor-container elementor-column-gap-default\">\n\t\t\t\t\t<div class=\"elementor-column elementor-col-100 elementor-top-column elementor-element elementor-element-753d0860\" data-id=\"753d0860\" data-element_type=\"column\">\n\t\t\t<div class=\"elementor-widget-wrap\">\n\t\t\t\t\t\t\t<\/div>\n\t\t<\/div>\n\t\t\t\t\t<\/div>\n\t\t<\/section>\n\t\t\t\t<section class=\"elementor-section elementor-top-section elementor-element elementor-element-9be811a elementor-section-boxed elementor-section-height-default elementor-section-height-default\" data-id=\"9be811a\" data-element_type=\"section\">\n\t\t\t\t\t\t<div class=\"elementor-container elementor-column-gap-default\">\n\t\t\t\t\t<div class=\"elementor-column elementor-col-100 elementor-top-column elementor-element elementor-element-1ed847b7\" data-id=\"1ed847b7\" data-element_type=\"column\">\n\t\t\t<div class=\"elementor-widget-wrap elementor-element-populated\">\n\t\t\t\t\t\t<div class=\"elementor-element elementor-element-4ce0d07f elementor-widget elementor-widget-heading\" data-id=\"4ce0d07f\" data-element_type=\"widget\" data-widget_type=\"heading.default\">\n\t\t\t\t<div class=\"elementor-widget-container\">\n\t\t\t\t\t<h2 class=\"elementor-heading-title elementor-size-default\">\u00d6\u011frenci Deneyimi<\/h2>\t\t\t\t<\/div>\n\t\t\t\t<\/div>\n\t\t\t\t<div class=\"elementor-element elementor-element-63260862 elementor-widget-divider--view-line elementor-widget elementor-widget-divider\" data-id=\"63260862\" data-element_type=\"widget\" data-widget_type=\"divider.default\">\n\t\t\t\t<div class=\"elementor-widget-container\">\n\t\t\t\t\t\t\t<div class=\"elementor-divider\">\n\t\t\t<span class=\"elementor-divider-separator\">\n\t\t\t\t\t\t<\/span>\n\t\t<\/div>\n\t\t\t\t\t\t<\/div>\n\t\t\t\t<\/div>\n\t\t\t\t\t<\/div>\n\t\t<\/div>\n\t\t\t\t\t<\/div>\n\t\t<\/section>\n\t\t\t\t<section class=\"elementor-section elementor-top-section elementor-element elementor-element-4debb41 elementor-section-boxed elementor-section-height-default elementor-section-height-default\" data-id=\"4debb41\" data-element_type=\"section\">\n\t\t\t\t\t\t<div class=\"elementor-container elementor-column-gap-default\">\n\t\t\t\t\t<div class=\"elementor-column elementor-col-100 elementor-top-column elementor-element elementor-element-28420b1\" data-id=\"28420b1\" data-element_type=\"column\">\n\t\t\t<div class=\"elementor-widget-wrap elementor-element-populated\">\n\t\t\t\t\t\t<div class=\"elementor-element elementor-element-e007b90 elementor-widget elementor-widget-ova_testimonial\" data-id=\"e007b90\" data-element_type=\"widget\" data-settings=\"{&quot;pause_on_hover&quot;:&quot;yes&quot;,&quot;infinite&quot;:&quot;yes&quot;,&quot;autoplay&quot;:&quot;yes&quot;,&quot;autoplay_speed&quot;:3000,&quot;dot_control&quot;:&quot;yes&quot;}\" data-widget_type=\"ova_testimonial.default\">\n\t\t\t\t<div class=\"elementor-widget-container\">\n\t\t\t\t\t\n\t\t\n\t\t\t<section class=\"ova-testimonial \">\n\t\t\t\t<div class=\"slide-testimonials owl-carousel owl-theme\" data-options=\"{&quot;items&quot;:3,&quot;slideBy&quot;:1,&quot;margin&quot;:30,&quot;autoplayHoverPause&quot;:true,&quot;loop&quot;:true,&quot;autoplay&quot;:true,&quot;autoplayTimeout&quot;:3000,&quot;smartSpeed&quot;:500,&quot;dots&quot;:true}\">\n\t\t\t\t\t\t\t\t\t\t\t<div class=\"item\">\n\t\t\t\t\t\t\t<div class=\"client_info\">\n\t\t\t\t\t\t\t\t\t\t\t\t\t\t\t\t\t<p class=\"evaluate\">     Atat\u00fcrk \u00dcniversitesi T\u00fcrkiye\u2019nin en iyi \u00fcniversitelerinden biridir. Ziraat Fak\u00fcltesi dahil 23 fak\u00fclte b\u00fcnyesinde bir araya geliyor. Bu \u00e7ok k\u00f6kl\u00fc bir fak\u00fcltedir. Bu fak\u00fclte, Tar\u0131m Makineleri ve Teknolojileri M\u00fchendisli\u011fi de dahil olmak \u00fczere on farkl\u0131 b\u00f6l\u00fcme sahiptir. \u00d6zellikle, Tar\u0131m Makineleri ve Teknolojileri M\u00fchendisli\u011fi B\u00f6l\u00fcm\u00fcnde baz\u0131 deneyimlerimden bahsedece\u011fim. \u00d6ncelikle bu b\u00f6l\u00fcm iyi organize edilmi\u015ftir. \u00c7\u00fcnk\u00fc \u00f6\u011fretmenler farkl\u0131 programlar\u0131na ciddi bir \u015fekilde sayg\u0131 duyarlar ve \u00f6\u011frenciler kendi a\u00e7\u0131klar\u0131ndan bilgi edinirler. Nitelikli \u00f6\u011fretmenlere sahip bir b\u00f6l\u00fcmd\u00fcr. Bu b\u00f6l\u00fcm birlikte ya\u015famay\u0131 biliyor \u00e7\u00fcnk\u00fc farkl\u0131 \u00f6\u011frenciler beraber okuyorlar. \u00d6\u011fretmenler ve idari personeller \u00f6\u011frencilere kar\u015f\u0131 \u00e7ok iyi davran\u0131yorlar. B\u00fct\u00fcn hocalar \u00f6\u011frencilerin ba\u015far\u0131s\u0131 i\u00e7in m\u00fccadele ediyorlar. Bu b\u00f6l\u00fcm, tar\u0131m makineleri ve teknolojileri konusunda bilim insanlar\u0131n\u0131 topluma kazand\u0131rmay\u0131 ama\u00e7lamaktad\u0131r. Bunun i\u00e7in \u00e7e\u015fitli \u00f6\u011fretmenlerimize ve amirlerimize \u00e7ok minnettar\u0131z.      \n<\/p>\n\t\t\t\t\t\t\t\t\n\t\t\t\t\t\t\t\t<div class=\"info\">\n\t\t\t\t\t\t\t\t\t\t\t\t\t\t\t\t\t\t\t<div class=\"client\">\n\t\t\t\t\t\t\t\t\t\t\t<img decoding=\"async\" src=\"http:\/\/birimler.atauni.edu.tr\/tarim-makinalari-ve-teknolojileri-muhendisligi-bolumu\/wp-content\/uploads\/sites\/160\/2021\/12\/WhatsApp-Image-2021-09-21-at-10.20.42.jpeg\" alt=\"\">\n\t\t\t\t\t\t\t\t\t\t<\/div>\n\t\t\t\t\t\t\t\t\t\t\t\t\t\t\t\t\t\t<div class=\"name-job\">\n\t\t\t\t\t\t\t\t\t\t\t\t\t\t\t\t\t\t\t\t\t<p class=\"name second_font\">YOUSSOUFA BOUBA<\/p>\n\t\t\t\t\t\t\t\t\t\t\t\t\t\t\t\t\t\t\t\t\t\t\t\t\t\t\t\t\t\t\t<p class=\"job\">Lisans \u00d6\u011frencisi (Kamerun)<\/p>\n\t\t\t\t\t\t\t\t\t\t\t\t\t\t\t\t\t\t\t<\/div>\n\t\t\t\t\t\t\t\t<\/div>\n\t\t\t\t\t\t\t\t\n\t\t\t\t\t\t\t\t\t\t\t\t\t\t\t\t\t<div class=\"icon-quote\">\n\t\t\t\t\t\t\t\t\t\t<span class=\"flaticon-left-quote-1\"><\/span>\n\t\t\t\t\t\t\t\t\t<\/div>\n\t\t\t\t\t\t\t\t\t\t\t\t\t\t\t<\/div>\n\t\t\t\t\t\t<\/div>\n\t\t\t\t\t\t\t\t\t\t\t<div class=\"item\">\n\t\t\t\t\t\t\t<div class=\"client_info\">\n\t\t\t\t\t\t\t\t\t\t\t\t\t\t\t\t\t<p class=\"evaluate\">Atat\u00fcrk \u00dcniversitesi, T\u00fcrkiye\u2019deki \u00fcniversiteler aras\u0131nda en iyi \u00fcniversitelerden biridir. \u00d6\u011frenci e\u011fitimi, materyal ve kaynak bulundurma konusunda s\u0131k\u0131nt\u0131 \u00e7ekmezsiniz. E\u011fitim kadrosundaki ve dan\u0131\u015fman kadrosundaki e\u011fitmenler sizinle iyi bir \u015fekilde ilgilenirler. Lisans\u0131m\u0131 bitirmi\u015f oldu\u011fum fak\u00fclte olan Ziraat Fak\u00fcltesi dahil e\u011fitim olanaklar\u0131 y\u00fcksektir. Sizi i\u015f hayat\u0131na, \u00f6\u011frenci istekli oldu\u011fu durumda iyi bir \u015fekilde haz\u0131rlar. Ziraat Fak\u00fcltesi Tar\u0131m Makineleri ve Teknolojileri M\u00fchendisli\u011fi B\u00f6l\u00fcm\u00fc\u2019nde edindi\u011fim baz\u0131 deneyimlerimden bahsedece\u011fim. B\u00f6l\u00fcm\u00fcn e\u011fitmenleri sizi i\u015f hayat\u0131na ve resmi i\u015flemler konusunda iyi e\u011fitiyor. Disiplinli ve iyi e\u011fitimli bireyler olman\u0131z\u0131 istiyorlar. Mesleki dersler, makineler ile sizi at\u00f6lyede tan\u0131\u015ft\u0131r\u0131p uygulamal\u0131 tecr\u00fcbe kazanman\u0131z\u0131 sa\u011fl\u0131yor. Her ne kadar olanak olsa da tecr\u00fcbe ve deneyim edinmenin yeg\u00e2ne yolunun biz de\u011ferli \u00f6\u011frencilerin elinde oldu\u011funu bilmenizi isterim. E\u011fitim hayat\u0131n\u0131zda ba\u015far\u0131lar dilerim\u2026<\/p>\n\t\t\t\t\t\t\t\t\n\t\t\t\t\t\t\t\t<div class=\"info\">\n\t\t\t\t\t\t\t\t\t\t\t\t\t\t\t\t\t\t\t<div class=\"client\">\n\t\t\t\t\t\t\t\t\t\t\t<img decoding=\"async\" src=\"http:\/\/birimler.atauni.edu.tr\/tarim-makinalari-ve-teknolojileri-muhendisligi-bolumu\/wp-content\/uploads\/sites\/160\/2020\/07\/cropped-icon-1.png\" alt=\"\">\n\t\t\t\t\t\t\t\t\t\t<\/div>\n\t\t\t\t\t\t\t\t\t\t\t\t\t\t\t\t\t\t<div class=\"name-job\">\n\t\t\t\t\t\t\t\t\t\t\t\t\t\t\t\t\t\t\t\t\t<p class=\"name second_font\">SEM\u0130H YILDIZ<\/p>\n\t\t\t\t\t\t\t\t\t\t\t\t\t\t\t\t\t\t\t\t\t\t\t\t\t\t\t\t\t\t\t<p class=\"job\">Lisans Mezunu (Sakarya)<\/p>\n\t\t\t\t\t\t\t\t\t\t\t\t\t\t\t\t\t\t\t<\/div>\n\t\t\t\t\t\t\t\t<\/div>\n\t\t\t\t\t\t\t\t\n\t\t\t\t\t\t\t\t\t\t\t\t\t\t\t\t\t<div class=\"icon-quote\">\n\t\t\t\t\t\t\t\t\t\t<span class=\"flaticon-left-quote-1\"><\/span>\n\t\t\t\t\t\t\t\t\t<\/div>\n\t\t\t\t\t\t\t\t\t\t\t\t\t\t\t<\/div>\n\t\t\t\t\t\t<\/div>\n\t\t\t\t\t\t\t\t\t<\/div>\n\t\t\t<\/section>\n\n\t\t\t\t\n\t\t\t\t\t\t<\/div>\n\t\t\t\t<\/div>\n\t\t\t\t\t<\/div>\n\t\t<\/div>\n\t\t\t\t\t<\/div>\n\t\t<\/section>\n\t\t\t\t<\/div>\n\t\t","protected":false},"excerpt":{"rendered":"<p>\u00d6\u011frenci Deneyimi Atat\u00fcrk \u00dcniversitesi T\u00fcrkiye\u2019nin en iyi \u00fcniversitelerinden biridir. Ziraat Fak\u00fcltesi dahil 23 fak\u00fclte b\u00fcnyesinde bir araya geliyor. Bu \u00e7ok k\u00f6kl\u00fc bir fak\u00fcltedir. Bu fak\u00fclte, Tar\u0131m Makineleri ve Teknolojileri M\u00fchendisli\u011fi de dahil olmak \u00fczere on farkl\u0131 b\u00f6l\u00fcme sahiptir. \u00d6zellikle, Tar\u0131m Makineleri ve Teknolojileri M\u00fchendisli\u011fi B\u00f6l\u00fcm\u00fcnde baz\u0131 deneyimlerimden bahsedece\u011fim. \u00d6ncelikle bu b\u00f6l\u00fcm iyi organize edilmi\u015ftir. \u00c7\u00fcnk\u00fc [&hellip;]<\/p>\n","protected":false},"author":1,"featured_media":0,"parent":0,"menu_order":0,"comment_status":"closed","ping_status":"closed","template":"elementor_header_footer","meta":{"footnotes":""},"class_list":["post-5734","page","type-page","status-publish","hentry"],"_links":{"self":[{"href":"https:\/\/atauni.edu.tr\/tarim-makinalari-muhendisligi\/wp-json\/wp\/v2\/pages\/5734","targetHints":{"allow":["GET"]}}],"collection":[{"href":"https:\/\/atauni.edu.tr\/tarim-makinalari-muhendisligi\/wp-json\/wp\/v2\/pages"}],"about":[{"href":"https:\/\/atauni.edu.tr\/tarim-makinalari-muhendisligi\/wp-json\/wp\/v2\/types\/page"}],"author":[{"embeddable":true,"href":"https:\/\/atauni.edu.tr\/tarim-makinalari-muhendisligi\/wp-json\/wp\/v2\/users\/1"}],"replies":[{"embeddable":true,"href":"https:\/\/atauni.edu.tr\/tarim-makinalari-muhendisligi\/wp-json\/wp\/v2\/comments?post=5734"}],"version-history":[{"count":32,"href":"https:\/\/atauni.edu.tr\/tarim-makinalari-muhendisligi\/wp-json\/wp\/v2\/pages\/5734\/revisions"}],"predecessor-version":[{"id":7550,"href":"https:\/\/atauni.edu.tr\/tarim-makinalari-muhendisligi\/wp-json\/wp\/v2\/pages\/5734\/revisions\/7550"}],"wp:attachment":[{"href":"https:\/\/atauni.edu.tr\/tarim-makinalari-muhendisligi\/wp-json\/wp\/v2\/media?parent=5734"}],"curies":[{"name":"wp","href":"https:\/\/api.w.org\/{rel}","templated":true}]}}