{"id":6360,"date":"2021-11-24T16:21:37","date_gmt":"2021-11-24T13:21:37","guid":{"rendered":"https:\/\/birimler.atauni.edu.tr\/tarim-makinalari-ve-teknolojileri-muhendisligi-bolumu\/?page_id=6360"},"modified":"2025-12-30T10:34:28","modified_gmt":"2025-12-30T07:34:28","slug":"dilekce-ve-formlar","status":"publish","type":"page","link":"https:\/\/atauni.edu.tr\/tarim-makinalari-muhendisligi\/dilekce-ve-formlar\/","title":{"rendered":"Anketler"},"content":{"rendered":"\t\t<div data-elementor-type=\"wp-page\" data-elementor-id=\"6360\" class=\"elementor elementor-6360\" data-elementor-post-type=\"page\">\n\t\t\t\t\t\t<section class=\"elementor-section elementor-top-section elementor-element elementor-element-e63bf88 elementor-section-boxed elementor-section-height-default elementor-section-height-default\" data-id=\"e63bf88\" data-element_type=\"section\">\n\t\t\t\t\t\t<div class=\"elementor-container elementor-column-gap-default\">\n\t\t\t\t\t<div class=\"elementor-column elementor-col-100 elementor-top-column elementor-element elementor-element-d6a403e\" data-id=\"d6a403e\" data-element_type=\"column\">\n\t\t\t<div class=\"elementor-widget-wrap elementor-element-populated\">\n\t\t\t\t\t\t<div class=\"elementor-element elementor-element-c4cdd99 elementor-widget elementor-widget-heading\" data-id=\"c4cdd99\" data-element_type=\"widget\" data-widget_type=\"heading.default\">\n\t\t\t\t<div class=\"elementor-widget-container\">\n\t\t\t\t\t<h2 class=\"elementor-heading-title elementor-size-default\">Anketler<\/h2>\t\t\t\t<\/div>\n\t\t\t\t<\/div>\n\t\t\t\t<div class=\"elementor-element elementor-element-ed27f5c elementor-widget-divider--view-line elementor-widget elementor-widget-divider\" data-id=\"ed27f5c\" data-element_type=\"widget\" data-widget_type=\"divider.default\">\n\t\t\t\t<div class=\"elementor-widget-container\">\n\t\t\t\t\t\t\t<div class=\"elementor-divider\">\n\t\t\t<span class=\"elementor-divider-separator\">\n\t\t\t\t\t\t<\/span>\n\t\t<\/div>\n\t\t\t\t\t\t<\/div>\n\t\t\t\t<\/div>\n\t\t\t\t\t<\/div>\n\t\t<\/div>\n\t\t\t\t\t<\/div>\n\t\t<\/section>\n\t\t\t\t<section class=\"elementor-section elementor-top-section elementor-element elementor-element-45244a9 elementor-section-boxed elementor-section-height-default elementor-section-height-default\" data-id=\"45244a9\" data-element_type=\"section\">\n\t\t\t\t\t\t<div class=\"elementor-container elementor-column-gap-default\">\n\t\t\t\t\t<div class=\"elementor-column elementor-col-100 elementor-top-column elementor-element elementor-element-d9ed009\" data-id=\"d9ed009\" data-element_type=\"column\">\n\t\t\t<div class=\"elementor-widget-wrap elementor-element-populated\">\n\t\t\t\t\t\t<div class=\"elementor-element elementor-element-170324d elementor-widget elementor-widget-heading\" data-id=\"170324d\" data-element_type=\"widget\" data-widget_type=\"heading.default\">\n\t\t\t\t<div class=\"elementor-widget-container\">\n\t\t\t\t\t<h2 class=\"elementor-heading-title elementor-size-default\">GENEL ANKETLER<\/h2>\t\t\t\t<\/div>\n\t\t\t\t<\/div>\n\t\t\t\t\t<\/div>\n\t\t<\/div>\n\t\t\t\t\t<\/div>\n\t\t<\/section>\n\t\t\t\t<section class=\"elementor-section elementor-top-section elementor-element elementor-element-54f9456 elementor-section-boxed elementor-section-height-default elementor-section-height-default\" data-id=\"54f9456\" data-element_type=\"section\">\n\t\t\t\t\t\t<div class=\"elementor-container elementor-column-gap-default\">\n\t\t\t\t\t<div class=\"elementor-column elementor-col-100 elementor-top-column elementor-element elementor-element-50e6a66\" data-id=\"50e6a66\" data-element_type=\"column\">\n\t\t\t<div class=\"elementor-widget-wrap elementor-element-populated\">\n\t\t\t\t\t\t<div class=\"elementor-element elementor-element-aafe102 elementor-widget elementor-widget-text-editor\" data-id=\"aafe102\" data-element_type=\"widget\" data-widget_type=\"text-editor.default\">\n\t\t\t\t<div class=\"elementor-widget-container\">\n\t\t\t\t\t\t\t\t\t<p><a href=\"https:\/\/docs.google.com\/forms\/d\/e\/1FAIpQLScnibBjyF6CP7tVlohXMAgef64aHYtUFyJw8hYuPSQRVPm5cg\/viewform?usp=dialog\">-\u0130\u00e7 Payda\u015f anket formu<\/a><\/p><p><a href=\"https:\/\/docs.google.com\/forms\/d\/e\/1FAIpQLSeuv6hxE1GsaSNtctB6zthTC1X1tre19INCFdDxCDzbOs8wUA\/viewform?usp=dialog\">-Kariyer Plan\u0131 De\u011ferlendirme Formu<\/a><\/p><p><a href=\"https:\/\/docs.google.com\/forms\/d\/e\/1FAIpQLScdm1JYpVLZbARgXKrey9NqZkDdK9jbf4wKHuLrLqORQXVRhw\/viewform?usp=dialog\">-Mezun Anket Formu<\/a><\/p><p><a href=\"https:\/\/forms.gle\/gMR4MFbntX5fCEfg6\">-\u00d6\u011frenci Bilgi Formu<\/a><\/p><p>&#8211;<a href=\"https:\/\/docs.google.com\/forms\/d\/e\/1FAIpQLSfukgxRZVKTQGCNQ4HoCnln2B6zjO0UGJ43htYngSO_r0VIyA\/viewform?usp=sf_link\">Birim Oryantasyon Program\u0131 Geri Bildirim Formu<\/a><\/p><p>\u00a0<\/p>\t\t\t\t\t\t\t\t<\/div>\n\t\t\t\t<\/div>\n\t\t\t\t\t<\/div>\n\t\t<\/div>\n\t\t\t\t\t<\/div>\n\t\t<\/section>\n\t\t\t\t<section class=\"elementor-section elementor-top-section elementor-element elementor-element-c26caa7 elementor-section-boxed elementor-section-height-default elementor-section-height-default\" data-id=\"c26caa7\" data-element_type=\"section\">\n\t\t\t\t\t\t<div class=\"elementor-container elementor-column-gap-default\">\n\t\t\t\t\t<div class=\"elementor-column elementor-col-100 elementor-top-column elementor-element elementor-element-0e5f230\" data-id=\"0e5f230\" data-element_type=\"column\">\n\t\t\t<div class=\"elementor-widget-wrap elementor-element-populated\">\n\t\t\t\t\t\t<div class=\"elementor-element elementor-element-d2d324f elementor-widget elementor-widget-heading\" data-id=\"d2d324f\" data-element_type=\"widget\" data-widget_type=\"heading.default\">\n\t\t\t\t<div class=\"elementor-widget-container\">\n\t\t\t\t\t<h2 class=\"elementor-heading-title elementor-size-default\">DERS DE\u011eERLEND\u0130RME ANKETLER\u0130<\/h2>\t\t\t\t<\/div>\n\t\t\t\t<\/div>\n\t\t\t\t\t<\/div>\n\t\t<\/div>\n\t\t\t\t\t<\/div>\n\t\t<\/section>\n\t\t\t\t<section class=\"elementor-section elementor-top-section elementor-element elementor-element-3e959bf elementor-section-boxed elementor-section-height-default elementor-section-height-default\" data-id=\"3e959bf\" data-element_type=\"section\">\n\t\t\t\t\t\t<div class=\"elementor-container elementor-column-gap-default\">\n\t\t\t\t\t<div class=\"elementor-column elementor-col-100 elementor-top-column elementor-element elementor-element-3a1fe58\" data-id=\"3a1fe58\" data-element_type=\"column\">\n\t\t\t<div class=\"elementor-widget-wrap elementor-element-populated\">\n\t\t\t\t\t\t<div class=\"elementor-element elementor-element-0ab5a59 elementor-widget elementor-widget-text-editor\" data-id=\"0ab5a59\" data-element_type=\"widget\" data-widget_type=\"text-editor.default\">\n\t\t\t\t<div class=\"elementor-widget-container\">\n\t\t\t\t\t\t\t\t\t<ul><li><a href=\"https:\/\/docs.google.com\/forms\/d\/e\/1FAIpQLScXjfO1EcIAuS_sFYvMra3SeALjylYiJ950Fp_tJCO0pYsaKQ\/viewform?usp=dialog\">ZTM-101Teknik Resim I<\/a><\/li><li><a href=\"https:\/\/docs.google.com\/forms\/d\/e\/1FAIpQLSd8mSA-KXUzTVnXvQm16bBVnY7H_wAZVPw2FhddGi_urxODkg\/viewform?usp=dialog\">ZTM-102 Teknik Resim II<\/a><\/li><\/ul><p>\u00a0<\/p><ul><li><a href=\"https:\/\/docs.google.com\/forms\/d\/e\/1FAIpQLSew_fdkvT2zzAAMGsXd3pF8x3VMNSjd6bVKEVj0Zb0kGjSjBw\/viewform?usp=dialog\">ZTM-202 Dinamik<\/a><\/li><\/ul><p>\u00a0<\/p><ul><li><a href=\"https:\/\/docs.google.com\/forms\/d\/e\/1FAIpQLSeRQSpemcdrxSY6TGm7u25mudtb1aI2dkjqzUql7fzF5s2TCA\/viewform?usp=dialog\">ZTM-301 Malzeme Bilgisi<\/a><\/li><li><a href=\"https:\/\/docs.google.com\/forms\/d\/e\/1FAIpQLSdLZetzQopwGhjRh8dPPBr3q_lRRvHW4Ncgmx3bNtZsPI_2Xg\/viewform?usp=dialog\">ZTM-307 \u00dcr\u00fcn \u0130\u015fleme ve \u0130letim Makinalar\u0131\u00a0<\/a><\/li><li><a href=\"https:\/\/docs.google.com\/forms\/d\/e\/1FAIpQLSdtPDjaZeZtukE-muMwm_v2nW31aw_XILbz2UjibLL_HE4DPg\/viewform?usp=dialog\">ZTM-305 Toprak \u0130\u015fleme Alet ve Makinalar\u0131<\/a><\/li><li><a href=\"https:\/\/docs.google.com\/forms\/d\/e\/1FAIpQLSeepgkqlqp0DxZNYWwLWMu-g0WWZy72Wf3_zmb8QgKt1mWEXg\/viewform?usp=dialog\">ISG-101 \u0130\u015f Sa\u011fl\u0131\u011f\u0131 ve G\u00fcvenli\u011fi<\/a><\/li><li><a href=\"https:\/\/docs.google.com\/forms\/d\/e\/1FAIpQLSew7CnmlqyYPxDaN27ZklcNXF_GtHswnllAMiHJAzf7MgffGw\/viewform?usp=dialog\">ZTM-309 Makine Bilgisi<\/a><\/li><li><a href=\"https:\/\/docs.google.com\/forms\/d\/e\/1FAIpQLSfcFQkAdC1-px8TskoMS4pv231WNovVNXJEznTcXQNRis8bkg\/viewform?usp=dialog\">ZTM-313 Ak\u0131\u015fkanlar Mekani\u011fi<\/a><\/li><\/ul><p>\u00a0<\/p><ul><li><a href=\"https:\/\/docs.google.com\/forms\/d\/e\/1FAIpQLSe5F3LgQg6lcClK9I0RdLwwk8AWT-J_bSTDOSs2vEg2AxHmSQ\/viewform?usp=dialog\">ZTM306 Hayvanc\u0131l\u0131kta Mekanizasyon<\/a><\/li><li><a href=\"https:\/\/docs.google.com\/forms\/d\/e\/1FAIpQLSeEj2fHczOtYqEw5QqS9nt9np-Bp90CEh9JEtn0jZ6LQc9Rog\/viewform?usp=dialog\">ISG-102 \u0130\u015f Sa\u011fl\u0131\u011f\u0131 ve G\u00fcvenli\u011fi II<\/a><\/li><li><a href=\"https:\/\/docs.google.com\/forms\/d\/e\/1FAIpQLSeSD2Z_kkurePPAZL-ucChDBVmV36SMmhLXYUfc6Zpaw0s9eA\/viewform?usp=dialog\">ZTM-310 Makine Elemanlar\u0131<\/a><\/li><li><a href=\"https:\/\/docs.google.com\/forms\/d\/e\/1FAIpQLSd2BKlndTjfxWqOXYUzVaBEfLqaF9Nrc99EJo3Aez5EKlwDsA\/viewform?usp=dialog\">ZTM-314 Pn\u00f6matik ve Hidrolik<\/a><\/li><\/ul><p>\u00a0<\/p><ul><li><a href=\"https:\/\/docs.google.com\/forms\/d\/e\/1FAIpQLSf66Nn-mIEmK2GRpIF3lXHH8op0KYgdFqXc3csO90YM4oKm6A\/viewform?usp=dialog\">ZTM-401 Ekim Bak\u0131m G\u00fcbreleme Makinalar\u0131<\/a><\/li><li><a href=\"https:\/\/docs.google.com\/forms\/d\/e\/1FAIpQLSeTylXBnFCnN-eR8bi4S8BHz9iBrgF1JXlkf7BwIny7Ucm_mQ\/viewform?usp=dialog\">ZTM-403 Alternatif Enerji Kaynaklar\u0131<\/a><\/li><li><a href=\"https:\/\/docs.google.com\/forms\/d\/e\/1FAIpQLScg5VTCagXY-3UIIq1SLx8jFqVfpR5Z9xvjp4QDMo1Orq7OfA\/viewform?usp=dialog\">ZTM-405 Tar\u0131m Makinalar\u0131 \u0130\u015fletme Tekni\u011fi<\/a><\/li><li><a href=\"https:\/\/docs.google.com\/forms\/d\/e\/1FAIpQLSdDvJcnrYxby5rf7XZSVtBo8q3Yl-_hjOtutODWCx3L93TpCg\/viewform?usp=dialog\">ZTM-407 Makine \u0130malat Teknolojisi<\/a><\/li><li><a href=\"https:\/\/docs.google.com\/forms\/d\/e\/1FAIpQLSc4FOUQkZVrWqwuLm-zYuAGoCM__nlstfHOXvZyvCTKpJqbYw\/viewform?usp=dialog\">ZTM-411 Elektrik ve Elektronik<\/a><\/li><li><a href=\"https:\/\/docs.google.com\/forms\/d\/e\/1FAIpQLSdpxl2gQ5eIwccSNRJ1u6jUXK536-4sTzrWOmG7nbn0BUCaKw\/viewform?usp=dialog\">ZTM-415 Sulama Makineleri<\/a><\/li><\/ul><p>\u00a0<\/p><ul><li style=\"list-style-type: none\"><ul><li><a href=\"https:\/\/docs.google.com\/forms\/d\/e\/1FAIpQLSdNpBHsNNF6Idg50RIpTMC0D55cUK8O14ECazPsgBshZThk4g\/viewform?usp=dialog\">ZTM-402 Bitki Koruma Makinalar\u0131<\/a><\/li><li><a href=\"https:\/\/docs.google.com\/forms\/d\/e\/1FAIpQLSdpu5VdtgCTbIXxZRUQWXcCV8asQ6lR5T08Ts8tSaGyvE78Kg\/viewform?usp=dialog\">ZTM-404 Tar\u0131m Trakt\u00f6rleri<\/a><\/li><li><a href=\"https:\/\/docs.google.com\/forms\/d\/e\/1FAIpQLSeQ3PRIoX9qTqlZRmVHrJ74IEq0XSIkx_RmRtY4fCrms4vtPQ\/viewform?usp=dialog\">ZTM-412 Hasat Harman Makinalar\u0131<\/a><\/li><li><a href=\"https:\/\/docs.google.com\/forms\/d\/e\/1FAIpQLSfVhBV-1ifT42bVYeLMkiRWaNjdvB8sdWY7biqUe4ibDKDbUw\/viewform?usp=dialog\">ZTM-408 M\u00fchendislikte Tasar\u0131m<\/a><\/li><li><a href=\"https:\/\/docs.google.com\/forms\/d\/e\/1FAIpQLSeKJYXo67sxt1XDwZSH9tt1BLgbswZrkL--wnpMuLS_J3HOww\/viewform?usp=dialog\">ZTM-412 Meliorasyon Makineleri<\/a><\/li><\/ul><\/li><\/ul><p><br \/><br \/><\/p><p>\u00a0<\/p>\t\t\t\t\t\t\t\t<\/div>\n\t\t\t\t<\/div>\n\t\t\t\t\t<\/div>\n\t\t<\/div>\n\t\t\t\t\t<\/div>\n\t\t<\/section>\n\t\t\t\t<\/div>\n\t\t","protected":false},"excerpt":{"rendered":"<p>Anketler GENEL ANKETLER -\u0130\u00e7 Payda\u015f anket formu -Kariyer Plan\u0131 De\u011ferlendirme Formu -Mezun Anket Formu -\u00d6\u011frenci Bilgi Formu &#8211;Birim Oryantasyon Program\u0131 Geri Bildirim Formu \u00a0 DERS DE\u011eERLEND\u0130RME ANKETLER\u0130 ZTM-101Teknik Resim I ZTM-102 Teknik Resim II \u00a0 ZTM-202 Dinamik \u00a0 ZTM-301 Malzeme Bilgisi ZTM-307 \u00dcr\u00fcn \u0130\u015fleme ve \u0130letim Makinalar\u0131\u00a0 ZTM-305 Toprak \u0130\u015fleme Alet ve Makinalar\u0131 ISG-101 \u0130\u015f [&hellip;]<\/p>\n","protected":false},"author":143,"featured_media":0,"parent":0,"menu_order":0,"comment_status":"closed","ping_status":"closed","template":"","meta":{"footnotes":""},"class_list":["post-6360","page","type-page","status-publish","hentry"],"_links":{"self":[{"href":"https:\/\/atauni.edu.tr\/tarim-makinalari-muhendisligi\/wp-json\/wp\/v2\/pages\/6360","targetHints":{"allow":["GET"]}}],"collection":[{"href":"https:\/\/atauni.edu.tr\/tarim-makinalari-muhendisligi\/wp-json\/wp\/v2\/pages"}],"about":[{"href":"https:\/\/atauni.edu.tr\/tarim-makinalari-muhendisligi\/wp-json\/wp\/v2\/types\/page"}],"author":[{"embeddable":true,"href":"https:\/\/atauni.edu.tr\/tarim-makinalari-muhendisligi\/wp-json\/wp\/v2\/users\/143"}],"replies":[{"embeddable":true,"href":"https:\/\/atauni.edu.tr\/tarim-makinalari-muhendisligi\/wp-json\/wp\/v2\/comments?post=6360"}],"version-history":[{"count":26,"href":"https:\/\/atauni.edu.tr\/tarim-makinalari-muhendisligi\/wp-json\/wp\/v2\/pages\/6360\/revisions"}],"predecessor-version":[{"id":8129,"href":"https:\/\/atauni.edu.tr\/tarim-makinalari-muhendisligi\/wp-json\/wp\/v2\/pages\/6360\/revisions\/8129"}],"wp:attachment":[{"href":"https:\/\/atauni.edu.tr\/tarim-makinalari-muhendisligi\/wp-json\/wp\/v2\/media?parent=6360"}],"curies":[{"name":"wp","href":"https:\/\/api.w.org\/{rel}","templated":true}]}}