{"id":6373,"date":"2021-11-24T17:06:13","date_gmt":"2021-11-24T14:06:13","guid":{"rendered":"https:\/\/birimler.atauni.edu.tr\/tarim-makinalari-ve-teknolojileri-muhendisligi-bolumu\/?page_id=6373"},"modified":"2021-12-10T13:49:33","modified_gmt":"2021-12-10T10:49:33","slug":"dilekce-ve-formlar-2","status":"publish","type":"page","link":"https:\/\/atauni.edu.tr\/tarim-makinalari-muhendisligi\/dilekce-ve-formlar-2\/","title":{"rendered":"Dilek\u00e7e ve Formlar"},"content":{"rendered":"\t\t<div data-elementor-type=\"wp-page\" data-elementor-id=\"6373\" class=\"elementor elementor-6373\" data-elementor-post-type=\"page\">\n\t\t\t\t\t\t<section class=\"elementor-section elementor-top-section elementor-element elementor-element-f0a3cf1 elementor-section-boxed elementor-section-height-default elementor-section-height-default\" data-id=\"f0a3cf1\" data-element_type=\"section\">\n\t\t\t\t\t\t<div class=\"elementor-container elementor-column-gap-default\">\n\t\t\t\t\t<div class=\"elementor-column elementor-col-100 elementor-top-column elementor-element elementor-element-0cf14c4\" data-id=\"0cf14c4\" data-element_type=\"column\">\n\t\t\t<div class=\"elementor-widget-wrap elementor-element-populated\">\n\t\t\t\t\t\t<div class=\"elementor-element elementor-element-815c0fb elementor-widget elementor-widget-heading\" data-id=\"815c0fb\" data-element_type=\"widget\" data-widget_type=\"heading.default\">\n\t\t\t\t<div class=\"elementor-widget-container\">\n\t\t\t\t\t<h2 class=\"elementor-heading-title elementor-size-default\">Lisans\u00fcst\u00fc Dilek\u00e7e ve Formlar<\/h2>\t\t\t\t<\/div>\n\t\t\t\t<\/div>\n\t\t\t\t<div class=\"elementor-element elementor-element-b23d924 elementor-widget-divider--view-line elementor-widget elementor-widget-divider\" data-id=\"b23d924\" data-element_type=\"widget\" data-widget_type=\"divider.default\">\n\t\t\t\t<div class=\"elementor-widget-container\">\n\t\t\t\t\t\t\t<div class=\"elementor-divider\">\n\t\t\t<span class=\"elementor-divider-separator\">\n\t\t\t\t\t\t<\/span>\n\t\t<\/div>\n\t\t\t\t\t\t<\/div>\n\t\t\t\t<\/div>\n\t\t\t\t\t<\/div>\n\t\t<\/div>\n\t\t\t\t\t<\/div>\n\t\t<\/section>\n\t\t\t\t<section class=\"elementor-section elementor-top-section elementor-element elementor-element-289f5b6 elementor-section-boxed elementor-section-height-default elementor-section-height-default\" data-id=\"289f5b6\" data-element_type=\"section\">\n\t\t\t\t\t\t<div class=\"elementor-container elementor-column-gap-default\">\n\t\t\t\t\t<div class=\"elementor-column elementor-col-100 elementor-top-column elementor-element elementor-element-73a401d\" data-id=\"73a401d\" data-element_type=\"column\">\n\t\t\t<div class=\"elementor-widget-wrap elementor-element-populated\">\n\t\t\t\t\t\t<div class=\"elementor-element elementor-element-4693689 elementor-widget elementor-widget-text-editor\" data-id=\"4693689\" data-element_type=\"widget\" data-widget_type=\"text-editor.default\">\n\t\t\t\t<div class=\"elementor-widget-container\">\n\t\t\t\t\t\t\t\t\t<ul><li><a href=\"https:\/\/atauni.edu.tr\/formlar-ve-dilekceler\">TEZL\u0130 Y\u00dcKSEK L\u0130SANS \u00d6\u011eRENC\u0130LER\u0130 \u0130\u00c7\u0130N GEREKL\u0130 D\u0130LEK\u00c7E VE FORMLAR<\/a><\/li><li><a href=\"https:\/\/atauni.edu.tr\/doktora-ogrencileri-icin-gerekli-dilekce-ve-formlar-2\">DOKTORA \u00d6\u011eRENC\u0130LER\u0130 \u0130\u00c7\u0130N GEREKL\u0130 D\u0130LEK\u00c7E VE FORMLAR<\/a><\/li><li><a href=\"https:\/\/atauni.edu.tr\/ortak-formlar-2\">ORTAK FORMLAR<\/a><\/li><li><a href=\"https:\/\/atauni.edu.tr\/genel-klavuzlar\">GENEL KILAVUZLAR<\/a><\/li><\/ul>\t\t\t\t\t\t\t\t<\/div>\n\t\t\t\t<\/div>\n\t\t\t\t\t<\/div>\n\t\t<\/div>\n\t\t\t\t\t<\/div>\n\t\t<\/section>\n\t\t\t\t<\/div>\n\t\t","protected":false},"excerpt":{"rendered":"<p>Lisans\u00fcst\u00fc Dilek\u00e7e ve Formlar TEZL\u0130 Y\u00dcKSEK L\u0130SANS \u00d6\u011eRENC\u0130LER\u0130 \u0130\u00c7\u0130N GEREKL\u0130 D\u0130LEK\u00c7E VE FORMLAR DOKTORA \u00d6\u011eRENC\u0130LER\u0130 \u0130\u00c7\u0130N GEREKL\u0130 D\u0130LEK\u00c7E VE FORMLAR ORTAK FORMLAR GENEL KILAVUZLAR<\/p>\n","protected":false},"author":143,"featured_media":0,"parent":0,"menu_order":0,"comment_status":"closed","ping_status":"closed","template":"","meta":{"footnotes":""},"class_list":["post-6373","page","type-page","status-publish","hentry"],"_links":{"self":[{"href":"https:\/\/atauni.edu.tr\/tarim-makinalari-muhendisligi\/wp-json\/wp\/v2\/pages\/6373","targetHints":{"allow":["GET"]}}],"collection":[{"href":"https:\/\/atauni.edu.tr\/tarim-makinalari-muhendisligi\/wp-json\/wp\/v2\/pages"}],"about":[{"href":"https:\/\/atauni.edu.tr\/tarim-makinalari-muhendisligi\/wp-json\/wp\/v2\/types\/page"}],"author":[{"embeddable":true,"href":"https:\/\/atauni.edu.tr\/tarim-makinalari-muhendisligi\/wp-json\/wp\/v2\/users\/143"}],"replies":[{"embeddable":true,"href":"https:\/\/atauni.edu.tr\/tarim-makinalari-muhendisligi\/wp-json\/wp\/v2\/comments?post=6373"}],"version-history":[{"count":4,"href":"https:\/\/atauni.edu.tr\/tarim-makinalari-muhendisligi\/wp-json\/wp\/v2\/pages\/6373\/revisions"}],"predecessor-version":[{"id":6785,"href":"https:\/\/atauni.edu.tr\/tarim-makinalari-muhendisligi\/wp-json\/wp\/v2\/pages\/6373\/revisions\/6785"}],"wp:attachment":[{"href":"https:\/\/atauni.edu.tr\/tarim-makinalari-muhendisligi\/wp-json\/wp\/v2\/media?parent=6373"}],"curies":[{"name":"wp","href":"https:\/\/api.w.org\/{rel}","templated":true}]}}