{"id":7012,"date":"2021-12-30T16:27:32","date_gmt":"2021-12-30T13:27:32","guid":{"rendered":"https:\/\/birimler.atauni.edu.tr\/tarim-makinalari-ve-teknolojileri-muhendisligi-bolumu\/?page_id=7012"},"modified":"2021-12-30T16:36:47","modified_gmt":"2021-12-30T13:36:47","slug":"yonetimden-mesaj","status":"publish","type":"page","link":"https:\/\/atauni.edu.tr\/tarim-makinalari-muhendisligi\/yonetimden-mesaj\/","title":{"rendered":"Y\u00f6netimden Mesaj"},"content":{"rendered":"\t\t<div data-elementor-type=\"wp-page\" data-elementor-id=\"7012\" class=\"elementor elementor-7012\" data-elementor-post-type=\"page\">\n\t\t\t\t\t\t<section class=\"elementor-section elementor-top-section elementor-element elementor-element-af901c1 elementor-section-boxed elementor-section-height-default elementor-section-height-default\" data-id=\"af901c1\" data-element_type=\"section\">\n\t\t\t\t\t\t<div class=\"elementor-container elementor-column-gap-default\">\n\t\t\t\t\t<div class=\"elementor-column elementor-col-100 elementor-top-column elementor-element elementor-element-965f654\" data-id=\"965f654\" data-element_type=\"column\">\n\t\t\t<div class=\"elementor-widget-wrap elementor-element-populated\">\n\t\t\t\t\t\t<div class=\"elementor-element elementor-element-bd992d0 elementor-widget elementor-widget-spacer\" data-id=\"bd992d0\" data-element_type=\"widget\" data-widget_type=\"spacer.default\">\n\t\t\t\t<div class=\"elementor-widget-container\">\n\t\t\t\t\t\t\t<div class=\"elementor-spacer\">\n\t\t\t<div class=\"elementor-spacer-inner\"><\/div>\n\t\t<\/div>\n\t\t\t\t\t\t<\/div>\n\t\t\t\t<\/div>\n\t\t\t\t\t<\/div>\n\t\t<\/div>\n\t\t\t\t\t<\/div>\n\t\t<\/section>\n\t\t\t\t<section class=\"elementor-section elementor-top-section elementor-element elementor-element-c11774d elementor-section-boxed elementor-section-height-default elementor-section-height-default\" data-id=\"c11774d\" data-element_type=\"section\">\n\t\t\t\t\t\t<div class=\"elementor-container elementor-column-gap-default\">\n\t\t\t\t\t<div class=\"elementor-column elementor-col-100 elementor-top-column elementor-element elementor-element-30d01da\" data-id=\"30d01da\" data-element_type=\"column\">\n\t\t\t<div class=\"elementor-widget-wrap elementor-element-populated\">\n\t\t\t\t\t\t<div class=\"elementor-element elementor-element-7e23a51 elementor-widget__width-initial elementor-widget elementor-widget-text-editor\" data-id=\"7e23a51\" data-element_type=\"widget\" data-widget_type=\"text-editor.default\">\n\t\t\t\t<div class=\"elementor-widget-container\">\n\t\t\t\t\t\t\t\t\t<p>\u00a0 \u00a0 \u00a0Atat\u00fcrk \u00dcniversitesi Ziraat Fak\u00fcltesi b\u00fcnyesinde ara\u015ft\u0131rma, e\u011fitim ve \u00f6\u011fretim faaliyetlerini s\u00fcrd\u00fcren Tar\u0131m Makinalar\u0131 ve Teknolojileri M\u00fchendisli\u011fi B\u00f6l\u00fcm\u00fc, bu alanda ihtiya\u00e7 duyulan teknik elemanlar\u0131n yeti\u015ftirilmesinin yan\u0131 s\u0131ra, tar\u0131msal mekanizasyon alan\u0131ndaki geli\u015fmeleri, yenilikleri ve b\u00f6lge ko\u015fullar\u0131nda yap\u0131lan ara\u015ft\u0131rmalardan elde edilen sonu\u00e7lar\u0131, \u00e7ift\u00e7iye ya direkt ya da di\u011fer tar\u0131msal kurulu\u015flar arac\u0131l\u0131\u011f\u0131yla dolayl\u0131 olarak aktarma amac\u0131na y\u00f6nelik olarak kurulmu\u015ftur. Bu ama\u00e7la g\u00fcn\u00fcm\u00fcze kadar yap\u0131lan \u00e7e\u015fitli ara\u015ft\u0131rma, seminer, kurs ve demonstrasyon \u00e7al\u0131\u015fmalar\u0131n\u0131n yan\u0131 s\u0131ra b\u00f6lgenin tar\u0131msal mekanizasyon sorunlar\u0131 ara\u015ft\u0131r\u0131lm\u0131\u015f ve yap\u0131lan \u00f6nerilerle b\u00f6lge tar\u0131m\u0131na hizmet verme gayreti i\u00e7erisinde olunmu\u015ftur. Tar\u0131m Makinalar\u0131 ve Teknolojileri M\u00fchendisli\u011fi B\u00f6l\u00fcm\u00fcn\u00fcn akademik \u00f6nceliklerinde \u00f6rg\u00fcn ve \u00f6\u011frenci aktif \u00f6\u011fretme y\u00f6nteminin benimsenmesi ve ara\u015ft\u0131rma alanlar\u0131ndaki \u00f6nceli\u011fin do\u011fal kaynaklar\u0131n s\u00fcrd\u00fcr\u00fclebilirli\u011fi, enerji ve insan i\u015fg\u00fcc\u00fc tasarrufuna y\u00f6nelik, \u00e7evre sorunlar\u0131na duyarl\u0131 hassas tar\u0131m konular\u0131na verilmesi hedeflenmektedir. Ayr\u0131ca, \u00dcniversitemizin uluslararas\u0131 ili\u015fkilerle ilgili politikas\u0131 do\u011frultusunda Tar\u0131m Makinalar\u0131 ve Teknolojileri M\u00fchendisli\u011fi B\u00f6l\u00fcm\u00fcn\u00fcn ilgili b\u00f6l\u00fcmlerle kar\u015f\u0131l\u0131kl\u0131 olarak \u00f6\u011frenci ve \u00f6\u011fretim eleman\u0131 de\u011fi\u015fimine ve ortak ara\u015ft\u0131rma konular\u0131na e\u015f g\u00fcd\u00fcm\u00fcn sa\u011flanmas\u0131na y\u00f6nelik hedefleri bulunmaktad\u0131r. E\u011fitime y\u00f6nelik hedefimiz ise; \u00c7a\u011fda\u015f, demokrat, vatansever, \u00fcretken, de\u011fi\u015fen ko\u015fullara uyum sa\u011flayabilen, bilimsel anlay\u0131\u015fa sahip, gelece\u011fe y\u00f6nelik hedefleri olan k\u00fclt\u00fcre ve sanata duyarl\u0131, ya\u015fam boyu kendini yenilemeyi ve \u00f6\u011frenmeyi, \u00f6\u011frendiklerini \u00e7evresiyle payla\u015fmay\u0131 ilke edinen, yasalara ve insan hak ve \u00f6zg\u00fcrl\u00fcklerine sayg\u0131l\u0131, d\u00fcr\u00fcst ve sorumluluk alabilecek, \u00e7evre bilinci geli\u015fmi\u015f, tar\u0131m makinalar\u0131 konusunda teorik ve uygulama bilgilerine sahip, g\u00fcncel bilgiye ula\u015fabilecek m\u00fchendisleri ve y\u00fcksek m\u00fchendisleri yeti\u015ftirmektir.<\/p><p>\u00a0 \u00a0 \u00a0 \u00a0 \u00a0 \u00a0 \u00a0 \u00a0 \u00a0 \u00a0 \u00a0 \u00a0 \u00a0 \u00a0 \u00a0 \u00a0 \u00a0 \u00a0 \u00a0 \u00a0 \u00a0 \u00a0 \u00a0 \u00a0 \u00a0 \u00a0 \u00a0 \u00a0 \u00a0 \u00a0 \u00a0 \u00a0 \u00a0 \u00a0 \u00a0 \u00a0 \u00a0 \u00a0 \u00a0 \u00a0 \u00a0 \u00a0 \u00a0 \u00a0 \u00a0 \u00a0 \u00a0 \u00a0 \u00a0 \u00a0 \u00a0 \u00a0 \u00a0 \u00a0 \u00a0 \u00a0 \u00a0 \u00a0 \u00a0 \u00a0 \u00a0 \u00a0 \u00a0 Prof. Dr. Y\u0131ld\u0131ran YILDIRIM<\/p><p>\u00a0 \u00a0 \u00a0 \u00a0 \u00a0 \u00a0 \u00a0 \u00a0 \u00a0 \u00a0 \u00a0 \u00a0 \u00a0 \u00a0 \u00a0 \u00a0 \u00a0 \u00a0 \u00a0 \u00a0 \u00a0 \u00a0 \u00a0 \u00a0 \u00a0 \u00a0 \u00a0 \u00a0 \u00a0 \u00a0 \u00a0 \u00a0 \u00a0 \u00a0 \u00a0 \u00a0 \u00a0 \u00a0 \u00a0 \u00a0 \u00a0 \u00a0 \u00a0 \u00a0 \u00a0 \u00a0 \u00a0 \u00a0 \u00a0 \u00a0 \u00a0 \u00a0 \u00a0 \u00a0 \u00a0 \u00a0 \u00a0 \u00a0 \u00a0 \u00a0 \u00a0 \u00a0 \u00a0 \u00a0 \u00a0 \u00a0 \u00a0 \u00a0 \u00a0 \u00a0 B\u00f6l\u00fcm Ba\u015fkan\u0131<\/p>\t\t\t\t\t\t\t\t<\/div>\n\t\t\t\t<\/div>\n\t\t\t\t\t<\/div>\n\t\t<\/div>\n\t\t\t\t\t<\/div>\n\t\t<\/section>\n\t\t\t\t<\/div>\n\t\t","protected":false},"excerpt":{"rendered":"<p>\u00a0 \u00a0 \u00a0Atat\u00fcrk \u00dcniversitesi Ziraat Fak\u00fcltesi b\u00fcnyesinde ara\u015ft\u0131rma, e\u011fitim ve \u00f6\u011fretim faaliyetlerini s\u00fcrd\u00fcren Tar\u0131m Makinalar\u0131 ve Teknolojileri M\u00fchendisli\u011fi B\u00f6l\u00fcm\u00fc, bu alanda ihtiya\u00e7 duyulan teknik elemanlar\u0131n yeti\u015ftirilmesinin yan\u0131 s\u0131ra, tar\u0131msal mekanizasyon alan\u0131ndaki geli\u015fmeleri, yenilikleri ve b\u00f6lge ko\u015fullar\u0131nda yap\u0131lan ara\u015ft\u0131rmalardan elde edilen sonu\u00e7lar\u0131, \u00e7ift\u00e7iye ya direkt ya da di\u011fer tar\u0131msal kurulu\u015flar arac\u0131l\u0131\u011f\u0131yla dolayl\u0131 olarak aktarma amac\u0131na y\u00f6nelik [&hellip;]<\/p>\n","protected":false},"author":143,"featured_media":0,"parent":0,"menu_order":0,"comment_status":"closed","ping_status":"closed","template":"","meta":{"footnotes":""},"class_list":["post-7012","page","type-page","status-publish","hentry"],"_links":{"self":[{"href":"https:\/\/atauni.edu.tr\/tarim-makinalari-muhendisligi\/wp-json\/wp\/v2\/pages\/7012","targetHints":{"allow":["GET"]}}],"collection":[{"href":"https:\/\/atauni.edu.tr\/tarim-makinalari-muhendisligi\/wp-json\/wp\/v2\/pages"}],"about":[{"href":"https:\/\/atauni.edu.tr\/tarim-makinalari-muhendisligi\/wp-json\/wp\/v2\/types\/page"}],"author":[{"embeddable":true,"href":"https:\/\/atauni.edu.tr\/tarim-makinalari-muhendisligi\/wp-json\/wp\/v2\/users\/143"}],"replies":[{"embeddable":true,"href":"https:\/\/atauni.edu.tr\/tarim-makinalari-muhendisligi\/wp-json\/wp\/v2\/comments?post=7012"}],"version-history":[{"count":4,"href":"https:\/\/atauni.edu.tr\/tarim-makinalari-muhendisligi\/wp-json\/wp\/v2\/pages\/7012\/revisions"}],"predecessor-version":[{"id":7018,"href":"https:\/\/atauni.edu.tr\/tarim-makinalari-muhendisligi\/wp-json\/wp\/v2\/pages\/7012\/revisions\/7018"}],"wp:attachment":[{"href":"https:\/\/atauni.edu.tr\/tarim-makinalari-muhendisligi\/wp-json\/wp\/v2\/media?parent=7012"}],"curies":[{"name":"wp","href":"https:\/\/api.w.org\/{rel}","templated":true}]}}