{"id":7201,"date":"2022-10-12T12:18:43","date_gmt":"2022-10-12T09:18:43","guid":{"rendered":"https:\/\/birimler.atauni.edu.tr\/tarim-makinalari-ve-teknolojileri-muhendisligi-bolumu\/?page_id=7201"},"modified":"2025-06-19T10:17:00","modified_gmt":"2025-06-19T07:17:00","slug":"program-egitim-amaclari","status":"publish","type":"page","link":"https:\/\/atauni.edu.tr\/tarim-makinalari-muhendisligi\/program-egitim-amaclari\/","title":{"rendered":"Program E\u011fitim Ama\u00e7lar\u0131 ve \u00c7\u0131kt\u0131lar\u0131"},"content":{"rendered":"\t\t<div data-elementor-type=\"wp-page\" data-elementor-id=\"7201\" class=\"elementor elementor-7201\" data-elementor-post-type=\"page\">\n\t\t\t\t\t\t<section class=\"elementor-section elementor-top-section elementor-element elementor-element-0476819 elementor-section-boxed elementor-section-height-default elementor-section-height-default\" data-id=\"0476819\" data-element_type=\"section\">\n\t\t\t\t\t\t<div class=\"elementor-container elementor-column-gap-default\">\n\t\t\t\t\t<div class=\"elementor-column elementor-col-100 elementor-top-column elementor-element elementor-element-37fa4a1\" data-id=\"37fa4a1\" data-element_type=\"column\">\n\t\t\t<div class=\"elementor-widget-wrap elementor-element-populated\">\n\t\t\t\t\t\t<div class=\"elementor-element elementor-element-03507b6 elementor-widget elementor-widget-text-editor\" data-id=\"03507b6\" data-element_type=\"widget\" data-widget_type=\"text-editor.default\">\n\t\t\t\t<div class=\"elementor-widget-container\">\n\t\t\t\t\t\t\t\t\t<p><span style=\"text-decoration: underline\">E\u011fitim Ama\u00e7lar\u0131:<\/span><\/p><p>Tar\u0131m Makinalar\u0131 ve Teknolojileri M\u00fchendisli\u011fi Program\u0131 mezunlar\u0131;<\/p><ol><li>Ulusal ve uluslararas\u0131 kurulu\u015flar\u0131n Ar-Ge, tasar\u0131m, \u00fcretim, bak\u0131m ve test gibi birimlerinde g\u00f6revler \u00fcstlenir liderlik yapabilirler,<\/li><li>Ara\u015ft\u0131rma kurumlar\u0131 ve \u00fcniversitelerde \u00e7al\u0131\u015fma ve ara\u015ft\u0131rma yapabilme yeterlili\u011fine sahip olurlar,<\/li><li>Bireysel veya ortakl\u0131klar i\u00e7inde ticari giri\u015fimlerde bulunurlar.<\/li><\/ol>\t\t\t\t\t\t\t\t<\/div>\n\t\t\t\t<\/div>\n\t\t\t\t\t<\/div>\n\t\t<\/div>\n\t\t\t\t\t<\/div>\n\t\t<\/section>\n\t\t\t\t<section class=\"elementor-section elementor-top-section elementor-element elementor-element-fb9e0a8 elementor-section-boxed elementor-section-height-default elementor-section-height-default\" data-id=\"fb9e0a8\" data-element_type=\"section\">\n\t\t\t\t\t\t<div class=\"elementor-container elementor-column-gap-default\">\n\t\t\t\t\t<div class=\"elementor-column elementor-col-100 elementor-top-column elementor-element elementor-element-d48e815\" data-id=\"d48e815\" data-element_type=\"column\">\n\t\t\t<div class=\"elementor-widget-wrap elementor-element-populated\">\n\t\t\t\t\t\t<div class=\"elementor-element elementor-element-6ff0aa8 elementor-widget elementor-widget-spacer\" data-id=\"6ff0aa8\" data-element_type=\"widget\" data-widget_type=\"spacer.default\">\n\t\t\t\t<div class=\"elementor-widget-container\">\n\t\t\t\t\t\t\t<div class=\"elementor-spacer\">\n\t\t\t<div class=\"elementor-spacer-inner\"><\/div>\n\t\t<\/div>\n\t\t\t\t\t\t<\/div>\n\t\t\t\t<\/div>\n\t\t\t\t\t<\/div>\n\t\t<\/div>\n\t\t\t\t\t<\/div>\n\t\t<\/section>\n\t\t\t\t<section class=\"elementor-section elementor-top-section elementor-element elementor-element-1164d92 elementor-section-boxed elementor-section-height-default elementor-section-height-default\" data-id=\"1164d92\" data-element_type=\"section\">\n\t\t\t\t\t\t<div class=\"elementor-container elementor-column-gap-default\">\n\t\t\t\t\t<div class=\"elementor-column elementor-col-100 elementor-top-column elementor-element elementor-element-ed34adf\" data-id=\"ed34adf\" data-element_type=\"column\">\n\t\t\t<div class=\"elementor-widget-wrap elementor-element-populated\">\n\t\t\t\t\t\t<div class=\"elementor-element elementor-element-f65326e elementor-widget elementor-widget-text-editor\" data-id=\"f65326e\" data-element_type=\"widget\" data-widget_type=\"text-editor.default\">\n\t\t\t\t<div class=\"elementor-widget-container\">\n\t\t\t\t\t\t\t\t\t<p><span style=\"text-decoration: underline\">Program \u00c7\u0131kt\u0131lar\u0131:<\/span><\/p><p>P\u00c7-1 M\u00fchendisli\u011fin temelini olu\u015fturan matematik, istatistik, fen bilimleri ve alandaki m\u00fchendislik derslerinden kazand\u0131\u011f\u0131 teorik ve uygulama bilgi ve becerilerini Tar\u0131m Makinalar\u0131 ve Teknolojileri M\u00fchendisli\u011fi alan\u0131ndaki m\u00fchendislik problemlerinde kullanabilme becerisi,<\/p><p>P\u00c7-2 Tar\u0131m Makinalar\u0131 ve Teknolojileri M\u00fchendisli\u011fi alan\u0131ndaki problemleri m\u00fchendis yakla\u015f\u0131m\u0131 ile analiz edip tan\u0131mlayabilme, form\u00fcle ederek \u00e7\u00f6z\u00fcme y\u00f6nelik modelleme y\u00f6ntemlerini se\u00e7me becerisi,<\/p><p>P\u00c7-3 Tar\u0131m Makinalar\u0131 ve Teknolojileri M\u00fchendisli\u011fi alan\u0131ndaki karma\u015f\u0131k sistemleri, s\u00fcre\u00e7leri, \u00fcr\u00fcnler ve cihazlar\u0131 mevcut olanaklar ile belirli standartlara uygun bi\u00e7imde tasarlay\u0131p \u00fcretebilecek \u015fekilde modern analiz ve tasar\u0131m y\u00f6ntemlerini kullanabilme becerisi,<\/p><p>P\u00c7-4 Tar\u0131m Makinalar\u0131 ve Teknolojileri M\u00fchendisli\u011fi alan\u0131ndaki problemlerin \u00e7\u00f6z\u00fcm\u00fcnde modern ara\u00e7 gere\u00e7leri, tasar\u0131m ve analiz y\u00f6ntemlerini, bili\u015fim teknolojilerini etkin bir \u015fekilde kullanabilme becerisi,<\/p><p>P\u00c7-5 Tar\u0131m Makinalar\u0131 ve Teknolojileri M\u00fchendisli\u011fi alan\u0131ndaki problemlerin incelenmesi i\u00e7in \u00f6l\u00e7me deney sistemleri tasarlayabilme, deneyleri y\u00fcr\u00fctebilme, veri toplayabilme ve sonu\u00e7lar\u0131 analiz edebilme becerisi,<\/p><p>P\u00c7-6 Disipline \u00f6zg\u00fc ve disiplinler aras\u0131 alanlarda bireysel \u00e7al\u0131\u015fma ve tak\u0131m \u00e7al\u0131\u015fmalar\u0131nda etkin olabilme, proje s\u00fcre\u00e7lerinde sorumluluk alabilme becerisi,<\/p><p>P\u00c7-7 Tar\u0131m Makinalar\u0131 ve Teknolojileri M\u00fchendisli\u011fi alan\u0131nda tasar\u0131m \u00fcretim ve sonu\u00e7 raporlar\u0131 haz\u0131rlayabilme, etkin ileti\u015fim kurabilme, a\u00e7\u0131k ve anla\u015f\u0131labilir talimat alma ve verme, sunum tekniklerini etkin kullanarak kendini ifade edebilme becerisi,<\/p><p>P\u00c7-8 Ya\u015fam boyu \u00f6\u011frenmenin gereklili\u011fi bilincinde olabilme, g\u00fcncel ve do\u011fru bilgiye ula\u015fabilme, bilim teknoloji ve sanat alanlar\u0131ndaki geli\u015fmeleri takip edebilme ve kendini bu alanlarda geli\u015ftirebilme becerisi,<\/p><p>P\u00c7-9 Mesleki ve akademik etik de\u011ferler hakk\u0131nda bilgi sahibi olup bu de\u011ferler bilincinde hareket edebilme ve m\u00fchendislik standartlar\u0131 hakk\u0131nda bilgi sahibi olup kullanabilme becerisi,<\/p><p>P\u00c7-10 Tar\u0131m Makinalar\u0131 ve Teknolojileri M\u00fchendisli\u011fi alan\u0131nda proje y\u00f6netimi, risk y\u00f6netimi, s\u00fcrekli iyile\u015ftirmenin kontrol\u00fc, i\u015f hayat\u0131ndaki normlar ve uygulamalar hakk\u0131nda bilgi sahibi, giri\u015fimcilik ekosistemi ve yenilik\u00e7ilik hakk\u0131nda fark\u0131ndal\u0131k sahibi olabilme ve s\u00fcrd\u00fcr\u00fclebilir kalk\u0131nma hedefleri hakk\u0131nda bilgi sahibi olabilme ve aktif rol alabilme becerisi,<\/p><p>P\u00c7-11 M\u00fchendislik uygulamalar\u0131n\u0131n sa\u011fl\u0131k, \u00e7evre, ekonomi, g\u00fcvenlik ve s\u00fcrd\u00fcr\u00fclebilirlik gibi toplumsal konulardaki etkisi hakk\u0131nda bilgi sahibi olabilme, bu alanlardaki m\u00fchendislik uygulamalar\u0131n\u0131n hukuksal s\u00fcre\u00e7leri hakk\u0131nda bilgi sahibi olma,<\/p><p>P\u00c7-12 M\u00fchendislik bilgilerinin yan\u0131nda entelekt\u00fcel bilgi sahibi, toplum i\u00e7inde aktif rol alabilme, sanatsal ve k\u00fclt\u00fcrel y\u00f6nlerini s\u00fcrekli geli\u015ftirebilme ve topluma faydal\u0131 olabilme bilincine sahip olabilme.<\/p>\t\t\t\t\t\t\t\t<\/div>\n\t\t\t\t<\/div>\n\t\t\t\t\t<\/div>\n\t\t<\/div>\n\t\t\t\t\t<\/div>\n\t\t<\/section>\n\t\t\t\t<\/div>\n\t\t","protected":false},"excerpt":{"rendered":"<p>E\u011fitim Ama\u00e7lar\u0131: Tar\u0131m Makinalar\u0131 ve Teknolojileri M\u00fchendisli\u011fi Program\u0131 mezunlar\u0131; Ulusal ve uluslararas\u0131 kurulu\u015flar\u0131n Ar-Ge, tasar\u0131m, \u00fcretim, bak\u0131m ve test gibi birimlerinde g\u00f6revler \u00fcstlenir liderlik yapabilirler, Ara\u015ft\u0131rma kurumlar\u0131 ve \u00fcniversitelerde \u00e7al\u0131\u015fma ve ara\u015ft\u0131rma yapabilme yeterlili\u011fine sahip olurlar, Bireysel veya ortakl\u0131klar i\u00e7inde ticari giri\u015fimlerde bulunurlar. Program \u00c7\u0131kt\u0131lar\u0131: P\u00c7-1 M\u00fchendisli\u011fin temelini olu\u015fturan matematik, istatistik, fen bilimleri ve alandaki [&hellip;]<\/p>\n","protected":false},"author":143,"featured_media":0,"parent":0,"menu_order":0,"comment_status":"closed","ping_status":"closed","template":"","meta":{"footnotes":""},"class_list":["post-7201","page","type-page","status-publish","hentry"],"_links":{"self":[{"href":"https:\/\/atauni.edu.tr\/tarim-makinalari-muhendisligi\/wp-json\/wp\/v2\/pages\/7201","targetHints":{"allow":["GET"]}}],"collection":[{"href":"https:\/\/atauni.edu.tr\/tarim-makinalari-muhendisligi\/wp-json\/wp\/v2\/pages"}],"about":[{"href":"https:\/\/atauni.edu.tr\/tarim-makinalari-muhendisligi\/wp-json\/wp\/v2\/types\/page"}],"author":[{"embeddable":true,"href":"https:\/\/atauni.edu.tr\/tarim-makinalari-muhendisligi\/wp-json\/wp\/v2\/users\/143"}],"replies":[{"embeddable":true,"href":"https:\/\/atauni.edu.tr\/tarim-makinalari-muhendisligi\/wp-json\/wp\/v2\/comments?post=7201"}],"version-history":[{"count":20,"href":"https:\/\/atauni.edu.tr\/tarim-makinalari-muhendisligi\/wp-json\/wp\/v2\/pages\/7201\/revisions"}],"predecessor-version":[{"id":8050,"href":"https:\/\/atauni.edu.tr\/tarim-makinalari-muhendisligi\/wp-json\/wp\/v2\/pages\/7201\/revisions\/8050"}],"wp:attachment":[{"href":"https:\/\/atauni.edu.tr\/tarim-makinalari-muhendisligi\/wp-json\/wp\/v2\/media?parent=7201"}],"curies":[{"name":"wp","href":"https:\/\/api.w.org\/{rel}","templated":true}]}}