{"id":7470,"date":"2023-07-12T15:35:44","date_gmt":"2023-07-12T12:35:44","guid":{"rendered":"https:\/\/birimler.atauni.edu.tr\/tarim-makinalari-ve-teknolojileri-muhendisligi-bolumu\/?page_id=7470"},"modified":"2023-08-16T15:00:33","modified_gmt":"2023-08-16T12:00:33","slug":"yaz-okulu","status":"publish","type":"page","link":"https:\/\/atauni.edu.tr\/tarim-makinalari-muhendisligi\/yaz-okulu\/","title":{"rendered":"Yaz Okulu"},"content":{"rendered":"\t\t<div data-elementor-type=\"wp-page\" data-elementor-id=\"7470\" class=\"elementor elementor-7470\" data-elementor-post-type=\"page\">\n\t\t\t\t\t\t<section class=\"elementor-section elementor-top-section elementor-element elementor-element-4f31300 elementor-section-boxed elementor-section-height-default elementor-section-height-default\" data-id=\"4f31300\" data-element_type=\"section\">\n\t\t\t\t\t\t<div class=\"elementor-container elementor-column-gap-default\">\n\t\t\t\t\t<div class=\"elementor-column elementor-col-100 elementor-top-column elementor-element elementor-element-5d4331f\" data-id=\"5d4331f\" data-element_type=\"column\">\n\t\t\t<div class=\"elementor-widget-wrap elementor-element-populated\">\n\t\t\t\t\t\t<div class=\"elementor-element elementor-element-f9d9872 elementor-widget elementor-widget-heading\" data-id=\"f9d9872\" data-element_type=\"widget\" data-widget_type=\"heading.default\">\n\t\t\t\t<div class=\"elementor-widget-container\">\n\t\t\t\t\t<h2 class=\"elementor-heading-title elementor-size-default\">Yaz Okulu<\/h2>\t\t\t\t<\/div>\n\t\t\t\t<\/div>\n\t\t\t\t\t<\/div>\n\t\t<\/div>\n\t\t\t\t\t<\/div>\n\t\t<\/section>\n\t\t\t\t<section class=\"elementor-section elementor-top-section elementor-element elementor-element-ce76791 elementor-section-boxed elementor-section-height-default elementor-section-height-default\" data-id=\"ce76791\" data-element_type=\"section\">\n\t\t\t\t\t\t<div class=\"elementor-container elementor-column-gap-default\">\n\t\t\t\t\t<div class=\"elementor-column elementor-col-100 elementor-top-column elementor-element elementor-element-ed88a8d\" data-id=\"ed88a8d\" data-element_type=\"column\">\n\t\t\t<div class=\"elementor-widget-wrap elementor-element-populated\">\n\t\t\t\t\t\t<div class=\"elementor-element elementor-element-2b99378 elementor-widget-divider--view-line elementor-widget elementor-widget-divider\" data-id=\"2b99378\" data-element_type=\"widget\" data-widget_type=\"divider.default\">\n\t\t\t\t<div class=\"elementor-widget-container\">\n\t\t\t\t\t\t\t<div class=\"elementor-divider\">\n\t\t\t<span class=\"elementor-divider-separator\">\n\t\t\t\t\t\t<\/span>\n\t\t<\/div>\n\t\t\t\t\t\t<\/div>\n\t\t\t\t<\/div>\n\t\t\t\t\t<\/div>\n\t\t<\/div>\n\t\t\t\t\t<\/div>\n\t\t<\/section>\n\t\t\t\t<section class=\"elementor-section elementor-top-section elementor-element elementor-element-2af83cf elementor-section-boxed elementor-section-height-default elementor-section-height-default\" data-id=\"2af83cf\" data-element_type=\"section\">\n\t\t\t\t\t\t<div class=\"elementor-container elementor-column-gap-default\">\n\t\t\t\t\t<div class=\"elementor-column elementor-col-100 elementor-top-column elementor-element elementor-element-0d2a942\" data-id=\"0d2a942\" data-element_type=\"column\">\n\t\t\t<div class=\"elementor-widget-wrap elementor-element-populated\">\n\t\t\t\t\t\t<div class=\"elementor-element elementor-element-5b876c6 elementor-widget elementor-widget-text-editor\" data-id=\"5b876c6\" data-element_type=\"widget\" data-widget_type=\"text-editor.default\">\n\t\t\t\t<div class=\"elementor-widget-container\">\n\t\t\t\t\t\t\t\t\t<p>Atat\u00fcrk \u00dcniversitesi Yaz Okulu Y\u00f6netmeli\u011fi&#8217; ne ula\u015fmak i\u00e7in <a href=\"https:\/\/www.mevzuat.gov.tr\/mevzuat?MevzuatNo=31537&amp;MevzuatTur=8&amp;MevzuatTertip=5\">buraya<\/a> t\u0131klay\u0131n\u0131z.<\/p>\t\t\t\t\t\t\t\t<\/div>\n\t\t\t\t<\/div>\n\t\t\t\t\t<\/div>\n\t\t<\/div>\n\t\t\t\t\t<\/div>\n\t\t<\/section>\n\t\t\t\t<section class=\"elementor-section elementor-top-section elementor-element elementor-element-2408077 elementor-section-boxed elementor-section-height-default elementor-section-height-default\" data-id=\"2408077\" data-element_type=\"section\">\n\t\t\t\t\t\t<div class=\"elementor-container elementor-column-gap-default\">\n\t\t\t\t\t<div class=\"elementor-column elementor-col-100 elementor-top-column elementor-element elementor-element-404ebcb\" data-id=\"404ebcb\" data-element_type=\"column\">\n\t\t\t<div class=\"elementor-widget-wrap elementor-element-populated\">\n\t\t\t\t\t\t<div class=\"elementor-element elementor-element-c89befd elementor-widget elementor-widget-heading\" data-id=\"c89befd\" data-element_type=\"widget\" data-widget_type=\"heading.default\">\n\t\t\t\t<div class=\"elementor-widget-container\">\n\t\t\t\t\t<h2 class=\"elementor-heading-title elementor-size-default\">S\u0131k\u00e7a Sorulan Sorular<\/h2>\t\t\t\t<\/div>\n\t\t\t\t<\/div>\n\t\t\t\t\t<\/div>\n\t\t<\/div>\n\t\t\t\t\t<\/div>\n\t\t<\/section>\n\t\t\t\t<section class=\"elementor-section elementor-top-section elementor-element elementor-element-9a01f5e elementor-section-boxed elementor-section-height-default elementor-section-height-default\" data-id=\"9a01f5e\" data-element_type=\"section\">\n\t\t\t\t\t\t<div class=\"elementor-container elementor-column-gap-default\">\n\t\t\t\t\t<div class=\"elementor-column elementor-col-100 elementor-top-column elementor-element elementor-element-e0b019b\" data-id=\"e0b019b\" data-element_type=\"column\">\n\t\t\t<div class=\"elementor-widget-wrap elementor-element-populated\">\n\t\t\t\t\t\t<div class=\"elementor-element elementor-element-a5566e6 elementor-widget elementor-widget-toggle\" data-id=\"a5566e6\" data-element_type=\"widget\" data-widget_type=\"toggle.default\">\n\t\t\t\t<div class=\"elementor-widget-container\">\n\t\t\t\t\t\t\t<div class=\"elementor-toggle\">\n\t\t\t\t\t\t\t<div class=\"elementor-toggle-item\">\n\t\t\t\t\t<div id=\"elementor-tab-title-1731\" class=\"elementor-tab-title\" data-tab=\"1\" role=\"button\" aria-controls=\"elementor-tab-content-1731\" aria-expanded=\"false\">\n\t\t\t\t\t\t\t\t\t\t\t\t<span class=\"elementor-toggle-icon elementor-toggle-icon-left\" aria-hidden=\"true\">\n\t\t\t\t\t\t\t\t\t\t\t\t\t\t\t<span class=\"elementor-toggle-icon-closed\"><i class=\"fas fa-caret-right\"><\/i><\/span>\n\t\t\t\t\t\t\t\t<span class=\"elementor-toggle-icon-opened\"><i class=\"elementor-toggle-icon-opened fas fa-caret-up\"><\/i><\/span>\n\t\t\t\t\t\t\t\t\t\t\t\t\t<\/span>\n\t\t\t\t\t\t\t\t\t\t\t\t<a class=\"elementor-toggle-title\" tabindex=\"0\">Yaz okulunda ka\u00e7 ders alabilirim?<\/a>\n\t\t\t\t\t<\/div>\n\n\t\t\t\t\t<div id=\"elementor-tab-content-1731\" class=\"elementor-tab-content elementor-clearfix\" data-tab=\"1\" role=\"region\" aria-labelledby=\"elementor-tab-title-1731\"><p>Yaz Okulunda \u00f6\u011frenciler toplam en fazla 13 kredilik\/20 AKTS\u2019lik ders alabilir; ancak, bir dersin kredi saatinin 13\u2019\u00fcn\/AKTS\u2019sinin 20\u2019nin \u00fczerinde olmas\u0131 halinde sadece bu ders al\u0131nabilir. Yaz Okulu sonunda mezuniyete bir dersi kalabilecek \u00f6\u011frencilere azami 13 kredi saati\/20 AKTS miktar\u0131na ilaveten bir ders daha verilebilir.<\/p><\/div>\n\t\t\t\t<\/div>\n\t\t\t\t\t\t\t<div class=\"elementor-toggle-item\">\n\t\t\t\t\t<div id=\"elementor-tab-title-1732\" class=\"elementor-tab-title\" data-tab=\"2\" role=\"button\" aria-controls=\"elementor-tab-content-1732\" aria-expanded=\"false\">\n\t\t\t\t\t\t\t\t\t\t\t\t<span class=\"elementor-toggle-icon elementor-toggle-icon-left\" aria-hidden=\"true\">\n\t\t\t\t\t\t\t\t\t\t\t\t\t\t\t<span class=\"elementor-toggle-icon-closed\"><i class=\"fas fa-caret-right\"><\/i><\/span>\n\t\t\t\t\t\t\t\t<span class=\"elementor-toggle-icon-opened\"><i class=\"elementor-toggle-icon-opened fas fa-caret-up\"><\/i><\/span>\n\t\t\t\t\t\t\t\t\t\t\t\t\t<\/span>\n\t\t\t\t\t\t\t\t\t\t\t\t<a class=\"elementor-toggle-title\" tabindex=\"0\">Yaz okulunda hangi dersleri alabilirim?<\/a>\n\t\t\t\t\t<\/div>\n\n\t\t\t\t\t<div id=\"elementor-tab-content-1732\" class=\"elementor-tab-content elementor-clearfix\" data-tab=\"2\" role=\"region\" aria-labelledby=\"elementor-tab-title-1732\"><p>\u00d6\u011frenciler; alt yar\u0131y\u0131llara ait hi\u00e7 almad\u0131klar\u0131, al\u0131p da s\u0131nav\u0131na girme hakk\u0131 elde edemedikleri, al\u0131p da ba\u015far\u0131s\u0131z olduklar\u0131 veya\u00a0AGNO\u2019lar\u0131n\u0131\u00a0y\u00fckseltmek istedikleri dersleri Yaz Okulunda alabilirler.<\/p><\/div>\n\t\t\t\t<\/div>\n\t\t\t\t\t\t\t<div class=\"elementor-toggle-item\">\n\t\t\t\t\t<div id=\"elementor-tab-title-1733\" class=\"elementor-tab-title\" data-tab=\"3\" role=\"button\" aria-controls=\"elementor-tab-content-1733\" aria-expanded=\"false\">\n\t\t\t\t\t\t\t\t\t\t\t\t<span class=\"elementor-toggle-icon elementor-toggle-icon-left\" aria-hidden=\"true\">\n\t\t\t\t\t\t\t\t\t\t\t\t\t\t\t<span class=\"elementor-toggle-icon-closed\"><i class=\"fas fa-caret-right\"><\/i><\/span>\n\t\t\t\t\t\t\t\t<span class=\"elementor-toggle-icon-opened\"><i class=\"elementor-toggle-icon-opened fas fa-caret-up\"><\/i><\/span>\n\t\t\t\t\t\t\t\t\t\t\t\t\t<\/span>\n\t\t\t\t\t\t\t\t\t\t\t\t<a class=\"elementor-toggle-title\" tabindex=\"0\">Yaz okulunda devam zorunlulu\u011fu var m\u0131d\u0131r?<\/a>\n\t\t\t\t\t<\/div>\n\n\t\t\t\t\t<div id=\"elementor-tab-content-1733\" class=\"elementor-tab-content elementor-clearfix\" data-tab=\"3\" role=\"region\" aria-labelledby=\"elementor-tab-title-1733\"><p>Yaz Okulunda derslere devam zorunludur. Bir dersin devam ko\u015fulunun daha \u00f6nce yerine getirilmi\u015f olmas\u0131, o derse Yaz Okulunda devam etme zorunlulu\u011funu ortadan kald\u0131rmaz.\u00a0<\/p><\/div>\n\t\t\t\t<\/div>\n\t\t\t\t\t\t\t<div class=\"elementor-toggle-item\">\n\t\t\t\t\t<div id=\"elementor-tab-title-1734\" class=\"elementor-tab-title\" data-tab=\"4\" role=\"button\" aria-controls=\"elementor-tab-content-1734\" aria-expanded=\"false\">\n\t\t\t\t\t\t\t\t\t\t\t\t<span class=\"elementor-toggle-icon elementor-toggle-icon-left\" aria-hidden=\"true\">\n\t\t\t\t\t\t\t\t\t\t\t\t\t\t\t<span class=\"elementor-toggle-icon-closed\"><i class=\"fas fa-caret-right\"><\/i><\/span>\n\t\t\t\t\t\t\t\t<span class=\"elementor-toggle-icon-opened\"><i class=\"elementor-toggle-icon-opened fas fa-caret-up\"><\/i><\/span>\n\t\t\t\t\t\t\t\t\t\t\t\t\t<\/span>\n\t\t\t\t\t\t\t\t\t\t\t\t<a class=\"elementor-toggle-title\" tabindex=\"0\">Yaz okulunda ba\u015far\u0131 de\u011ferlendirmesi nas\u0131l yap\u0131l\u0131r?<\/a>\n\t\t\t\t\t<\/div>\n\n\t\t\t\t\t<div id=\"elementor-tab-content-1734\" class=\"elementor-tab-content elementor-clearfix\" data-tab=\"4\" role=\"region\" aria-labelledby=\"elementor-tab-title-1734\"><p>Yaz Okulunda a\u00e7\u0131lan dersler ve bu derslere kay\u0131tl\u0131 \u00f6\u011frenciler i\u00e7in ara ve yar\u0131y\u0131l sonu s\u0131navlar\u0131 yap\u0131l\u0131r, b\u00fct\u00fcnleme s\u0131nav\u0131 yap\u0131lmaz. Ara s\u0131nav ve yar\u0131y\u0131l sonu s\u0131navlar\u0131na \u00e7e\u015fitli sebeplerden dolay\u0131 giremeyen \u00f6\u011frenciler i\u00e7in mazeretleri ilgili y\u00f6netim kurulunca kabul edilen \u00f6\u011frenciler s\u0131nav haklar\u0131n\u0131 ilgili y\u00f6netim kurulunca belirlenen tarihler aras\u0131nda kullan\u0131r.<\/p><\/div>\n\t\t\t\t<\/div>\n\t\t\t\t\t\t\t<div class=\"elementor-toggle-item\">\n\t\t\t\t\t<div id=\"elementor-tab-title-1735\" class=\"elementor-tab-title\" data-tab=\"5\" role=\"button\" aria-controls=\"elementor-tab-content-1735\" aria-expanded=\"false\">\n\t\t\t\t\t\t\t\t\t\t\t\t<span class=\"elementor-toggle-icon elementor-toggle-icon-left\" aria-hidden=\"true\">\n\t\t\t\t\t\t\t\t\t\t\t\t\t\t\t<span class=\"elementor-toggle-icon-closed\"><i class=\"fas fa-caret-right\"><\/i><\/span>\n\t\t\t\t\t\t\t\t<span class=\"elementor-toggle-icon-opened\"><i class=\"elementor-toggle-icon-opened fas fa-caret-up\"><\/i><\/span>\n\t\t\t\t\t\t\t\t\t\t\t\t\t<\/span>\n\t\t\t\t\t\t\t\t\t\t\t\t<a class=\"elementor-toggle-title\" tabindex=\"0\">Yaz okulunda di\u011fer \u00fcniversitelerden ders alabilir miyim?<\/a>\n\t\t\t\t\t<\/div>\n\n\t\t\t\t\t<div id=\"elementor-tab-content-1735\" class=\"elementor-tab-content elementor-clearfix\" data-tab=\"5\" role=\"region\" aria-labelledby=\"elementor-tab-title-1735\"><p>Yaz okulunda di\u011fer \u00fcniversitelerden ders al\u0131nabilir. Di\u011fer \u00fcniversitelerden ders alabilmek i\u00e7in;<\/p><ul><li>Ders al\u0131nacak \u00fcniversitedeki dersin, kay\u0131tl\u0131 olunan \u00fcniversite ile ders i\u00e7erikleri uyumlu olmal\u0131d\u0131r. Ders i\u00e7erikleri kay\u0131tl\u0131 olunan \u00fcniversitedeki dersin \u00f6\u011fretim \u00fcyesine onaylat\u0131lmal\u0131d\u0131r.<\/li><li>Ders i\u00e7erikleri uyumlu ise \u00d6\u011frenci Bilgi Sistemi \u00fczerinden Transkript ve onayl\u0131 ders i\u00e7erikleri ile <strong>&#8220;<em>Yaz Okulu Ders Alma Talep Dilek\u00e7esi&#8221;<\/em><\/strong> olu\u015fturulmal\u0131d\u0131r. Dilek\u00e7e olu\u015fturma \u00f6rne\u011fi i\u00e7in <a href=\"http:\/\/birimler.atauni.edu.tr\/tarim-makinalari-ve-teknolojileri-muhendisligi-bolumu\/wp-content\/uploads\/sites\/160\/2020\/07\/Bel2.pdf\" target=\"_blank\" rel=\"noopener\">buraya<\/a> t\u0131klay\u0131n\u0131z.<\/li><\/ul><\/div>\n\t\t\t\t<\/div>\n\t\t\t\t\t\t\t\t<\/div>\n\t\t\t\t\t\t<\/div>\n\t\t\t\t<\/div>\n\t\t\t\t\t<\/div>\n\t\t<\/div>\n\t\t\t\t\t<\/div>\n\t\t<\/section>\n\t\t\t\t<\/div>\n\t\t","protected":false},"excerpt":{"rendered":"<p>Yaz Okulu Atat\u00fcrk \u00dcniversitesi Yaz Okulu Y\u00f6netmeli\u011fi&#8217; ne ula\u015fmak i\u00e7in buraya t\u0131klay\u0131n\u0131z. S\u0131k\u00e7a Sorulan Sorular Yaz okulunda ka\u00e7 ders alabilirim? Yaz Okulunda \u00f6\u011frenciler toplam en fazla 13 kredilik\/20 AKTS\u2019lik ders alabilir; ancak, bir dersin kredi saatinin 13\u2019\u00fcn\/AKTS\u2019sinin 20\u2019nin \u00fczerinde olmas\u0131 halinde sadece bu ders al\u0131nabilir. Yaz Okulu sonunda mezuniyete bir dersi kalabilecek \u00f6\u011frencilere azami 13 [&hellip;]<\/p>\n","protected":false},"author":143,"featured_media":0,"parent":0,"menu_order":0,"comment_status":"closed","ping_status":"closed","template":"","meta":{"footnotes":""},"class_list":["post-7470","page","type-page","status-publish","hentry"],"_links":{"self":[{"href":"https:\/\/atauni.edu.tr\/tarim-makinalari-muhendisligi\/wp-json\/wp\/v2\/pages\/7470","targetHints":{"allow":["GET"]}}],"collection":[{"href":"https:\/\/atauni.edu.tr\/tarim-makinalari-muhendisligi\/wp-json\/wp\/v2\/pages"}],"about":[{"href":"https:\/\/atauni.edu.tr\/tarim-makinalari-muhendisligi\/wp-json\/wp\/v2\/types\/page"}],"author":[{"embeddable":true,"href":"https:\/\/atauni.edu.tr\/tarim-makinalari-muhendisligi\/wp-json\/wp\/v2\/users\/143"}],"replies":[{"embeddable":true,"href":"https:\/\/atauni.edu.tr\/tarim-makinalari-muhendisligi\/wp-json\/wp\/v2\/comments?post=7470"}],"version-history":[{"count":35,"href":"https:\/\/atauni.edu.tr\/tarim-makinalari-muhendisligi\/wp-json\/wp\/v2\/pages\/7470\/revisions"}],"predecessor-version":[{"id":7531,"href":"https:\/\/atauni.edu.tr\/tarim-makinalari-muhendisligi\/wp-json\/wp\/v2\/pages\/7470\/revisions\/7531"}],"wp:attachment":[{"href":"https:\/\/atauni.edu.tr\/tarim-makinalari-muhendisligi\/wp-json\/wp\/v2\/media?parent=7470"}],"curies":[{"name":"wp","href":"https:\/\/api.w.org\/{rel}","templated":true}]}}