{"id":8030,"date":"2025-06-05T07:29:42","date_gmt":"2025-06-05T04:29:42","guid":{"rendered":"https:\/\/birimler.atauni.edu.tr\/tarim-makinalari-muhendisligi\/?page_id=8030"},"modified":"2025-06-05T10:23:01","modified_gmt":"2025-06-05T07:23:01","slug":"danisma-kurulu-uyeleri","status":"publish","type":"page","link":"https:\/\/atauni.edu.tr\/tarim-makinalari-muhendisligi\/danisma-kurulu-uyeleri\/","title":{"rendered":"Lisans \u00d6\u011frencileri Dan\u0131\u015fma Kurulu \u00dcyeleri"},"content":{"rendered":"\n<figure class=\"wp-block-table is-style-regular\"><table><tbody><tr><td><strong>Ad ve Soyad (Alfabetik)<\/strong><\/td><td><strong>Pozisyon<\/strong><\/td><td><strong>Sekt\u00f6r<\/strong><\/td><td><strong>Ulusal\/Uluslararas\u0131<\/strong><strong><\/strong><\/td><td><strong>e-mail<\/strong><\/td><td><strong>WEB<\/strong><\/td><\/tr><tr><td>Abdulbaki BAKIR<\/td><td>M\u00fcd\u00fcr<\/td><td>Kamu<\/td><td>Ulusal<\/td><td>abdulbaki.bakir@tarimorman.gov.tr<\/td><td><a href=\"https:\/\/erzurum.tarimorman.gov.tr\/\">https:\/\/erzurum.tarimorman.gov.tr\/<\/a><\/td><\/tr><tr><td>Ahmet KILI\u00c7<\/td><td>Genel Sekreter Yard\u0131mc\u0131s\u0131<\/td><td>Kamu<\/td><td>Ulusal<\/td><td>ahmet.kilic@erzurum.bel.tr<\/td><td><a href=\"https:\/\/www.erzurum.bel.tr\/\">https:\/\/www.erzurum.bel.tr\/<\/a> &nbsp;<\/td><\/tr><tr><td>Alper K\u00dc\u00c7\u00dcK<\/td><td>M\u00fcd\u00fcr<\/td><td>\u00d6zel<\/td><td>Ulusal<\/td><td>tarimsanmuhendislik@hotmail.com<\/td><td>&nbsp; <a href=\"\/tarimsanmuhendislik.com\/\">&nbsp;https:\/\/tarimsanmuhendislik.com\/<\/a> &nbsp;<\/td><\/tr><tr><td>Yavuz Burak AKTA\u015e<\/td><td>Genel M\u00fcd\u00fcr<\/td><td>\u00d6zel<\/td><td>Ulusal\/Uluslararas\u0131<\/td><td>burak.aktas@lifecevre.com<\/td><td>&nbsp; <a href=\"http:\/\/www.lifecevre.com\">www.lifecevre.com<\/a> &nbsp;<\/td><\/tr><\/tbody><\/table><\/figure>\n","protected":false},"excerpt":{"rendered":"<p>Ad ve Soyad (Alfabetik) Pozisyon Sekt\u00f6r Ulusal\/Uluslararas\u0131 e-mail WEB Abdulbaki BAKIR M\u00fcd\u00fcr Kamu Ulusal abdulbaki.bakir@tarimorman.gov.tr https:\/\/erzurum.tarimorman.gov.tr\/ Ahmet KILI\u00c7 Genel Sekreter Yard\u0131mc\u0131s\u0131 Kamu Ulusal ahmet.kilic@erzurum.bel.tr https:\/\/www.erzurum.bel.tr\/ &nbsp; Alper K\u00dc\u00c7\u00dcK M\u00fcd\u00fcr \u00d6zel Ulusal tarimsanmuhendislik@hotmail.com &nbsp; &nbsp;https:\/\/tarimsanmuhendislik.com\/ &nbsp; Yavuz Burak AKTA\u015e Genel M\u00fcd\u00fcr \u00d6zel Ulusal\/Uluslararas\u0131 burak.aktas@lifecevre.com &nbsp; www.lifecevre.com &nbsp;<\/p>\n","protected":false},"author":143,"featured_media":0,"parent":0,"menu_order":0,"comment_status":"closed","ping_status":"closed","template":"","meta":{"footnotes":""},"class_list":["post-8030","page","type-page","status-publish","hentry"],"_links":{"self":[{"href":"https:\/\/atauni.edu.tr\/tarim-makinalari-muhendisligi\/wp-json\/wp\/v2\/pages\/8030","targetHints":{"allow":["GET"]}}],"collection":[{"href":"https:\/\/atauni.edu.tr\/tarim-makinalari-muhendisligi\/wp-json\/wp\/v2\/pages"}],"about":[{"href":"https:\/\/atauni.edu.tr\/tarim-makinalari-muhendisligi\/wp-json\/wp\/v2\/types\/page"}],"author":[{"embeddable":true,"href":"https:\/\/atauni.edu.tr\/tarim-makinalari-muhendisligi\/wp-json\/wp\/v2\/users\/143"}],"replies":[{"embeddable":true,"href":"https:\/\/atauni.edu.tr\/tarim-makinalari-muhendisligi\/wp-json\/wp\/v2\/comments?post=8030"}],"version-history":[{"count":4,"href":"https:\/\/atauni.edu.tr\/tarim-makinalari-muhendisligi\/wp-json\/wp\/v2\/pages\/8030\/revisions"}],"predecessor-version":[{"id":8039,"href":"https:\/\/atauni.edu.tr\/tarim-makinalari-muhendisligi\/wp-json\/wp\/v2\/pages\/8030\/revisions\/8039"}],"wp:attachment":[{"href":"https:\/\/atauni.edu.tr\/tarim-makinalari-muhendisligi\/wp-json\/wp\/v2\/media?parent=8030"}],"curies":[{"name":"wp","href":"https:\/\/api.w.org\/{rel}","templated":true}]}}