{"id":8060,"date":"2025-08-05T10:42:32","date_gmt":"2025-08-05T07:42:32","guid":{"rendered":"https:\/\/birimler.atauni.edu.tr\/tarim-makinalari-muhendisligi\/?page_id=8060"},"modified":"2025-08-05T10:42:32","modified_gmt":"2025-08-05T07:42:32","slug":"duyurular","status":"publish","type":"page","link":"https:\/\/atauni.edu.tr\/tarim-makinalari-muhendisligi\/duyurular\/","title":{"rendered":"Duyurular"},"content":{"rendered":"<form method=\"get\" class=\"row g-3\" style=\"margin-bottom: 20px;\"><div class=\"col-md-3\"><input type=\"text\" name=\"Duyuru_ara\" class=\"form-control\" placeholder=\"Duyuru ara...\" value=\"\"><\/div><div class=\"col-md-3\"><input type=\"date\" name=\"baslangic_tarihi\" class=\"form-control\" value=\"\"><\/div><div class=\"col-md-3\"><input type=\"date\" name=\"bitis_tarihi\" class=\"form-control\" value=\"\"><\/div><div class=\"col-md-3\"><button type=\"submit\" class=\"btn btn-secondary w-50\">Filtrele<\/button><\/div><\/form><ul class=\"kategori-yazilari-liste\"><li style=\"display: flex; margin-bottom: 10px; align-items: center;\"><div class=\"post-content\" style=\"flex-grow: 1;\"><span class=\"post-date Duyurutarih\" style=\"display: block; font-weight: bold; margin-bottom: 5px;\">6 Kas\u0131m 2025<\/span><a class=\"Duyurubaslik\" href=\"https:\/\/atauni.edu.tr\/tarim-makinalari-muhendisligi\/2025\/11\/06\/milli-agaclandirma-gunu-etkinlikleri\/\">Milli A\u011fa\u00e7land\u0131rma G\u00fcn\u00fc Etkinlikleri<\/a><\/div><\/li><li style=\"display: flex; margin-bottom: 10px; align-items: center;\"><div class=\"post-content\" style=\"flex-grow: 1;\"><span class=\"post-date Duyurutarih\" style=\"display: block; font-weight: bold; margin-bottom: 5px;\">23 Ekim 2025<\/span><a class=\"Duyurubaslik\" href=\"https:\/\/atauni.edu.tr\/tarim-makinalari-muhendisligi\/2025\/10\/23\/akademik-danismanlik\/\">Akademik Dan\u0131\u015fmanl\u0131k<\/a><\/div><\/li><li style=\"display: flex; margin-bottom: 10px; align-items: center;\"><div class=\"post-content\" style=\"flex-grow: 1;\"><span class=\"post-date Duyurutarih\" style=\"display: block; font-weight: bold; margin-bottom: 5px;\">20 Ekim 2025<\/span><a class=\"Duyurubaslik\" href=\"https:\/\/atauni.edu.tr\/tarim-makinalari-muhendisligi\/2025\/10\/20\/4001-ulusal-ve-uluslararasi-yarisma-etkinlik-katilim-destegi\/\">&#8220;4001 Ulusal ve Uluslararas\u0131 Yar\u0131\u015fma\/Etkinlik Kat\u0131l\u0131m Deste\u011fi&#8221;<\/a><\/div><\/li><li style=\"display: flex; margin-bottom: 10px; align-items: center;\"><div class=\"post-content\" style=\"flex-grow: 1;\"><span class=\"post-date Duyurutarih\" style=\"display: block; font-weight: bold; margin-bottom: 5px;\">15 Ekim 2025<\/span><a class=\"Duyurubaslik\" href=\"https:\/\/atauni.edu.tr\/tarim-makinalari-muhendisligi\/2025\/10\/15\/ozdemir-bayraktar-milli-teknoloji-burs-programi\/\">\u00d6zdemir Bayraktar Milli Teknoloji Burs Program\u0131<\/a><\/div><\/li><li style=\"display: flex; margin-bottom: 10px; align-items: center;\"><div class=\"post-content\" style=\"flex-grow: 1;\"><span class=\"post-date Duyurutarih\" style=\"display: block; font-weight: bold; margin-bottom: 5px;\">30 Eyl\u00fcl 2025<\/span><a class=\"Duyurubaslik\" href=\"https:\/\/atauni.edu.tr\/tarim-makinalari-muhendisligi\/2025\/09\/30\/eget-vakfi-bursu\/\">EGET Vakf\u0131 Bursu<\/a><\/div><\/li><li style=\"display: flex; margin-bottom: 10px; align-items: center;\"><div class=\"post-content\" style=\"flex-grow: 1;\"><span class=\"post-date Duyurutarih\" style=\"display: block; font-weight: bold; margin-bottom: 5px;\">19 A\u011fustos 2025<\/span><a class=\"Duyurubaslik\" href=\"https:\/\/atauni.edu.tr\/tarim-makinalari-muhendisligi\/2025\/08\/19\/burs-duyurusu\/\">Burs Duyurusu<\/a><\/div><\/li><li style=\"display: flex; margin-bottom: 10px; align-items: center;\"><div class=\"post-content\" style=\"flex-grow: 1;\"><span class=\"post-date Duyurutarih\" style=\"display: block; font-weight: bold; margin-bottom: 5px;\">27 Haziran 2025<\/span><a class=\"Duyurubaslik\" href=\"https:\/\/atauni.edu.tr\/tarim-makinalari-muhendisligi\/2025\/06\/27\/uluslararasi-tarim-orman-ve-insan-fotograf-yarismasi\/\">Uluslararas\u0131 Tar\u0131m Orman ve \u0130nsan Foto\u011fraf Yar\u0131\u015fmas\u0131<\/a><\/div><\/li><li style=\"display: flex; margin-bottom: 10px; align-items: center;\"><div class=\"post-content\" style=\"flex-grow: 1;\"><span class=\"post-date Duyurutarih\" style=\"display: block; font-weight: bold; margin-bottom: 5px;\">18 Haziran 2025<\/span><a class=\"Duyurubaslik\" href=\"https:\/\/atauni.edu.tr\/tarim-makinalari-muhendisligi\/2025\/06\/18\/proje4genc-toplum-icin-genc-yenilikci-cozumler\/\">PROJE4GEN\u00c7: Toplum \u0130\u00e7in Gen\u00e7 Yenilik\u00e7i \u00c7\u00f6z\u00fcmler<\/a><\/div><\/li><li style=\"display: flex; margin-bottom: 10px; align-items: center;\"><div class=\"post-content\" style=\"flex-grow: 1;\"><span class=\"post-date Duyurutarih\" style=\"display: block; font-weight: bold; margin-bottom: 5px;\">5 Haziran 2025<\/span><a class=\"Duyurubaslik\" href=\"https:\/\/atauni.edu.tr\/tarim-makinalari-muhendisligi\/2025\/06\/05\/sivil-havacilik-genel-mudurlugu-insansiz-hava-araci-iha-ticari-pilot-egitimi-drone-ehliyeti\/\">Sivil Havac\u0131l\u0131k Genel M\u00fcd\u00fcrl\u00fc\u011f\u00fc \u0130nsans\u0131z Hava Arac\u0131 (\u0130HA) Ticari Pilot E\u011fitimi (drone ehliyeti)<\/a><\/div><\/li><li style=\"display: flex; margin-bottom: 10px; align-items: center;\"><div class=\"post-content\" style=\"flex-grow: 1;\"><span class=\"post-date Duyurutarih\" style=\"display: block; font-weight: bold; margin-bottom: 5px;\">28 May\u0131s 2025<\/span><a class=\"Duyurubaslik\" href=\"https:\/\/atauni.edu.tr\/tarim-makinalari-muhendisligi\/2025\/05\/28\/geleneksel-odullu-bisiklet-turuna-bisikletini-al-sen-de-katil\/\">&#8216;Geleneksel \u00d6d\u00fcll\u00fc Bisiklet Turuna Bisikletini Al Sen de Kat\u0131l&#8217;<\/a><\/div><\/li><\/ul><nav class=\"pagination\" style=\"margin-top: 20px;\"><ul class='page-numbers'>\n\t<li><span aria-current=\"page\" class=\"page-numbers current\">1<\/span><\/li>\n\t<li><a class=\"page-numbers\" href=\"https:\/\/atauni.edu.tr\/tarim-makinalari-muhendisligi\/wp-json\/wp\/v2\/pages\/8060\/page\/2\/\">2<\/a><\/li>\n\t<li><a class=\"page-numbers\" href=\"https:\/\/atauni.edu.tr\/tarim-makinalari-muhendisligi\/wp-json\/wp\/v2\/pages\/8060\/page\/3\/\">3<\/a><\/li>\n\t<li><span class=\"page-numbers dots\">&hellip;<\/span><\/li>\n\t<li><a class=\"page-numbers\" href=\"https:\/\/atauni.edu.tr\/tarim-makinalari-muhendisligi\/wp-json\/wp\/v2\/pages\/8060\/page\/12\/\">12<\/a><\/li>\n\t<li><a class=\"next page-numbers\" href=\"https:\/\/atauni.edu.tr\/tarim-makinalari-muhendisligi\/wp-json\/wp\/v2\/pages\/8060\/page\/2\/\">Sonraki &raquo;<\/a><\/li>\n<\/ul>\n<\/nav>\n\n\n\n<p><\/p>\n","protected":false},"excerpt":{"rendered":"","protected":false},"author":1,"featured_media":0,"parent":0,"menu_order":0,"comment_status":"closed","ping_status":"closed","template":"","meta":{"footnotes":""},"class_list":["post-8060","page","type-page","status-publish","hentry"],"_links":{"self":[{"href":"https:\/\/atauni.edu.tr\/tarim-makinalari-muhendisligi\/wp-json\/wp\/v2\/pages\/8060","targetHints":{"allow":["GET"]}}],"collection":[{"href":"https:\/\/atauni.edu.tr\/tarim-makinalari-muhendisligi\/wp-json\/wp\/v2\/pages"}],"about":[{"href":"https:\/\/atauni.edu.tr\/tarim-makinalari-muhendisligi\/wp-json\/wp\/v2\/types\/page"}],"author":[{"embeddable":true,"href":"https:\/\/atauni.edu.tr\/tarim-makinalari-muhendisligi\/wp-json\/wp\/v2\/users\/1"}],"replies":[{"embeddable":true,"href":"https:\/\/atauni.edu.tr\/tarim-makinalari-muhendisligi\/wp-json\/wp\/v2\/comments?post=8060"}],"version-history":[{"count":1,"href":"https:\/\/atauni.edu.tr\/tarim-makinalari-muhendisligi\/wp-json\/wp\/v2\/pages\/8060\/revisions"}],"predecessor-version":[{"id":8062,"href":"https:\/\/atauni.edu.tr\/tarim-makinalari-muhendisligi\/wp-json\/wp\/v2\/pages\/8060\/revisions\/8062"}],"wp:attachment":[{"href":"https:\/\/atauni.edu.tr\/tarim-makinalari-muhendisligi\/wp-json\/wp\/v2\/media?parent=8060"}],"curies":[{"name":"wp","href":"https:\/\/api.w.org\/{rel}","templated":true}]}}