{"id":6071,"date":"2021-08-27T15:45:02","date_gmt":"2021-08-27T12:45:02","guid":{"rendered":"http:\/\/birimler.atauni.edu.tr\/tarimsal-biyoteknoloji-bolumu\/?page_id=6071"},"modified":"2021-12-22T14:19:46","modified_gmt":"2021-12-22T11:19:46","slug":"bolum-kurulu-kararlari","status":"publish","type":"page","link":"https:\/\/atauni.edu.tr\/tarimsal-biyoteknoloji-bolumu\/bolum-kurulu-kararlari\/","title":{"rendered":"Y\u00f6netim Mesaj\u0131"},"content":{"rendered":"\t\t<div data-elementor-type=\"wp-page\" data-elementor-id=\"6071\" class=\"elementor elementor-6071\" data-elementor-post-type=\"page\">\n\t\t\t\t\t\t<section class=\"elementor-section elementor-top-section elementor-element elementor-element-730d320 elementor-section-boxed elementor-section-height-default elementor-section-height-default\" data-id=\"730d320\" data-element_type=\"section\">\n\t\t\t\t\t\t<div class=\"elementor-container elementor-column-gap-default\">\n\t\t\t\t\t<div class=\"elementor-column elementor-col-100 elementor-top-column elementor-element elementor-element-753d0860\" data-id=\"753d0860\" data-element_type=\"column\">\n\t\t\t<div class=\"elementor-widget-wrap\">\n\t\t\t\t\t\t\t<\/div>\n\t\t<\/div>\n\t\t\t\t\t<\/div>\n\t\t<\/section>\n\t\t\t\t<section class=\"elementor-section elementor-top-section elementor-element elementor-element-9be811a elementor-section-boxed elementor-section-height-default elementor-section-height-default\" data-id=\"9be811a\" data-element_type=\"section\">\n\t\t\t\t\t\t<div class=\"elementor-container elementor-column-gap-default\">\n\t\t\t\t\t<div class=\"elementor-column elementor-col-100 elementor-top-column elementor-element elementor-element-1ed847b7\" data-id=\"1ed847b7\" data-element_type=\"column\">\n\t\t\t<div class=\"elementor-widget-wrap elementor-element-populated\">\n\t\t\t\t\t\t<div class=\"elementor-element elementor-element-4ce0d07f elementor-widget elementor-widget-heading\" data-id=\"4ce0d07f\" data-element_type=\"widget\" data-widget_type=\"heading.default\">\n\t\t\t\t<div class=\"elementor-widget-container\">\n\t\t\t\t\t<h2 class=\"elementor-heading-title elementor-size-default\">Y\u00f6netimden Mesaj<\/h2>\t\t\t\t<\/div>\n\t\t\t\t<\/div>\n\t\t\t\t<div class=\"elementor-element elementor-element-63260862 elementor-widget-divider--view-line elementor-widget elementor-widget-divider\" data-id=\"63260862\" data-element_type=\"widget\" data-widget_type=\"divider.default\">\n\t\t\t\t<div class=\"elementor-widget-container\">\n\t\t\t\t\t\t\t<div class=\"elementor-divider\">\n\t\t\t<span class=\"elementor-divider-separator\">\n\t\t\t\t\t\t<\/span>\n\t\t<\/div>\n\t\t\t\t\t\t<\/div>\n\t\t\t\t<\/div>\n\t\t\t\t\t<\/div>\n\t\t<\/div>\n\t\t\t\t\t<\/div>\n\t\t<\/section>\n\t\t\t\t<section class=\"elementor-section elementor-top-section elementor-element elementor-element-0263379 elementor-section-boxed elementor-section-height-default elementor-section-height-default\" data-id=\"0263379\" data-element_type=\"section\">\n\t\t\t\t\t\t<div class=\"elementor-container elementor-column-gap-default\">\n\t\t\t\t\t<div class=\"elementor-column elementor-col-100 elementor-top-column elementor-element elementor-element-ad46fb0\" data-id=\"ad46fb0\" data-element_type=\"column\">\n\t\t\t<div class=\"elementor-widget-wrap elementor-element-populated\">\n\t\t\t\t\t\t<div class=\"elementor-element elementor-element-5cbb23e elementor-widget elementor-widget-text-editor\" data-id=\"5cbb23e\" data-element_type=\"widget\" data-widget_type=\"text-editor.default\">\n\t\t\t\t<div class=\"elementor-widget-container\">\n\t\t\t\t\t\t\t\t\t<p><span style=\"color: #000000\">Modern biyolojideki geli\u015fmeler insano\u011flunun genlere ve genler \u00fczerinde etkili olan fakt\u00f6rlere ilgisini daha da art\u0131rm\u0131\u015ft\u0131r. Dolay\u0131s\u0131yla Tar\u0131msal Biyoteknoloji B\u00f6l\u00fcm\u00fc g\u00fc\u00e7l\u00fc akademik kadrosu ve donan\u0131ml\u0131 laboratuarlar\u0131yla, e\u011fitim alan\u0131nda d\u00fcnya strandartlar\u0131nda \u00f6\u011frenci yeti\u015ftirmeyi ama\u00e7 edinmi\u015ftir.<\/span><\/p><p><span style=\"color: #000000\">Bilim adamlar\u0131 bir yandan d\u00fcnya \u00fczerinde var olan farkl\u0131 hastal\u0131klara \u00e7are ararken di\u011fer yandan artan d\u00fcnya n\u00fcfusuna daha iyi besin imkanlar\u0131 sa\u011flamak i\u00e7in \u00e7abalamaktad\u0131rlar. G\u00fcn\u00fcm\u00fczde tar\u0131m\u0131n \u00f6neminin fark\u0131ndal\u0131\u011f\u0131n\u0131n herge\u00e7en g\u00fcn artmas\u0131yla beraber, geli\u015fmi\u015f \u00fclkelerin biyoteknolojiye ay\u0131rd\u0131klar\u0131 b\u00fct\u00e7eler de bu art\u0131\u015fa paralel olarak artmaktad\u0131r. Tar\u0131msal Biyoteknoloji B\u00f6l\u00fcm\u00fc\u2019nde \u00f6zellikle pandemi s\u00fcrecinde tar\u0131ma olan ilgi ve biyoteknolojik \u00e7al\u0131\u015fmalara artan talep do\u011frultusunda ara\u015ft\u0131rmalara h\u0131z verilmi\u015ftir.<\/span><\/p><p><span style=\"color: #000000\">\u00dclkemiz biliminin h\u0131zla ilerleyen bilim d\u00fcnyas\u0131nda hak etti\u011fi yerini almas\u0131 i\u00e7in tar\u0131msal biyoteknoloji sahas\u0131nda yeti\u015fmi\u015f insan g\u00fcc\u00fcne ihtiya\u00e7 duyulmaktad\u0131r. Muhtemeldir ki \u00f6n\u00fcm\u00fczdeki y\u00fczy\u0131l bu sahada donan\u0131ml\u0131 gen\u00e7lerin \u00e7a\u011f\u0131 olacakt\u0131r ve bu gen\u00e7lerin yeti\u015ftirlmesi ile tar\u0131m ve biyoteknoloji konusunda bilgili, yetenekli, giri\u015fimci gen\u00e7lerin topluma kazand\u0131r\u0131lmas\u0131 suretiyle b\u00fcy\u00fck bir toplumsal kazan\u00e7 sa\u011flanm\u0131\u015f olunacakt\u0131r.<\/span><\/p>\t\t\t\t\t\t\t\t<\/div>\n\t\t\t\t<\/div>\n\t\t\t\t\t<\/div>\n\t\t<\/div>\n\t\t\t\t\t<\/div>\n\t\t<\/section>\n\t\t\t\t<\/div>\n\t\t","protected":false},"excerpt":{"rendered":"<p>Y\u00f6netimden Mesaj Modern biyolojideki geli\u015fmeler insano\u011flunun genlere ve genler \u00fczerinde etkili olan fakt\u00f6rlere ilgisini daha da art\u0131rm\u0131\u015ft\u0131r. Dolay\u0131s\u0131yla Tar\u0131msal Biyoteknoloji B\u00f6l\u00fcm\u00fc g\u00fc\u00e7l\u00fc akademik kadrosu ve donan\u0131ml\u0131 laboratuarlar\u0131yla, e\u011fitim alan\u0131nda d\u00fcnya strandartlar\u0131nda \u00f6\u011frenci yeti\u015ftirmeyi ama\u00e7 edinmi\u015ftir. Bilim adamlar\u0131 bir yandan d\u00fcnya \u00fczerinde var olan farkl\u0131 hastal\u0131klara \u00e7are ararken di\u011fer yandan artan d\u00fcnya n\u00fcfusuna daha iyi besin [&hellip;]<\/p>\n","protected":false},"author":1,"featured_media":0,"parent":0,"menu_order":0,"comment_status":"closed","ping_status":"closed","template":"elementor_header_footer","meta":{"footnotes":""},"class_list":["post-6071","page","type-page","status-publish","hentry"],"_links":{"self":[{"href":"https:\/\/atauni.edu.tr\/tarimsal-biyoteknoloji-bolumu\/wp-json\/wp\/v2\/pages\/6071","targetHints":{"allow":["GET"]}}],"collection":[{"href":"https:\/\/atauni.edu.tr\/tarimsal-biyoteknoloji-bolumu\/wp-json\/wp\/v2\/pages"}],"about":[{"href":"https:\/\/atauni.edu.tr\/tarimsal-biyoteknoloji-bolumu\/wp-json\/wp\/v2\/types\/page"}],"author":[{"embeddable":true,"href":"https:\/\/atauni.edu.tr\/tarimsal-biyoteknoloji-bolumu\/wp-json\/wp\/v2\/users\/1"}],"replies":[{"embeddable":true,"href":"https:\/\/atauni.edu.tr\/tarimsal-biyoteknoloji-bolumu\/wp-json\/wp\/v2\/comments?post=6071"}],"version-history":[{"count":11,"href":"https:\/\/atauni.edu.tr\/tarimsal-biyoteknoloji-bolumu\/wp-json\/wp\/v2\/pages\/6071\/revisions"}],"predecessor-version":[{"id":6192,"href":"https:\/\/atauni.edu.tr\/tarimsal-biyoteknoloji-bolumu\/wp-json\/wp\/v2\/pages\/6071\/revisions\/6192"}],"wp:attachment":[{"href":"https:\/\/atauni.edu.tr\/tarimsal-biyoteknoloji-bolumu\/wp-json\/wp\/v2\/media?parent=6071"}],"curies":[{"name":"wp","href":"https:\/\/api.w.org\/{rel}","templated":true}]}}