{"id":6537,"date":"2024-05-27T14:12:39","date_gmt":"2024-05-27T11:12:39","guid":{"rendered":"https:\/\/birimler.atauni.edu.tr\/tarimsal-biyoteknoloji-bolumu\/?page_id=6537"},"modified":"2024-05-27T14:13:50","modified_gmt":"2024-05-27T11:13:50","slug":"akademik-danismanlik","status":"publish","type":"page","link":"https:\/\/atauni.edu.tr\/tarimsal-biyoteknoloji-bolumu\/akademik-danismanlik\/","title":{"rendered":"Akademik Dan\u0131\u015fmanl\u0131k"},"content":{"rendered":"\t\t<div data-elementor-type=\"wp-page\" data-elementor-id=\"6537\" class=\"elementor elementor-6537\" data-elementor-post-type=\"page\">\n\t\t\t\t\t\t<section class=\"elementor-section elementor-top-section elementor-element elementor-element-391b1ac elementor-section-boxed elementor-section-height-default elementor-section-height-default\" data-id=\"391b1ac\" data-element_type=\"section\">\n\t\t\t\t\t\t<div class=\"elementor-container elementor-column-gap-default\">\n\t\t\t\t\t<div class=\"elementor-column elementor-col-100 elementor-top-column elementor-element elementor-element-740b689\" data-id=\"740b689\" data-element_type=\"column\">\n\t\t\t<div class=\"elementor-widget-wrap elementor-element-populated\">\n\t\t\t\t\t\t<div class=\"elementor-element elementor-element-bd15db2 elementor-widget elementor-widget-pdf_viewer\" data-id=\"bd15db2\" data-element_type=\"widget\" data-widget_type=\"pdf_viewer.default\">\n\t\t\t\t<div class=\"elementor-widget-container\">\n\t\t\t\t\t<iframe src=\"https:\/\/docs.google.com\/viewer?url=http:\/\/birimler.atauni.edu.tr\/tarimsal-biyoteknoloji-bolumu\/wp-content\/uploads\/sites\/161\/2024\/05\/Danismanlik-Saatleri.pdf&amp;embedded=true\" style=\"display: block; margin-left: auto; margin-right: auto; width: 640px; height: 1020px;\" frameborder=\"1\" marginheight=\"0px\" marginwidth=\"0px\" allowfullscreen><\/iframe>\t\t\t\t<\/div>\n\t\t\t\t<\/div>\n\t\t\t\t\t<\/div>\n\t\t<\/div>\n\t\t\t\t\t<\/div>\n\t\t<\/section>\n\t\t\t\t<\/div>\n\t\t","protected":false},"excerpt":{"rendered":"","protected":false},"author":144,"featured_media":0,"parent":0,"menu_order":0,"comment_status":"closed","ping_status":"closed","template":"","meta":{"footnotes":""},"class_list":["post-6537","page","type-page","status-publish","hentry"],"_links":{"self":[{"href":"https:\/\/atauni.edu.tr\/tarimsal-biyoteknoloji-bolumu\/wp-json\/wp\/v2\/pages\/6537","targetHints":{"allow":["GET"]}}],"collection":[{"href":"https:\/\/atauni.edu.tr\/tarimsal-biyoteknoloji-bolumu\/wp-json\/wp\/v2\/pages"}],"about":[{"href":"https:\/\/atauni.edu.tr\/tarimsal-biyoteknoloji-bolumu\/wp-json\/wp\/v2\/types\/page"}],"author":[{"embeddable":true,"href":"https:\/\/atauni.edu.tr\/tarimsal-biyoteknoloji-bolumu\/wp-json\/wp\/v2\/users\/144"}],"replies":[{"embeddable":true,"href":"https:\/\/atauni.edu.tr\/tarimsal-biyoteknoloji-bolumu\/wp-json\/wp\/v2\/comments?post=6537"}],"version-history":[{"count":4,"href":"https:\/\/atauni.edu.tr\/tarimsal-biyoteknoloji-bolumu\/wp-json\/wp\/v2\/pages\/6537\/revisions"}],"predecessor-version":[{"id":6542,"href":"https:\/\/atauni.edu.tr\/tarimsal-biyoteknoloji-bolumu\/wp-json\/wp\/v2\/pages\/6537\/revisions\/6542"}],"wp:attachment":[{"href":"https:\/\/atauni.edu.tr\/tarimsal-biyoteknoloji-bolumu\/wp-json\/wp\/v2\/media?parent=6537"}],"curies":[{"name":"wp","href":"https:\/\/api.w.org\/{rel}","templated":true}]}}