{"id":6555,"date":"2024-05-27T15:25:37","date_gmt":"2024-05-27T12:25:37","guid":{"rendered":"https:\/\/birimler.atauni.edu.tr\/tarimsal-biyoteknoloji-bolumu\/?page_id=6555"},"modified":"2024-05-27T15:51:40","modified_gmt":"2024-05-27T12:51:40","slug":"anketler","status":"publish","type":"page","link":"https:\/\/atauni.edu.tr\/tarimsal-biyoteknoloji-bolumu\/anketler\/","title":{"rendered":"Anketler"},"content":{"rendered":"\t\t<div data-elementor-type=\"wp-page\" data-elementor-id=\"6555\" class=\"elementor elementor-6555\" data-elementor-post-type=\"page\">\n\t\t\t\t\t\t<section class=\"elementor-section elementor-top-section elementor-element elementor-element-a09084b elementor-section-boxed elementor-section-height-default elementor-section-height-default\" data-id=\"a09084b\" data-element_type=\"section\">\n\t\t\t\t\t\t<div class=\"elementor-container elementor-column-gap-default\">\n\t\t\t\t\t<div class=\"elementor-column elementor-col-100 elementor-top-column elementor-element elementor-element-de8a85b\" data-id=\"de8a85b\" data-element_type=\"column\">\n\t\t\t<div class=\"elementor-widget-wrap elementor-element-populated\">\n\t\t\t\t\t\t<div class=\"elementor-element elementor-element-475ac63 elementor-widget elementor-widget-heading\" data-id=\"475ac63\" data-element_type=\"widget\" data-widget_type=\"heading.default\">\n\t\t\t\t<div class=\"elementor-widget-container\">\n\t\t\t\t\t<h2 class=\"elementor-heading-title elementor-size-default\"><a href=\"https:\/\/docs.google.com\/forms\/d\/e\/1FAIpQLSdWoPeWq8UzTshoEDXXheBtCJiIDjkNsjsgLTKQcgdB8bHUzg\/viewform\" target=\"_blank\">Dan\u0131\u015fman Memnuniyet Anketi<\/a><\/h2>\t\t\t\t<\/div>\n\t\t\t\t<\/div>\n\t\t\t\t\t<\/div>\n\t\t<\/div>\n\t\t\t\t\t<\/div>\n\t\t<\/section>\n\t\t\t\t<section class=\"elementor-section elementor-top-section elementor-element elementor-element-bf6c04f elementor-section-boxed elementor-section-height-default elementor-section-height-default\" data-id=\"bf6c04f\" data-element_type=\"section\">\n\t\t\t\t\t\t<div class=\"elementor-container elementor-column-gap-default\">\n\t\t\t\t\t<div class=\"elementor-column elementor-col-100 elementor-top-column elementor-element elementor-element-a2f6770\" data-id=\"a2f6770\" data-element_type=\"column\">\n\t\t\t<div class=\"elementor-widget-wrap elementor-element-populated\">\n\t\t\t\t\t\t<div class=\"elementor-element elementor-element-71c83f7 elementor-widget elementor-widget-heading\" data-id=\"71c83f7\" data-element_type=\"widget\" data-widget_type=\"heading.default\">\n\t\t\t\t<div class=\"elementor-widget-container\">\n\t\t\t\t\t<h2 class=\"elementor-heading-title elementor-size-default\"><a href=\"https:\/\/docs.google.com\/forms\/d\/e\/1FAIpQLSf11h8_fsa0ognpWoQAgi4XV0iUvO40r0yM4AWlqD9BlMnj0w\/viewform\" target=\"_blank\">Kariyer Hedefi Anketi (Yeni Kay\u0131t Yapt\u0131ran \u00d6\u011frenciler \u0130\u00e7in)<\/a><\/h2>\t\t\t\t<\/div>\n\t\t\t\t<\/div>\n\t\t\t\t\t<\/div>\n\t\t<\/div>\n\t\t\t\t\t<\/div>\n\t\t<\/section>\n\t\t\t\t<section class=\"elementor-section elementor-top-section elementor-element elementor-element-b20f146 elementor-section-boxed elementor-section-height-default elementor-section-height-default\" data-id=\"b20f146\" data-element_type=\"section\">\n\t\t\t\t\t\t<div class=\"elementor-container elementor-column-gap-default\">\n\t\t\t\t\t<div class=\"elementor-column elementor-col-100 elementor-top-column elementor-element elementor-element-e9e3ce2\" data-id=\"e9e3ce2\" data-element_type=\"column\">\n\t\t\t<div class=\"elementor-widget-wrap elementor-element-populated\">\n\t\t\t\t\t\t<div class=\"elementor-element elementor-element-21c5ac9 elementor-widget elementor-widget-heading\" data-id=\"21c5ac9\" data-element_type=\"widget\" data-widget_type=\"heading.default\">\n\t\t\t\t<div class=\"elementor-widget-container\">\n\t\t\t\t\t<h2 class=\"elementor-heading-title elementor-size-default\"><a href=\"https:\/\/docs.google.com\/forms\/d\/e\/1FAIpQLSe6wFlxDw_bPgQtWHIJ-xS5GYrkhK03dwF7-vwlCY3PrzwjBA\/viewform\">Mezun Memnuniyet Anketi<\/a><\/h2>\t\t\t\t<\/div>\n\t\t\t\t<\/div>\n\t\t\t\t\t<\/div>\n\t\t<\/div>\n\t\t\t\t\t<\/div>\n\t\t<\/section>\n\t\t\t\t<\/div>\n\t\t","protected":false},"excerpt":{"rendered":"<p>Dan\u0131\u015fman Memnuniyet Anketi Kariyer Hedefi Anketi (Yeni Kay\u0131t Yapt\u0131ran \u00d6\u011frenciler \u0130\u00e7in) Mezun Memnuniyet Anketi<\/p>\n","protected":false},"author":144,"featured_media":0,"parent":0,"menu_order":0,"comment_status":"closed","ping_status":"closed","template":"","meta":{"footnotes":""},"class_list":["post-6555","page","type-page","status-publish","hentry"],"_links":{"self":[{"href":"https:\/\/atauni.edu.tr\/tarimsal-biyoteknoloji-bolumu\/wp-json\/wp\/v2\/pages\/6555","targetHints":{"allow":["GET"]}}],"collection":[{"href":"https:\/\/atauni.edu.tr\/tarimsal-biyoteknoloji-bolumu\/wp-json\/wp\/v2\/pages"}],"about":[{"href":"https:\/\/atauni.edu.tr\/tarimsal-biyoteknoloji-bolumu\/wp-json\/wp\/v2\/types\/page"}],"author":[{"embeddable":true,"href":"https:\/\/atauni.edu.tr\/tarimsal-biyoteknoloji-bolumu\/wp-json\/wp\/v2\/users\/144"}],"replies":[{"embeddable":true,"href":"https:\/\/atauni.edu.tr\/tarimsal-biyoteknoloji-bolumu\/wp-json\/wp\/v2\/comments?post=6555"}],"version-history":[{"count":25,"href":"https:\/\/atauni.edu.tr\/tarimsal-biyoteknoloji-bolumu\/wp-json\/wp\/v2\/pages\/6555\/revisions"}],"predecessor-version":[{"id":6581,"href":"https:\/\/atauni.edu.tr\/tarimsal-biyoteknoloji-bolumu\/wp-json\/wp\/v2\/pages\/6555\/revisions\/6581"}],"wp:attachment":[{"href":"https:\/\/atauni.edu.tr\/tarimsal-biyoteknoloji-bolumu\/wp-json\/wp\/v2\/media?parent=6555"}],"curies":[{"name":"wp","href":"https:\/\/api.w.org\/{rel}","templated":true}]}}