{"id":5682,"date":"2021-07-13T10:10:01","date_gmt":"2021-07-13T07:10:01","guid":{"rendered":"https:\/\/portaltest.atauni.edu.tr\/bilgisayar-muhendisligi\/?page_id=5682"},"modified":"2021-12-13T14:28:15","modified_gmt":"2021-12-13T11:28:15","slug":"misyon-vizyon-ve-temel-degerler","status":"publish","type":"page","link":"https:\/\/atauni.edu.tr\/tarimsal-yapilar-ve-sulama-bolumu\/misyon-vizyon-ve-temel-degerler\/","title":{"rendered":"Misyon, Vizyon ve Temel De\u011ferler"},"content":{"rendered":"\t\t<div data-elementor-type=\"wp-page\" data-elementor-id=\"5682\" class=\"elementor elementor-5682\" data-elementor-post-type=\"page\">\n\t\t\t\t\t\t<section class=\"elementor-section elementor-top-section elementor-element elementor-element-730d320 elementor-section-boxed elementor-section-height-default elementor-section-height-default\" data-id=\"730d320\" data-element_type=\"section\">\n\t\t\t\t\t\t<div class=\"elementor-container elementor-column-gap-default\">\n\t\t\t\t\t<div class=\"elementor-column elementor-col-100 elementor-top-column elementor-element elementor-element-753d0860\" data-id=\"753d0860\" data-element_type=\"column\">\n\t\t\t<div class=\"elementor-widget-wrap\">\n\t\t\t\t\t\t\t<\/div>\n\t\t<\/div>\n\t\t\t\t\t<\/div>\n\t\t<\/section>\n\t\t\t\t<section class=\"elementor-section elementor-top-section elementor-element elementor-element-9be811a elementor-section-boxed elementor-section-height-default elementor-section-height-default\" data-id=\"9be811a\" data-element_type=\"section\">\n\t\t\t\t\t\t<div class=\"elementor-container elementor-column-gap-default\">\n\t\t\t\t\t<div class=\"elementor-column elementor-col-100 elementor-top-column elementor-element elementor-element-1ed847b7\" data-id=\"1ed847b7\" data-element_type=\"column\">\n\t\t\t<div class=\"elementor-widget-wrap elementor-element-populated\">\n\t\t\t\t\t\t<div class=\"elementor-element elementor-element-4ce0d07f elementor-widget elementor-widget-heading\" data-id=\"4ce0d07f\" data-element_type=\"widget\" data-widget_type=\"heading.default\">\n\t\t\t\t<div class=\"elementor-widget-container\">\n\t\t\t\t\t<h2 class=\"elementor-heading-title elementor-size-default\">Misyon, Vizyon ve Temel De\u011ferler<\/h2>\t\t\t\t<\/div>\n\t\t\t\t<\/div>\n\t\t\t\t<div class=\"elementor-element elementor-element-63260862 elementor-widget-divider--view-line elementor-widget elementor-widget-divider\" data-id=\"63260862\" data-element_type=\"widget\" data-widget_type=\"divider.default\">\n\t\t\t\t<div class=\"elementor-widget-container\">\n\t\t\t\t\t\t\t<div class=\"elementor-divider\">\n\t\t\t<span class=\"elementor-divider-separator\">\n\t\t\t\t\t\t<\/span>\n\t\t<\/div>\n\t\t\t\t\t\t<\/div>\n\t\t\t\t<\/div>\n\t\t\t\t\t<\/div>\n\t\t<\/div>\n\t\t\t\t\t<\/div>\n\t\t<\/section>\n\t\t\t\t<section class=\"elementor-section elementor-top-section elementor-element elementor-element-681db8b elementor-section-boxed elementor-section-height-default elementor-section-height-default\" data-id=\"681db8b\" data-element_type=\"section\">\n\t\t\t\t\t\t<div class=\"elementor-container elementor-column-gap-default\">\n\t\t\t\t\t<div class=\"elementor-column elementor-col-100 elementor-top-column elementor-element elementor-element-ad4dac5\" data-id=\"ad4dac5\" data-element_type=\"column\">\n\t\t\t<div class=\"elementor-widget-wrap elementor-element-populated\">\n\t\t\t\t\t\t<div class=\"elementor-element elementor-element-2f96b3d elementor-widget elementor-widget-text-editor\" data-id=\"2f96b3d\" data-element_type=\"widget\" data-widget_type=\"text-editor.default\">\n\t\t\t\t<div class=\"elementor-widget-container\">\n\t\t\t\t\t\t\t\t\t<div style=\"color: #000000;font-family: 'Roboto Condensed', sans-serif;font-size: 14px\"><strong style=\"font-weight: bold\">Misyon:<\/strong><strong style=\"font-weight: bold\">\u00a0<\/strong>Atat\u00fcrk \u00dcniversitesi Ziraat Fak\u00fcltesi Tar\u0131msal Yap\u0131lar ve Sulama B\u00f6l\u00fcm\u00fc; Birle\u015fmi\u015f Milletler S\u00fcrd\u00fcr\u00fclebilir Kalk\u0131nma Ama\u00e7lar\u0131n\u0131 g\u00f6z \u00f6n\u00fcne alarak toprak ve su kaynaklar\u0131n\u0131, k\u0131rsal yerle\u015fimleri ve tar\u0131msal yap\u0131lar\u0131 geli\u015ftirmek, korumak ve ilerletmektir. E\u011fitim, Ara\u015ft\u0131rma ve Topluma Katk\u0131 ilkelerini esas alan b\u00f6l\u00fcm\u00fcm\u00fcz g\u00fcncel ve etkin e\u011fitim yoluyla nitelikli bireyler yeti\u015ftirerek \u00fclke ve b\u00f6lge ekonomisine de\u011fer katmay\u0131 ama\u00e7lamaktad\u0131r.\u00a0<strong style=\"font-weight: bold\">\u00a0<\/strong><\/div><div style=\"color: #000000;font-family: 'Roboto Condensed', sans-serif;font-size: 14px\"><strong style=\"font-weight: bold\">Vizyon:<\/strong><strong style=\"font-weight: bold\">\u00a0<\/strong>Tar\u0131m ve hayvanc\u0131l\u0131k sekt\u00f6rlerinin kar\u015f\u0131la\u015ft\u0131\u011f\u0131 zorluklara etkin ve h\u0131zl\u0131 bir \u015fekilde yan\u0131t veren, devlete ve vatanda\u015flar\u0131na fayda sa\u011flayabilecek her f\u0131rsat\u0131 takip eden bir b\u00f6l\u00fcm te\u015fkil ederek \u00dcniversitemiz slogan\u0131nda yer alan \u201cAd\u0131 gibi \u00f6nc\u00fc\u201d ve uluslararas\u0131 d\u00fczeyde etkin bir b\u00f6l\u00fcm olmakt\u0131r.<br \/><p style=\"line-height: 150%\"><b>Y\u00f6netimde mesaj:\u00a0<\/b><span style=\"letter-spacing: 0px;background: #fafafa\">Atat\u00fcrk \u00dcniversitesi Ziraat Fak\u00fcltesi Tar\u0131msal Yap\u0131lar ve Sulama B\u00f6l\u00fcm\u00fc kurulu\u015fundan bu yana yeterli altyap\u0131, donan\u0131m ve nitelikli akademik personeli ile \u00f6\u011frencilerine evrensel standartlarda bir Ziraat M\u00fchendisli\u011fi e\u011fitimi sunmakta, \u00e7a\u011f\u0131n gereksinimlerini g\u00f6z \u00f6n\u00fcne alarak s\u00fcrekli yenilenmekte ve <\/span><span style=\"letter-spacing: 0px\">g\u00fcncel ve etkin e\u011fitim yoluyla nitelikli bireyler yeti\u015ftirerek \u00fclke ve b\u00f6lge ekonomisine de\u011fer katmaktad\u0131r. Tar\u0131m ve hayvanc\u0131l\u0131k sekt\u00f6rlerinin kar\u015f\u0131la\u015ft\u0131\u011f\u0131 zorluklara etkin ve h\u0131zl\u0131 bir \u015fekilde yan\u0131t veren, devlete ve vatanda\u015flar\u0131na fayda sa\u011flayabilecek her f\u0131rsat\u0131 takip eden bir b\u00f6l\u00fcm olan Tar\u0131msal Yap\u0131lar ve Sulama B\u00f6l\u00fcm\u00fc<\/span><span style=\"letter-spacing: 0px;background: #fafafa\"> m\u00fchendislik genel prensip ve ilkelerini tar\u0131ma uygulayarak, kendine g\u00fcvenen, yarat\u0131c\u0131 ve ele\u015ftirel d\u00fc\u015f\u00fcnceyi ve ortak akl\u0131 benimseyen, ekip \u00e7al\u0131\u015fmas\u0131na yatk\u0131n ve dinamik mezunlar yeti\u015ftirmektedir. <\/span><span style=\"letter-spacing: 0px\">E\u011fitim, Ara\u015ft\u0131rma ve Topluma Katk\u0131 ilkelerini esas alan b\u00f6l\u00fcm\u00fcm\u00fcz nitelikli mezunlar yeti\u015ftirmenin yan\u0131 s\u0131ra; <\/span><span style=\"letter-spacing: 0px;background: #fafafa\">bilimsel ara\u015ft\u0131rma faaliyetleriyle ulusal ve uluslararas\u0131 bilim literat\u00fcr\u00fcne ve b\u00f6lgemizin ve \u00fclkemizin hem teknolojik hem de ekonomik geli\u015fimine katk\u0131da bulunmaktad\u0131r.<\/span><\/p><\/div><div style=\"color: #000000;font-family: 'Roboto Condensed', sans-serif;font-size: 14px\">\u00a0<\/div>\t\t\t\t\t\t\t\t<\/div>\n\t\t\t\t<\/div>\n\t\t\t\t\t<\/div>\n\t\t<\/div>\n\t\t\t\t\t<\/div>\n\t\t<\/section>\n\t\t\t\t<\/div>\n\t\t","protected":false},"excerpt":{"rendered":"<p>Misyon, Vizyon ve Temel De\u011ferler Misyon:\u00a0Atat\u00fcrk \u00dcniversitesi Ziraat Fak\u00fcltesi Tar\u0131msal Yap\u0131lar ve Sulama B\u00f6l\u00fcm\u00fc; Birle\u015fmi\u015f Milletler S\u00fcrd\u00fcr\u00fclebilir Kalk\u0131nma Ama\u00e7lar\u0131n\u0131 g\u00f6z \u00f6n\u00fcne alarak toprak ve su kaynaklar\u0131n\u0131, k\u0131rsal yerle\u015fimleri ve tar\u0131msal yap\u0131lar\u0131 geli\u015ftirmek, korumak ve ilerletmektir. E\u011fitim, Ara\u015ft\u0131rma ve Topluma Katk\u0131 ilkelerini esas alan b\u00f6l\u00fcm\u00fcm\u00fcz g\u00fcncel ve etkin e\u011fitim yoluyla nitelikli bireyler yeti\u015ftirerek \u00fclke ve b\u00f6lge [&hellip;]<\/p>\n","protected":false},"author":1,"featured_media":0,"parent":0,"menu_order":0,"comment_status":"closed","ping_status":"closed","template":"elementor_header_footer","meta":{"footnotes":""},"class_list":["post-5682","page","type-page","status-publish","hentry"],"_links":{"self":[{"href":"https:\/\/atauni.edu.tr\/tarimsal-yapilar-ve-sulama-bolumu\/wp-json\/wp\/v2\/pages\/5682","targetHints":{"allow":["GET"]}}],"collection":[{"href":"https:\/\/atauni.edu.tr\/tarimsal-yapilar-ve-sulama-bolumu\/wp-json\/wp\/v2\/pages"}],"about":[{"href":"https:\/\/atauni.edu.tr\/tarimsal-yapilar-ve-sulama-bolumu\/wp-json\/wp\/v2\/types\/page"}],"author":[{"embeddable":true,"href":"https:\/\/atauni.edu.tr\/tarimsal-yapilar-ve-sulama-bolumu\/wp-json\/wp\/v2\/users\/1"}],"replies":[{"embeddable":true,"href":"https:\/\/atauni.edu.tr\/tarimsal-yapilar-ve-sulama-bolumu\/wp-json\/wp\/v2\/comments?post=5682"}],"version-history":[{"count":17,"href":"https:\/\/atauni.edu.tr\/tarimsal-yapilar-ve-sulama-bolumu\/wp-json\/wp\/v2\/pages\/5682\/revisions"}],"predecessor-version":[{"id":6311,"href":"https:\/\/atauni.edu.tr\/tarimsal-yapilar-ve-sulama-bolumu\/wp-json\/wp\/v2\/pages\/5682\/revisions\/6311"}],"wp:attachment":[{"href":"https:\/\/atauni.edu.tr\/tarimsal-yapilar-ve-sulama-bolumu\/wp-json\/wp\/v2\/media?parent=5682"}],"curies":[{"name":"wp","href":"https:\/\/api.w.org\/{rel}","templated":true}]}}