{"id":5728,"date":"2021-07-13T11:33:38","date_gmt":"2021-07-13T08:33:38","guid":{"rendered":"https:\/\/portaltest.atauni.edu.tr\/bilgisayar-muhendisligi\/?page_id=5728"},"modified":"2021-12-13T11:50:36","modified_gmt":"2021-12-13T08:50:36","slug":"bolum-tanitimi","status":"publish","type":"page","link":"https:\/\/atauni.edu.tr\/tarimsal-yapilar-ve-sulama-bolumu\/bolum-tanitimi\/","title":{"rendered":"B\u00f6l\u00fcm Tan\u0131t\u0131m\u0131"},"content":{"rendered":"\t\t<div data-elementor-type=\"wp-page\" data-elementor-id=\"5728\" class=\"elementor elementor-5728\" data-elementor-post-type=\"page\">\n\t\t\t\t\t\t<section class=\"elementor-section elementor-top-section elementor-element elementor-element-730d320 elementor-section-boxed elementor-section-height-default elementor-section-height-default\" data-id=\"730d320\" data-element_type=\"section\">\n\t\t\t\t\t\t<div class=\"elementor-container elementor-column-gap-default\">\n\t\t\t\t\t<div class=\"elementor-column elementor-col-100 elementor-top-column elementor-element elementor-element-753d0860\" data-id=\"753d0860\" data-element_type=\"column\">\n\t\t\t<div class=\"elementor-widget-wrap\">\n\t\t\t\t\t\t\t<\/div>\n\t\t<\/div>\n\t\t\t\t\t<\/div>\n\t\t<\/section>\n\t\t\t\t<section class=\"elementor-section elementor-top-section elementor-element elementor-element-9be811a elementor-section-boxed elementor-section-height-default elementor-section-height-default\" data-id=\"9be811a\" data-element_type=\"section\">\n\t\t\t\t\t\t<div class=\"elementor-container elementor-column-gap-default\">\n\t\t\t\t\t<div class=\"elementor-column elementor-col-100 elementor-top-column elementor-element elementor-element-1ed847b7\" data-id=\"1ed847b7\" data-element_type=\"column\">\n\t\t\t<div class=\"elementor-widget-wrap elementor-element-populated\">\n\t\t\t\t\t\t<div class=\"elementor-element elementor-element-4ce0d07f elementor-widget elementor-widget-heading\" data-id=\"4ce0d07f\" data-element_type=\"widget\" data-widget_type=\"heading.default\">\n\t\t\t\t<div class=\"elementor-widget-container\">\n\t\t\t\t\t<h2 class=\"elementor-heading-title elementor-size-default\">B\u00f6l\u00fcm Tan\u0131t\u0131m\u0131<\/h2>\t\t\t\t<\/div>\n\t\t\t\t<\/div>\n\t\t\t\t<div class=\"elementor-element elementor-element-63260862 elementor-widget-divider--view-line elementor-widget elementor-widget-divider\" data-id=\"63260862\" data-element_type=\"widget\" data-widget_type=\"divider.default\">\n\t\t\t\t<div class=\"elementor-widget-container\">\n\t\t\t\t\t\t\t<div class=\"elementor-divider\">\n\t\t\t<span class=\"elementor-divider-separator\">\n\t\t\t\t\t\t<\/span>\n\t\t<\/div>\n\t\t\t\t\t\t<\/div>\n\t\t\t\t<\/div>\n\t\t\t\t\t<\/div>\n\t\t<\/div>\n\t\t\t\t\t<\/div>\n\t\t<\/section>\n\t\t\t\t<section class=\"elementor-section elementor-top-section elementor-element elementor-element-681db8b elementor-section-boxed elementor-section-height-default elementor-section-height-default\" data-id=\"681db8b\" data-element_type=\"section\">\n\t\t\t\t\t\t<div class=\"elementor-container elementor-column-gap-default\">\n\t\t\t\t\t<div class=\"elementor-column elementor-col-100 elementor-top-column elementor-element elementor-element-ad4dac5\" data-id=\"ad4dac5\" data-element_type=\"column\">\n\t\t\t<div class=\"elementor-widget-wrap elementor-element-populated\">\n\t\t\t\t\t\t<div class=\"elementor-element elementor-element-2f96b3d elementor-widget elementor-widget-text-editor\" data-id=\"2f96b3d\" data-element_type=\"widget\" data-widget_type=\"text-editor.default\">\n\t\t\t\t<div class=\"elementor-widget-container\">\n\t\t\t\t\t\t\t\t\t<div>\n<h2><span style=\", sans-serif;font-size: 14px;font-weight: 400;text-align: start\">Tar\u0131msal Yap\u0131lar ve Sulama B\u00f6l\u00fcm\u00fc; 1958 y\u0131l\u0131nda e\u011fitim ve \u00f6\u011fretime ba\u015flayan Atat\u00fcrk \u00dcniversitesi Ziraat Fak\u00fcltesinde \u00f6nce Ziraat M\u00fchendisli\u011fi K\u00fcrs\u00fcs\u00fc ad\u0131 alt\u0131nda \u00e7e\u015fitli b\u00f6l\u00fcmlere m\u00fchendislik dersleri okutmu\u015ftur. K\u00fcrs\u00fc, 17.06.1965 tarihinde Fak\u00fclte Kurulu karar\u0131 ile K\u00fclt\u00fcrteknik ve Ziraat Alet Makinalar\u0131 B\u00f6l\u00fcm\u00fc \u015fekline d\u00f6n\u00fc\u015ft\u00fcr\u00fclm\u00fc\u015ft\u00fcr. 1972-1973 \u00f6\u011fretim y\u0131l\u0131nda lisans d\u00fczeyinde \u00f6\u011frenci al\u0131m\u0131na ba\u015flayan b\u00f6l\u00fcm ilk mezunlar\u0131n\u0131 1976-1977 \u00f6\u011fretim y\u0131l\u0131nda vermi\u015ftir. Fak\u00fclte kurulu karar\u0131 ile 13.06.1977 tarihinde b\u00f6l\u00fcm; K\u00fclt\u00fcrteknik ile Ziraat Alet ve Makinalar\u0131 olarak iki b\u00f6l\u00fcme ayr\u0131lm\u0131\u015ft\u0131r. Y\u00d6K y\u00fcr\u00fctme kurulunun 29.03.1991 tarihli karar\u0131yla da b\u00f6l\u00fcm\u00fcn ismi Tar\u0131msal Yap\u0131lar ve Sulama B\u00f6l\u00fcm\u00fc \u015feklinde de\u011fi\u015ftirilmi\u015ftir. B\u00f6l\u00fcmde Tar\u0131msal Yap\u0131lar ve Sulama Anabilim Dal\u0131 olarak tek bir Anabilim Dal\u0131 bulunmaktad\u0131r. Tar\u0131msal Yap\u0131lar ve Sulama B\u00f6l\u00fcm\u00fc; K\u0131rsal Yerle\u015fimler, Tar\u0131msal Yap\u0131lar, Yap\u0131 Malzemesi, Sulama, Drenaj ve Kurutma, Hidrolik, Hidroloji ve Arazi Toplula\u015ft\u0131rmas\u0131 konular\u0131nda e\u011fitim-\u00f6\u011fretim ve ara\u015ft\u0131rmalar yapmaktad\u0131r. B\u00f6l\u00fcm\u00fcn Atat\u00fcrk \u00dcniversitesi Fen Bilimleri Enstit\u00fcs\u00fc \u00e7er\u00e7evesinde Y\u00fcksek Lisans ve Doktora programlar\u0131 bulunmaktad\u0131r.<\/span><br><\/h2><\/div><div>\n<\/div>\t\t\t\t\t\t\t\t<\/div>\n\t\t\t\t<\/div>\n\t\t\t\t\t<\/div>\n\t\t<\/div>\n\t\t\t\t\t<\/div>\n\t\t<\/section>\n\t\t\t\t<\/div>\n\t\t","protected":false},"excerpt":{"rendered":"<p>B\u00f6l\u00fcm Tan\u0131t\u0131m\u0131 Tar\u0131msal Yap\u0131lar ve Sulama B\u00f6l\u00fcm\u00fc; 1958 y\u0131l\u0131nda e\u011fitim ve \u00f6\u011fretime ba\u015flayan Atat\u00fcrk \u00dcniversitesi Ziraat Fak\u00fcltesinde \u00f6nce Ziraat M\u00fchendisli\u011fi K\u00fcrs\u00fcs\u00fc ad\u0131 alt\u0131nda \u00e7e\u015fitli b\u00f6l\u00fcmlere m\u00fchendislik dersleri okutmu\u015ftur. K\u00fcrs\u00fc, 17.06.1965 tarihinde Fak\u00fclte Kurulu karar\u0131 ile K\u00fclt\u00fcrteknik ve Ziraat Alet Makinalar\u0131 B\u00f6l\u00fcm\u00fc \u015fekline d\u00f6n\u00fc\u015ft\u00fcr\u00fclm\u00fc\u015ft\u00fcr. 1972-1973 \u00f6\u011fretim y\u0131l\u0131nda lisans d\u00fczeyinde \u00f6\u011frenci al\u0131m\u0131na ba\u015flayan b\u00f6l\u00fcm ilk mezunlar\u0131n\u0131 1976-1977 [&hellip;]<\/p>\n","protected":false},"author":1,"featured_media":0,"parent":0,"menu_order":0,"comment_status":"closed","ping_status":"closed","template":"elementor_header_footer","meta":{"footnotes":""},"class_list":["post-5728","page","type-page","status-publish","hentry"],"_links":{"self":[{"href":"https:\/\/atauni.edu.tr\/tarimsal-yapilar-ve-sulama-bolumu\/wp-json\/wp\/v2\/pages\/5728","targetHints":{"allow":["GET"]}}],"collection":[{"href":"https:\/\/atauni.edu.tr\/tarimsal-yapilar-ve-sulama-bolumu\/wp-json\/wp\/v2\/pages"}],"about":[{"href":"https:\/\/atauni.edu.tr\/tarimsal-yapilar-ve-sulama-bolumu\/wp-json\/wp\/v2\/types\/page"}],"author":[{"embeddable":true,"href":"https:\/\/atauni.edu.tr\/tarimsal-yapilar-ve-sulama-bolumu\/wp-json\/wp\/v2\/users\/1"}],"replies":[{"embeddable":true,"href":"https:\/\/atauni.edu.tr\/tarimsal-yapilar-ve-sulama-bolumu\/wp-json\/wp\/v2\/comments?post=5728"}],"version-history":[{"count":11,"href":"https:\/\/atauni.edu.tr\/tarimsal-yapilar-ve-sulama-bolumu\/wp-json\/wp\/v2\/pages\/5728\/revisions"}],"predecessor-version":[{"id":6296,"href":"https:\/\/atauni.edu.tr\/tarimsal-yapilar-ve-sulama-bolumu\/wp-json\/wp\/v2\/pages\/5728\/revisions\/6296"}],"wp:attachment":[{"href":"https:\/\/atauni.edu.tr\/tarimsal-yapilar-ve-sulama-bolumu\/wp-json\/wp\/v2\/media?parent=5728"}],"curies":[{"name":"wp","href":"https:\/\/api.w.org\/{rel}","templated":true}]}}