{"id":5791,"date":"2021-07-13T13:07:15","date_gmt":"2021-07-13T10:07:15","guid":{"rendered":"https:\/\/portaltest.atauni.edu.tr\/bilgisayar-muhendisligi\/?page_id=5791"},"modified":"2021-12-13T17:06:13","modified_gmt":"2021-12-13T14:06:13","slug":"staj","status":"publish","type":"page","link":"https:\/\/atauni.edu.tr\/tarimsal-yapilar-ve-sulama-bolumu\/staj\/","title":{"rendered":"Staj"},"content":{"rendered":"\t\t<div data-elementor-type=\"wp-page\" data-elementor-id=\"5791\" class=\"elementor elementor-5791\" data-elementor-post-type=\"page\">\n\t\t\t\t\t\t<section class=\"elementor-section elementor-top-section elementor-element elementor-element-730d320 elementor-section-boxed elementor-section-height-default elementor-section-height-default\" data-id=\"730d320\" data-element_type=\"section\">\n\t\t\t\t\t\t<div class=\"elementor-container elementor-column-gap-default\">\n\t\t\t\t\t<div class=\"elementor-column elementor-col-100 elementor-top-column elementor-element elementor-element-753d0860\" data-id=\"753d0860\" data-element_type=\"column\">\n\t\t\t<div class=\"elementor-widget-wrap\">\n\t\t\t\t\t\t\t<\/div>\n\t\t<\/div>\n\t\t\t\t\t<\/div>\n\t\t<\/section>\n\t\t\t\t<section class=\"elementor-section elementor-top-section elementor-element elementor-element-9be811a elementor-section-boxed elementor-section-height-default elementor-section-height-default\" data-id=\"9be811a\" data-element_type=\"section\">\n\t\t\t\t\t\t<div class=\"elementor-container elementor-column-gap-default\">\n\t\t\t\t\t<div class=\"elementor-column elementor-col-100 elementor-top-column elementor-element elementor-element-1ed847b7\" data-id=\"1ed847b7\" data-element_type=\"column\">\n\t\t\t<div class=\"elementor-widget-wrap elementor-element-populated\">\n\t\t\t\t\t\t<div class=\"elementor-element elementor-element-4ce0d07f elementor-widget elementor-widget-heading\" data-id=\"4ce0d07f\" data-element_type=\"widget\" data-widget_type=\"heading.default\">\n\t\t\t\t<div class=\"elementor-widget-container\">\n\t\t\t\t\t<h2 class=\"elementor-heading-title elementor-size-default\">Staj<\/h2>\t\t\t\t<\/div>\n\t\t\t\t<\/div>\n\t\t\t\t<div class=\"elementor-element elementor-element-63260862 elementor-widget-divider--view-line elementor-widget elementor-widget-divider\" data-id=\"63260862\" data-element_type=\"widget\" data-widget_type=\"divider.default\">\n\t\t\t\t<div class=\"elementor-widget-container\">\n\t\t\t\t\t\t\t<div class=\"elementor-divider\">\n\t\t\t<span class=\"elementor-divider-separator\">\n\t\t\t\t\t\t<\/span>\n\t\t<\/div>\n\t\t\t\t\t\t<\/div>\n\t\t\t\t<\/div>\n\t\t\t\t\t<\/div>\n\t\t<\/div>\n\t\t\t\t\t<\/div>\n\t\t<\/section>\n\t\t\t\t<section class=\"elementor-section elementor-top-section elementor-element elementor-element-10e8347 elementor-section-boxed elementor-section-height-default elementor-section-height-default\" data-id=\"10e8347\" data-element_type=\"section\">\n\t\t\t\t\t\t<div class=\"elementor-container elementor-column-gap-default\">\n\t\t\t\t\t<div class=\"elementor-column elementor-col-100 elementor-top-column elementor-element elementor-element-795ab05\" data-id=\"795ab05\" data-element_type=\"column\">\n\t\t\t<div class=\"elementor-widget-wrap elementor-element-populated\">\n\t\t\t\t\t\t<div class=\"elementor-element elementor-element-4524745 elementor-widget elementor-widget-text-editor\" data-id=\"4524745\" data-element_type=\"widget\" data-widget_type=\"text-editor.default\">\n\t\t\t\t<div class=\"elementor-widget-container\">\n\t\t\t\t\t\t\t\t\t<div><p style=\"text-align: justify\"><span style=\"color: black;letter-spacing: .15pt\"><a href=\"http:\/\/birimler.atauni.edu.tr\/tarimsal-yapilar-ve-sulama-bolumu\/wp-content\/uploads\/sites\/162\/2020\/07\/Ataturk-Universitesi-Staj-Uygulama-Esaslari.pdf\">Ataturk-Universitesi-Staj-Uygulama-Esaslari<\/a>.Tar\u0131msal Yap\u0131lar ve Sulama B\u00f6l\u00fcm\u00fc Programdan mezun olabilmek i\u00e7in \u00f6\u011frencilerin 30 i\u015f g\u00fcnl\u00fck bir staj yapmalar\u0131 gerekmektedir. Staj \u00e7al\u0131\u015fmalar\u0131n\u0131n \u00dcniversitemiz b\u00fcnyesinde bulunan Bitkisel \u00dcretim Uygulama ve Ara\u015ft\u0131rma Merkezi ile G\u0131da ve Hayvanc\u0131l\u0131k Uygulama ve Ara\u015ft\u0131rma Merkezi deneme alanlar\u0131ndaki tar\u0131msal faaliyetler ile B\u00f6l\u00fcm\u00fcm\u00fcz laboratuvar\u0131ndaki ara\u015ft\u0131rma faaliyetlerine kat\u0131l\u0131m \u015feklinde ger\u00e7ekle\u015ftirilmesinin yan\u0131nda b\u00f6l\u00fcmle ilgili Devlet ve \u00d6zel Kurumlarda da ger\u00e7ekle\u015ftirilmesi s\u00f6z konusudur.\u00a0<\/span><\/p><\/div><div>\u00a0<\/div>\t\t\t\t\t\t\t\t<\/div>\n\t\t\t\t<\/div>\n\t\t\t\t\t<\/div>\n\t\t<\/div>\n\t\t\t\t\t<\/div>\n\t\t<\/section>\n\t\t\t\t<section class=\"elementor-section elementor-top-section elementor-element elementor-element-427e38e elementor-section-boxed elementor-section-height-default elementor-section-height-default\" data-id=\"427e38e\" data-element_type=\"section\">\n\t\t\t\t\t\t<div class=\"elementor-container elementor-column-gap-default\">\n\t\t\t\t\t<div class=\"elementor-column elementor-col-100 elementor-top-column elementor-element elementor-element-bb74c0d\" data-id=\"bb74c0d\" data-element_type=\"column\">\n\t\t\t<div class=\"elementor-widget-wrap\">\n\t\t\t\t\t\t\t<\/div>\n\t\t<\/div>\n\t\t\t\t\t<\/div>\n\t\t<\/section>\n\t\t\t\t<\/div>\n\t\t","protected":false},"excerpt":{"rendered":"<p>Staj Ataturk-Universitesi-Staj-Uygulama-Esaslari.Tar\u0131msal Yap\u0131lar ve Sulama B\u00f6l\u00fcm\u00fc Programdan mezun olabilmek i\u00e7in \u00f6\u011frencilerin 30 i\u015f g\u00fcnl\u00fck bir staj yapmalar\u0131 gerekmektedir. Staj \u00e7al\u0131\u015fmalar\u0131n\u0131n \u00dcniversitemiz b\u00fcnyesinde bulunan Bitkisel \u00dcretim Uygulama ve Ara\u015ft\u0131rma Merkezi ile G\u0131da ve Hayvanc\u0131l\u0131k Uygulama ve Ara\u015ft\u0131rma Merkezi deneme alanlar\u0131ndaki tar\u0131msal faaliyetler ile B\u00f6l\u00fcm\u00fcm\u00fcz laboratuvar\u0131ndaki ara\u015ft\u0131rma faaliyetlerine kat\u0131l\u0131m \u015feklinde ger\u00e7ekle\u015ftirilmesinin yan\u0131nda b\u00f6l\u00fcmle ilgili Devlet ve \u00d6zel [&hellip;]<\/p>\n","protected":false},"author":1,"featured_media":0,"parent":0,"menu_order":0,"comment_status":"closed","ping_status":"closed","template":"elementor_header_footer","meta":{"footnotes":""},"class_list":["post-5791","page","type-page","status-publish","hentry"],"_links":{"self":[{"href":"https:\/\/atauni.edu.tr\/tarimsal-yapilar-ve-sulama-bolumu\/wp-json\/wp\/v2\/pages\/5791","targetHints":{"allow":["GET"]}}],"collection":[{"href":"https:\/\/atauni.edu.tr\/tarimsal-yapilar-ve-sulama-bolumu\/wp-json\/wp\/v2\/pages"}],"about":[{"href":"https:\/\/atauni.edu.tr\/tarimsal-yapilar-ve-sulama-bolumu\/wp-json\/wp\/v2\/types\/page"}],"author":[{"embeddable":true,"href":"https:\/\/atauni.edu.tr\/tarimsal-yapilar-ve-sulama-bolumu\/wp-json\/wp\/v2\/users\/1"}],"replies":[{"embeddable":true,"href":"https:\/\/atauni.edu.tr\/tarimsal-yapilar-ve-sulama-bolumu\/wp-json\/wp\/v2\/comments?post=5791"}],"version-history":[{"count":14,"href":"https:\/\/atauni.edu.tr\/tarimsal-yapilar-ve-sulama-bolumu\/wp-json\/wp\/v2\/pages\/5791\/revisions"}],"predecessor-version":[{"id":6373,"href":"https:\/\/atauni.edu.tr\/tarimsal-yapilar-ve-sulama-bolumu\/wp-json\/wp\/v2\/pages\/5791\/revisions\/6373"}],"wp:attachment":[{"href":"https:\/\/atauni.edu.tr\/tarimsal-yapilar-ve-sulama-bolumu\/wp-json\/wp\/v2\/media?parent=5791"}],"curies":[{"name":"wp","href":"https:\/\/api.w.org\/{rel}","templated":true}]}}