{"id":5800,"date":"2021-07-13T13:12:45","date_gmt":"2021-07-13T10:12:45","guid":{"rendered":"https:\/\/portaltest.atauni.edu.tr\/bilgisayar-muhendisligi\/?page_id=5800"},"modified":"2021-12-13T14:24:10","modified_gmt":"2021-12-13T11:24:10","slug":"bitirme-projeleri","status":"publish","type":"page","link":"https:\/\/atauni.edu.tr\/tarimsal-yapilar-ve-sulama-bolumu\/bitirme-projeleri\/","title":{"rendered":"Bitirme Projeleri"},"content":{"rendered":"\t\t<div data-elementor-type=\"wp-page\" data-elementor-id=\"5800\" class=\"elementor elementor-5800\" data-elementor-post-type=\"page\">\n\t\t\t\t\t\t<section class=\"elementor-section elementor-top-section elementor-element elementor-element-730d320 elementor-section-boxed elementor-section-height-default elementor-section-height-default\" data-id=\"730d320\" data-element_type=\"section\">\n\t\t\t\t\t\t<div class=\"elementor-container elementor-column-gap-default\">\n\t\t\t\t\t<div class=\"elementor-column elementor-col-100 elementor-top-column elementor-element elementor-element-753d0860\" data-id=\"753d0860\" data-element_type=\"column\">\n\t\t\t<div class=\"elementor-widget-wrap\">\n\t\t\t\t\t\t\t<\/div>\n\t\t<\/div>\n\t\t\t\t\t<\/div>\n\t\t<\/section>\n\t\t\t\t<section class=\"elementor-section elementor-top-section elementor-element elementor-element-9be811a elementor-section-boxed elementor-section-height-default elementor-section-height-default\" data-id=\"9be811a\" data-element_type=\"section\">\n\t\t\t\t\t\t<div class=\"elementor-container elementor-column-gap-default\">\n\t\t\t\t\t<div class=\"elementor-column elementor-col-100 elementor-top-column elementor-element elementor-element-1ed847b7\" data-id=\"1ed847b7\" data-element_type=\"column\">\n\t\t\t<div class=\"elementor-widget-wrap elementor-element-populated\">\n\t\t\t\t\t\t<div class=\"elementor-element elementor-element-4ce0d07f elementor-widget elementor-widget-heading\" data-id=\"4ce0d07f\" data-element_type=\"widget\" data-widget_type=\"heading.default\">\n\t\t\t\t<div class=\"elementor-widget-container\">\n\t\t\t\t\t<h2 class=\"elementor-heading-title elementor-size-default\">Bitirme Projeleri<\/h2>\t\t\t\t<\/div>\n\t\t\t\t<\/div>\n\t\t\t\t<div class=\"elementor-element elementor-element-63260862 elementor-widget-divider--view-line elementor-widget elementor-widget-divider\" data-id=\"63260862\" data-element_type=\"widget\" data-widget_type=\"divider.default\">\n\t\t\t\t<div class=\"elementor-widget-container\">\n\t\t\t\t\t\t\t<div class=\"elementor-divider\">\n\t\t\t<span class=\"elementor-divider-separator\">\n\t\t\t\t\t\t<\/span>\n\t\t<\/div>\n\t\t\t\t\t\t<\/div>\n\t\t\t\t<\/div>\n\t\t\t\t\t<\/div>\n\t\t<\/div>\n\t\t\t\t\t<\/div>\n\t\t<\/section>\n\t\t\t\t<section class=\"elementor-section elementor-top-section elementor-element elementor-element-6c18d0b elementor-section-boxed elementor-section-height-default elementor-section-height-default\" data-id=\"6c18d0b\" data-element_type=\"section\">\n\t\t\t\t\t\t<div class=\"elementor-container elementor-column-gap-default\">\n\t\t\t\t\t<div class=\"elementor-column elementor-col-100 elementor-top-column elementor-element elementor-element-5a88ff5\" data-id=\"5a88ff5\" data-element_type=\"column\">\n\t\t\t<div class=\"elementor-widget-wrap elementor-element-populated\">\n\t\t\t\t\t\t<div class=\"elementor-element elementor-element-69d7a2b elementor-widget elementor-widget-accordion\" data-id=\"69d7a2b\" data-element_type=\"widget\" data-widget_type=\"accordion.default\">\n\t\t\t\t<div class=\"elementor-widget-container\">\n\t\t\t\t\t\t\t<div class=\"elementor-accordion\">\n\t\t\t\t\t\t\t<div class=\"elementor-accordion-item\">\n\t\t\t\t\t<div id=\"elementor-tab-title-1101\" class=\"elementor-tab-title\" data-tab=\"1\" role=\"button\" aria-controls=\"elementor-tab-content-1101\" aria-expanded=\"false\">\n\t\t\t\t\t\t\t\t\t\t\t\t\t<span class=\"elementor-accordion-icon elementor-accordion-icon-left\" aria-hidden=\"true\">\n\t\t\t\t\t\t\t\t\t\t\t\t\t\t\t<span class=\"elementor-accordion-icon-closed\"><i class=\"fas fa-plus\"><\/i><\/span>\n\t\t\t\t\t\t\t\t<span class=\"elementor-accordion-icon-opened\"><i class=\"fas fa-minus\"><\/i><\/span>\n\t\t\t\t\t\t\t\t\t\t\t\t\t\t<\/span>\n\t\t\t\t\t\t\t\t\t\t\t\t<a class=\"elementor-accordion-title\" tabindex=\"0\"><p>Atat\u00fcrk \u00dcniversitesi Tar\u0131msal Yap\u0131lar ve Sulama B\u00f6l\u00fcm\u00fc, \u00f6\u011frencilerinetar\u0131m sekt\u00f6r\u00fcn\u00fcn \u00e7e\u015fitli alanlar\u0131nda derinlemesine bilgi ve deneyim kazand\u0131rmay\u0131 ama\u00e7layan bir e\u011fitim program\u0131 sunar.<\/p>\n<p>Bu b\u00f6l\u00fcmde verilen e\u011fitim, sadece teorik bilgilerin aktar\u0131m\u0131n\u0131 de\u011fil, ayn\u0131 zamanda uygulamal\u0131 \u00e7al\u0131\u015fmalar\u0131n da \u00f6nemli bir k\u0131sm\u0131n\u0131 i\u00e7erir. \u00d6\u011frenciler, tar\u0131msal yap\u0131lar ve sulama sistemleri tasar\u0131m\u0131, in\u015fas\u0131 ve i\u015fletilmesi gibi konularda pratik deneyim kazanma f\u0131rsat\u0131na sahip olurlar.<\/p>\n<p>Bitirme projeleri, \u00f6\u011frencilerin b\u00f6l\u00fcmdeki e\u011fitimlerinin son a\u015famas\u0131n\u0131 temsil eder. Bu projeler, genellikle bir dan\u0131\u015fman \u00f6\u011fretim \u00fcyesinin rehberli\u011finde y\u00fcr\u00fct\u00fcl\u00fcr ve \u00f6\u011frencilere kendi ilgi alanlar\u0131na g\u00f6re se\u00e7tikleri konularda derinlemesine \u00e7al\u0131\u015fma imkan\u0131 sa\u011flar.<\/p>\n<p>Projelerin i\u00e7eri\u011fi \u00e7e\u015fitlilik g\u00f6sterir ve tar\u0131msal yap\u0131lar\u0131n tasar\u0131m\u0131, sulama sistemlerinin optimizasyonu, su kaynaklar\u0131n\u0131n y\u00f6netimi, tar\u0131m makineleri gibi \u00e7e\u015fitli konular\u0131 i\u00e7erebilir. \u00d6\u011frenciler, bu projeler arac\u0131l\u0131\u011f\u0131yla teorik bilgilerini prati\u011fe d\u00f6kme f\u0131rsat\u0131 bulurken, ayn\u0131 zamanda ba\u011f\u0131ms\u0131z \u00e7al\u0131\u015fma becerilerini ve problem \u00e7\u00f6zme yeteneklerini de geli\u015ftirirler.<\/p>\n<p>Bitirme projelerinin tamamlanmas\u0131, \u00f6\u011frencilerin mezun olabilmeleri i\u00e7in gereken \u00f6nemli bir ad\u0131md\u0131r. Bu projelerin sunumu ve savunulmas\u0131 da b\u00f6l\u00fcm\u00fcn \u00f6\u011fretim \u00fcyelerinden olu\u015fan bir j\u00fcri taraf\u0131ndan de\u011ferlendirilir. Ba\u015far\u0131yla savunulan projeler, \u00f6\u011frencilere diplomalar\u0131n\u0131 alman\u0131n yan\u0131 s\u0131ra, tar\u0131m sekt\u00f6r\u00fcnde kendilerini kan\u0131tlam\u0131\u015f ve deneyim kazanm\u0131\u015f olarak i\u015fe ba\u015flamalar\u0131na da olanak tan\u0131r.<\/p><\/a>\n\t\t\t\t\t<\/div>\n\t\t\t\t\t<div id=\"elementor-tab-content-1101\" class=\"elementor-tab-content elementor-clearfix\" data-tab=\"1\" role=\"region\" aria-labelledby=\"elementor-tab-title-1101\"><\/div>\n\t\t\t\t<\/div>\n\t\t\t\t\t\t\t<div class=\"elementor-accordion-item\">\n\t\t\t\t\t<div id=\"elementor-tab-title-1102\" class=\"elementor-tab-title\" data-tab=\"2\" role=\"button\" aria-controls=\"elementor-tab-content-1102\" aria-expanded=\"false\">\n\t\t\t\t\t\t\t\t\t\t\t\t\t<span class=\"elementor-accordion-icon elementor-accordion-icon-left\" aria-hidden=\"true\">\n\t\t\t\t\t\t\t\t\t\t\t\t\t\t\t<span class=\"elementor-accordion-icon-closed\"><i class=\"fas fa-plus\"><\/i><\/span>\n\t\t\t\t\t\t\t\t<span class=\"elementor-accordion-icon-opened\"><i class=\"fas fa-minus\"><\/i><\/span>\n\t\t\t\t\t\t\t\t\t\t\t\t\t\t<\/span>\n\t\t\t\t\t\t\t\t\t\t\t\t<a class=\"elementor-accordion-title\" tabindex=\"0\"><p>Atat\u00fcrk \u00dcniversitesi Tar\u0131msal Yap\u0131lar ve Sulama B\u00f6l\u00fcm\u00fc, \u00f6\u011frencilerinetar\u0131m sekt\u00f6r\u00fcn\u00fcn \u00e7e\u015fitli alanlar\u0131nda derinlemesine bilgi ve deneyim kazand\u0131rmay\u0131 ama\u00e7layan bir e\u011fitim program\u0131 sunar.<\/p>\n<p>Bu b\u00f6l\u00fcmde verilen e\u011fitim, sadece teorik bilgilerin aktar\u0131m\u0131n\u0131 de\u011fil, ayn\u0131 zamanda uygulamal\u0131 \u00e7al\u0131\u015fmalar\u0131n da \u00f6nemli bir k\u0131sm\u0131n\u0131 i\u00e7erir. \u00d6\u011frenciler, tar\u0131msal yap\u0131lar ve sulama sistemleri tasar\u0131m\u0131, in\u015fas\u0131 ve i\u015fletilmesi gibi konularda pratik deneyim kazanma f\u0131rsat\u0131na sahip olurlar.<\/p>\n<p>Bitirme projeleri, \u00f6\u011frencilerin b\u00f6l\u00fcmdeki e\u011fitimlerinin son a\u015famas\u0131n\u0131 temsil eder. Bu projeler, genellikle bir dan\u0131\u015fman \u00f6\u011fretim \u00fcyesinin rehberli\u011finde y\u00fcr\u00fct\u00fcl\u00fcr ve \u00f6\u011frencilere kendi ilgi alanlar\u0131na g\u00f6re se\u00e7tikleri konularda derinlemesine \u00e7al\u0131\u015fma imkan\u0131 sa\u011flar.<\/p>\n<p>Projelerin i\u00e7eri\u011fi \u00e7e\u015fitlilik g\u00f6sterir ve tar\u0131msal yap\u0131lar\u0131n tasar\u0131m\u0131, sulama sistemlerinin optimizasyonu, su kaynaklar\u0131n\u0131n y\u00f6netimi, tar\u0131m makineleri gibi \u00e7e\u015fitli konular\u0131 i\u00e7erebilir. \u00d6\u011frenciler, bu projeler arac\u0131l\u0131\u011f\u0131yla teorik bilgilerini prati\u011fe d\u00f6kme f\u0131rsat\u0131 bulurken, ayn\u0131 zamanda ba\u011f\u0131ms\u0131z \u00e7al\u0131\u015fma becerilerini ve problem \u00e7\u00f6zme yeteneklerini de geli\u015ftirirler.<\/p>\n<p>Bitirme projelerinin tamamlanmas\u0131, \u00f6\u011frencilerin mezun olabilmeleri i\u00e7in gereken \u00f6nemli bir ad\u0131md\u0131r. Bu projelerin sunumu ve savunulmas\u0131 da b\u00f6l\u00fcm\u00fcn \u00f6\u011fretim \u00fcyelerinden olu\u015fan bir j\u00fcri taraf\u0131ndan de\u011ferlendirilir. Ba\u015far\u0131yla savunulan projeler, \u00f6\u011frencilere diplomalar\u0131n\u0131 alman\u0131n yan\u0131 s\u0131ra, tar\u0131m sekt\u00f6r\u00fcnde kendilerini kan\u0131tlam\u0131\u015f ve deneyim kazanm\u0131\u015f olarak i\u015fe ba\u015flamalar\u0131na da olanak tan\u0131r.<\/p><\/a>\n\t\t\t\t\t<\/div>\n\t\t\t\t\t<div id=\"elementor-tab-content-1102\" class=\"elementor-tab-content elementor-clearfix\" data-tab=\"2\" role=\"region\" aria-labelledby=\"elementor-tab-title-1102\"><\/div>\n\t\t\t\t<\/div>\n\t\t\t\t\t\t\t\t<\/div>\n\t\t\t\t\t\t<\/div>\n\t\t\t\t<\/div>\n\t\t\t\t\t<\/div>\n\t\t<\/div>\n\t\t\t\t\t<\/div>\n\t\t<\/section>\n\t\t\t\t<\/div>\n\t\t","protected":false},"excerpt":{"rendered":"<p>Bitirme Projeleri Lorem Ipsum &#8211; 2021 Lorem Ipsum &#8211; 2020<\/p>\n","protected":false},"author":1,"featured_media":0,"parent":0,"menu_order":0,"comment_status":"closed","ping_status":"closed","template":"elementor_header_footer","meta":{"footnotes":""},"class_list":["post-5800","page","type-page","status-publish","hentry"],"_links":{"self":[{"href":"https:\/\/atauni.edu.tr\/tarimsal-yapilar-ve-sulama-bolumu\/wp-json\/wp\/v2\/pages\/5800","targetHints":{"allow":["GET"]}}],"collection":[{"href":"https:\/\/atauni.edu.tr\/tarimsal-yapilar-ve-sulama-bolumu\/wp-json\/wp\/v2\/pages"}],"about":[{"href":"https:\/\/atauni.edu.tr\/tarimsal-yapilar-ve-sulama-bolumu\/wp-json\/wp\/v2\/types\/page"}],"author":[{"embeddable":true,"href":"https:\/\/atauni.edu.tr\/tarimsal-yapilar-ve-sulama-bolumu\/wp-json\/wp\/v2\/users\/1"}],"replies":[{"embeddable":true,"href":"https:\/\/atauni.edu.tr\/tarimsal-yapilar-ve-sulama-bolumu\/wp-json\/wp\/v2\/comments?post=5800"}],"version-history":[{"count":14,"href":"https:\/\/atauni.edu.tr\/tarimsal-yapilar-ve-sulama-bolumu\/wp-json\/wp\/v2\/pages\/5800\/revisions"}],"predecessor-version":[{"id":6308,"href":"https:\/\/atauni.edu.tr\/tarimsal-yapilar-ve-sulama-bolumu\/wp-json\/wp\/v2\/pages\/5800\/revisions\/6308"}],"wp:attachment":[{"href":"https:\/\/atauni.edu.tr\/tarimsal-yapilar-ve-sulama-bolumu\/wp-json\/wp\/v2\/media?parent=5800"}],"curies":[{"name":"wp","href":"https:\/\/api.w.org\/{rel}","templated":true}]}}