{"id":6416,"date":"2022-02-11T11:01:55","date_gmt":"2022-02-11T08:01:55","guid":{"rendered":"https:\/\/birimler.atauni.edu.tr\/tarimsal-yapilar-ve-sulama-bolumu\/?page_id=6416"},"modified":"2022-02-11T15:43:47","modified_gmt":"2022-02-11T12:43:47","slug":"laboratuvar","status":"publish","type":"page","link":"https:\/\/atauni.edu.tr\/tarimsal-yapilar-ve-sulama-bolumu\/laboratuvar\/","title":{"rendered":"Laboratuvarlar"},"content":{"rendered":"\t\t<div data-elementor-type=\"wp-page\" data-elementor-id=\"6416\" class=\"elementor elementor-6416\" data-elementor-post-type=\"page\">\n\t\t\t\t\t\t<section class=\"elementor-section elementor-top-section elementor-element elementor-element-93ab3c4 elementor-section-boxed elementor-section-height-default elementor-section-height-default\" data-id=\"93ab3c4\" data-element_type=\"section\">\n\t\t\t\t\t\t<div class=\"elementor-container elementor-column-gap-default\">\n\t\t\t\t\t<div class=\"elementor-column elementor-col-100 elementor-top-column elementor-element elementor-element-6a94fb2\" data-id=\"6a94fb2\" data-element_type=\"column\">\n\t\t\t<div class=\"elementor-widget-wrap elementor-element-populated\">\n\t\t\t\t\t\t<div class=\"elementor-element elementor-element-947efad elementor-widget elementor-widget-text-editor\" data-id=\"947efad\" data-element_type=\"widget\" data-widget_type=\"text-editor.default\">\n\t\t\t\t<div class=\"elementor-widget-container\">\n\t\t\t\t\t\t\t\t\t<p>B\u00f6l\u00fcm\u00fcm\u00fczde bulunan laboratuvarlarda in\u015faat malzeme ve sulama suyu kriterleri ile ilgili deneyler yap\u0131lmaktad\u0131r.<\/p><ul><li>Sulama suyu kriterlerinden pH, EC, Na<sup>+<\/sup>, K<sup>+<\/sup>, Ca<sup>+<\/sup>, Cl<sup>&#8211;<\/sup>, \u00a0belirlenmektedir.<\/li><li>Elek analizi (Gron\u00fclometri tayini), Likit ve Plastik Limit tayini, beton bas\u0131n\u00e7 ve \u00e7ekme dayan\u0131m\u0131 testleri yap\u0131lmaktad\u0131r.<\/li><li>B\u00f6l\u00fcm\u00fcm\u00fczde Tar\u0131msal Yap\u0131 Projeleri, Sera Projeleri ve Sulama Sistemleri Tasar\u0131m\u0131 yap\u0131lmaktad\u0131r.<\/li><\/ul>\t\t\t\t\t\t\t\t<\/div>\n\t\t\t\t<\/div>\n\t\t\t\t\t<\/div>\n\t\t<\/div>\n\t\t\t\t\t<\/div>\n\t\t<\/section>\n\t\t\t\t<\/div>\n\t\t","protected":false},"excerpt":{"rendered":"<p>B\u00f6l\u00fcm\u00fcm\u00fczde bulunan laboratuvarlarda in\u015faat malzeme ve sulama suyu kriterleri ile ilgili deneyler yap\u0131lmaktad\u0131r. Sulama suyu kriterlerinden pH, EC, Na+, K+, Ca+, Cl&#8211;, \u00a0belirlenmektedir. Elek analizi (Gron\u00fclometri tayini), Likit ve Plastik Limit tayini, beton bas\u0131n\u00e7 ve \u00e7ekme dayan\u0131m\u0131 testleri yap\u0131lmaktad\u0131r. B\u00f6l\u00fcm\u00fcm\u00fczde Tar\u0131msal Yap\u0131 Projeleri, Sera Projeleri ve Sulama Sistemleri Tasar\u0131m\u0131 yap\u0131lmaktad\u0131r.<\/p>\n","protected":false},"author":145,"featured_media":0,"parent":0,"menu_order":0,"comment_status":"closed","ping_status":"closed","template":"","meta":{"footnotes":""},"class_list":["post-6416","page","type-page","status-publish","hentry"],"_links":{"self":[{"href":"https:\/\/atauni.edu.tr\/tarimsal-yapilar-ve-sulama-bolumu\/wp-json\/wp\/v2\/pages\/6416","targetHints":{"allow":["GET"]}}],"collection":[{"href":"https:\/\/atauni.edu.tr\/tarimsal-yapilar-ve-sulama-bolumu\/wp-json\/wp\/v2\/pages"}],"about":[{"href":"https:\/\/atauni.edu.tr\/tarimsal-yapilar-ve-sulama-bolumu\/wp-json\/wp\/v2\/types\/page"}],"author":[{"embeddable":true,"href":"https:\/\/atauni.edu.tr\/tarimsal-yapilar-ve-sulama-bolumu\/wp-json\/wp\/v2\/users\/145"}],"replies":[{"embeddable":true,"href":"https:\/\/atauni.edu.tr\/tarimsal-yapilar-ve-sulama-bolumu\/wp-json\/wp\/v2\/comments?post=6416"}],"version-history":[{"count":8,"href":"https:\/\/atauni.edu.tr\/tarimsal-yapilar-ve-sulama-bolumu\/wp-json\/wp\/v2\/pages\/6416\/revisions"}],"predecessor-version":[{"id":6432,"href":"https:\/\/atauni.edu.tr\/tarimsal-yapilar-ve-sulama-bolumu\/wp-json\/wp\/v2\/pages\/6416\/revisions\/6432"}],"wp:attachment":[{"href":"https:\/\/atauni.edu.tr\/tarimsal-yapilar-ve-sulama-bolumu\/wp-json\/wp\/v2\/media?parent=6416"}],"curies":[{"name":"wp","href":"https:\/\/api.w.org\/{rel}","templated":true}]}}