{"id":6488,"date":"2025-06-26T14:15:39","date_gmt":"2025-06-26T11:15:39","guid":{"rendered":"https:\/\/birimler.atauni.edu.tr\/tarimsal-yapilar-ve-sulama-bolumu\/?page_id=6488"},"modified":"2025-08-03T14:30:16","modified_gmt":"2025-08-03T11:30:16","slug":"duyurular","status":"publish","type":"page","link":"https:\/\/atauni.edu.tr\/tarimsal-yapilar-ve-sulama-bolumu\/duyurular\/","title":{"rendered":"Duyurular"},"content":{"rendered":"<form method=\"get\" class=\"row g-3\" style=\"margin-bottom: 20px;\"><div class=\"col-md-3\"><input type=\"text\" name=\"Duyuru_ara\" class=\"form-control\" placeholder=\"Duyuru ara...\" value=\"\"><\/div><div class=\"col-md-3\"><input type=\"date\" name=\"baslangic_tarihi\" class=\"form-control\" value=\"\"><\/div><div class=\"col-md-3\"><input type=\"date\" name=\"bitis_tarihi\" class=\"form-control\" value=\"\"><\/div><div class=\"col-md-3\"><button type=\"submit\" class=\"btn btn-secondary w-50\">Filtrele<\/button><\/div><\/form><ul class=\"kategori-yazilari-liste\"><li style=\"display: flex; margin-bottom: 10px; align-items: center;\"><div class=\"post-content\" style=\"flex-grow: 1;\"><span class=\"post-date Duyurutarih\" style=\"display: block; font-weight: bold; margin-bottom: 5px;\">3 Mart 2026<\/span><a class=\"Duyurubaslik\" href=\"https:\/\/atauni.edu.tr\/tarimsal-yapilar-ve-sulama-bolumu\/2026\/03\/03\/akademik-takvim-2025-2026\/\">Akademik Takvim 2025-2026<\/a><\/div><\/li><li style=\"display: flex; margin-bottom: 10px; align-items: center;\"><div class=\"post-content\" style=\"flex-grow: 1;\"><span class=\"post-date Duyurutarih\" style=\"display: block; font-weight: bold; margin-bottom: 5px;\">26 \u015eubat 2026<\/span><a class=\"Duyurubaslik\" href=\"https:\/\/atauni.edu.tr\/tarimsal-yapilar-ve-sulama-bolumu\/2026\/02\/26\/2025-2026-bahar-yariyili-ders-programi\/\">2025-2026 Bahar Yar\u0131y\u0131l\u0131 Ders Program\u0131<\/a><\/div><\/li><\/ul>\n\n\n\n<p><\/p>\n","protected":false},"excerpt":{"rendered":"","protected":false},"author":8,"featured_media":0,"parent":0,"menu_order":0,"comment_status":"closed","ping_status":"closed","template":"","meta":{"footnotes":""},"class_list":["post-6488","page","type-page","status-publish","hentry"],"_links":{"self":[{"href":"https:\/\/atauni.edu.tr\/tarimsal-yapilar-ve-sulama-bolumu\/wp-json\/wp\/v2\/pages\/6488","targetHints":{"allow":["GET"]}}],"collection":[{"href":"https:\/\/atauni.edu.tr\/tarimsal-yapilar-ve-sulama-bolumu\/wp-json\/wp\/v2\/pages"}],"about":[{"href":"https:\/\/atauni.edu.tr\/tarimsal-yapilar-ve-sulama-bolumu\/wp-json\/wp\/v2\/types\/page"}],"author":[{"embeddable":true,"href":"https:\/\/atauni.edu.tr\/tarimsal-yapilar-ve-sulama-bolumu\/wp-json\/wp\/v2\/users\/8"}],"replies":[{"embeddable":true,"href":"https:\/\/atauni.edu.tr\/tarimsal-yapilar-ve-sulama-bolumu\/wp-json\/wp\/v2\/comments?post=6488"}],"version-history":[{"count":2,"href":"https:\/\/atauni.edu.tr\/tarimsal-yapilar-ve-sulama-bolumu\/wp-json\/wp\/v2\/pages\/6488\/revisions"}],"predecessor-version":[{"id":6496,"href":"https:\/\/atauni.edu.tr\/tarimsal-yapilar-ve-sulama-bolumu\/wp-json\/wp\/v2\/pages\/6488\/revisions\/6496"}],"wp:attachment":[{"href":"https:\/\/atauni.edu.tr\/tarimsal-yapilar-ve-sulama-bolumu\/wp-json\/wp\/v2\/media?parent=6488"}],"curies":[{"name":"wp","href":"https:\/\/api.w.org\/{rel}","templated":true}]}}