{"id":5638,"date":"2021-07-13T09:49:25","date_gmt":"2021-07-13T06:49:25","guid":{"rendered":"https:\/\/portaltest.atauni.edu.tr\/bilgisayar-muhendisligi\/?page_id=5638"},"modified":"2021-12-20T16:39:39","modified_gmt":"2021-12-20T13:39:39","slug":"tarihce","status":"publish","type":"page","link":"https:\/\/atauni.edu.tr\/tarla-bitkileri-bolumu\/tarihce\/","title":{"rendered":"Tarih\u00e7e"},"content":{"rendered":"\t\t<div data-elementor-type=\"wp-page\" data-elementor-id=\"5638\" class=\"elementor elementor-5638\" data-elementor-post-type=\"page\">\n\t\t\t\t\t\t<section class=\"elementor-section elementor-top-section elementor-element elementor-element-730d320 elementor-section-boxed elementor-section-height-default elementor-section-height-default\" data-id=\"730d320\" data-element_type=\"section\">\n\t\t\t\t\t\t<div class=\"elementor-container elementor-column-gap-default\">\n\t\t\t\t\t<div class=\"elementor-column elementor-col-100 elementor-top-column elementor-element elementor-element-753d0860\" data-id=\"753d0860\" data-element_type=\"column\">\n\t\t\t<div class=\"elementor-widget-wrap\">\n\t\t\t\t\t\t\t<\/div>\n\t\t<\/div>\n\t\t\t\t\t<\/div>\n\t\t<\/section>\n\t\t\t\t<section class=\"elementor-section elementor-top-section elementor-element elementor-element-9be811a elementor-section-boxed elementor-section-height-default elementor-section-height-default\" data-id=\"9be811a\" data-element_type=\"section\">\n\t\t\t\t\t\t<div class=\"elementor-container elementor-column-gap-default\">\n\t\t\t\t\t<div class=\"elementor-column elementor-col-100 elementor-top-column elementor-element elementor-element-1ed847b7\" data-id=\"1ed847b7\" data-element_type=\"column\">\n\t\t\t<div class=\"elementor-widget-wrap elementor-element-populated\">\n\t\t\t\t\t\t<div class=\"elementor-element elementor-element-4ce0d07f elementor-widget elementor-widget-heading\" data-id=\"4ce0d07f\" data-element_type=\"widget\" data-widget_type=\"heading.default\">\n\t\t\t\t<div class=\"elementor-widget-container\">\n\t\t\t\t\t<h2 class=\"elementor-heading-title elementor-size-default\">Tarih\u00e7e<\/h2>\t\t\t\t<\/div>\n\t\t\t\t<\/div>\n\t\t\t\t<div class=\"elementor-element elementor-element-63260862 elementor-widget-divider--view-line elementor-widget elementor-widget-divider\" data-id=\"63260862\" data-element_type=\"widget\" data-widget_type=\"divider.default\">\n\t\t\t\t<div class=\"elementor-widget-container\">\n\t\t\t\t\t\t\t<div class=\"elementor-divider\">\n\t\t\t<span class=\"elementor-divider-separator\">\n\t\t\t\t\t\t<\/span>\n\t\t<\/div>\n\t\t\t\t\t\t<\/div>\n\t\t\t\t<\/div>\n\t\t\t\t\t<\/div>\n\t\t<\/div>\n\t\t\t\t\t<\/div>\n\t\t<\/section>\n\t\t\t\t<section class=\"elementor-section elementor-top-section elementor-element elementor-element-681db8b elementor-section-boxed elementor-section-height-default elementor-section-height-default\" data-id=\"681db8b\" data-element_type=\"section\">\n\t\t\t\t\t\t<div class=\"elementor-container elementor-column-gap-default\">\n\t\t\t\t\t<div class=\"elementor-column elementor-col-100 elementor-top-column elementor-element elementor-element-ad4dac5\" data-id=\"ad4dac5\" data-element_type=\"column\">\n\t\t\t<div class=\"elementor-widget-wrap elementor-element-populated\">\n\t\t\t\t\t\t<div class=\"elementor-element elementor-element-2f96b3d elementor-widget elementor-widget-text-editor\" data-id=\"2f96b3d\" data-element_type=\"widget\" data-widget_type=\"text-editor.default\">\n\t\t\t\t<div class=\"elementor-widget-container\">\n\t\t\t\t\t\t\t\t\t<div><p class=\"MsoNormal\"><span style=\"font-size: 12.0pt;line-height: 107%;font-family: 'Times New Roman',serif\">Atat\u00fcrk \u00dcniversitesi Kurulu\u015f Kanunu\u2019nun 31.05.1957 tarihinde T\u00fcrkiye B\u00fcy\u00fck Millet Meclisi\u2019nde yasala\u015fmas\u0131yla kurulan Ziraat Fak\u00fcltesi 1958 y\u0131l\u0131 Kas\u0131m ay\u0131nda \u00f6\u011fretime ba\u015flam\u0131\u015ft\u0131r. Ziraat Fak\u00fcltesi b\u00fcnyesinde 1961 y\u0131l\u0131nda kurulan Fitotekni B\u00f6l\u00fcm\u00fcnde faaliyetlerine ba\u015flam\u0131\u015f olan Tarla Bitkileri k\u00fcrs\u00fcs\u00fc, 26.03.1969 tarihinde b\u00f6l\u00fcm stat\u00fcs\u00fc kazanm\u0131\u015ft\u0131r. \u0130lk b\u00f6l\u00fcm ba\u015fkanl\u0131\u011f\u0131na 1969 y\u0131l\u0131nda Prof. Dr. Fahrettin Tosun atanm\u0131\u015f ve bu g\u00f6revi 1978 y\u0131l\u0131na kadar y\u00fcr\u00fctm\u00fc\u015ft\u00fcr.<\/span><\/p><\/div><div>\u00a0<\/div>\t\t\t\t\t\t\t\t<\/div>\n\t\t\t\t<\/div>\n\t\t\t\t\t<\/div>\n\t\t<\/div>\n\t\t\t\t\t<\/div>\n\t\t<\/section>\n\t\t\t\t<\/div>\n\t\t","protected":false},"excerpt":{"rendered":"<p>Tarih\u00e7e Atat\u00fcrk \u00dcniversitesi Kurulu\u015f Kanunu\u2019nun 31.05.1957 tarihinde T\u00fcrkiye B\u00fcy\u00fck Millet Meclisi\u2019nde yasala\u015fmas\u0131yla kurulan Ziraat Fak\u00fcltesi 1958 y\u0131l\u0131 Kas\u0131m ay\u0131nda \u00f6\u011fretime ba\u015flam\u0131\u015ft\u0131r. Ziraat Fak\u00fcltesi b\u00fcnyesinde 1961 y\u0131l\u0131nda kurulan Fitotekni B\u00f6l\u00fcm\u00fcnde faaliyetlerine ba\u015flam\u0131\u015f olan Tarla Bitkileri k\u00fcrs\u00fcs\u00fc, 26.03.1969 tarihinde b\u00f6l\u00fcm stat\u00fcs\u00fc kazanm\u0131\u015ft\u0131r. \u0130lk b\u00f6l\u00fcm ba\u015fkanl\u0131\u011f\u0131na 1969 y\u0131l\u0131nda Prof. Dr. Fahrettin Tosun atanm\u0131\u015f ve bu g\u00f6revi 1978 y\u0131l\u0131na [&hellip;]<\/p>\n","protected":false},"author":1,"featured_media":0,"parent":0,"menu_order":0,"comment_status":"closed","ping_status":"closed","template":"","meta":{"footnotes":""},"class_list":["post-5638","page","type-page","status-publish","hentry"],"_links":{"self":[{"href":"https:\/\/atauni.edu.tr\/tarla-bitkileri-bolumu\/wp-json\/wp\/v2\/pages\/5638","targetHints":{"allow":["GET"]}}],"collection":[{"href":"https:\/\/atauni.edu.tr\/tarla-bitkileri-bolumu\/wp-json\/wp\/v2\/pages"}],"about":[{"href":"https:\/\/atauni.edu.tr\/tarla-bitkileri-bolumu\/wp-json\/wp\/v2\/types\/page"}],"author":[{"embeddable":true,"href":"https:\/\/atauni.edu.tr\/tarla-bitkileri-bolumu\/wp-json\/wp\/v2\/users\/1"}],"replies":[{"embeddable":true,"href":"https:\/\/atauni.edu.tr\/tarla-bitkileri-bolumu\/wp-json\/wp\/v2\/comments?post=5638"}],"version-history":[{"count":28,"href":"https:\/\/atauni.edu.tr\/tarla-bitkileri-bolumu\/wp-json\/wp\/v2\/pages\/5638\/revisions"}],"predecessor-version":[{"id":6166,"href":"https:\/\/atauni.edu.tr\/tarla-bitkileri-bolumu\/wp-json\/wp\/v2\/pages\/5638\/revisions\/6166"}],"wp:attachment":[{"href":"https:\/\/atauni.edu.tr\/tarla-bitkileri-bolumu\/wp-json\/wp\/v2\/media?parent=5638"}],"curies":[{"name":"wp","href":"https:\/\/api.w.org\/{rel}","templated":true}]}}