{"id":5682,"date":"2021-07-13T10:10:01","date_gmt":"2021-07-13T07:10:01","guid":{"rendered":"https:\/\/portaltest.atauni.edu.tr\/bilgisayar-muhendisligi\/?page_id=5682"},"modified":"2022-06-21T12:33:16","modified_gmt":"2022-06-21T09:33:16","slug":"misyon-vizyon-ve-temel-degerler","status":"publish","type":"page","link":"https:\/\/atauni.edu.tr\/tarla-bitkileri-bolumu\/misyon-vizyon-ve-temel-degerler\/","title":{"rendered":"Misyon, Vizyon ve Temel De\u011ferler"},"content":{"rendered":"\t\t<div data-elementor-type=\"wp-page\" data-elementor-id=\"5682\" class=\"elementor elementor-5682\" data-elementor-post-type=\"page\">\n\t\t\t\t\t\t<section class=\"elementor-section elementor-top-section elementor-element elementor-element-730d320 elementor-section-boxed elementor-section-height-default elementor-section-height-default\" data-id=\"730d320\" data-element_type=\"section\">\n\t\t\t\t\t\t<div class=\"elementor-container elementor-column-gap-default\">\n\t\t\t\t\t<div class=\"elementor-column elementor-col-100 elementor-top-column elementor-element elementor-element-753d0860\" data-id=\"753d0860\" data-element_type=\"column\">\n\t\t\t<div class=\"elementor-widget-wrap\">\n\t\t\t\t\t\t\t<\/div>\n\t\t<\/div>\n\t\t\t\t\t<\/div>\n\t\t<\/section>\n\t\t\t\t<section class=\"elementor-section elementor-top-section elementor-element elementor-element-681db8b elementor-section-boxed elementor-section-height-default elementor-section-height-default\" data-id=\"681db8b\" data-element_type=\"section\">\n\t\t\t\t\t\t<div class=\"elementor-container elementor-column-gap-default\">\n\t\t\t\t\t<div class=\"elementor-column elementor-col-100 elementor-top-column elementor-element elementor-element-ad4dac5\" data-id=\"ad4dac5\" data-element_type=\"column\">\n\t\t\t<div class=\"elementor-widget-wrap elementor-element-populated\">\n\t\t\t\t\t\t<div class=\"elementor-element elementor-element-2f96b3d elementor-widget elementor-widget-text-editor\" data-id=\"2f96b3d\" data-element_type=\"widget\" data-widget_type=\"text-editor.default\">\n\t\t\t\t<div class=\"elementor-widget-container\">\n\t\t\t\t\t\t\t\t\t<p><strong>M\u0130SYON<\/strong><\/p><p>\u201cHayat\u0131n Hizmetinde\u201d,<\/p><p>Tarla Bitkileri B\u00f6l\u00fcm\u00fc T\u00fcrkiye Cumhuriyeti\u2019nin yenilik\u00e7i ve ilkeli e\u011fitim prensipleri do\u011frultusunda, bilimsel ve entelekt\u00fcel alanda g\u00fcnceli takip edebilecek yeterlilik ve donan\u0131ma sahip, b\u00f6lge ve \u00fclke tar\u0131m\u0131na katk\u0131 sa\u011flayan, h\u0131zl\u0131 ve do\u011fru karar verebilme yetene\u011fine sahip ara\u015ft\u0131rmac\u0131 ziraat m\u00fchendisleri yeti\u015ftirmeyi ama\u00e7lamaktad\u0131r. B\u00f6ylece b\u00f6l\u00fcm\u00fcm\u00fcz b\u00f6lge ve \u00fclke tar\u0131m\u0131na katk\u0131 sa\u011flamay\u0131, tarla bitkileri yeti\u015ftiricili\u011fi ile ilgili ya\u015fanan sorunlar\u0131n \u00e7\u00f6z\u00fcm\u00fcne hizmet etmeyi, \u00fcniversitemizin misyon olarak belirledi\u011fi \u201cHayat\u0131n Hizmetinde\u201d olmay\u0131 ama\u00e7lamaktad\u0131r.<\/p><p>\u00a0<\/p><p><strong>V\u0130ZYON<\/strong><\/p><p>\u201cHep \u0130leriye\u201d,<\/p><p>Atat\u00fcrk \u00dcniversitesi\u2019nin kendine vizyon olarak belirledi\u011fi \u201cHep \u0130leriye\u201d slogan\u0131 do\u011frultusunda b\u00f6l\u00fcm\u00fcm\u00fcz, uluslararas\u0131 yay\u0131nlar\u0131 ve g\u00fcncel geli\u015fmeleri takip eden, tarla bitkileri yeti\u015ftiricili\u011fi ve \u0131slah\u0131 alan\u0131ndaki geli\u015fmelere katk\u0131da bulunan, \u00e7a\u011fda\u015f, yenilik\u00e7i, alan\u0131nda tan\u0131nan ve tercih edilen, kaliteli hizmet ve e\u011fitimi ilke haline getirmi\u015f bir b\u00f6l\u00fcm olmay\u0131 hedeflemektedir.<\/p><p>\u00a0<\/p><p><strong>TEMEL DE\u011eERLER<\/strong><\/p><p><strong>Bilimsellik<\/strong>: Ald\u0131\u011f\u0131 kararlarda ve uygulamalarda bilimsel kriterleri ve do\u011frular\u0131 temel al\u0131r.<\/p><p><strong>Yenilik\u00e7ilik ve Giri\u015fimcilik<\/strong>: Tarla Bitkileri alan\u0131nda edinilen kurumsal ve uygulamal\u0131 bilgiler, temel bilimler ile harmanlanarak kararlar al\u0131n\u0131r ve uygulan\u0131r. Bu do\u011frultuda; ekonomi, \u00e7evre, s\u00fcrd\u00fcr\u00fclebilirlik, sa\u011fl\u0131k ve etik konular g\u00f6z \u00f6n\u00fcnde bulundurularak bitkisel \u00fcretimde verimlili\u011fi ve kaliteyi art\u0131rmaya y\u00f6nelik \u00e7al\u0131\u015fmalar planlan\u0131p hayata ge\u00e7irilir.<\/p><p><strong>Kat\u0131l\u0131mc\u0131l\u0131k ve Payla\u015f\u0131mc\u0131l\u0131k<\/strong>: Ger\u00e7ekle\u015ftirilen faaliyet ve etkinliklerde kararlar kat\u0131l\u0131ml\u0131 bir \u015fekilde al\u0131n\u0131r, bilgiler \u015feffaf bir \u015fekilde payla\u015f\u0131l\u0131r.<\/p><p><strong>\u00d6\u011frenme Odakl\u0131l\u0131k<\/strong>: T\u00fcm bireylerin bilimsellik ve etik ilkeler do\u011frultusunda ara\u015ft\u0131rma, analiz etme, \u00fcretme ve payla\u015fma y\u00f6n\u00fcnde \u00f6zelliklerinin geli\u015ftirilmesini hedefler.<\/p><p><strong>Eme\u011fe sayg\u0131 g\u00f6sterme ve ba\u015far\u0131y\u0131 takdir etme<\/strong>: Bilime, ya\u015fama, s\u00fcrd\u00fcr\u00fclebilir kalk\u0131nmaya ve topluma katk\u0131 sa\u011flayan her t\u00fcrl\u00fc faaliyete sayg\u0131 g\u00f6sterilir.<\/p><p><strong>Ulusal ve evrensel de\u011ferlere ba\u011fl\u0131l\u0131k<\/strong>: \u00dclkemizin temel de\u011ferlerine ba\u011fl\u0131 kal\u0131narak muas\u0131r medeniyetler seviyesine y\u00fckselmesine ve evrensel de\u011ferlere sahip \u00e7\u0131k\u0131lmas\u0131na y\u00f6nelik bir yakla\u015f\u0131m sergilenir.<\/p><p><strong>Toplumsal, k\u00fclt\u00fcrel, \u00e7evresel ve sanatsal duyarl\u0131l\u0131k<\/strong>: Toplumsal alanlardaki sorun ve ihtiya\u00e7lara kar\u015f\u0131 duyarl\u0131 davran\u0131l\u0131r.<\/p>\t\t\t\t\t\t\t\t<\/div>\n\t\t\t\t<\/div>\n\t\t\t\t\t<\/div>\n\t\t<\/div>\n\t\t\t\t\t<\/div>\n\t\t<\/section>\n\t\t\t\t<\/div>\n\t\t","protected":false},"excerpt":{"rendered":"<p>M\u0130SYON \u201cHayat\u0131n Hizmetinde\u201d, Tarla Bitkileri B\u00f6l\u00fcm\u00fc T\u00fcrkiye Cumhuriyeti\u2019nin yenilik\u00e7i ve ilkeli e\u011fitim prensipleri do\u011frultusunda, bilimsel ve entelekt\u00fcel alanda g\u00fcnceli takip edebilecek yeterlilik ve donan\u0131ma sahip, b\u00f6lge ve \u00fclke tar\u0131m\u0131na katk\u0131 sa\u011flayan, h\u0131zl\u0131 ve do\u011fru karar verebilme yetene\u011fine sahip ara\u015ft\u0131rmac\u0131 ziraat m\u00fchendisleri yeti\u015ftirmeyi ama\u00e7lamaktad\u0131r. B\u00f6ylece b\u00f6l\u00fcm\u00fcm\u00fcz b\u00f6lge ve \u00fclke tar\u0131m\u0131na katk\u0131 sa\u011flamay\u0131, tarla bitkileri yeti\u015ftiricili\u011fi ile [&hellip;]<\/p>\n","protected":false},"author":1,"featured_media":0,"parent":0,"menu_order":0,"comment_status":"closed","ping_status":"closed","template":"elementor_header_footer","meta":{"footnotes":""},"class_list":["post-5682","page","type-page","status-publish","hentry"],"_links":{"self":[{"href":"https:\/\/atauni.edu.tr\/tarla-bitkileri-bolumu\/wp-json\/wp\/v2\/pages\/5682","targetHints":{"allow":["GET"]}}],"collection":[{"href":"https:\/\/atauni.edu.tr\/tarla-bitkileri-bolumu\/wp-json\/wp\/v2\/pages"}],"about":[{"href":"https:\/\/atauni.edu.tr\/tarla-bitkileri-bolumu\/wp-json\/wp\/v2\/types\/page"}],"author":[{"embeddable":true,"href":"https:\/\/atauni.edu.tr\/tarla-bitkileri-bolumu\/wp-json\/wp\/v2\/users\/1"}],"replies":[{"embeddable":true,"href":"https:\/\/atauni.edu.tr\/tarla-bitkileri-bolumu\/wp-json\/wp\/v2\/comments?post=5682"}],"version-history":[{"count":38,"href":"https:\/\/atauni.edu.tr\/tarla-bitkileri-bolumu\/wp-json\/wp\/v2\/pages\/5682\/revisions"}],"predecessor-version":[{"id":6555,"href":"https:\/\/atauni.edu.tr\/tarla-bitkileri-bolumu\/wp-json\/wp\/v2\/pages\/5682\/revisions\/6555"}],"wp:attachment":[{"href":"https:\/\/atauni.edu.tr\/tarla-bitkileri-bolumu\/wp-json\/wp\/v2\/media?parent=5682"}],"curies":[{"name":"wp","href":"https:\/\/api.w.org\/{rel}","templated":true}]}}