{"id":5791,"date":"2021-07-13T13:07:15","date_gmt":"2021-07-13T10:07:15","guid":{"rendered":"https:\/\/portaltest.atauni.edu.tr\/bilgisayar-muhendisligi\/?page_id=5791"},"modified":"2022-03-02T10:16:34","modified_gmt":"2022-03-02T07:16:34","slug":"staj","status":"publish","type":"page","link":"https:\/\/atauni.edu.tr\/tarla-bitkileri-bolumu\/staj\/","title":{"rendered":"Staj"},"content":{"rendered":"\t\t<div data-elementor-type=\"wp-page\" data-elementor-id=\"5791\" class=\"elementor elementor-5791\" data-elementor-post-type=\"page\">\n\t\t\t\t\t\t<section class=\"elementor-section elementor-top-section elementor-element elementor-element-730d320 elementor-section-boxed elementor-section-height-default elementor-section-height-default\" data-id=\"730d320\" data-element_type=\"section\">\n\t\t\t\t\t\t<div class=\"elementor-container elementor-column-gap-default\">\n\t\t\t\t\t<div class=\"elementor-column elementor-col-100 elementor-top-column elementor-element elementor-element-753d0860\" data-id=\"753d0860\" data-element_type=\"column\">\n\t\t\t<div class=\"elementor-widget-wrap\">\n\t\t\t\t\t\t\t<\/div>\n\t\t<\/div>\n\t\t\t\t\t<\/div>\n\t\t<\/section>\n\t\t\t\t<section class=\"elementor-section elementor-top-section elementor-element elementor-element-9be811a elementor-section-boxed elementor-section-height-default elementor-section-height-default\" data-id=\"9be811a\" data-element_type=\"section\">\n\t\t\t\t\t\t<div class=\"elementor-container elementor-column-gap-default\">\n\t\t\t\t\t<div class=\"elementor-column elementor-col-100 elementor-top-column elementor-element elementor-element-1ed847b7\" data-id=\"1ed847b7\" data-element_type=\"column\">\n\t\t\t<div class=\"elementor-widget-wrap elementor-element-populated\">\n\t\t\t\t\t\t<div class=\"elementor-element elementor-element-4ce0d07f elementor-widget elementor-widget-heading\" data-id=\"4ce0d07f\" data-element_type=\"widget\" data-widget_type=\"heading.default\">\n\t\t\t\t<div class=\"elementor-widget-container\">\n\t\t\t\t\t<h2 class=\"elementor-heading-title elementor-size-default\">Staj<\/h2>\t\t\t\t<\/div>\n\t\t\t\t<\/div>\n\t\t\t\t<div class=\"elementor-element elementor-element-63260862 elementor-widget-divider--view-line elementor-widget elementor-widget-divider\" data-id=\"63260862\" data-element_type=\"widget\" data-widget_type=\"divider.default\">\n\t\t\t\t<div class=\"elementor-widget-container\">\n\t\t\t\t\t\t\t<div class=\"elementor-divider\">\n\t\t\t<span class=\"elementor-divider-separator\">\n\t\t\t\t\t\t<\/span>\n\t\t<\/div>\n\t\t\t\t\t\t<\/div>\n\t\t\t\t<\/div>\n\t\t\t\t\t<\/div>\n\t\t<\/div>\n\t\t\t\t\t<\/div>\n\t\t<\/section>\n\t\t\t\t<section class=\"elementor-section elementor-top-section elementor-element elementor-element-10e8347 elementor-section-boxed elementor-section-height-default elementor-section-height-default\" data-id=\"10e8347\" data-element_type=\"section\">\n\t\t\t\t\t\t<div class=\"elementor-container elementor-column-gap-default\">\n\t\t\t\t\t<div class=\"elementor-column elementor-col-100 elementor-top-column elementor-element elementor-element-795ab05\" data-id=\"795ab05\" data-element_type=\"column\">\n\t\t\t<div class=\"elementor-widget-wrap elementor-element-populated\">\n\t\t\t\t\t\t<div class=\"elementor-element elementor-element-4524745 elementor-widget elementor-widget-text-editor\" data-id=\"4524745\" data-element_type=\"widget\" data-widget_type=\"text-editor.default\">\n\t\t\t\t<div class=\"elementor-widget-container\">\n\t\t\t\t\t\t\t\t\t<p>Tarla Bitkileri B\u00f6l\u00fcm\u00fc zorunlu staj uygulamas\u0131n\u0131n temel amac\u0131; b\u00f6l\u00fcm\u00fcm\u00fcz \u00f6\u011frencilerine e\u011fitimini alm\u0131\u015f olduklar\u0131 mesleki program ile ilgili olarak edindikleri bilgilerin uygulama alanlar\u0131 kapsam\u0131nda bilgi, beceri ve yetenek kazand\u0131rmakt\u0131r.<\/p><p>Her \u00f6\u011frenci, pratik \u00e7al\u0131\u015fma deneyimi kazanmak ve uygulama yeteneklerini geli\u015ftirmek amac\u0131 ile fak\u00fclte\/ b\u00f6l\u00fcm\/ program staj komisyonlar\u0131 taraf\u0131ndan uygun g\u00f6r\u00fclen kurulu\u015flarda staj uygulama esaslar\u0131 do\u011frultusunda staj yapmak zorundad\u0131r.<\/p><p>B\u00f6l\u00fcm\u00fcm\u00fcz zorunlu staj uygulamas\u0131, 30 i\u015f g\u00fcn\u00fc olup 6. yar\u0131y\u0131l sonunda tar\u0131msal \u00fcretimle ilgili olan \u00e7e\u015fitli kamu kurum ve kurulu\u015flar\u0131nda (T.C Tar\u0131m ve Orman Bakanl\u0131\u011f\u0131\u2019na ba\u011fl\u0131 \u0130l ve \u0130l\u00e7e M\u00fcd\u00fcrl\u00fckleri, Tar\u0131msal Ara\u015ft\u0131rma Enstit\u00fcleri, Tar\u0131m Kredi Kooperatifleri, Tigem vb), \u00f6zel sekt\u00f6rde (tohum, g\u00fcbre, tar\u0131msal ila\u00e7 gibi \u00e7e\u015fitli tar\u0131msal \u00fcr\u00fcnlerin \u00fcretimini yapan veya bu \u00fcr\u00fcnlerin pazarlanmas\u0131 gibi faaliyetlerde bulunan kurulu\u015flar) veya b\u00f6l\u00fcm\u00fcm\u00fcz b\u00fcnyesinde yap\u0131labilmektedir.<\/p>\n<p>Ayr\u0131ca Atat\u00fcrk \u00dcniversitesi Staj Uygulama Esaslar\u0131 Y\u00f6nergesi a\u015fa\u011f\u0131da verilmi\u015ftir.<span style=\"letter-spacing: 0px\">&nbsp;<\/span><\/p>\n<p>https:\/\/atauni.edu.tr\/yuklemeler\/46d5e9254e15124c3742d974e2a686e3.p<\/p>\t\t\t\t\t\t\t\t<\/div>\n\t\t\t\t<\/div>\n\t\t\t\t\t<\/div>\n\t\t<\/div>\n\t\t\t\t\t<\/div>\n\t\t<\/section>\n\t\t\t\t<section class=\"elementor-section elementor-top-section elementor-element elementor-element-2feed4d elementor-section-boxed elementor-section-height-default elementor-section-height-default\" data-id=\"2feed4d\" data-element_type=\"section\">\n\t\t\t\t\t\t<div class=\"elementor-container elementor-column-gap-default\">\n\t\t\t\t\t<div class=\"elementor-column elementor-col-100 elementor-top-column elementor-element elementor-element-54b7d9a\" data-id=\"54b7d9a\" data-element_type=\"column\">\n\t\t\t<div class=\"elementor-widget-wrap elementor-element-populated\">\n\t\t\t\t\t\t<div class=\"elementor-element elementor-element-6793c23 elementor-widget elementor-widget-pdf_viewer\" data-id=\"6793c23\" data-element_type=\"widget\" data-widget_type=\"pdf_viewer.default\">\n\t\t\t\t<div class=\"elementor-widget-container\">\n\t\t\t\t\t<iframe src=\"https:\/\/docs.google.com\/viewer?url=http:\/\/birimler.atauni.edu.tr\/tarla-bitkileri-bolumu\/wp-content\/uploads\/sites\/164\/2022\/03\/Yol_Haritasi.pdf&amp;embedded=true\" style=\"display: block; margin-left: auto; margin-right: auto; width: 640px; height: 1020px;\" frameborder=\"1\" marginheight=\"0px\" marginwidth=\"0px\" allowfullscreen><\/iframe>\t\t\t\t<\/div>\n\t\t\t\t<\/div>\n\t\t\t\t\t<\/div>\n\t\t<\/div>\n\t\t\t\t\t<\/div>\n\t\t<\/section>\n\t\t\t\t<\/div>\n\t\t","protected":false},"excerpt":{"rendered":"<p>Staj Tarla Bitkileri B\u00f6l\u00fcm\u00fc zorunlu staj uygulamas\u0131n\u0131n temel amac\u0131; b\u00f6l\u00fcm\u00fcm\u00fcz \u00f6\u011frencilerine e\u011fitimini alm\u0131\u015f olduklar\u0131 mesleki program ile ilgili olarak edindikleri bilgilerin uygulama alanlar\u0131 kapsam\u0131nda bilgi, beceri ve yetenek kazand\u0131rmakt\u0131r. Her \u00f6\u011frenci, pratik \u00e7al\u0131\u015fma deneyimi kazanmak ve uygulama yeteneklerini geli\u015ftirmek amac\u0131 ile fak\u00fclte\/ b\u00f6l\u00fcm\/ program staj komisyonlar\u0131 taraf\u0131ndan uygun g\u00f6r\u00fclen kurulu\u015flarda staj uygulama esaslar\u0131 do\u011frultusunda staj [&hellip;]<\/p>\n","protected":false},"author":1,"featured_media":0,"parent":0,"menu_order":0,"comment_status":"closed","ping_status":"closed","template":"elementor_header_footer","meta":{"footnotes":""},"class_list":["post-5791","page","type-page","status-publish","hentry"],"_links":{"self":[{"href":"https:\/\/atauni.edu.tr\/tarla-bitkileri-bolumu\/wp-json\/wp\/v2\/pages\/5791","targetHints":{"allow":["GET"]}}],"collection":[{"href":"https:\/\/atauni.edu.tr\/tarla-bitkileri-bolumu\/wp-json\/wp\/v2\/pages"}],"about":[{"href":"https:\/\/atauni.edu.tr\/tarla-bitkileri-bolumu\/wp-json\/wp\/v2\/types\/page"}],"author":[{"embeddable":true,"href":"https:\/\/atauni.edu.tr\/tarla-bitkileri-bolumu\/wp-json\/wp\/v2\/users\/1"}],"replies":[{"embeddable":true,"href":"https:\/\/atauni.edu.tr\/tarla-bitkileri-bolumu\/wp-json\/wp\/v2\/comments?post=5791"}],"version-history":[{"count":17,"href":"https:\/\/atauni.edu.tr\/tarla-bitkileri-bolumu\/wp-json\/wp\/v2\/pages\/5791\/revisions"}],"predecessor-version":[{"id":6416,"href":"https:\/\/atauni.edu.tr\/tarla-bitkileri-bolumu\/wp-json\/wp\/v2\/pages\/5791\/revisions\/6416"}],"wp:attachment":[{"href":"https:\/\/atauni.edu.tr\/tarla-bitkileri-bolumu\/wp-json\/wp\/v2\/media?parent=5791"}],"curies":[{"name":"wp","href":"https:\/\/api.w.org\/{rel}","templated":true}]}}