{"id":6433,"date":"2022-03-04T11:56:57","date_gmt":"2022-03-04T08:56:57","guid":{"rendered":"https:\/\/birimler.atauni.edu.tr\/tarla-bitkileri-bolumu\/?page_id=6433"},"modified":"2024-05-21T13:31:21","modified_gmt":"2024-05-21T10:31:21","slug":"ic-ve-dis-paydaslar","status":"publish","type":"page","link":"https:\/\/atauni.edu.tr\/tarla-bitkileri-bolumu\/ic-ve-dis-paydaslar\/","title":{"rendered":"\u0130\u00e7 ve D\u0131\u015f Payda\u015flar"},"content":{"rendered":"\t\t<div data-elementor-type=\"wp-page\" data-elementor-id=\"6433\" class=\"elementor elementor-6433\" data-elementor-post-type=\"page\">\n\t\t\t\t\t\t<section class=\"elementor-section elementor-top-section elementor-element elementor-element-730d320 elementor-section-boxed elementor-section-height-default elementor-section-height-default\" data-id=\"730d320\" data-element_type=\"section\">\n\t\t\t\t\t\t<div class=\"elementor-container elementor-column-gap-default\">\n\t\t\t\t\t<div class=\"elementor-column elementor-col-100 elementor-top-column elementor-element elementor-element-753d0860\" data-id=\"753d0860\" data-element_type=\"column\">\n\t\t\t<div class=\"elementor-widget-wrap\">\n\t\t\t\t\t\t\t<\/div>\n\t\t<\/div>\n\t\t\t\t\t<\/div>\n\t\t<\/section>\n\t\t\t\t<section class=\"elementor-section elementor-top-section elementor-element elementor-element-61a2558 elementor-section-boxed elementor-section-height-default elementor-section-height-default\" data-id=\"61a2558\" data-element_type=\"section\">\n\t\t\t\t\t\t<div class=\"elementor-container elementor-column-gap-default\">\n\t\t\t\t\t<div class=\"elementor-column elementor-col-100 elementor-top-column elementor-element elementor-element-3cf7cca\" data-id=\"3cf7cca\" data-element_type=\"column\">\n\t\t\t<div class=\"elementor-widget-wrap elementor-element-populated\">\n\t\t\t\t\t\t<div class=\"elementor-element elementor-element-2f8c476 elementor-widget elementor-widget-heading\" data-id=\"2f8c476\" data-element_type=\"widget\" data-widget_type=\"heading.default\">\n\t\t\t\t<div class=\"elementor-widget-container\">\n\t\t\t\t\t<h2 class=\"elementor-heading-title elementor-size-default\">\u0130\u00e7 ve D\u0131\u015f Payda\u015flar\u0131m\u0131z<\/h2>\t\t\t\t<\/div>\n\t\t\t\t<\/div>\n\t\t\t\t\t<\/div>\n\t\t<\/div>\n\t\t\t\t\t<\/div>\n\t\t<\/section>\n\t\t\t\t<section class=\"elementor-section elementor-top-section elementor-element elementor-element-681db8b elementor-section-boxed elementor-section-height-default elementor-section-height-default\" data-id=\"681db8b\" data-element_type=\"section\">\n\t\t\t\t\t\t<div class=\"elementor-container elementor-column-gap-default\">\n\t\t\t\t\t<div class=\"elementor-column elementor-col-100 elementor-top-column elementor-element elementor-element-ad4dac5\" data-id=\"ad4dac5\" data-element_type=\"column\">\n\t\t\t<div class=\"elementor-widget-wrap elementor-element-populated\">\n\t\t\t\t\t\t<div class=\"elementor-element elementor-element-2f96b3d elementor-widget elementor-widget-text-editor\" data-id=\"2f96b3d\" data-element_type=\"widget\" data-widget_type=\"text-editor.default\">\n\t\t\t\t<div class=\"elementor-widget-container\">\n\t\t\t\t\t\t\t\t\t<strong>\u0130\u00e7 \u00a0payda\u015flar\u0131m\u0131z:\u00a0<\/strong>\n<ul> \t<li>Akademik personel<\/li>\n \t<li>\u00d6\u011frenciler<\/li>\n \t<li>\u0130dari personel<\/li>\n<\/ul>\n<strong>D\u0131\u015f Payda\u015flar\u0131m\u0131z:<\/strong>\n<ul>\n \t<li>Do\u011fu Anadolu Tar\u0131msal Ara\u015ft\u0131rma Enstit\u00fcs\u00fc M\u00fcd\u00fcrl\u00fc\u011f\u00fc<\/li>\n \t<li>Erzurum \u0130l Tar\u0131m ve Orman M\u00fcd\u00fcrl\u00fc\u011f\u00fc<\/li>\n \t<li>Erzurum Tar\u0131m Kredi B\u00f6lge M\u00fcd\u00fcrl\u00fc\u011f\u00fc<\/li>\n \t<li>Toprak Mahsulleri Ofisi<\/li>\n \t<li>TKDK Erzurum \u0130l Koordinat\u00f6rl\u00fc\u011f\u00fc<\/li>\n \t<li>Kuzeydo\u011fu Anadolu Kalk\u0131nma Ajans\u0131<\/li>\n \t<li>Ziraat M\u00fchendisleri Odas\u0131 Erzurum \u015eubesi<\/li>\n \t<li>Do\u011fu Anadolu Ormanc\u0131l\u0131k Ara\u015ft\u0131rma Enstit\u00fcs\u00fc M\u00fcd\u00fcrl\u00fc\u011f\u00fc<\/li>\n<\/ul>\t\t\t\t\t\t\t\t<\/div>\n\t\t\t\t<\/div>\n\t\t\t\t\t<\/div>\n\t\t<\/div>\n\t\t\t\t\t<\/div>\n\t\t<\/section>\n\t\t\t\t<\/div>\n\t\t","protected":false},"excerpt":{"rendered":"<p>\u0130\u00e7 ve D\u0131\u015f Payda\u015flar\u0131m\u0131z \u0130\u00e7 \u00a0payda\u015flar\u0131m\u0131z:\u00a0 Akademik personel \u00d6\u011frenciler \u0130dari personel D\u0131\u015f Payda\u015flar\u0131m\u0131z: Do\u011fu Anadolu Tar\u0131msal Ara\u015ft\u0131rma Enstit\u00fcs\u00fc M\u00fcd\u00fcrl\u00fc\u011f\u00fc Erzurum \u0130l Tar\u0131m ve Orman M\u00fcd\u00fcrl\u00fc\u011f\u00fc Erzurum Tar\u0131m Kredi B\u00f6lge M\u00fcd\u00fcrl\u00fc\u011f\u00fc Toprak Mahsulleri Ofisi TKDK Erzurum \u0130l Koordinat\u00f6rl\u00fc\u011f\u00fc Kuzeydo\u011fu Anadolu Kalk\u0131nma Ajans\u0131 Ziraat M\u00fchendisleri Odas\u0131 Erzurum \u015eubesi Do\u011fu Anadolu Ormanc\u0131l\u0131k Ara\u015ft\u0131rma Enstit\u00fcs\u00fc M\u00fcd\u00fcrl\u00fc\u011f\u00fc<\/p>\n","protected":false},"author":147,"featured_media":0,"parent":0,"menu_order":0,"comment_status":"closed","ping_status":"closed","template":"elementor_header_footer","meta":{"footnotes":""},"class_list":["post-6433","page","type-page","status-publish","hentry"],"_links":{"self":[{"href":"https:\/\/atauni.edu.tr\/tarla-bitkileri-bolumu\/wp-json\/wp\/v2\/pages\/6433","targetHints":{"allow":["GET"]}}],"collection":[{"href":"https:\/\/atauni.edu.tr\/tarla-bitkileri-bolumu\/wp-json\/wp\/v2\/pages"}],"about":[{"href":"https:\/\/atauni.edu.tr\/tarla-bitkileri-bolumu\/wp-json\/wp\/v2\/types\/page"}],"author":[{"embeddable":true,"href":"https:\/\/atauni.edu.tr\/tarla-bitkileri-bolumu\/wp-json\/wp\/v2\/users\/147"}],"replies":[{"embeddable":true,"href":"https:\/\/atauni.edu.tr\/tarla-bitkileri-bolumu\/wp-json\/wp\/v2\/comments?post=6433"}],"version-history":[{"count":23,"href":"https:\/\/atauni.edu.tr\/tarla-bitkileri-bolumu\/wp-json\/wp\/v2\/pages\/6433\/revisions"}],"predecessor-version":[{"id":6827,"href":"https:\/\/atauni.edu.tr\/tarla-bitkileri-bolumu\/wp-json\/wp\/v2\/pages\/6433\/revisions\/6827"}],"wp:attachment":[{"href":"https:\/\/atauni.edu.tr\/tarla-bitkileri-bolumu\/wp-json\/wp\/v2\/media?parent=6433"}],"curies":[{"name":"wp","href":"https:\/\/api.w.org\/{rel}","templated":true}]}}