{"id":6480,"date":"2022-03-29T14:35:52","date_gmt":"2022-03-29T11:35:52","guid":{"rendered":"https:\/\/birimler.atauni.edu.tr\/tarla-bitkileri-bolumu\/?page_id=6480"},"modified":"2025-09-21T16:10:07","modified_gmt":"2025-09-21T13:10:07","slug":"tarla-bitkileri-programi-egitim-amaclari-ve-ciktilari","status":"publish","type":"page","link":"https:\/\/atauni.edu.tr\/tarla-bitkileri-bolumu\/tarla-bitkileri-programi-egitim-amaclari-ve-ciktilari\/","title":{"rendered":"Tarla Bitkileri B\u00f6l\u00fcm\u00fc E\u011fitim Ama\u00e7lar\u0131 ve Program \u00c7\u0131kt\u0131lar\u0131"},"content":{"rendered":"\t\t<div data-elementor-type=\"wp-page\" data-elementor-id=\"6480\" class=\"elementor elementor-6480\" data-elementor-post-type=\"page\">\n\t\t\t\t\t\t<section class=\"elementor-section elementor-top-section elementor-element elementor-element-730d320 elementor-section-boxed elementor-section-height-default elementor-section-height-default\" data-id=\"730d320\" data-element_type=\"section\">\n\t\t\t\t\t\t<div class=\"elementor-container elementor-column-gap-default\">\n\t\t\t\t\t<div class=\"elementor-column elementor-col-100 elementor-top-column elementor-element elementor-element-753d0860\" data-id=\"753d0860\" data-element_type=\"column\">\n\t\t\t<div class=\"elementor-widget-wrap\">\n\t\t\t\t\t\t\t<\/div>\n\t\t<\/div>\n\t\t\t\t\t<\/div>\n\t\t<\/section>\n\t\t\t\t<section class=\"elementor-section elementor-top-section elementor-element elementor-element-681db8b elementor-section-boxed elementor-section-height-default elementor-section-height-default\" data-id=\"681db8b\" data-element_type=\"section\">\n\t\t\t\t\t\t<div class=\"elementor-container elementor-column-gap-default\">\n\t\t\t\t\t<div class=\"elementor-column elementor-col-100 elementor-top-column elementor-element elementor-element-ad4dac5\" data-id=\"ad4dac5\" data-element_type=\"column\">\n\t\t\t<div class=\"elementor-widget-wrap elementor-element-populated\">\n\t\t\t\t\t\t<div class=\"elementor-element elementor-element-2f96b3d elementor-widget elementor-widget-text-editor\" data-id=\"2f96b3d\" data-element_type=\"widget\" data-widget_type=\"text-editor.default\">\n\t\t\t\t<div class=\"elementor-widget-container\">\n\t\t\t\t\t\t\t\t\t<p><strong>Tarla Bitkileri B\u00f6l\u00fcm\u00fc E\u011fitim<\/strong><strong> Ama\u00e7lar\u0131<\/strong><\/p><p><b style=\"letter-spacing: 0px\">EA1.<\/b><span style=\"letter-spacing: 0px\"> Program\u0131m\u0131zdan mezun olan ziraat m\u00fchendisleri kamu kurumlar\u0131nda \u00e7al\u0131\u015fabilirler.<\/span><\/p><p style=\"line-height: 150%\"><b>EA2.<\/b> Mezunlar\u0131m\u0131z kendi tar\u0131m i\u015fletmelerini kurabilirler ve \u00f6zel sekt\u00f6r kurulu\u015flar\u0131nda \u00e7al\u0131\u015fabilirler.<\/p><p style=\"line-height: 150%\"><b>EA3.<\/b> Program\u0131m\u0131zdan mezun olan ziraat m\u00fchendisleri yurt i\u00e7inde ve yurt d\u0131\u015f\u0131nda y\u00fcksek lisans ve doktora programlar\u0131 ile akademik kariyer yapma imk\u00e2n\u0131na sahiptirler.<\/p><p><strong>Tarla Bitkileri B\u00f6l\u00fcm\u00fc Program \u00c7\u0131kt\u0131lar\u0131<\/strong><\/p><p><strong>P\u00c71.<\/strong>\u00a0 Matematik, fen bilimleri ve Ziraat M\u00fchendisli\u011fi disiplinine \u00f6zg\u00fc konularda yeterli bilgi birikimine sahip olmak; bu alanlardaki kuramsal ve uygulamal\u0131 bilgileri, karma\u015f\u0131k m\u00fchendislik problemlerinde kullanabilme becerisi kazanmak.<\/p><p><strong>P\u00c72.<\/strong>\u00a0 Ziraat M\u00fchendisli\u011fi alanlar\u0131ndaki karma\u015f\u0131k problemleri tan\u0131mlama, form\u00fcle etme ve \u00e7\u00f6zme becerisine sahip olmak, bu ama\u00e7la uygun analiz ve modelleme y\u00f6ntemlerini se\u00e7me ve uygulama becerisi kazanmak.<\/p><p><strong>P\u00c73.<\/strong>\u00a0 Ziraat M\u00fchendisli\u011fi alan\u0131yla ilgili karma\u015f\u0131k bir sistemi, s\u00fcreci, cihaz\u0131 veya \u00fcr\u00fcn\u00fc ger\u00e7ek\u00e7i k\u0131s\u0131tlar ve ko\u015fullar alt\u0131nda eldeki imkanlar ve s\u00f6z konusu alan\u0131n mevcut durumu dikkate al\u0131narak belirli gereksinimleri kar\u015f\u0131layacak \u015fekilde tasarlama ve bu ama\u00e7la modern tasar\u0131m y\u00f6ntemlerini uygulama becerisine sahip olmak.<\/p><p><strong>P\u00c74.<\/strong> Ziraat M\u00fchendisli\u011fi uygulamalar\u0131nda kar\u015f\u0131la\u015f\u0131lan karma\u015f\u0131k problemlerin analizi ve \u00e7\u00f6z\u00fcm\u00fc i\u00e7in gerekli olan modern ara\u00e7lar\u0131 se\u00e7me ve kullanma, bili\u015fim teknolojilerinden etkin bir \u015fekilde yararlanma becerisi kazanmak.<\/p><p><strong>P\u00c75.<\/strong>\u00a0 Ziraat M\u00fchendisli\u011fi alan\u0131nda kar\u015f\u0131la\u015f\u0131lan karma\u015f\u0131k problemlerinin veya disipline \u00f6zg\u00fc ara\u015ft\u0131rma konular\u0131n\u0131n incelenmesi i\u00e7in deney tasarlama, deney yapma, veri toplama, sonu\u00e7lar\u0131 analiz etme ve yorumlama becerisine sahip olmak.<\/p><p><strong>P\u00c76.<\/strong>\u00a0 Disiplin i\u00e7i ve \u00e7ok disiplinli tak\u0131mlarda etkin bi\u00e7imde \u00e7al\u0131\u015fabilme ve bireysel \u00e7al\u0131\u015fma becerisi kazanmak.<\/p><p><strong>P\u00c77.<\/strong>\u00a0 Alan\u0131nda etkin rapor yazma ve yaz\u0131l\u0131 olan raporlar\u0131 anlama, tasar\u0131m ve \u00fcretim raporlar\u0131 haz\u0131rlayabilme, etkin sunum yapabilme, a\u00e7\u0131k ve anla\u015f\u0131labilir talimat alma ve verme becerisine sahip olmak.<\/p><p><strong>P\u00c78.<\/strong>\u00a0 Ya\u015fam boyu \u00f6\u011frenmenin gereklili\u011fi konusunda fark\u0131ndal\u0131k; bilgiye eri\u015febilme, bilim ve teknolojideki geli\u015fmeleri izleme ve kendini s\u00fcrekli yenileme becerisi kazanmak.<\/p><p><strong>P\u00c79.<\/strong>\u00a0 Etik ilkelerine uygun davranma, mesleki ve etik sorumluluk ve m\u00fchendislik uygulamalar\u0131nda kullan\u0131lan standartlar hakk\u0131nda bilgi sahibi olmak.<\/p><p><strong>P\u00c710.<\/strong>\u00a0 Ziraat M\u00fchendisli\u011fi alan\u0131yla ilgili proje y\u00f6netimi, risk y\u00f6netimi ve de\u011fi\u015fiklik y\u00f6netimi gibi, i\u015f hayat\u0131ndaki uygulamalar hakk\u0131nda bilgi; giri\u015fimcilik, yenilik\u00e7ilik hakk\u0131nda fark\u0131ndal\u0131k; s\u00fcrd\u00fcr\u00fclebilir kalk\u0131nma hakk\u0131nda bilgi sahibi olmak.<\/p><p><strong>P\u00c711.<\/strong> <strong>\u00a0<\/strong>Ziraat M\u00fchendisli\u011fi uygulamalar\u0131n\u0131n evrensel ve toplumsal boyutlarda sa\u011fl\u0131k, \u00e7evre ve g\u00fcvenlik \u00fczerindeki etkileri ve \u00e7a\u011f\u0131n m\u00fchendislik alan\u0131na yans\u0131yan sorunlar\u0131 hakk\u0131nda bilgiye; m\u00fchendislik \u00e7\u00f6z\u00fcmlerinin hukuksal sonu\u00e7lar\u0131 konusunda fark\u0131ndal\u0131\u011fa sahip olmak.<\/p>\t\t\t\t\t\t\t\t<\/div>\n\t\t\t\t<\/div>\n\t\t\t\t\t<\/div>\n\t\t<\/div>\n\t\t\t\t\t<\/div>\n\t\t<\/section>\n\t\t\t\t<\/div>\n\t\t","protected":false},"excerpt":{"rendered":"<p>Tarla Bitkileri B\u00f6l\u00fcm\u00fc E\u011fitim Ama\u00e7lar\u0131 EA1. Program\u0131m\u0131zdan mezun olan ziraat m\u00fchendisleri kamu kurumlar\u0131nda \u00e7al\u0131\u015fabilirler. EA2. Mezunlar\u0131m\u0131z kendi tar\u0131m i\u015fletmelerini kurabilirler ve \u00f6zel sekt\u00f6r kurulu\u015flar\u0131nda \u00e7al\u0131\u015fabilirler. EA3. Program\u0131m\u0131zdan mezun olan ziraat m\u00fchendisleri yurt i\u00e7inde ve yurt d\u0131\u015f\u0131nda y\u00fcksek lisans ve doktora programlar\u0131 ile akademik kariyer yapma imk\u00e2n\u0131na sahiptirler. Tarla Bitkileri B\u00f6l\u00fcm\u00fc Program \u00c7\u0131kt\u0131lar\u0131 P\u00c71.\u00a0 Matematik, fen [&hellip;]<\/p>\n","protected":false},"author":147,"featured_media":0,"parent":0,"menu_order":0,"comment_status":"closed","ping_status":"closed","template":"elementor_header_footer","meta":{"footnotes":""},"class_list":["post-6480","page","type-page","status-publish","hentry"],"_links":{"self":[{"href":"https:\/\/atauni.edu.tr\/tarla-bitkileri-bolumu\/wp-json\/wp\/v2\/pages\/6480","targetHints":{"allow":["GET"]}}],"collection":[{"href":"https:\/\/atauni.edu.tr\/tarla-bitkileri-bolumu\/wp-json\/wp\/v2\/pages"}],"about":[{"href":"https:\/\/atauni.edu.tr\/tarla-bitkileri-bolumu\/wp-json\/wp\/v2\/types\/page"}],"author":[{"embeddable":true,"href":"https:\/\/atauni.edu.tr\/tarla-bitkileri-bolumu\/wp-json\/wp\/v2\/users\/147"}],"replies":[{"embeddable":true,"href":"https:\/\/atauni.edu.tr\/tarla-bitkileri-bolumu\/wp-json\/wp\/v2\/comments?post=6480"}],"version-history":[{"count":23,"href":"https:\/\/atauni.edu.tr\/tarla-bitkileri-bolumu\/wp-json\/wp\/v2\/pages\/6480\/revisions"}],"predecessor-version":[{"id":6961,"href":"https:\/\/atauni.edu.tr\/tarla-bitkileri-bolumu\/wp-json\/wp\/v2\/pages\/6480\/revisions\/6961"}],"wp:attachment":[{"href":"https:\/\/atauni.edu.tr\/tarla-bitkileri-bolumu\/wp-json\/wp\/v2\/media?parent=6480"}],"curies":[{"name":"wp","href":"https:\/\/api.w.org\/{rel}","templated":true}]}}