{"id":6556,"date":"2022-06-21T13:07:28","date_gmt":"2022-06-21T10:07:28","guid":{"rendered":"https:\/\/birimler.atauni.edu.tr\/tarla-bitkileri-bolumu\/?page_id=6556"},"modified":"2022-06-21T13:12:32","modified_gmt":"2022-06-21T10:12:32","slug":"stratejik-plan-amaclari","status":"publish","type":"page","link":"https:\/\/atauni.edu.tr\/tarla-bitkileri-bolumu\/stratejik-plan-amaclari\/","title":{"rendered":"Tarla Bitkileri B\u00f6l\u00fcm\u00fc Stratejik Plan Ama\u00e7lar\u0131"},"content":{"rendered":"\t\t<div data-elementor-type=\"wp-page\" data-elementor-id=\"6556\" class=\"elementor elementor-6556\" data-elementor-post-type=\"page\">\n\t\t\t\t\t\t<section class=\"elementor-section elementor-top-section elementor-element elementor-element-7e39919 elementor-section-boxed elementor-section-height-default elementor-section-height-default\" data-id=\"7e39919\" data-element_type=\"section\">\n\t\t\t\t\t\t<div class=\"elementor-container elementor-column-gap-default\">\n\t\t\t\t\t<div class=\"elementor-column elementor-col-100 elementor-top-column elementor-element elementor-element-f368150\" data-id=\"f368150\" data-element_type=\"column\">\n\t\t\t<div class=\"elementor-widget-wrap elementor-element-populated\">\n\t\t\t\t\t\t<div class=\"elementor-element elementor-element-bcfc606 elementor-widget elementor-widget-text-editor\" data-id=\"bcfc606\" data-element_type=\"widget\" data-widget_type=\"text-editor.default\">\n\t\t\t\t<div class=\"elementor-widget-container\">\n\t\t\t\t\t\t\t\t\t<ul><li><strong><u>Stratejik Ama\u00e7 1: <\/u><\/strong><strong>B\u00f6l\u00fcm\u00fcm\u00fczde nitelikli e\u011fitim ve \u00f6\u011fretim faaliyetleri vermek suretiyle <\/strong><strong>yetkin, bilgili, geli\u015fime a\u00e7\u0131k, <\/strong><strong>\u00a0giri\u015fimci ve rekabet\u00e7i ziraat m\u00fchendisleri yeti\u015ftirmek.<\/strong><ul><li>Hedef 1.1: Tarla Bitkileri B\u00f6l\u00fcm\u00fc lisans program\u0131n\u0131n akredite olmas\u0131n\u0131 sa\u011flamak.<\/li><li>Hedef 1.2: \u00d6\u011frencilerimizin uluslararas\u0131 de\u011fi\u015fim programlar\u0131na kat\u0131l\u0131mlar\u0131n\u0131 te\u015fvik etmek suretiyle s\u00f6z konusu programlardan yararlanan \u00f6\u011frenci say\u0131s\u0131n\u0131 art\u0131rmak.<\/li><li>Hedef 1.3: Tar\u0131m\u0131n dijitalle\u015fmesinde \u00e7a\u011f\u0131 yakalayacak bilim alan\u0131m\u0131zda pratik e\u011fitimi verebilecek alt yap\u0131y\u0131 olu\u015fturmak.<\/li><li>Hedef 1.4: Tarla bitkileri yeti\u015ftiricili\u011fi ve \u0131slah\u0131 konusunda yetkin ve donan\u0131ml\u0131 yabanc\u0131 uyruklu misafir \u00f6\u011fretim \u00fcyesinin istihdam edilmesini sa\u011flamak.<\/li><\/ul><\/li><li><strong><u>Stratejik Ama\u00e7 2: <\/u><\/strong><strong>\u00dclkemiz ekonomisine ve evrensel bilime katk\u0131 sa\u011flayacak ara\u015ft\u0131rma ve giri\u015fimcilik faaliyetlerini art\u0131rmak.<\/strong><ul><li>Hedef 2.1: Etki fakt\u00f6r\u00fc y\u00fcksek uluslararas\u0131 dergilerde yay\u0131n say\u0131s\u0131n\u0131 art\u0131rmak.<\/li><li>Hedef 2.2: Kurum i\u00e7i ve\/veya kurum d\u0131\u015f\u0131 fonlarca desteklenen ara\u015ft\u0131rma projesi say\u0131s\u0131n\u0131 art\u0131rmak.<\/li><li>Hedef 2.3: B\u00f6l\u00fcm\u00fcm\u00fczde y\u00fcr\u00fct\u00fclen ara\u015ft\u0131rmalar\u0131n ve yap\u0131lacak projelerin Birle\u015fmi\u015f Milletler S\u00fcrd\u00fcr\u00fclebilir Kalk\u0131nma Hedefleri aras\u0131nda yer alan iklim de\u011fi\u015fikli\u011fi, do\u011fal kaynaklar\u0131n korunmas\u0131, gen kaynaklar\u0131n\u0131n korunmas\u0131, ye\u015fil enerji, ak\u0131ll\u0131 tar\u0131m, beslenme ve sa\u011fl\u0131k, k\u0131rsal kalk\u0131nma ve s\u00fcrd\u00fcr\u00fclebilirlik konular\u0131na y\u00f6nelik olmas\u0131n\u0131 sa\u011flamak.<\/li><li>Hedef 2.4: AR-GE \u00e7al\u0131\u015fmalar\u0131nda ulusal veya uluslararas\u0131 \u00e7ok disiplinli i\u015f birliklerini te\u015fvik etmek.<\/li><li>Hedef 2.5: AR-GE \u00e7al\u0131\u015fmalar\u0131n\u0131 b\u00f6lge ve \u00fclke tar\u0131m\u0131na katk\u0131 sa\u011flayacak ve problemlere \u00e7\u00f6z\u00fcm olu\u015fturabilecek \u015fekilde planlamak.<\/li><li>Hedef 2.6: AR-GE projelerinde faydal\u0131 model, tescil veya patente d\u00f6n\u00fc\u015febilme hususlar\u0131n\u0131n dikkate al\u0131nmas\u0131n\u0131 te\u015fvik etmek.<\/li><\/ul><\/li><li><strong><u>Stratejik Ama\u00e7 3: <\/u><\/strong><strong>Toplumsal hizmet ilkesi \u00e7er\u00e7evesinde tarla bitkileri yeti\u015ftiricili\u011fi konusunda kar\u015f\u0131la\u015f\u0131labilecek sorunlara kar\u015f\u0131 duyarl\u0131 olmak ve \u00e7\u00f6z\u00fcm \u00f6nerilerinde bulunmak.<\/strong><ul><li>Hedef 3.1: D\u0131\u015f payda\u015flar\u0131m\u0131zdan olan Tar\u0131m ve Orman Bakanl\u0131\u011f\u0131\u2019na ba\u011fl\u0131 \u00e7e\u015fitli kurumlar, Ziraat M\u00fchendisleri Odas\u0131, Ziraat Odas\u0131, yeti\u015ftiriciler ve ilgili sanayi kurulu\u015flar\u0131n\u0131n (un, yem ve \u015feker fabrikalar\u0131 vb.) temsilcileri ile toplant\u0131lar yapmak suretiyle sorunlar\u0131n ve \u00e7\u00f6z\u00fcm \u00f6nerilerinin ortaya konulmas\u0131n\u0131 ve buna y\u00f6nelik \u00e7al\u0131\u015fmalar\u0131n yap\u0131lmas\u0131n\u0131 sa\u011flamak.<\/li><li>Hedef 3.2: Tarla g\u00fcnleri d\u00fczenlemek suretiyle i\u00e7 ve d\u0131\u015f payda\u015flar\u0131n b\u00f6l\u00fcm\u00fcm\u00fczde y\u00fcr\u00fct\u00fclen \u00e7al\u0131\u015fmalar\u0131 yerinde g\u00f6rmelerini sa\u011flamak, b\u00f6ylece ara\u015ft\u0131rma sonu\u00e7lar\u0131n\u0131n hedef kitlelere ula\u015fmas\u0131n\u0131 kolayla\u015ft\u0131rmak ve fark\u0131ndal\u0131k olu\u015fturmak.<\/li><li>Hedef 3.3: Tarla bitkileri b\u00f6l\u00fcm\u00fc kapsam\u0131na giren konularda hedef kitlelere e\u011fitim ve seminerler vermek suretiyle bilgiyi topluma yaymak.<\/li><\/ul><\/li><li><strong><u>Stratejik Ama\u00e7 4.<\/u><\/strong> <strong>Kurumsalla\u015fmay\u0131 g\u00fc\u00e7lendirmek<\/strong><ul><li>Hedef 4.1: Akademik ve idari personelin memnuniyetine odaklanan destek hizmetleri olu\u015fturmak.<\/li><li>Hedef 4.2: Mezunlar ve di\u011fer d\u0131\u015f payda\u015flarla ili\u015fkileri geli\u015ftirmeye y\u00f6nelik faaliyetler yapmak.<\/li><li>Hedef 4.3: Mezun takip sistemi vas\u0131tas\u0131yla mezunlarla olan ili\u015fkileri g\u00fc\u00e7lendirmek.<\/li><li>Hedef 4.4: \u00d6\u011frenci memnuniyetini art\u0131rmaya y\u00f6nelik e\u011fitim-\u00f6\u011fretim, sosyal, k\u00fclt\u00fcrel ve bireysel geli\u015fim s\u00fcre\u00e7lerini destekleyecek faaliyetlerde bulunmak.<\/li><\/ul><\/li><\/ul>\t\t\t\t\t\t\t\t<\/div>\n\t\t\t\t<\/div>\n\t\t\t\t\t<\/div>\n\t\t<\/div>\n\t\t\t\t\t<\/div>\n\t\t<\/section>\n\t\t\t\t<\/div>\n\t\t","protected":false},"excerpt":{"rendered":"<p>Stratejik Ama\u00e7 1: B\u00f6l\u00fcm\u00fcm\u00fczde nitelikli e\u011fitim ve \u00f6\u011fretim faaliyetleri vermek suretiyle yetkin, bilgili, geli\u015fime a\u00e7\u0131k, &nbsp;giri\u015fimci ve rekabet\u00e7i ziraat m\u00fchendisleri yeti\u015ftirmek. Hedef 1.1: Tarla Bitkileri B\u00f6l\u00fcm\u00fc lisans program\u0131n\u0131n akredite olmas\u0131n\u0131 sa\u011flamak. Hedef 1.2: \u00d6\u011frencilerimizin uluslararas\u0131 de\u011fi\u015fim programlar\u0131na kat\u0131l\u0131mlar\u0131n\u0131 te\u015fvik etmek suretiyle s\u00f6z konusu programlardan yararlanan \u00f6\u011frenci say\u0131s\u0131n\u0131 art\u0131rmak. Hedef 1.3: Tar\u0131m\u0131n dijitalle\u015fmesinde \u00e7a\u011f\u0131 yakalayacak bilim [&hellip;]<\/p>\n","protected":false},"author":147,"featured_media":0,"parent":0,"menu_order":0,"comment_status":"closed","ping_status":"closed","template":"","meta":{"footnotes":""},"class_list":["post-6556","page","type-page","status-publish","hentry"],"_links":{"self":[{"href":"https:\/\/atauni.edu.tr\/tarla-bitkileri-bolumu\/wp-json\/wp\/v2\/pages\/6556","targetHints":{"allow":["GET"]}}],"collection":[{"href":"https:\/\/atauni.edu.tr\/tarla-bitkileri-bolumu\/wp-json\/wp\/v2\/pages"}],"about":[{"href":"https:\/\/atauni.edu.tr\/tarla-bitkileri-bolumu\/wp-json\/wp\/v2\/types\/page"}],"author":[{"embeddable":true,"href":"https:\/\/atauni.edu.tr\/tarla-bitkileri-bolumu\/wp-json\/wp\/v2\/users\/147"}],"replies":[{"embeddable":true,"href":"https:\/\/atauni.edu.tr\/tarla-bitkileri-bolumu\/wp-json\/wp\/v2\/comments?post=6556"}],"version-history":[{"count":6,"href":"https:\/\/atauni.edu.tr\/tarla-bitkileri-bolumu\/wp-json\/wp\/v2\/pages\/6556\/revisions"}],"predecessor-version":[{"id":6563,"href":"https:\/\/atauni.edu.tr\/tarla-bitkileri-bolumu\/wp-json\/wp\/v2\/pages\/6556\/revisions\/6563"}],"wp:attachment":[{"href":"https:\/\/atauni.edu.tr\/tarla-bitkileri-bolumu\/wp-json\/wp\/v2\/media?parent=6556"}],"curies":[{"name":"wp","href":"https:\/\/api.w.org\/{rel}","templated":true}]}}