{"id":6564,"date":"2022-06-21T13:20:01","date_gmt":"2022-06-21T10:20:01","guid":{"rendered":"https:\/\/birimler.atauni.edu.tr\/tarla-bitkileri-bolumu\/?page_id=6564"},"modified":"2022-06-21T13:32:40","modified_gmt":"2022-06-21T10:32:40","slug":"sosyal-sorumluluk","status":"publish","type":"page","link":"https:\/\/atauni.edu.tr\/tarla-bitkileri-bolumu\/sosyal-sorumluluk\/","title":{"rendered":"Sosyal Sorumluluk Projeleri"},"content":{"rendered":"\t\t<div data-elementor-type=\"wp-page\" data-elementor-id=\"6564\" class=\"elementor elementor-6564\" data-elementor-post-type=\"page\">\n\t\t\t\t\t\t<section class=\"elementor-section elementor-top-section elementor-element elementor-element-9541db9 elementor-section-boxed elementor-section-height-default elementor-section-height-default\" data-id=\"9541db9\" data-element_type=\"section\">\n\t\t\t\t\t\t<div class=\"elementor-container elementor-column-gap-default\">\n\t\t\t\t\t<div class=\"elementor-column elementor-col-100 elementor-top-column elementor-element elementor-element-ec9ec66\" data-id=\"ec9ec66\" data-element_type=\"column\">\n\t\t\t<div class=\"elementor-widget-wrap elementor-element-populated\">\n\t\t\t\t\t\t<div class=\"elementor-element elementor-element-cfc9ff6 elementor-widget elementor-widget-heading\" data-id=\"cfc9ff6\" data-element_type=\"widget\" data-widget_type=\"heading.default\">\n\t\t\t\t<div class=\"elementor-widget-container\">\n\t\t\t\t\t<h2 class=\"elementor-heading-title elementor-size-default\"><a href=\"https:\/\/birimler.atauni.edu.tr\/tarla-bitkileri-bolumu\/2022\/06\/10\/tarla-bitkileri-bolumu-toplumsal-duyarlilik-projeleri\/\">Tarla Bitkileri B\u00f6l\u00fcm\u00fc 2021-2022 E\u011fitim-\u00d6\u011fretim Y\u0131l\u0131 Toplumsal Duyarl\u0131l\u0131k Projeleri <\/a><\/h2>\t\t\t\t<\/div>\n\t\t\t\t<\/div>\n\t\t\t\t\t<\/div>\n\t\t<\/div>\n\t\t\t\t\t<\/div>\n\t\t<\/section>\n\t\t\t\t<\/div>\n\t\t","protected":false},"excerpt":{"rendered":"<p>Tarla Bitkileri B\u00f6l\u00fcm\u00fc 2021-2022 E\u011fitim-\u00d6\u011fretim Y\u0131l\u0131 Toplumsal Duyarl\u0131l\u0131k Projeleri<\/p>\n","protected":false},"author":147,"featured_media":0,"parent":0,"menu_order":0,"comment_status":"closed","ping_status":"closed","template":"","meta":{"footnotes":""},"class_list":["post-6564","page","type-page","status-publish","hentry"],"_links":{"self":[{"href":"https:\/\/atauni.edu.tr\/tarla-bitkileri-bolumu\/wp-json\/wp\/v2\/pages\/6564","targetHints":{"allow":["GET"]}}],"collection":[{"href":"https:\/\/atauni.edu.tr\/tarla-bitkileri-bolumu\/wp-json\/wp\/v2\/pages"}],"about":[{"href":"https:\/\/atauni.edu.tr\/tarla-bitkileri-bolumu\/wp-json\/wp\/v2\/types\/page"}],"author":[{"embeddable":true,"href":"https:\/\/atauni.edu.tr\/tarla-bitkileri-bolumu\/wp-json\/wp\/v2\/users\/147"}],"replies":[{"embeddable":true,"href":"https:\/\/atauni.edu.tr\/tarla-bitkileri-bolumu\/wp-json\/wp\/v2\/comments?post=6564"}],"version-history":[{"count":11,"href":"https:\/\/atauni.edu.tr\/tarla-bitkileri-bolumu\/wp-json\/wp\/v2\/pages\/6564\/revisions"}],"predecessor-version":[{"id":6578,"href":"https:\/\/atauni.edu.tr\/tarla-bitkileri-bolumu\/wp-json\/wp\/v2\/pages\/6564\/revisions\/6578"}],"wp:attachment":[{"href":"https:\/\/atauni.edu.tr\/tarla-bitkileri-bolumu\/wp-json\/wp\/v2\/media?parent=6564"}],"curies":[{"name":"wp","href":"https:\/\/api.w.org\/{rel}","templated":true}]}}