{"id":6591,"date":"2022-06-27T18:17:47","date_gmt":"2022-06-27T15:17:47","guid":{"rendered":"https:\/\/birimler.atauni.edu.tr\/tarla-bitkileri-bolumu\/?page_id=6591"},"modified":"2022-06-27T18:20:18","modified_gmt":"2022-06-27T15:20:18","slug":"tarla-bitkileri-lisans-programi-yeterlilikleri","status":"publish","type":"page","link":"https:\/\/atauni.edu.tr\/tarla-bitkileri-bolumu\/tarla-bitkileri-lisans-programi-yeterlilikleri\/","title":{"rendered":"Tarla Bitkileri Lisans Program\u0131 Yeterlilikleri"},"content":{"rendered":"\t\t<div data-elementor-type=\"wp-page\" data-elementor-id=\"6591\" class=\"elementor elementor-6591\" data-elementor-post-type=\"page\">\n\t\t\t\t\t\t<section class=\"elementor-section elementor-top-section elementor-element elementor-element-730d320 elementor-section-boxed elementor-section-height-default elementor-section-height-default\" data-id=\"730d320\" data-element_type=\"section\">\n\t\t\t\t\t\t<div class=\"elementor-container elementor-column-gap-default\">\n\t\t\t\t\t<div class=\"elementor-column elementor-col-100 elementor-top-column elementor-element elementor-element-753d0860\" data-id=\"753d0860\" data-element_type=\"column\">\n\t\t\t<div class=\"elementor-widget-wrap\">\n\t\t\t\t\t\t\t<\/div>\n\t\t<\/div>\n\t\t\t\t\t<\/div>\n\t\t<\/section>\n\t\t\t\t<section class=\"elementor-section elementor-top-section elementor-element elementor-element-681db8b elementor-section-boxed elementor-section-height-default elementor-section-height-default\" data-id=\"681db8b\" data-element_type=\"section\">\n\t\t\t\t\t\t<div class=\"elementor-container elementor-column-gap-default\">\n\t\t\t\t\t<div class=\"elementor-column elementor-col-100 elementor-top-column elementor-element elementor-element-ad4dac5\" data-id=\"ad4dac5\" data-element_type=\"column\">\n\t\t\t<div class=\"elementor-widget-wrap elementor-element-populated\">\n\t\t\t\t\t\t<div class=\"elementor-element elementor-element-2f96b3d elementor-widget elementor-widget-text-editor\" data-id=\"2f96b3d\" data-element_type=\"widget\" data-widget_type=\"text-editor.default\">\n\t\t\t\t<div class=\"elementor-widget-container\">\n\t\t\t\t\t\t\t\t\t<p><strong>TARLA B\u0130TK\u0130LER\u0130 L\u0130SANS PROGRAMI YETERL\u0130L\u0130KLER\u0130<\/strong><\/p><p>Tarla bitkileri yeti\u015ftiricili\u011fi ve \u0131slah\u0131, tohumluk \u00fcretimi, \u00e7ay\u0131r-mera y\u00f6netimi ve \u0131slah\u0131 ile ilgili yeterli bilgi edinme ve bu bilgileri pratik ve teorik olarak kullanabilme; ulusal ve uluslararas\u0131 alanda tarla bitkilerinin stratejik \u00f6nemini kavrayabilme; alan\u0131 ile ilgili bilgilerin do\u011frulu\u011funu, g\u00fcvenirli\u011fini ve g\u00fcncelli\u011fini de\u011ferlendirme becerisi kazanma,<\/p><p>Tarla bitkileri alan\u0131nda bireysel veya tak\u0131m halinde \u00e7al\u0131\u015fabilme, yeni bilgiler edinme, problemleri belirleme ve \u00e7\u00f6zebilme, teknolojiyi kullanabilme becerisi kazanma,<\/p><p>Karar verebilme, teknolojik ara\u00e7lar\u0131 kullanabilme, ara\u015ft\u0131rma yapabilme ve ara\u015ft\u0131rma sonu\u00e7lar\u0131n\u0131 bilim d\u00fcnyas\u0131yla payla\u015fabilme, alan\u0131 ile ilgili g\u00fcncel bilgiyi takip etme ve bilgi kaynaklar\u0131na ula\u015fabilme, tar\u0131msal girdileri etkin kullanabilme ve uygun \u00fcr\u00fcn modelini planlayabilme becerisi kazanma,<\/p><p>Etik de\u011ferlere uygun hareket edebilme, beklenmedik durumlarda etkin karar verebilme, profesyonel i\u015f yapabilme ve liderlik vasf\u0131 ta\u015f\u0131yabilme, dan\u0131\u015fmanl\u0131k ve akademik yeteneklerini geli\u015ftirme becerisi kazanma,<\/p><p>Biyolojik \u00e7e\u015fitlilik, do\u011fal kaynaklar ve \u00e7evre konular\u0131nda fark\u0131ndal\u0131k olu\u015fturma, ilgili ki\u015fi ve kurumlar\u0131 bilgilendirebilme, d\u00fc\u015f\u00fcncelerini ve sorunlara ili\u015fkin \u00e7\u00f6z\u00fcm \u00f6nerilerini yaz\u0131l\u0131 ve s\u00f6zl\u00fc olarak aktarabilme becerisi kazanma,<\/p><p>Tohumculuk, g\u00fcbre ve ila\u00e7 bayili\u011fi gibi alanlarda giri\u015fimcilik yeteneklerini geli\u015ftirilebilme becerisi kazanma,<\/p>\t\t\t\t\t\t\t\t<\/div>\n\t\t\t\t<\/div>\n\t\t\t\t\t<\/div>\n\t\t<\/div>\n\t\t\t\t\t<\/div>\n\t\t<\/section>\n\t\t\t\t<\/div>\n\t\t","protected":false},"excerpt":{"rendered":"<p>TARLA B\u0130TK\u0130LER\u0130 L\u0130SANS PROGRAMI YETERL\u0130L\u0130KLER\u0130 Tarla bitkileri yeti\u015ftiricili\u011fi ve \u0131slah\u0131, tohumluk \u00fcretimi, \u00e7ay\u0131r-mera y\u00f6netimi ve \u0131slah\u0131 ile ilgili yeterli bilgi edinme ve bu bilgileri pratik ve teorik olarak kullanabilme; ulusal ve uluslararas\u0131 alanda tarla bitkilerinin stratejik \u00f6nemini kavrayabilme; alan\u0131 ile ilgili bilgilerin do\u011frulu\u011funu, g\u00fcvenirli\u011fini ve g\u00fcncelli\u011fini de\u011ferlendirme becerisi kazanma, Tarla bitkileri alan\u0131nda bireysel veya tak\u0131m [&hellip;]<\/p>\n","protected":false},"author":147,"featured_media":0,"parent":0,"menu_order":0,"comment_status":"closed","ping_status":"closed","template":"elementor_header_footer","meta":{"footnotes":""},"class_list":["post-6591","page","type-page","status-publish","hentry"],"_links":{"self":[{"href":"https:\/\/atauni.edu.tr\/tarla-bitkileri-bolumu\/wp-json\/wp\/v2\/pages\/6591","targetHints":{"allow":["GET"]}}],"collection":[{"href":"https:\/\/atauni.edu.tr\/tarla-bitkileri-bolumu\/wp-json\/wp\/v2\/pages"}],"about":[{"href":"https:\/\/atauni.edu.tr\/tarla-bitkileri-bolumu\/wp-json\/wp\/v2\/types\/page"}],"author":[{"embeddable":true,"href":"https:\/\/atauni.edu.tr\/tarla-bitkileri-bolumu\/wp-json\/wp\/v2\/users\/147"}],"replies":[{"embeddable":true,"href":"https:\/\/atauni.edu.tr\/tarla-bitkileri-bolumu\/wp-json\/wp\/v2\/comments?post=6591"}],"version-history":[{"count":7,"href":"https:\/\/atauni.edu.tr\/tarla-bitkileri-bolumu\/wp-json\/wp\/v2\/pages\/6591\/revisions"}],"predecessor-version":[{"id":6598,"href":"https:\/\/atauni.edu.tr\/tarla-bitkileri-bolumu\/wp-json\/wp\/v2\/pages\/6591\/revisions\/6598"}],"wp:attachment":[{"href":"https:\/\/atauni.edu.tr\/tarla-bitkileri-bolumu\/wp-json\/wp\/v2\/media?parent=6591"}],"curies":[{"name":"wp","href":"https:\/\/api.w.org\/{rel}","templated":true}]}}