{"id":6611,"date":"2022-06-29T18:46:27","date_gmt":"2022-06-29T15:46:27","guid":{"rendered":"https:\/\/birimler.atauni.edu.tr\/tarla-bitkileri-bolumu\/?page_id=6611"},"modified":"2024-04-02T11:35:37","modified_gmt":"2024-04-02T08:35:37","slug":"akademik-danismanlik","status":"publish","type":"page","link":"https:\/\/atauni.edu.tr\/tarla-bitkileri-bolumu\/akademik-danismanlik\/","title":{"rendered":"Akademik Dan\u0131\u015fmanl\u0131k"},"content":{"rendered":"\t\t<div data-elementor-type=\"wp-page\" data-elementor-id=\"6611\" class=\"elementor elementor-6611\" data-elementor-post-type=\"page\">\n\t\t\t\t\t\t<section class=\"elementor-section elementor-top-section elementor-element elementor-element-30b0311 elementor-section-boxed elementor-section-height-default elementor-section-height-default\" data-id=\"30b0311\" data-element_type=\"section\">\n\t\t\t\t\t\t<div class=\"elementor-container elementor-column-gap-default\">\n\t\t\t\t\t<div class=\"elementor-column elementor-col-100 elementor-top-column elementor-element elementor-element-edcc49f\" data-id=\"edcc49f\" data-element_type=\"column\">\n\t\t\t<div class=\"elementor-widget-wrap\">\n\t\t\t\t\t\t\t<\/div>\n\t\t<\/div>\n\t\t\t\t\t<\/div>\n\t\t<\/section>\n\t\t\t\t<section class=\"elementor-section elementor-top-section elementor-element elementor-element-a9a925c elementor-section-boxed elementor-section-height-default elementor-section-height-default\" data-id=\"a9a925c\" data-element_type=\"section\">\n\t\t\t\t\t\t<div class=\"elementor-container elementor-column-gap-default\">\n\t\t\t\t\t<div class=\"elementor-column elementor-col-100 elementor-top-column elementor-element elementor-element-48be81d\" data-id=\"48be81d\" data-element_type=\"column\">\n\t\t\t<div class=\"elementor-widget-wrap elementor-element-populated\">\n\t\t\t\t\t\t<div class=\"elementor-element elementor-element-63c3b50 elementor-widget elementor-widget-pdf_viewer\" data-id=\"63c3b50\" data-element_type=\"widget\" data-widget_type=\"pdf_viewer.default\">\n\t\t\t\t<div class=\"elementor-widget-container\">\n\t\t\t\t\t<iframe src=\"https:\/\/docs.google.com\/viewer?url=http:\/\/birimler.atauni.edu.tr\/tarla-bitkileri-bolumu\/wp-content\/uploads\/sites\/164\/2020\/07\/Tarla-Bitkileri-Bolumu-Akademik-Danismanlik-Listesi.pdf&amp;embedded=true\" style=\"display: block; margin-left: auto; margin-right: auto; width: 640px; height: 1020px;\" frameborder=\"1\" marginheight=\"0px\" marginwidth=\"0px\" allowfullscreen><\/iframe>\t\t\t\t<\/div>\n\t\t\t\t<\/div>\n\t\t\t\t\t<\/div>\n\t\t<\/div>\n\t\t\t\t\t<\/div>\n\t\t<\/section>\n\t\t\t\t<\/div>\n\t\t","protected":false},"excerpt":{"rendered":"","protected":false},"author":147,"featured_media":0,"parent":0,"menu_order":0,"comment_status":"closed","ping_status":"closed","template":"elementor_header_footer","meta":{"footnotes":""},"class_list":["post-6611","page","type-page","status-publish","hentry"],"_links":{"self":[{"href":"https:\/\/atauni.edu.tr\/tarla-bitkileri-bolumu\/wp-json\/wp\/v2\/pages\/6611","targetHints":{"allow":["GET"]}}],"collection":[{"href":"https:\/\/atauni.edu.tr\/tarla-bitkileri-bolumu\/wp-json\/wp\/v2\/pages"}],"about":[{"href":"https:\/\/atauni.edu.tr\/tarla-bitkileri-bolumu\/wp-json\/wp\/v2\/types\/page"}],"author":[{"embeddable":true,"href":"https:\/\/atauni.edu.tr\/tarla-bitkileri-bolumu\/wp-json\/wp\/v2\/users\/147"}],"replies":[{"embeddable":true,"href":"https:\/\/atauni.edu.tr\/tarla-bitkileri-bolumu\/wp-json\/wp\/v2\/comments?post=6611"}],"version-history":[{"count":14,"href":"https:\/\/atauni.edu.tr\/tarla-bitkileri-bolumu\/wp-json\/wp\/v2\/pages\/6611\/revisions"}],"predecessor-version":[{"id":6828,"href":"https:\/\/atauni.edu.tr\/tarla-bitkileri-bolumu\/wp-json\/wp\/v2\/pages\/6611\/revisions\/6828"}],"wp:attachment":[{"href":"https:\/\/atauni.edu.tr\/tarla-bitkileri-bolumu\/wp-json\/wp\/v2\/media?parent=6611"}],"curies":[{"name":"wp","href":"https:\/\/api.w.org\/{rel}","templated":true}]}}