{"id":6793,"date":"2024-05-21T13:12:13","date_gmt":"2024-05-21T10:12:13","guid":{"rendered":"https:\/\/birimler.atauni.edu.tr\/tarla-bitkileri-bolumu\/?page_id=6793"},"modified":"2025-06-30T14:57:54","modified_gmt":"2025-06-30T11:57:54","slug":"tarla-bitkileri-bolum-komisyonlari","status":"publish","type":"page","link":"https:\/\/atauni.edu.tr\/tarla-bitkileri-bolumu\/tarla-bitkileri-bolum-komisyonlari\/","title":{"rendered":"Tarla Bitkileri B\u00f6l\u00fcm Komisyonlar\u0131"},"content":{"rendered":"\t\t<div data-elementor-type=\"wp-page\" data-elementor-id=\"6793\" class=\"elementor elementor-6793\" data-elementor-post-type=\"page\">\n\t\t\t\t\t\t<section class=\"elementor-section elementor-top-section elementor-element elementor-element-486c13fd elementor-section-boxed elementor-section-height-default elementor-section-height-default\" data-id=\"486c13fd\" data-element_type=\"section\">\n\t\t\t\t\t\t<div class=\"elementor-container elementor-column-gap-default\">\n\t\t\t\t\t<div class=\"elementor-column elementor-col-100 elementor-top-column elementor-element elementor-element-16235616\" data-id=\"16235616\" data-element_type=\"column\">\n\t\t\t<div class=\"elementor-widget-wrap elementor-element-populated\">\n\t\t\t\t\t\t<div class=\"elementor-element elementor-element-45f07e2d elementor-widget elementor-widget-text-editor\" data-id=\"45f07e2d\" data-element_type=\"widget\" data-widget_type=\"text-editor.default\">\n\t\t\t\t<div class=\"elementor-widget-container\">\n\t\t\t\t\t\t\t\t\t\n<div class=\"wp-block-columns is-layout-flex wp-container-core-columns-is-layout-9d6595d7 wp-block-columns-is-layout-flex\">\n<div class=\"wp-block-column is-layout-flow wp-block-column-is-layout-flow\">\n<h4>Akreditasyon Komisyonu<\/h4>\n\n<ul class=\"wp-block-list\">\n<li>Prof. Dr. Metin TOSUN<\/li>\n\n<li>Do\u00e7. Dr. Melih OKCU<\/li>\n\n<li>Dr. \u00d6\u011fr. \u00dcyesi Sel\u00e7uk KODAZ<\/li>\n\n<li>Dr. \u00d6\u011fr. \u00dcyesi Sedat SEVERO\u011eLU<\/li>\n<\/ul>\n\n<h4>Kalite Komisyonu<\/h4>\n\n<ul class=\"wp-block-list\">\n<li>Prof. Dr. Metin TOSUN<\/li>\n\n<li>Prof. Dr. Hakan \u00d6ZER<\/li>\n\n<li>Prof. Dr. Ali \u00d6ZT\u00dcRK<\/li>\n\n<li>Dr. \u00d6\u011fr. \u00dcyesi Furkan \u00c7OBAN<\/li>\n<\/ul>\n\n<h4>E\u011fitim-\u00d6\u011fretim ve M\u00fcfredat Komisyonu<\/h4>\n\n<ul class=\"wp-block-list\">\n<li>Prof. Dr. Erdo\u011fan \u00d6ZT\u00dcRK<\/li>\n\n<li>Prof. Dr. Mehmet Kerim G\u00dcLLAP<\/li>\n\n<li>Do\u00e7. Dr. Melih OKCU<\/li>\n<\/ul>\n\n<ul class=\"wp-block-list\"><\/ul>\n<\/div>\n\n<div class=\"wp-block-column is-layout-flow wp-block-column-is-layout-flow\">\n<h4>Doktora Yeterlilik\u00a0Komisyonu<\/h4>\n\n<ul class=\"wp-block-list\">\n<li>Prof. Dr. Metin TOSUN<\/li>\n\n<li>Prof. Dr. Hakan \u00d6ZER<\/li>\n\n<li>Prof. Dr. Ali \u00d6ZT\u00dcRK<\/li>\n\n<li>Prof. Dr. Ta\u015fk\u0131n POLAT<\/li>\n\n<li>Prof. Dr. Mehmet Kerim G\u00dcLLAP<\/li>\n<\/ul>\n\n<ul class=\"wp-block-list\"><\/ul>\n\n<h4>Staj Komisyonu<\/h4>\n\n<ul class=\"wp-block-list\">\n<li>Prof. Dr. Erdal ELKOCA<\/li>\n\n<li>Do\u00e7. Dr. \u00dcyesi Esin DADA\u015eO\u011eLU<\/li>\n\n<li>Dr. \u00d6\u011fr. \u00dcyesi Sedat SEVERO\u011eLU<\/li>\n<\/ul>\n<h4>Ba\u015fvuru De\u011ferlendirme Komisyonu<\/h4>\n<p><\/p>\n<ul class=\"wp-block-list\">\n<li>Prof. Dr. Metin TOSUN<\/li>\n\n<li>Prof. Dr. Hakan \u00d6ZER<\/li>\n\n<li>Prof. Dr. Ali \u00d6ZT\u00dcRK<\/li>\n<\/ul>\n\n<ul class=\"wp-block-list\"><\/ul>\n\n<ul class=\"wp-block-list\"><\/ul>\n<!-- \/wp:list --><\/div>\n<!-- \/wp:column --><!-- wp:column {\"width\":\"\"} -->\n<div class=\"wp-block-column\"><!-- wp:freeform -->\n<h4>Stratejik Plan Komisyonu<\/h4>\n<!-- \/wp:freeform --><!-- wp:list -->\n<ul class=\"wp-block-list\"><!-- wp:list-item -->\n<li>Prof. Dr. Metin TOSUN<\/li>\n<!-- \/wp:list-item --><!-- wp:list-item -->\n<li>Prof. Dr. Hakan \u00d6ZER<\/li>\n<!-- \/wp:list-item --><!-- wp:list-item -->\n<li>Prof. Dr. Ali \u00d6ZT\u00dcRK<\/li>\n<!-- \/wp:list-item --><!-- wp:list-item -->\n<li>Prof. Dr. Erdal ELKOCA<\/li>\n<!-- \/wp:list-item --><!-- wp:list-item -->\n<li>Prof. Dr. Ta\u015fk\u0131n POLAT<\/li>\n<!-- \/wp:list-item --><\/ul>\n<!-- \/wp:list --><!-- wp:freeform -->\n<h4>Akademik Te\u015fvik D\u00fczenleme, Denetleme ve \u0130tiraz Komisyonu<\/h4>\n<!-- \/wp:freeform --><!-- wp:list -->\n<ul class=\"wp-block-list\"><!-- wp:list-item -->\n<li>Prof. Dr. Metin TOSUN<\/li>\n<!-- \/wp:list-item --><!-- wp:list-item -->\n<li>Prof. Dr. Hakan \u00d6ZER<\/li>\n<!-- \/wp:list-item --><!-- wp:list-item -->\n<li>Prof. Dr. Ali \u00d6ZT\u00dcRK<\/li>\n<!-- \/wp:list-item --><\/ul>\n<!-- \/wp:list --><!-- wp:freeform -->\n<ul class=\"wp-block-list\"><!-- \/wp:list-item --><\/ul>\n<!-- \/wp:list --><!-- wp:freeform -->\n<ul class=\"wp-block-list\"><!-- \/wp:list-item --><\/ul>\n<!-- \/wp:list --><\/div>\n<!-- \/wp:column --><\/div>\n<!-- \/wp:column --><!-- \/wp:columns -->\t\t\t\t\t\t\t\t<\/div>\n\t\t\t\t<\/div>\n\t\t\t\t\t<\/div>\n\t\t<\/div>\n\t\t\t\t\t<\/div>\n\t\t<\/section>\n\t\t\t\t<section class=\"elementor-section elementor-top-section elementor-element elementor-element-481fc07 elementor-section-boxed elementor-section-height-default elementor-section-height-default\" data-id=\"481fc07\" data-element_type=\"section\">\n\t\t\t\t\t\t<div class=\"elementor-container elementor-column-gap-default\">\n\t\t\t\t\t<div class=\"elementor-column elementor-col-100 elementor-top-column elementor-element elementor-element-c61fba8\" data-id=\"c61fba8\" data-element_type=\"column\">\n\t\t\t<div class=\"elementor-widget-wrap elementor-element-populated\">\n\t\t\t\t\t\t<div class=\"elementor-element elementor-element-b6076e4 elementor-widget elementor-widget-heading\" data-id=\"b6076e4\" data-element_type=\"widget\" data-widget_type=\"heading.default\">\n\t\t\t\t<div class=\"elementor-widget-container\">\n\t\t\t\t\t<h2 class=\"elementor-heading-title elementor-size-default\"><h1>    \tTarla Bitkileri B\u00f6l\u00fcm Koordinat\u00f6rl\u00fckleri<\/h1><\/h2>\t\t\t\t<\/div>\n\t\t\t\t<\/div>\n\t\t\t\t\t<\/div>\n\t\t<\/div>\n\t\t\t\t\t<\/div>\n\t\t<\/section>\n\t\t\t\t<section class=\"elementor-section elementor-top-section elementor-element elementor-element-6ec79fb elementor-section-boxed elementor-section-height-default elementor-section-height-default\" data-id=\"6ec79fb\" data-element_type=\"section\">\n\t\t\t\t\t\t<div class=\"elementor-container elementor-column-gap-default\">\n\t\t\t\t\t<div class=\"elementor-column elementor-col-33 elementor-top-column elementor-element elementor-element-1f17224\" data-id=\"1f17224\" data-element_type=\"column\">\n\t\t\t<div class=\"elementor-widget-wrap elementor-element-populated\">\n\t\t\t\t\t\t<div class=\"elementor-element elementor-element-a4fd5b1 elementor-widget elementor-widget-text-editor\" data-id=\"a4fd5b1\" data-element_type=\"widget\" data-widget_type=\"text-editor.default\">\n\t\t\t\t<div class=\"elementor-widget-container\">\n\t\t\t\t\t\t\t\t\t<h4>Erasmus Koordinat\u00f6r\u00fc<\/h4>\n<p><!-- \/wp:freeform --><!-- wp:list --><\/p>\n<ul class=\"wp-block-list\">\n<li style=\"list-style-type: none\">\n<ul class=\"wp-block-list\"><!-- wp:list-item --><\/ul>\n<\/li>\n<\/ul>\n<ul class=\"wp-block-list\">\n<li style=\"list-style-type: none\">\n<ul class=\"wp-block-list\">\n<li>Dr. \u00d6\u011fr. \u00dcyesi Furkan \u00c7OBAN<\/li>\n<\/ul>\n<\/li>\n<\/ul>\n<p><!-- \/wp:list-item --><\/p>\n<h4>Farabi Koordinat\u00f6r\u00fc<\/h4>\n<p><!-- \/wp:list --><!-- wp:list --><\/p>\n<ul class=\"wp-block-list\">\n<li style=\"list-style-type: none\">\n<ul class=\"wp-block-list\"><!-- wp:list-item --><\/ul>\n<\/li>\n<\/ul>\n<ul class=\"wp-block-list\">\n<li>Prof. Dr. Erdo\u011fan \u00d6ZT\u00dcRK<\/li>\n<\/ul>\n<h4>Kariyer Merkezi Temsilcisi<\/h4>\n<ul class=\"wp-block-list\">\n<li>Dr. \u00d6\u011fr. \u00dcyesi Sel\u00e7uk KODAZ<\/li>\n<\/ul>\t\t\t\t\t\t\t\t<\/div>\n\t\t\t\t<\/div>\n\t\t\t\t\t<\/div>\n\t\t<\/div>\n\t\t\t\t<div class=\"elementor-column elementor-col-33 elementor-top-column elementor-element elementor-element-9614b94\" data-id=\"9614b94\" data-element_type=\"column\">\n\t\t\t<div class=\"elementor-widget-wrap elementor-element-populated\">\n\t\t\t\t\t\t<div class=\"elementor-element elementor-element-0938567 elementor-widget elementor-widget-text-editor\" data-id=\"0938567\" data-element_type=\"widget\" data-widget_type=\"text-editor.default\">\n\t\t\t\t<div class=\"elementor-widget-container\">\n\t\t\t\t\t\t\t\t\t<h4>Mevlana Koordinat\u00f6r\u00fc<\/h4>\n<p><!-- \/wp:freeform --><!-- wp:list --><\/p>\n<ul class=\"wp-block-list\"><!-- wp:list-item -->\n<li>Prof. Dr. Metin TOSUN<\/li>\n<!-- \/wp:list-item --><\/ul>\n<h4>Orhun Koordinat\u00f6r\u00fc<\/h4>\n<p><!-- \/wp:list --><!-- wp:list --><\/p>\n<ul class=\"wp-block-list\"><!-- wp:list-item -->\n<li>Prof. Dr. Hakan \u00d6ZER<\/li>\n<\/ul>\n<h4>B\u00f6l\u00fcm Ders ve S\u0131nav Program\u0131 Koordinat\u00f6r\u00fc<\/h4>\n<ul class=\"wp-block-list\">\n<li>Ar\u015f. G\u00f6r. Dr. Zehra TOKTAY<\/li>\n<\/ul>\n<p><!-- \/wp:list-item --><!-- wp:freeform --><\/p>\t\t\t\t\t\t\t\t<\/div>\n\t\t\t\t<\/div>\n\t\t\t\t\t<\/div>\n\t\t<\/div>\n\t\t\t\t<div class=\"elementor-column elementor-col-33 elementor-top-column elementor-element elementor-element-e3f64a1\" data-id=\"e3f64a1\" data-element_type=\"column\">\n\t\t\t<div class=\"elementor-widget-wrap elementor-element-populated\">\n\t\t\t\t\t\t<div class=\"elementor-element elementor-element-15693c1 elementor-widget elementor-widget-text-editor\" data-id=\"15693c1\" data-element_type=\"widget\" data-widget_type=\"text-editor.default\">\n\t\t\t\t<div class=\"elementor-widget-container\">\n\t\t\t\t\t\t\t\t\t<h4>Bologna Koordinat\u00f6r\u00fc<\/h4>\n<ul class=\"wp-block-list\">\n<li>Do\u00e7. Dr. \u00dcyesi Esin DADA\u015eO\u011eLU<\/li>\n<\/ul>\n<h4>Ders Bilgi Paketi Koordinat\u00f6r\u00fc<\/h4>\n<ul class=\"wp-block-list\">\n<li>Do\u00e7. Dr. \u00dcyesi Esin DADA\u015eO\u011eLU<\/li>\n<\/ul>\t\t\t\t\t\t\t\t<\/div>\n\t\t\t\t<\/div>\n\t\t\t\t\t<\/div>\n\t\t<\/div>\n\t\t\t\t\t<\/div>\n\t\t<\/section>\n\t\t\t\t<\/div>\n\t\t","protected":false},"excerpt":{"rendered":"<p>Akreditasyon Komisyonu Kalite Komisyonu E\u011fitim-\u00d6\u011fretim ve M\u00fcfredat Komisyonu Doktora Yeterlilik\u00a0Komisyonu Staj Komisyonu Stratejik Plan Komisyonu Prof. Dr. Metin TOSUN Prof. Dr. Hakan \u00d6ZER Prof. Dr. Ali \u00d6ZT\u00dcRK Prof. Dr. Erdal ELKOCA Prof. Dr. Ta\u015fk\u0131n POLAT Akademik Te\u015fvik D\u00fczenleme, Denetleme ve \u0130tiraz Komisyonu Prof. Dr. Metin TOSUN Prof. Dr. Hakan \u00d6ZER Prof. Dr. Ali \u00d6ZT\u00dcRK Tarla [&hellip;]<\/p>\n","protected":false},"author":147,"featured_media":0,"parent":0,"menu_order":0,"comment_status":"closed","ping_status":"closed","template":"","meta":{"footnotes":""},"class_list":["post-6793","page","type-page","status-publish","hentry"],"_links":{"self":[{"href":"https:\/\/atauni.edu.tr\/tarla-bitkileri-bolumu\/wp-json\/wp\/v2\/pages\/6793","targetHints":{"allow":["GET"]}}],"collection":[{"href":"https:\/\/atauni.edu.tr\/tarla-bitkileri-bolumu\/wp-json\/wp\/v2\/pages"}],"about":[{"href":"https:\/\/atauni.edu.tr\/tarla-bitkileri-bolumu\/wp-json\/wp\/v2\/types\/page"}],"author":[{"embeddable":true,"href":"https:\/\/atauni.edu.tr\/tarla-bitkileri-bolumu\/wp-json\/wp\/v2\/users\/147"}],"replies":[{"embeddable":true,"href":"https:\/\/atauni.edu.tr\/tarla-bitkileri-bolumu\/wp-json\/wp\/v2\/comments?post=6793"}],"version-history":[{"count":26,"href":"https:\/\/atauni.edu.tr\/tarla-bitkileri-bolumu\/wp-json\/wp\/v2\/pages\/6793\/revisions"}],"predecessor-version":[{"id":6945,"href":"https:\/\/atauni.edu.tr\/tarla-bitkileri-bolumu\/wp-json\/wp\/v2\/pages\/6793\/revisions\/6945"}],"wp:attachment":[{"href":"https:\/\/atauni.edu.tr\/tarla-bitkileri-bolumu\/wp-json\/wp\/v2\/media?parent=6793"}],"curies":[{"name":"wp","href":"https:\/\/api.w.org\/{rel}","templated":true}]}}