{"id":6926,"date":"2025-06-26T14:19:34","date_gmt":"2025-06-26T11:19:34","guid":{"rendered":"https:\/\/birimler.atauni.edu.tr\/tarla-bitkileri-bolumu\/?page_id=6926"},"modified":"2025-08-03T14:34:42","modified_gmt":"2025-08-03T11:34:42","slug":"haberler","status":"publish","type":"page","link":"https:\/\/atauni.edu.tr\/tarla-bitkileri-bolumu\/haberler\/","title":{"rendered":"Haberler"},"content":{"rendered":"<form method=\"get\" class=\"row g-3\" style=\"margin-bottom: 20px;\"><div class=\"col-md-3\"><input type=\"text\" name=\"haber_ara\" class=\"form-control\" placeholder=\"Haber ara...\" value=\"\"><\/div><div class=\"col-md-3\"><input type=\"date\" name=\"baslangic_tarihi\" class=\"form-control\" value=\"\"><\/div><div class=\"col-md-3\"><input type=\"date\" name=\"bitis_tarihi\" class=\"form-control\" value=\"\"><\/div><div class=\"col-md-3\"><button type=\"submit\" class=\"btn btn-secondary w-50\">Filtrele<\/button><\/div><\/form><ul class=\"kategori-yazilari-liste\"><li style=\"display: flex; margin-bottom: 10px; align-items: center;\"><div class=\"post-thumbnail\" style=\"margin-right: 15px;\"><a href=\"https:\/\/atauni.edu.tr\/tarla-bitkileri-bolumu\/2025\/12\/11\/tarla-bitkileri-bolumu-kariyer-planlama-ve-akademik-danismanlik-toplantisi\/\"><img decoding=\"async\" width=\"150\" height=\"150\" src=\"https:\/\/atauni.edu.tr\/tarla-bitkileri-bolumu\/wp-content\/uploads\/sites\/164\/2021\/07\/Duyuru-150x150.jpg\" class=\"attachment-thumbnail size-thumbnail wp-post-image\" alt=\"\" \/><\/a><\/div><div class=\"post-content\" style=\"flex-grow: 1;\"><span class=\"post-date habertarih\" style=\"display: block; font-weight: bold; margin-bottom: 5px;\">11 Aral\u0131k 2025<\/span><a class=\"haberbaslik\" href=\"https:\/\/atauni.edu.tr\/tarla-bitkileri-bolumu\/2025\/12\/11\/tarla-bitkileri-bolumu-kariyer-planlama-ve-akademik-danismanlik-toplantisi\/\">Tarla Bitkileri B\u00f6l\u00fcm\u00fc Kariyer Bulu\u015fmalar\u0131<\/a><\/div><\/li><li style=\"display: flex; margin-bottom: 10px; align-items: center;\"><div class=\"post-thumbnail\" style=\"margin-right: 15px;\"><a href=\"https:\/\/atauni.edu.tr\/tarla-bitkileri-bolumu\/2025\/10\/09\/tarla-bitkileri-2024-2025-oryantasyon-programi-2\/\"><img decoding=\"async\" width=\"150\" height=\"150\" src=\"https:\/\/atauni.edu.tr\/tarla-bitkileri-bolumu\/wp-content\/uploads\/sites\/164\/2021\/07\/Duyuru-150x150.jpg\" class=\"attachment-thumbnail size-thumbnail wp-post-image\" alt=\"\" \/><\/a><\/div><div class=\"post-content\" style=\"flex-grow: 1;\"><span class=\"post-date habertarih\" style=\"display: block; font-weight: bold; margin-bottom: 5px;\">9 Ekim 2025<\/span><a class=\"haberbaslik\" href=\"https:\/\/atauni.edu.tr\/tarla-bitkileri-bolumu\/2025\/10\/09\/tarla-bitkileri-2024-2025-oryantasyon-programi-2\/\">Tarla Bitkileri 2025-2026 Oryantasyon Program\u0131<\/a><\/div><\/li><li style=\"display: flex; margin-bottom: 10px; align-items: center;\"><div class=\"post-content\" style=\"flex-grow: 1;\"><span class=\"post-date habertarih\" style=\"display: block; font-weight: bold; margin-bottom: 5px;\">22 Eyl\u00fcl 2025<\/span><a class=\"haberbaslik\" href=\"https:\/\/atauni.edu.tr\/tarla-bitkileri-bolumu\/2025\/09\/22\/zidek-akreditasyonu\/\">Z\u0130DEK Akreditasyonu<\/a><\/div><\/li><li style=\"display: flex; margin-bottom: 10px; align-items: center;\"><div class=\"post-thumbnail\" style=\"margin-right: 15px;\"><a href=\"https:\/\/atauni.edu.tr\/tarla-bitkileri-bolumu\/2024\/10\/10\/tarla-bitkileri-2024-2025-oryantasyon-programi\/\"><img decoding=\"async\" width=\"150\" height=\"150\" src=\"https:\/\/atauni.edu.tr\/tarla-bitkileri-bolumu\/wp-content\/uploads\/sites\/164\/2021\/07\/Duyuru-150x150.jpg\" class=\"attachment-thumbnail size-thumbnail wp-post-image\" alt=\"\" \/><\/a><\/div><div class=\"post-content\" style=\"flex-grow: 1;\"><span class=\"post-date habertarih\" style=\"display: block; font-weight: bold; margin-bottom: 5px;\">10 Ekim 2024<\/span><a class=\"haberbaslik\" href=\"https:\/\/atauni.edu.tr\/tarla-bitkileri-bolumu\/2024\/10\/10\/tarla-bitkileri-2024-2025-oryantasyon-programi\/\">Tarla Bitkileri 2024-2025 Oryantasyon Program\u0131<\/a><\/div><\/li><li style=\"display: flex; margin-bottom: 10px; align-items: center;\"><div class=\"post-thumbnail\" style=\"margin-right: 15px;\"><a href=\"https:\/\/atauni.edu.tr\/tarla-bitkileri-bolumu\/2024\/05\/07\/tarla-bitkileri-bolumu-akademik-danismanlik-toplantisi\/\"><img decoding=\"async\" width=\"150\" height=\"150\" src=\"https:\/\/atauni.edu.tr\/tarla-bitkileri-bolumu\/wp-content\/uploads\/sites\/164\/2021\/07\/Duyuru-150x150.jpg\" class=\"attachment-thumbnail size-thumbnail wp-post-image\" alt=\"\" \/><\/a><\/div><div class=\"post-content\" style=\"flex-grow: 1;\"><span class=\"post-date habertarih\" style=\"display: block; font-weight: bold; margin-bottom: 5px;\">7 May\u0131s 2024<\/span><a class=\"haberbaslik\" href=\"https:\/\/atauni.edu.tr\/tarla-bitkileri-bolumu\/2024\/05\/07\/tarla-bitkileri-bolumu-akademik-danismanlik-toplantisi\/\">Tarla Bitkileri B\u00f6l\u00fcm\u00fc Kariyer Planlama ve Akademik Dan\u0131\u015fmanl\u0131k Toplant\u0131s\u0131<\/a><\/div><\/li><li style=\"display: flex; margin-bottom: 10px; align-items: center;\"><div class=\"post-thumbnail\" style=\"margin-right: 15px;\"><a href=\"https:\/\/atauni.edu.tr\/tarla-bitkileri-bolumu\/2023\/10\/10\/tarla-bitkileri-bolumu-oryantasyon-programi\/\"><img decoding=\"async\" width=\"150\" height=\"150\" src=\"https:\/\/atauni.edu.tr\/tarla-bitkileri-bolumu\/wp-content\/uploads\/sites\/164\/2021\/07\/Duyuru-150x150.jpg\" class=\"attachment-thumbnail size-thumbnail wp-post-image\" alt=\"\" \/><\/a><\/div><div class=\"post-content\" style=\"flex-grow: 1;\"><span class=\"post-date habertarih\" style=\"display: block; font-weight: bold; margin-bottom: 5px;\">10 Ekim 2023<\/span><a class=\"haberbaslik\" href=\"https:\/\/atauni.edu.tr\/tarla-bitkileri-bolumu\/2023\/10\/10\/tarla-bitkileri-bolumu-oryantasyon-programi\/\">Tarla Bitkileri B\u00f6l\u00fcm\u00fc Oryantasyon Program\u0131<\/a><\/div><\/li><li style=\"display: flex; margin-bottom: 10px; align-items: center;\"><div class=\"post-thumbnail\" style=\"margin-right: 15px;\"><a href=\"https:\/\/atauni.edu.tr\/tarla-bitkileri-bolumu\/2022\/08\/11\/bolumumuz-ogretim-uyelerinden-prof-dr-binali-comakli-trt-erzurum-radyosunda-dogu-anadolu-bolgesinde-cayir-meralarin-tarim-sistemindeki-yeri-ve-onemi-hakkinda-aciklamalarda-bulundu\/\"><img decoding=\"async\" width=\"150\" height=\"150\" src=\"https:\/\/atauni.edu.tr\/tarla-bitkileri-bolumu\/wp-content\/uploads\/sites\/164\/2021\/07\/Duyuru-150x150.jpg\" class=\"attachment-thumbnail size-thumbnail wp-post-image\" alt=\"\" \/><\/a><\/div><div class=\"post-content\" style=\"flex-grow: 1;\"><span class=\"post-date habertarih\" style=\"display: block; font-weight: bold; margin-bottom: 5px;\">11 A\u011fustos 2022<\/span><a class=\"haberbaslik\" href=\"https:\/\/atauni.edu.tr\/tarla-bitkileri-bolumu\/2022\/08\/11\/bolumumuz-ogretim-uyelerinden-prof-dr-binali-comakli-trt-erzurum-radyosunda-dogu-anadolu-bolgesinde-cayir-meralarin-tarim-sistemindeki-yeri-ve-onemi-hakkinda-aciklamalarda-bulundu\/\">Prof. Dr. Binali \u00c7OMAKLI TRT-Erzurum Radyosu<\/a><\/div><\/li><li style=\"display: flex; margin-bottom: 10px; align-items: center;\"><div class=\"post-thumbnail\" style=\"margin-right: 15px;\"><a href=\"https:\/\/atauni.edu.tr\/tarla-bitkileri-bolumu\/2022\/05\/30\/bolumumuz-tarafindan-16-05-2022-tarihinde-cevrimici-tohumculuk-calistayi-duzenlenmistir\/\"><img decoding=\"async\" width=\"150\" height=\"150\" src=\"https:\/\/atauni.edu.tr\/tarla-bitkileri-bolumu\/wp-content\/uploads\/sites\/164\/2021\/07\/Duyuru-150x150.jpg\" class=\"attachment-thumbnail size-thumbnail wp-post-image\" alt=\"\" \/><\/a><\/div><div class=\"post-content\" style=\"flex-grow: 1;\"><span class=\"post-date habertarih\" style=\"display: block; font-weight: bold; margin-bottom: 5px;\">30 May\u0131s 2022<\/span><a class=\"haberbaslik\" href=\"https:\/\/atauni.edu.tr\/tarla-bitkileri-bolumu\/2022\/05\/30\/bolumumuz-tarafindan-16-05-2022-tarihinde-cevrimici-tohumculuk-calistayi-duzenlenmistir\/\">B\u00f6l\u00fcm\u00fcm\u00fcz taraf\u0131ndan 16.05.2022 Tarihinde \u00c7evrimi\u00e7i Tohumculuk \u00c7al\u0131\u015ftay\u0131 D\u00fczenlenmi\u015ftir.<\/a><\/div><\/li><li style=\"display: flex; margin-bottom: 10px; align-items: center;\"><div class=\"post-thumbnail\" style=\"margin-right: 15px;\"><a href=\"https:\/\/atauni.edu.tr\/tarla-bitkileri-bolumu\/2022\/03\/28\/tarla-bitkileri-bolumunde-ic-ve-dis-paydas-toplantisi-gerceklestirildi\/\"><img decoding=\"async\" width=\"150\" height=\"150\" src=\"https:\/\/atauni.edu.tr\/tarla-bitkileri-bolumu\/wp-content\/uploads\/sites\/164\/2021\/07\/Duyuru-150x150.jpg\" class=\"attachment-thumbnail size-thumbnail wp-post-image\" alt=\"\" \/><\/a><\/div><div class=\"post-content\" style=\"flex-grow: 1;\"><span class=\"post-date habertarih\" style=\"display: block; font-weight: bold; margin-bottom: 5px;\">28 Mart 2022<\/span><a class=\"haberbaslik\" href=\"https:\/\/atauni.edu.tr\/tarla-bitkileri-bolumu\/2022\/03\/28\/tarla-bitkileri-bolumunde-ic-ve-dis-paydas-toplantisi-gerceklestirildi\/\">Tarla Bitkileri B\u00f6l\u00fcm\u00fcnde \u0130\u00e7 ve D\u0131\u015f Payda\u015f Toplant\u0131s\u0131 Ger\u00e7ekle\u015ftirildi<\/a><\/div><\/li><\/ul>\n\n\n\n<p><\/p>\n","protected":false},"excerpt":{"rendered":"","protected":false},"author":8,"featured_media":0,"parent":0,"menu_order":0,"comment_status":"closed","ping_status":"closed","template":"","meta":{"footnotes":""},"class_list":["post-6926","page","type-page","status-publish","hentry"],"_links":{"self":[{"href":"https:\/\/atauni.edu.tr\/tarla-bitkileri-bolumu\/wp-json\/wp\/v2\/pages\/6926","targetHints":{"allow":["GET"]}}],"collection":[{"href":"https:\/\/atauni.edu.tr\/tarla-bitkileri-bolumu\/wp-json\/wp\/v2\/pages"}],"about":[{"href":"https:\/\/atauni.edu.tr\/tarla-bitkileri-bolumu\/wp-json\/wp\/v2\/types\/page"}],"author":[{"embeddable":true,"href":"https:\/\/atauni.edu.tr\/tarla-bitkileri-bolumu\/wp-json\/wp\/v2\/users\/8"}],"replies":[{"embeddable":true,"href":"https:\/\/atauni.edu.tr\/tarla-bitkileri-bolumu\/wp-json\/wp\/v2\/comments?post=6926"}],"version-history":[{"count":2,"href":"https:\/\/atauni.edu.tr\/tarla-bitkileri-bolumu\/wp-json\/wp\/v2\/pages\/6926\/revisions"}],"predecessor-version":[{"id":6951,"href":"https:\/\/atauni.edu.tr\/tarla-bitkileri-bolumu\/wp-json\/wp\/v2\/pages\/6926\/revisions\/6951"}],"wp:attachment":[{"href":"https:\/\/atauni.edu.tr\/tarla-bitkileri-bolumu\/wp-json\/wp\/v2\/media?parent=6926"}],"curies":[{"name":"wp","href":"https:\/\/api.w.org\/{rel}","templated":true}]}}