{"id":6930,"date":"2025-06-26T14:20:18","date_gmt":"2025-06-26T11:20:18","guid":{"rendered":"https:\/\/birimler.atauni.edu.tr\/tarla-bitkileri-bolumu\/?page_id=6930"},"modified":"2025-08-03T14:34:21","modified_gmt":"2025-08-03T11:34:21","slug":"duyurular","status":"publish","type":"page","link":"https:\/\/atauni.edu.tr\/tarla-bitkileri-bolumu\/duyurular\/","title":{"rendered":"Duyurular"},"content":{"rendered":"<form method=\"get\" class=\"row g-3\" style=\"margin-bottom: 20px;\"><div class=\"col-md-3\"><input type=\"text\" name=\"Duyuru_ara\" class=\"form-control\" placeholder=\"Duyuru ara...\" value=\"\"><\/div><div class=\"col-md-3\"><input type=\"date\" name=\"baslangic_tarihi\" class=\"form-control\" value=\"\"><\/div><div class=\"col-md-3\"><input type=\"date\" name=\"bitis_tarihi\" class=\"form-control\" value=\"\"><\/div><div class=\"col-md-3\"><button type=\"submit\" class=\"btn btn-secondary w-50\">Filtrele<\/button><\/div><\/form><ul class=\"kategori-yazilari-liste\"><li style=\"display: flex; margin-bottom: 10px; align-items: center;\"><div class=\"post-content\" style=\"flex-grow: 1;\"><span class=\"post-date Duyurutarih\" style=\"display: block; font-weight: bold; margin-bottom: 5px;\">21 Eyl\u00fcl 2025<\/span><a class=\"Duyurubaslik\" href=\"https:\/\/atauni.edu.tr\/tarla-bitkileri-bolumu\/2025\/09\/21\/2025-2026-guz-yariyili-tarla-bitkileri-bolumu-ders-programi\/\">2025-2026 G\u00fcz Yar\u0131y\u0131l\u0131 Tarla Bitkileri B\u00f6l\u00fcm\u00fc Ders Program\u0131<\/a><\/div><\/li><li style=\"display: flex; margin-bottom: 10px; align-items: center;\"><div class=\"post-content\" style=\"flex-grow: 1;\"><span class=\"post-date Duyurutarih\" style=\"display: block; font-weight: bold; margin-bottom: 5px;\">7 Mart 2025<\/span><a class=\"Duyurubaslik\" href=\"https:\/\/atauni.edu.tr\/tarla-bitkileri-bolumu\/2025\/03\/07\/staj-yol-haritasi\/\">Staj Yol Haritas\u0131<\/a><\/div><\/li><li style=\"display: flex; margin-bottom: 10px; align-items: center;\"><div class=\"post-content\" style=\"flex-grow: 1;\"><span class=\"post-date Duyurutarih\" style=\"display: block; font-weight: bold; margin-bottom: 5px;\">1 Nisan 2024<\/span><a class=\"Duyurubaslik\" href=\"https:\/\/atauni.edu.tr\/tarla-bitkileri-bolumu\/2024\/04\/01\/tarla-bitkileri-bolumu-akademik-danismanlik-listesi\/\">Tarla Bitkileri B\u00f6l\u00fcm\u00fc Akademik Dan\u0131\u015fmanl\u0131k Listesi<\/a><\/div><\/li><li style=\"display: flex; margin-bottom: 10px; align-items: center;\"><div class=\"post-content\" style=\"flex-grow: 1;\"><span class=\"post-date Duyurutarih\" style=\"display: block; font-weight: bold; margin-bottom: 5px;\">10 Haziran 2022<\/span><a class=\"Duyurubaslik\" href=\"https:\/\/atauni.edu.tr\/tarla-bitkileri-bolumu\/2022\/06\/10\/tarla-bitkileri-bolumu-toplumsal-duyarlilik-projeleri\/\">Tarla Bitkileri B\u00f6l\u00fcm\u00fc 2021-2022 E\u011fitim-\u00d6\u011fretim Y\u0131l\u0131 Toplumsal Duyarl\u0131l\u0131k Projeleri<\/a><\/div><\/li><li style=\"display: flex; margin-bottom: 10px; align-items: center;\"><div class=\"post-content\" style=\"flex-grow: 1;\"><span class=\"post-date Duyurutarih\" style=\"display: block; font-weight: bold; margin-bottom: 5px;\">2 Mart 2022<\/span><a class=\"Duyurubaslik\" href=\"https:\/\/atauni.edu.tr\/tarla-bitkileri-bolumu\/2022\/03\/02\/deneme\/\">DAKAF 2022\u2019ye Kay\u0131t<\/a><\/div><\/li><\/ul>\n\n\n\n<p><\/p>\n","protected":false},"excerpt":{"rendered":"","protected":false},"author":8,"featured_media":0,"parent":0,"menu_order":0,"comment_status":"closed","ping_status":"closed","template":"","meta":{"footnotes":""},"class_list":["post-6930","page","type-page","status-publish","hentry"],"_links":{"self":[{"href":"https:\/\/atauni.edu.tr\/tarla-bitkileri-bolumu\/wp-json\/wp\/v2\/pages\/6930","targetHints":{"allow":["GET"]}}],"collection":[{"href":"https:\/\/atauni.edu.tr\/tarla-bitkileri-bolumu\/wp-json\/wp\/v2\/pages"}],"about":[{"href":"https:\/\/atauni.edu.tr\/tarla-bitkileri-bolumu\/wp-json\/wp\/v2\/types\/page"}],"author":[{"embeddable":true,"href":"https:\/\/atauni.edu.tr\/tarla-bitkileri-bolumu\/wp-json\/wp\/v2\/users\/8"}],"replies":[{"embeddable":true,"href":"https:\/\/atauni.edu.tr\/tarla-bitkileri-bolumu\/wp-json\/wp\/v2\/comments?post=6930"}],"version-history":[{"count":2,"href":"https:\/\/atauni.edu.tr\/tarla-bitkileri-bolumu\/wp-json\/wp\/v2\/pages\/6930\/revisions"}],"predecessor-version":[{"id":6949,"href":"https:\/\/atauni.edu.tr\/tarla-bitkileri-bolumu\/wp-json\/wp\/v2\/pages\/6930\/revisions\/6949"}],"wp:attachment":[{"href":"https:\/\/atauni.edu.tr\/tarla-bitkileri-bolumu\/wp-json\/wp\/v2\/media?parent=6930"}],"curies":[{"name":"wp","href":"https:\/\/api.w.org\/{rel}","templated":true}]}}