{"id":7084,"date":"2025-12-17T14:37:07","date_gmt":"2025-12-17T11:37:07","guid":{"rendered":"https:\/\/birimler.atauni.edu.tr\/tarla-bitkileri-bolumu\/?page_id=7084"},"modified":"2025-12-17T15:23:19","modified_gmt":"2025-12-17T12:23:19","slug":"anketler","status":"publish","type":"page","link":"https:\/\/atauni.edu.tr\/tarla-bitkileri-bolumu\/anketler\/","title":{"rendered":"Anketler"},"content":{"rendered":"\t\t<div data-elementor-type=\"wp-page\" data-elementor-id=\"7084\" class=\"elementor elementor-7084\" data-elementor-post-type=\"page\">\n\t\t\t\t\t\t<section class=\"elementor-section elementor-top-section elementor-element elementor-element-26c55e7 elementor-section-boxed elementor-section-height-default elementor-section-height-default\" data-id=\"26c55e7\" data-element_type=\"section\">\n\t\t\t\t\t\t<div class=\"elementor-container elementor-column-gap-default\">\n\t\t\t\t\t<div class=\"elementor-column elementor-col-100 elementor-top-column elementor-element elementor-element-9c62cb7\" data-id=\"9c62cb7\" data-element_type=\"column\">\n\t\t\t<div class=\"elementor-widget-wrap elementor-element-populated\">\n\t\t\t\t\t\t<div class=\"elementor-element elementor-element-da5837d elementor-widget elementor-widget-heading\" data-id=\"da5837d\" data-element_type=\"widget\" data-widget_type=\"heading.default\">\n\t\t\t\t<div class=\"elementor-widget-container\">\n\t\t\t\t\t<h2 class=\"elementor-heading-title elementor-size-default\">Tarla Bitkileri B\u00f6l\u00fcm\u00fc \u00d6\u011frenci Anketi<\/h2>\t\t\t\t<\/div>\n\t\t\t\t<\/div>\n\t\t\t\t\t<\/div>\n\t\t<\/div>\n\t\t\t\t\t<\/div>\n\t\t<\/section>\n\t\t\t\t<section class=\"elementor-section elementor-top-section elementor-element elementor-element-02176ac elementor-section-boxed elementor-section-height-default elementor-section-height-default\" data-id=\"02176ac\" data-element_type=\"section\">\n\t\t\t\t\t\t<div class=\"elementor-container elementor-column-gap-default\">\n\t\t\t\t\t<div class=\"elementor-column elementor-col-100 elementor-top-column elementor-element elementor-element-c47b7b1\" data-id=\"c47b7b1\" data-element_type=\"column\">\n\t\t\t<div class=\"elementor-widget-wrap elementor-element-populated\">\n\t\t\t\t\t\t<div class=\"elementor-element elementor-element-b283dd3 elementor-widget elementor-widget-text-editor\" data-id=\"b283dd3\" data-element_type=\"widget\" data-widget_type=\"text-editor.default\">\n\t\t\t\t<div class=\"elementor-widget-container\">\n\t\t\t\t\t\t\t\t\t<p>De\u011ferli \u00f6\u011frenciler;<\/p><p>Bu veri toplama arac\u0131, Atat\u00fcrk \u00dcniversitesi Ziraat Fak\u00fcltesi Tarla Bitkileri B\u00f6l\u00fcm\u00fc \u00f6\u011frencilerinin memnuniyet d\u00fczeylerini belirlemek amac\u0131yla uygulanmaktad\u0131r. Elde edilecek veriler, Tarla Bitkileri B\u00f6l\u00fcm\u00fc Lisans program\u0131n\u0131n e\u011fitim kalitesini y\u00fckseltmek amac\u0131yla kullan\u0131lacakt\u0131r. Bu nedenle sizin g\u00f6r\u00fc\u015f ve \u00f6nerilerinize ihtiya\u00e7 duyulmaktad\u0131r. Ki\u015fisel bilgileriniz kesinlikle kullan\u0131lmayacakt\u0131r. \u00a0Ankete verece\u011finiz samimi ve do\u011fru yan\u0131tlar, ara\u015ft\u0131rma bulgular\u0131n\u0131n ger\u00e7e\u011fe uygunluk derecesini y\u00fckseltecektir. Kat\u0131l\u0131m\u0131n\u0131z i\u00e7in te\u015fekk\u00fcr ederim.<\/p><p style=\"text-align: right\"><b>Tarla Bitkileri B\u00f6l\u00fcm Ba\u015fkan\u0131<\/b>\u00a0 \u00a0 \u00a0 \u00a0 \u00a0 \u00a0 \u00a0 \u00a0 \u00a0 \u00a0 \u00a0 \u00a0 \u00a0 \u00a0 \u00a0 \u00a0 \u00a0 \u00a0 \u00a0\u00a0<\/p><div>Ankete kat\u0131lmak i\u00e7in ba\u011flant\u0131y\u0131 t\u0131klay\u0131n\u0131z.<\/div><div><a href=\"https:\/\/docs.google.com\/forms\/d\/1xqJnI2PX52q_6abjWwpcdZ6WTf7AlX7RpfI84sMtsVM\/viewform?edit_requested=true\" target=\"_blank\" rel=\"noopener\"><span style=\"color: #000080\"><strong>https:\/\/docs.google.com\/forms\/d\/1xqJnI2PX52q_6abjWwpcdZ6WTf7AlX7RpfI84sMtsVM\/viewform?edit_requested=true<\/strong><\/span><\/a><\/div>\t\t\t\t\t\t\t\t<\/div>\n\t\t\t\t<\/div>\n\t\t\t\t\t<\/div>\n\t\t<\/div>\n\t\t\t\t\t<\/div>\n\t\t<\/section>\n\t\t\t\t<section class=\"elementor-section elementor-top-section elementor-element elementor-element-49b6cb6 elementor-section-boxed elementor-section-height-default elementor-section-height-default\" data-id=\"49b6cb6\" data-element_type=\"section\">\n\t\t\t\t\t\t<div class=\"elementor-container elementor-column-gap-default\">\n\t\t\t\t\t<div class=\"elementor-column elementor-col-100 elementor-top-column elementor-element elementor-element-97aa900\" data-id=\"97aa900\" data-element_type=\"column\">\n\t\t\t<div class=\"elementor-widget-wrap elementor-element-populated\">\n\t\t\t\t\t\t<div class=\"elementor-element elementor-element-4b67485 elementor-widget elementor-widget-spacer\" data-id=\"4b67485\" data-element_type=\"widget\" data-widget_type=\"spacer.default\">\n\t\t\t\t<div class=\"elementor-widget-container\">\n\t\t\t\t\t\t\t<div class=\"elementor-spacer\">\n\t\t\t<div class=\"elementor-spacer-inner\"><\/div>\n\t\t<\/div>\n\t\t\t\t\t\t<\/div>\n\t\t\t\t<\/div>\n\t\t\t\t\t<\/div>\n\t\t<\/div>\n\t\t\t\t\t<\/div>\n\t\t<\/section>\n\t\t\t\t<section class=\"elementor-section elementor-top-section elementor-element elementor-element-cb359fa elementor-section-boxed elementor-section-height-default elementor-section-height-default\" data-id=\"cb359fa\" data-element_type=\"section\">\n\t\t\t\t\t\t<div class=\"elementor-container elementor-column-gap-default\">\n\t\t\t\t\t<div class=\"elementor-column elementor-col-100 elementor-top-column elementor-element elementor-element-28cac03\" data-id=\"28cac03\" data-element_type=\"column\">\n\t\t\t<div class=\"elementor-widget-wrap elementor-element-populated\">\n\t\t\t\t\t\t<div class=\"elementor-element elementor-element-f13af90 elementor-widget elementor-widget-heading\" data-id=\"f13af90\" data-element_type=\"widget\" data-widget_type=\"heading.default\">\n\t\t\t\t<div class=\"elementor-widget-container\">\n\t\t\t\t\t<h2 class=\"elementor-heading-title elementor-size-default\">Akademik Dan\u0131\u015fman\u0131 De\u011ferlendirme Anketi<\/h2>\t\t\t\t<\/div>\n\t\t\t\t<\/div>\n\t\t\t\t\t<\/div>\n\t\t<\/div>\n\t\t\t\t\t<\/div>\n\t\t<\/section>\n\t\t\t\t<section class=\"elementor-section elementor-top-section elementor-element elementor-element-9c83e89 elementor-section-boxed elementor-section-height-default elementor-section-height-default\" data-id=\"9c83e89\" data-element_type=\"section\">\n\t\t\t\t\t\t<div class=\"elementor-container elementor-column-gap-default\">\n\t\t\t\t\t<div class=\"elementor-column elementor-col-100 elementor-top-column elementor-element elementor-element-320af4a\" data-id=\"320af4a\" data-element_type=\"column\">\n\t\t\t<div class=\"elementor-widget-wrap elementor-element-populated\">\n\t\t\t\t\t\t<div class=\"elementor-element elementor-element-a969794 elementor-widget elementor-widget-text-editor\" data-id=\"a969794\" data-element_type=\"widget\" data-widget_type=\"text-editor.default\">\n\t\t\t\t<div class=\"elementor-widget-container\">\n\t\t\t\t\t\t\t\t\t<p>De\u011ferli \u00f6\u011frenciler;<\/p><p>Bu Anket Atat\u00fcrk \u00dcniversitesi Ziraat Fak\u00fcltesi Tarla Bitkileri B\u00f6l\u00fcm\u00fc\u00a0\u00a0\u00f6\u011frencilerinin akademik dan\u0131\u015fman\u0131n\u0131<b>\u00a0<\/b>de\u011ferlendirmesi\u00a0\u00a0amac\u0131yla uygulanmaktad\u0131r. Elde edilecek veriler, programlar\u0131n e\u011fitim kalitesinin artt\u0131r\u0131lmas\u0131 amac\u0131yla kullan\u0131lacakt\u0131r. Bireysel veriler kesinlikle payla\u015f\u0131lmayacakt\u0131r. Ankete verece\u011finiz samimi ve do\u011fru yan\u0131tlar, ara\u015ft\u0131rma bulgular\u0131n\u0131n ger\u00e7e\u011fe uygunluk derecesini y\u00fckseltecektir. Anketi tamamlaman\u0131z yakla\u015f\u0131k 5 dakika s\u00fcrecektir. Kat\u0131l\u0131m\u0131n\u0131z i\u00e7in te\u015fekk\u00fcr ederim.<\/p><p style=\"text-align: right\"><b>Tarla Bitkileri B\u00f6l\u00fcm Ba\u015fkan\u0131<\/b>\u00a0 \u00a0 \u00a0 \u00a0 \u00a0 \u00a0 \u00a0 \u00a0 \u00a0 \u00a0 \u00a0 \u00a0 \u00a0 \u00a0 \u00a0 \u00a0 \u00a0 \u00a0 \u00a0\u00a0<\/p><div>Ankete kat\u0131lmak i\u00e7in ba\u011flant\u0131y\u0131 t\u0131klay\u0131n\u0131z.<\/div><div><a href=\"https:\/\/docs.google.com\/forms\/d\/17O1-ZcktUlCgIiPzwcr41jF9-xfoWdrGY-JSjDKJxvQ\/viewform?edit_requested=true\" target=\"_blank\" rel=\"noopener\"><span style=\"color: #000080\"><strong>https:\/\/docs.google.com\/forms\/d\/1xqJnI2PX52q_6abjWwpcdZ6WTf7AlX7RpfI84sMtsVM\/viewform?edit_requested=true<\/strong><\/span><\/a><\/div>\t\t\t\t\t\t\t\t<\/div>\n\t\t\t\t<\/div>\n\t\t\t\t\t<\/div>\n\t\t<\/div>\n\t\t\t\t\t<\/div>\n\t\t<\/section>\n\t\t\t\t<section class=\"elementor-section elementor-top-section elementor-element elementor-element-1dea23b elementor-section-boxed elementor-section-height-default elementor-section-height-default\" data-id=\"1dea23b\" data-element_type=\"section\">\n\t\t\t\t\t\t<div class=\"elementor-container elementor-column-gap-default\">\n\t\t\t\t\t<div class=\"elementor-column elementor-col-100 elementor-top-column elementor-element elementor-element-a7e4492\" data-id=\"a7e4492\" data-element_type=\"column\">\n\t\t\t<div class=\"elementor-widget-wrap elementor-element-populated\">\n\t\t\t\t\t\t<div class=\"elementor-element elementor-element-ddd660d elementor-widget elementor-widget-spacer\" data-id=\"ddd660d\" data-element_type=\"widget\" data-widget_type=\"spacer.default\">\n\t\t\t\t<div class=\"elementor-widget-container\">\n\t\t\t\t\t\t\t<div class=\"elementor-spacer\">\n\t\t\t<div class=\"elementor-spacer-inner\"><\/div>\n\t\t<\/div>\n\t\t\t\t\t\t<\/div>\n\t\t\t\t<\/div>\n\t\t\t\t\t<\/div>\n\t\t<\/div>\n\t\t\t\t\t<\/div>\n\t\t<\/section>\n\t\t\t\t<section class=\"elementor-section elementor-top-section elementor-element elementor-element-d4e5bfe elementor-section-boxed elementor-section-height-default elementor-section-height-default\" data-id=\"d4e5bfe\" data-element_type=\"section\">\n\t\t\t\t\t\t<div class=\"elementor-container elementor-column-gap-default\">\n\t\t\t\t\t<div class=\"elementor-column elementor-col-100 elementor-top-column elementor-element elementor-element-63ca395\" data-id=\"63ca395\" data-element_type=\"column\">\n\t\t\t<div class=\"elementor-widget-wrap elementor-element-populated\">\n\t\t\t\t\t\t<div class=\"elementor-element elementor-element-7f90fb1 elementor-widget elementor-widget-heading\" data-id=\"7f90fb1\" data-element_type=\"widget\" data-widget_type=\"heading.default\">\n\t\t\t\t<div class=\"elementor-widget-container\">\n\t\t\t\t\t<h2 class=\"elementor-heading-title elementor-size-default\">Mezun Anketi<\/h2>\t\t\t\t<\/div>\n\t\t\t\t<\/div>\n\t\t\t\t\t<\/div>\n\t\t<\/div>\n\t\t\t\t\t<\/div>\n\t\t<\/section>\n\t\t\t\t<section class=\"elementor-section elementor-top-section elementor-element elementor-element-c9fb6da elementor-section-boxed elementor-section-height-default elementor-section-height-default\" data-id=\"c9fb6da\" data-element_type=\"section\">\n\t\t\t\t\t\t<div class=\"elementor-container elementor-column-gap-default\">\n\t\t\t\t\t<div class=\"elementor-column elementor-col-100 elementor-top-column elementor-element elementor-element-c27d10d\" data-id=\"c27d10d\" data-element_type=\"column\">\n\t\t\t<div class=\"elementor-widget-wrap elementor-element-populated\">\n\t\t\t\t\t\t<div class=\"elementor-element elementor-element-ee90647 elementor-widget elementor-widget-text-editor\" data-id=\"ee90647\" data-element_type=\"widget\" data-widget_type=\"text-editor.default\">\n\t\t\t\t<div class=\"elementor-widget-container\">\n\t\t\t\t\t\t\t\t\t<p>De\u011ferli mezunumuz;<\/p><p>Bu Anket Atat\u00fcrk \u00dcniversitesi Ziraat Fak\u00fcltesi Tarla Bitkileri B\u00f6l\u00fcm\u00fc mezunlar\u0131n\u0131n memnuniyet d\u00fczeylerini belirlemek amac\u0131yla uygulanmaktad\u0131r. Elde edilecek veriler, programlar\u0131n e\u011fitim kalitesinin artt\u0131r\u0131lmas\u0131 amac\u0131yla kullan\u0131lacakt\u0131r. Bireysel veriler kesinlikle payla\u015f\u0131lmayacakt\u0131r. Ankete verece\u011finiz samimi ve do\u011fru yan\u0131tlar, ara\u015ft\u0131rma bulgular\u0131n\u0131n ger\u00e7e\u011fe uygunluk derecesini y\u00fckseltecektir. Anketi tamamlaman\u0131z yakla\u015f\u0131k 5 dakika s\u00fcrecektir. Kat\u0131l\u0131m\u0131n\u0131z i\u00e7in te\u015fekk\u00fcr ederim.<\/p><p style=\"text-align: right\"><b>Tarla Bitkileri B\u00f6l\u00fcm Ba\u015fkan\u0131<\/b>\u00a0 \u00a0 \u00a0 \u00a0 \u00a0 \u00a0 \u00a0 \u00a0 \u00a0 \u00a0 \u00a0 \u00a0 \u00a0 \u00a0 \u00a0 \u00a0 \u00a0 \u00a0 \u00a0\u00a0<\/p><div>Ankete kat\u0131lmak i\u00e7in ba\u011flant\u0131y\u0131 t\u0131klay\u0131n\u0131z.<\/div><div><a href=\"https:\/\/docs.google.com\/forms\/d\/1wzN6XLtdFCHLpOi0QJs0Ekck2dJdWL1H6lVSmubhlPk\/viewform?edit_requested=true\" target=\"_blank\" rel=\"noopener\"><span style=\"color: #000080\"><strong>https:\/\/docs.google.com\/forms\/d\/1xqJnI2PX52q_6abjWwpcdZ6WTf7AlX7RpfI84sMtsVM\/viewform?edit_requested=true<\/strong><\/span><\/a><\/div>\t\t\t\t\t\t\t\t<\/div>\n\t\t\t\t<\/div>\n\t\t\t\t\t<\/div>\n\t\t<\/div>\n\t\t\t\t\t<\/div>\n\t\t<\/section>\n\t\t\t\t<section class=\"elementor-section elementor-top-section elementor-element elementor-element-435a7b7 elementor-section-boxed elementor-section-height-default elementor-section-height-default\" data-id=\"435a7b7\" data-element_type=\"section\">\n\t\t\t\t\t\t<div class=\"elementor-container elementor-column-gap-default\">\n\t\t\t\t\t<div class=\"elementor-column elementor-col-100 elementor-top-column elementor-element elementor-element-93f116a\" data-id=\"93f116a\" data-element_type=\"column\">\n\t\t\t<div class=\"elementor-widget-wrap elementor-element-populated\">\n\t\t\t\t\t\t<div class=\"elementor-element elementor-element-9cb8482 elementor-widget elementor-widget-spacer\" data-id=\"9cb8482\" data-element_type=\"widget\" data-widget_type=\"spacer.default\">\n\t\t\t\t<div class=\"elementor-widget-container\">\n\t\t\t\t\t\t\t<div class=\"elementor-spacer\">\n\t\t\t<div class=\"elementor-spacer-inner\"><\/div>\n\t\t<\/div>\n\t\t\t\t\t\t<\/div>\n\t\t\t\t<\/div>\n\t\t\t\t\t<\/div>\n\t\t<\/div>\n\t\t\t\t\t<\/div>\n\t\t<\/section>\n\t\t\t\t<section class=\"elementor-section elementor-top-section elementor-element elementor-element-1af6d14 elementor-section-boxed elementor-section-height-default elementor-section-height-default\" data-id=\"1af6d14\" data-element_type=\"section\">\n\t\t\t\t\t\t<div class=\"elementor-container elementor-column-gap-default\">\n\t\t\t\t\t<div class=\"elementor-column elementor-col-100 elementor-top-column elementor-element elementor-element-af7b2dd\" data-id=\"af7b2dd\" data-element_type=\"column\">\n\t\t\t<div class=\"elementor-widget-wrap elementor-element-populated\">\n\t\t\t\t\t\t<div class=\"elementor-element elementor-element-de721ab elementor-widget elementor-widget-heading\" data-id=\"de721ab\" data-element_type=\"widget\" data-widget_type=\"heading.default\">\n\t\t\t\t<div class=\"elementor-widget-container\">\n\t\t\t\t\t<h2 class=\"elementor-heading-title elementor-size-default\">D\u0131\u015f Payda\u015f Anketi<\/h2>\t\t\t\t<\/div>\n\t\t\t\t<\/div>\n\t\t\t\t\t<\/div>\n\t\t<\/div>\n\t\t\t\t\t<\/div>\n\t\t<\/section>\n\t\t\t\t<section class=\"elementor-section elementor-top-section elementor-element elementor-element-ad7f767 elementor-section-boxed elementor-section-height-default elementor-section-height-default\" data-id=\"ad7f767\" data-element_type=\"section\">\n\t\t\t\t\t\t<div class=\"elementor-container elementor-column-gap-default\">\n\t\t\t\t\t<div class=\"elementor-column elementor-col-100 elementor-top-column elementor-element elementor-element-ac5d1b8\" data-id=\"ac5d1b8\" data-element_type=\"column\">\n\t\t\t<div class=\"elementor-widget-wrap elementor-element-populated\">\n\t\t\t\t\t\t<div class=\"elementor-element elementor-element-675c370 elementor-widget elementor-widget-text-editor\" data-id=\"675c370\" data-element_type=\"widget\" data-widget_type=\"text-editor.default\">\n\t\t\t\t<div class=\"elementor-widget-container\">\n\t\t\t\t\t\t\t\t\t<p>Say\u0131n Kat\u0131l\u0131mc\u0131;<\/p><p>Bu anket, Atat\u00fcrk \u00dcniversitesi Ziraat Fak\u00fcltesi Tarla Bitkileri B\u00f6l\u00fcm\u00fc Lisans Program\u0131\u2019n\u0131n kalitesini art\u0131rmak ve mezunlar\u0131m\u0131z\u0131n sekt\u00f6r ihtiya\u00e7lar\u0131n\u0131 kar\u015f\u0131layacak donan\u0131ma sahip olmalar\u0131n\u0131 sa\u011flayacak bilgiler edinmek amac\u0131yla haz\u0131rlanm\u0131\u015ft\u0131r. G\u00f6r\u00fc\u015fleriniz, e\u011fitim-\u00f6\u011fretim program\u0131n\u0131n g\u00fcncellenmesi ve iyile\u015ftirilmesi a\u00e7\u0131s\u0131ndan son derece de\u011ferlidir. Yan\u0131tlar\u0131n\u0131z gizli tutulacak ve yaln\u0131zca de\u011ferlendirme amac\u0131yla kullan\u0131lacakt\u0131r. Katk\u0131lar\u0131n\u0131z i\u00e7in te\u015fekk\u00fcr ederiz.<\/p><p style=\"text-align: right\"><b>Tarla Bitkileri B\u00f6l\u00fcm Ba\u015fkan\u0131<\/b>\u00a0 \u00a0 \u00a0 \u00a0 \u00a0 \u00a0 \u00a0 \u00a0 \u00a0 \u00a0 \u00a0 \u00a0 \u00a0 \u00a0 \u00a0 \u00a0 \u00a0 \u00a0 \u00a0\u00a0<\/p><div>Ankete kat\u0131lmak i\u00e7in ba\u011flant\u0131y\u0131 t\u0131klay\u0131n\u0131z.<\/div><div>\u00a0<a href=\"https:\/\/docs.google.com\/forms\/d\/e\/1FAIpQLSczve7Mw2HVPb0NZBIolTKsL7zGIHY2wZmdGHaj-BE3oCr--g\/viewform\" target=\"_blank\" rel=\"noopener\"><strong><span style=\"color: #000080\">https:\/\/docs.google.com\/forms\/d\/e\/1FAIpQLSczve7Mw2HVPb0NZBIolTKsL7zGIHY2wZmdGHaj-BE3oCr&#8211;g\/viewform<\/span><\/strong><\/a><\/div>\t\t\t\t\t\t\t\t<\/div>\n\t\t\t\t<\/div>\n\t\t\t\t\t<\/div>\n\t\t<\/div>\n\t\t\t\t\t<\/div>\n\t\t<\/section>\n\t\t\t\t<section class=\"elementor-section elementor-top-section elementor-element elementor-element-d999bb6 elementor-section-boxed elementor-section-height-default elementor-section-height-default\" data-id=\"d999bb6\" data-element_type=\"section\">\n\t\t\t\t\t\t<div class=\"elementor-container elementor-column-gap-default\">\n\t\t\t\t\t<div class=\"elementor-column elementor-col-100 elementor-top-column elementor-element elementor-element-fc74908\" data-id=\"fc74908\" data-element_type=\"column\">\n\t\t\t<div class=\"elementor-widget-wrap\">\n\t\t\t\t\t\t\t<\/div>\n\t\t<\/div>\n\t\t\t\t\t<\/div>\n\t\t<\/section>\n\t\t\t\t<\/div>\n\t\t","protected":false},"excerpt":{"rendered":"<p>Tarla Bitkileri B\u00f6l\u00fcm\u00fc \u00d6\u011frenci Anketi De\u011ferli \u00f6\u011frenciler; Bu veri toplama arac\u0131, Atat\u00fcrk \u00dcniversitesi Ziraat Fak\u00fcltesi Tarla Bitkileri B\u00f6l\u00fcm\u00fc \u00f6\u011frencilerinin memnuniyet d\u00fczeylerini belirlemek amac\u0131yla uygulanmaktad\u0131r. Elde edilecek veriler, Tarla Bitkileri B\u00f6l\u00fcm\u00fc Lisans program\u0131n\u0131n e\u011fitim kalitesini y\u00fckseltmek amac\u0131yla kullan\u0131lacakt\u0131r. Bu nedenle sizin g\u00f6r\u00fc\u015f ve \u00f6nerilerinize ihtiya\u00e7 duyulmaktad\u0131r. Ki\u015fisel bilgileriniz kesinlikle kullan\u0131lmayacakt\u0131r. \u00a0Ankete verece\u011finiz samimi ve do\u011fru yan\u0131tlar, [&hellip;]<\/p>\n","protected":false},"author":147,"featured_media":0,"parent":0,"menu_order":0,"comment_status":"closed","ping_status":"closed","template":"","meta":{"footnotes":""},"class_list":["post-7084","page","type-page","status-publish","hentry"],"_links":{"self":[{"href":"https:\/\/atauni.edu.tr\/tarla-bitkileri-bolumu\/wp-json\/wp\/v2\/pages\/7084","targetHints":{"allow":["GET"]}}],"collection":[{"href":"https:\/\/atauni.edu.tr\/tarla-bitkileri-bolumu\/wp-json\/wp\/v2\/pages"}],"about":[{"href":"https:\/\/atauni.edu.tr\/tarla-bitkileri-bolumu\/wp-json\/wp\/v2\/types\/page"}],"author":[{"embeddable":true,"href":"https:\/\/atauni.edu.tr\/tarla-bitkileri-bolumu\/wp-json\/wp\/v2\/users\/147"}],"replies":[{"embeddable":true,"href":"https:\/\/atauni.edu.tr\/tarla-bitkileri-bolumu\/wp-json\/wp\/v2\/comments?post=7084"}],"version-history":[{"count":22,"href":"https:\/\/atauni.edu.tr\/tarla-bitkileri-bolumu\/wp-json\/wp\/v2\/pages\/7084\/revisions"}],"predecessor-version":[{"id":7109,"href":"https:\/\/atauni.edu.tr\/tarla-bitkileri-bolumu\/wp-json\/wp\/v2\/pages\/7084\/revisions\/7109"}],"wp:attachment":[{"href":"https:\/\/atauni.edu.tr\/tarla-bitkileri-bolumu\/wp-json\/wp\/v2\/media?parent=7084"}],"curies":[{"name":"wp","href":"https:\/\/api.w.org\/{rel}","templated":true}]}}