{"id":5682,"date":"2021-07-13T10:10:01","date_gmt":"2021-07-13T07:10:01","guid":{"rendered":"https:\/\/portaltest.atauni.edu.tr\/bilgisayar-muhendisligi\/?page_id=5682"},"modified":"2025-08-06T12:31:46","modified_gmt":"2025-08-06T09:31:46","slug":"misyon-vizyon-ve-temel-degerler","status":"publish","type":"page","link":"https:\/\/atauni.edu.tr\/teknik-bilimler-meslek-yuksekokulu\/misyon-vizyon-ve-temel-degerler\/","title":{"rendered":"Misyon, Vizyon ve Temel De\u011ferler"},"content":{"rendered":"\t\t<div data-elementor-type=\"wp-page\" data-elementor-id=\"5682\" class=\"elementor elementor-5682\" data-elementor-post-type=\"page\">\n\t\t\t\t\t\t<section class=\"elementor-section elementor-top-section elementor-element elementor-element-730d320 elementor-section-boxed elementor-section-height-default elementor-section-height-default\" data-id=\"730d320\" data-element_type=\"section\">\n\t\t\t\t\t\t<div class=\"elementor-container elementor-column-gap-default\">\n\t\t\t\t\t<div class=\"elementor-column elementor-col-100 elementor-top-column elementor-element elementor-element-753d0860\" data-id=\"753d0860\" data-element_type=\"column\">\n\t\t\t<div class=\"elementor-widget-wrap\">\n\t\t\t\t\t\t\t<\/div>\n\t\t<\/div>\n\t\t\t\t\t<\/div>\n\t\t<\/section>\n\t\t\t\t<section class=\"elementor-section elementor-top-section elementor-element elementor-element-9be811a elementor-section-boxed elementor-section-height-default elementor-section-height-default\" data-id=\"9be811a\" data-element_type=\"section\">\n\t\t\t\t\t\t<div class=\"elementor-container elementor-column-gap-default\">\n\t\t\t\t\t<div class=\"elementor-column elementor-col-100 elementor-top-column elementor-element elementor-element-1ed847b7\" data-id=\"1ed847b7\" data-element_type=\"column\">\n\t\t\t<div class=\"elementor-widget-wrap elementor-element-populated\">\n\t\t\t\t\t\t<div class=\"elementor-element elementor-element-4ce0d07f elementor-widget elementor-widget-heading\" data-id=\"4ce0d07f\" data-element_type=\"widget\" data-widget_type=\"heading.default\">\n\t\t\t\t<div class=\"elementor-widget-container\">\n\t\t\t\t\t<h2 class=\"elementor-heading-title elementor-size-default\">Misyon, Vizyon ve Temel De\u011ferler<\/h2>\t\t\t\t<\/div>\n\t\t\t\t<\/div>\n\t\t\t\t<div class=\"elementor-element elementor-element-63260862 elementor-widget-divider--view-line elementor-widget elementor-widget-divider\" data-id=\"63260862\" data-element_type=\"widget\" data-widget_type=\"divider.default\">\n\t\t\t\t<div class=\"elementor-widget-container\">\n\t\t\t\t\t\t\t<div class=\"elementor-divider\">\n\t\t\t<span class=\"elementor-divider-separator\">\n\t\t\t\t\t\t<\/span>\n\t\t<\/div>\n\t\t\t\t\t\t<\/div>\n\t\t\t\t<\/div>\n\t\t\t\t\t<\/div>\n\t\t<\/div>\n\t\t\t\t\t<\/div>\n\t\t<\/section>\n\t\t\t\t<section class=\"elementor-section elementor-top-section elementor-element elementor-element-ed17d2a elementor-section-boxed elementor-section-height-default elementor-section-height-default\" data-id=\"ed17d2a\" data-element_type=\"section\">\n\t\t\t\t\t\t<div class=\"elementor-container elementor-column-gap-default\">\n\t\t\t\t\t<div class=\"elementor-column elementor-col-100 elementor-top-column elementor-element elementor-element-d8b3f8a\" data-id=\"d8b3f8a\" data-element_type=\"column\">\n\t\t\t<div class=\"elementor-widget-wrap elementor-element-populated\">\n\t\t\t\t\t\t<div class=\"elementor-element elementor-element-129288d elementor-widget elementor-widget-heading\" data-id=\"129288d\" data-element_type=\"widget\" data-widget_type=\"heading.default\">\n\t\t\t\t<div class=\"elementor-widget-container\">\n\t\t\t\t\t<h6 class=\"elementor-heading-title elementor-size-default\">Misyon<\/h6>\t\t\t\t<\/div>\n\t\t\t\t<\/div>\n\t\t\t\t\t<\/div>\n\t\t<\/div>\n\t\t\t\t\t<\/div>\n\t\t<\/section>\n\t\t\t\t<section class=\"elementor-section elementor-top-section elementor-element elementor-element-c594f79 elementor-section-boxed elementor-section-height-default elementor-section-height-default\" data-id=\"c594f79\" data-element_type=\"section\">\n\t\t\t\t\t\t<div class=\"elementor-container elementor-column-gap-default\">\n\t\t\t\t\t<div class=\"elementor-column elementor-col-100 elementor-top-column elementor-element elementor-element-e2ef466\" data-id=\"e2ef466\" data-element_type=\"column\">\n\t\t\t<div class=\"elementor-widget-wrap elementor-element-populated\">\n\t\t\t\t\t\t<div class=\"elementor-element elementor-element-aac7eda elementor-widget elementor-widget-text-editor\" data-id=\"aac7eda\" data-element_type=\"widget\" data-widget_type=\"text-editor.default\">\n\t\t\t\t<div class=\"elementor-widget-container\">\n\t\t\t\t\t\t\t\t\t<p><span style=\"color: #000000\">\u00a0 \u00a0 \u00a0 \u00dclkemizin kalk\u0131nmas\u0131na katk\u0131da bulunacak yeni teknolojilerin geli\u015ftirilmesinde ve uygulanmas\u0131nda ihtiya\u00e7 duyulan mesleklere y\u00f6nelik g\u00fcncel de\u011fi\u015fimlere ayak uyduran, temel mesleki donan\u0131ma sahip, temel bilimler konusunda gerekli altyap\u0131y\u0131 kazanm\u0131\u015f, be\u015feri ili\u015fkilerde ileti\u015fim becerisine ve mesleki etik bilincine sahip, lisans e\u011fitimi almaya yetecek temel ve mesleki alt yap\u0131y\u0131 kazanm\u0131\u015f, yurdunu, milletini her \u015feyden \u00e7ok seven nitelikli teknik ve meslek elemanlar\u0131 yeti\u015ftirmektir.<\/span><\/p>\t\t\t\t\t\t\t\t<\/div>\n\t\t\t\t<\/div>\n\t\t\t\t\t<\/div>\n\t\t<\/div>\n\t\t\t\t\t<\/div>\n\t\t<\/section>\n\t\t\t\t<section class=\"elementor-section elementor-top-section elementor-element elementor-element-f49f2cb elementor-section-boxed elementor-section-height-default elementor-section-height-default\" data-id=\"f49f2cb\" data-element_type=\"section\">\n\t\t\t\t\t\t<div class=\"elementor-container elementor-column-gap-default\">\n\t\t\t\t\t<div class=\"elementor-column elementor-col-100 elementor-top-column elementor-element elementor-element-9939524\" data-id=\"9939524\" data-element_type=\"column\">\n\t\t\t<div class=\"elementor-widget-wrap elementor-element-populated\">\n\t\t\t\t\t\t<div class=\"elementor-element elementor-element-eb96581 elementor-widget elementor-widget-heading\" data-id=\"eb96581\" data-element_type=\"widget\" data-widget_type=\"heading.default\">\n\t\t\t\t<div class=\"elementor-widget-container\">\n\t\t\t\t\t<h6 class=\"elementor-heading-title elementor-size-default\">Vizyon<\/h6>\t\t\t\t<\/div>\n\t\t\t\t<\/div>\n\t\t\t\t\t<\/div>\n\t\t<\/div>\n\t\t\t\t\t<\/div>\n\t\t<\/section>\n\t\t\t\t<section class=\"elementor-section elementor-top-section elementor-element elementor-element-28b98d1 elementor-section-boxed elementor-section-height-default elementor-section-height-default\" data-id=\"28b98d1\" data-element_type=\"section\">\n\t\t\t\t\t\t<div class=\"elementor-container elementor-column-gap-default\">\n\t\t\t\t\t<div class=\"elementor-column elementor-col-100 elementor-top-column elementor-element elementor-element-6573194\" data-id=\"6573194\" data-element_type=\"column\">\n\t\t\t<div class=\"elementor-widget-wrap elementor-element-populated\">\n\t\t\t\t\t\t<div class=\"elementor-element elementor-element-9137dd2 elementor-widget elementor-widget-text-editor\" data-id=\"9137dd2\" data-element_type=\"widget\" data-widget_type=\"text-editor.default\">\n\t\t\t\t<div class=\"elementor-widget-container\">\n\t\t\t\t\t\t\t\t\t<p><span style=\"color: #000000\">\u00a0 \u00a0 \u00a0Teknik Bilimler Meslek Y\u00fcksekokulu, E\u011fitim- \u00f6\u011fretimde m\u00fcmk\u00fcn olabilece\u011fi kadar m\u00fckemmeliyeti hedeflemi\u015ftir. \u00dclk\u00fcm\u00fcz, Milli yeterlilik \u00e7er\u00e7evesinde tan\u0131nan, \u00fclkemiz standartlar\u0131nda, \u00e7a\u011fda\u015f yenilikleri takip eden ve yenilikleri \u00f6\u011fretim tekniklerine uygulayan ve uygulamalar\u0131 ile b\u00f6lgemizdeki di\u011fer Meslek y\u00fcksekokullar\u0131na \u00f6nc\u00fcl\u00fck eden ve \u00f6rnek al\u0131nan bir e\u011fitim kurumu olmakt\u0131r.<\/span><\/p>\t\t\t\t\t\t\t\t<\/div>\n\t\t\t\t<\/div>\n\t\t\t\t\t<\/div>\n\t\t<\/div>\n\t\t\t\t\t<\/div>\n\t\t<\/section>\n\t\t\t\t<section class=\"elementor-section elementor-top-section elementor-element elementor-element-a993f52 elementor-section-boxed elementor-section-height-default elementor-section-height-default\" data-id=\"a993f52\" data-element_type=\"section\">\n\t\t\t\t\t\t<div class=\"elementor-container elementor-column-gap-default\">\n\t\t\t\t\t<div class=\"elementor-column elementor-col-100 elementor-top-column elementor-element elementor-element-ee4083a\" data-id=\"ee4083a\" data-element_type=\"column\">\n\t\t\t<div class=\"elementor-widget-wrap elementor-element-populated\">\n\t\t\t\t\t\t<div class=\"elementor-element elementor-element-abc1b85 elementor-widget elementor-widget-heading\" data-id=\"abc1b85\" data-element_type=\"widget\" data-widget_type=\"heading.default\">\n\t\t\t\t<div class=\"elementor-widget-container\">\n\t\t\t\t\t<h6 class=\"elementor-heading-title elementor-size-default\">Gelece\u011fe Bak\u0131\u015f ve Temel De\u011ferler<\/h6>\t\t\t\t<\/div>\n\t\t\t\t<\/div>\n\t\t\t\t\t<\/div>\n\t\t<\/div>\n\t\t\t\t\t<\/div>\n\t\t<\/section>\n\t\t\t\t<section class=\"elementor-section elementor-top-section elementor-element elementor-element-9058cd5 elementor-section-boxed elementor-section-height-default elementor-section-height-default\" data-id=\"9058cd5\" data-element_type=\"section\">\n\t\t\t\t\t\t<div class=\"elementor-container elementor-column-gap-default\">\n\t\t\t\t\t<div class=\"elementor-column elementor-col-100 elementor-top-column elementor-element elementor-element-2895ab7\" data-id=\"2895ab7\" data-element_type=\"column\">\n\t\t\t<div class=\"elementor-widget-wrap elementor-element-populated\">\n\t\t\t\t\t\t<div class=\"elementor-element elementor-element-c111ba2 elementor-widget elementor-widget-text-editor\" data-id=\"c111ba2\" data-element_type=\"widget\" data-widget_type=\"text-editor.default\">\n\t\t\t\t<div class=\"elementor-widget-container\">\n\t\t\t\t\t\t\t\t\t<h1><span style=\"font-family: Roboto, sans-serif;font-size: 1rem;letter-spacing: 0px\">&nbsp; &nbsp; &nbsp;Teknik Bilimler Meslek Y\u00fcksekokulu, Atat\u00fcrk \u00dcniversitemizin misyon ve vizyonunu yans\u0131tan bir slogan olan &#8220;K\u00f6kl\u00fc \u00fcniversite, g\u00fc\u00e7l\u00fc bilim, parlak gelecek&#8221; slogan\u0131n\u0131 benimsemi\u015ftir.&nbsp; Atat\u00fcrk \u00dcniversitesi Teknik Bilimler Meslek Y\u00fcksekokulu; konum tercihi olarak yeni nesil \u00fcniversite vizyonu \u00e7er\u00e7evesinde \u00f6zellikle E\u011fitim ve Topluma katk\u0131 i\u015flevlerini b\u00fct\u00fcnle\u015ftirmeyi \u00f6ng\u00f6rmektedir.<\/span><\/h1>\n<ul>\n<li style=\"font-weight: 400\"><span style=\"color: #000000\">Bilimsellik<\/span><\/li>\n<li style=\"font-weight: 400\"><span style=\"color: #000000\">\u00d6zg\u00fcrl\u00fck<\/span><\/li>\n<li style=\"font-weight: 400\"><span style=\"color: #000000\">Adalet<\/span><\/li>\n<li style=\"font-weight: 400\"><span style=\"color: #000000\">Yenilik\u00e7ilik ve Yarat\u0131c\u0131l\u0131k<\/span><\/li>\n<li style=\"font-weight: 400\"><span style=\"color: #000000\">\u015eeffafl\u0131k ve Hesap Verebilirlik<\/span><\/li>\n<li style=\"font-weight: 400\"><span style=\"color: #000000\">Liyakat ve Ehliyet<\/span><\/li>\n<li style=\"font-weight: 400\"><span style=\"color: #000000\">Bireysel, Toplumsal ve Evrensel De\u011ferlere Sayg\u0131<\/span><\/li>\n<li style=\"font-weight: 400\"><span style=\"color: #000000\">\u00c7evreye Duyarl\u0131l\u0131k<\/span><\/li>\n<\/ul>\t\t\t\t\t\t\t\t<\/div>\n\t\t\t\t<\/div>\n\t\t\t\t\t<\/div>\n\t\t<\/div>\n\t\t\t\t\t<\/div>\n\t\t<\/section>\n\t\t\t\t<\/div>\n\t\t","protected":false},"excerpt":{"rendered":"<p>Misyon, Vizyon ve Temel De\u011ferler Misyon \u00a0 \u00a0 \u00a0 \u00dclkemizin kalk\u0131nmas\u0131na katk\u0131da bulunacak yeni teknolojilerin geli\u015ftirilmesinde ve uygulanmas\u0131nda ihtiya\u00e7 duyulan mesleklere y\u00f6nelik g\u00fcncel de\u011fi\u015fimlere ayak uyduran, temel mesleki donan\u0131ma sahip, temel bilimler konusunda gerekli altyap\u0131y\u0131 kazanm\u0131\u015f, be\u015feri ili\u015fkilerde ileti\u015fim becerisine ve mesleki etik bilincine sahip, lisans e\u011fitimi almaya yetecek temel ve mesleki alt yap\u0131y\u0131 kazanm\u0131\u015f, [&hellip;]<\/p>\n","protected":false},"author":1,"featured_media":0,"parent":0,"menu_order":0,"comment_status":"closed","ping_status":"closed","template":"elementor_header_footer","meta":{"footnotes":""},"class_list":["post-5682","page","type-page","status-publish","hentry"],"_links":{"self":[{"href":"https:\/\/atauni.edu.tr\/teknik-bilimler-meslek-yuksekokulu\/wp-json\/wp\/v2\/pages\/5682","targetHints":{"allow":["GET"]}}],"collection":[{"href":"https:\/\/atauni.edu.tr\/teknik-bilimler-meslek-yuksekokulu\/wp-json\/wp\/v2\/pages"}],"about":[{"href":"https:\/\/atauni.edu.tr\/teknik-bilimler-meslek-yuksekokulu\/wp-json\/wp\/v2\/types\/page"}],"author":[{"embeddable":true,"href":"https:\/\/atauni.edu.tr\/teknik-bilimler-meslek-yuksekokulu\/wp-json\/wp\/v2\/users\/1"}],"replies":[{"embeddable":true,"href":"https:\/\/atauni.edu.tr\/teknik-bilimler-meslek-yuksekokulu\/wp-json\/wp\/v2\/comments?post=5682"}],"version-history":[{"count":38,"href":"https:\/\/atauni.edu.tr\/teknik-bilimler-meslek-yuksekokulu\/wp-json\/wp\/v2\/pages\/5682\/revisions"}],"predecessor-version":[{"id":9298,"href":"https:\/\/atauni.edu.tr\/teknik-bilimler-meslek-yuksekokulu\/wp-json\/wp\/v2\/pages\/5682\/revisions\/9298"}],"wp:attachment":[{"href":"https:\/\/atauni.edu.tr\/teknik-bilimler-meslek-yuksekokulu\/wp-json\/wp\/v2\/media?parent=5682"}],"curies":[{"name":"wp","href":"https:\/\/api.w.org\/{rel}","templated":true}]}}