{"id":6217,"date":"2021-11-25T16:18:16","date_gmt":"2021-11-25T13:18:16","guid":{"rendered":"https:\/\/birimler.atauni.edu.tr\/teknik-bilimler-meslek-yuksekokulu\/?page_id=6217"},"modified":"2025-12-03T15:31:46","modified_gmt":"2025-12-03T12:31:46","slug":"dilekceler-formlar","status":"publish","type":"page","link":"https:\/\/atauni.edu.tr\/teknik-bilimler-meslek-yuksekokulu\/dilekceler-formlar\/","title":{"rendered":"Dilek\u00e7eler-Formlar"},"content":{"rendered":"\t\t<div data-elementor-type=\"wp-page\" data-elementor-id=\"6217\" class=\"elementor elementor-6217\" data-elementor-post-type=\"page\">\n\t\t\t\t\t\t<section class=\"elementor-section elementor-top-section elementor-element elementor-element-607d55e elementor-section-boxed elementor-section-height-default elementor-section-height-default\" data-id=\"607d55e\" data-element_type=\"section\">\n\t\t\t\t\t\t<div class=\"elementor-container elementor-column-gap-default\">\n\t\t\t\t\t<div class=\"elementor-column elementor-col-100 elementor-top-column elementor-element elementor-element-95796ed\" data-id=\"95796ed\" data-element_type=\"column\">\n\t\t\t<div class=\"elementor-widget-wrap elementor-element-populated\">\n\t\t\t\t\t\t<div class=\"elementor-element elementor-element-713a7e3 elementor-widget elementor-widget-text-editor\" data-id=\"713a7e3\" data-element_type=\"widget\" data-widget_type=\"text-editor.default\">\n\t\t\t\t<div class=\"elementor-widget-container\">\n\t\t\t\t\t\t\t\t\t<ul><li><a href=\"http:\/\/birimler.atauni.edu.tr\/teknik-bilimler-meslek-yuksekokulu\/wp-content\/uploads\/sites\/447\/2025\/12\/AGNO-Baraj-Sinavi-Basvuru-Dilekcesi.pdf\" target=\"_blank\" rel=\"noopener\"><span style=\"color: #000000\">AGNO Baraj S\u0131nav\u0131 Ba\u015fvuru Dilek\u00e7esi<\/span><\/a><\/li><li><a href=\"http:\/\/birimler.atauni.edu.tr\/teknik-bilimler-meslek-yuksekokulu\/wp-content\/uploads\/sites\/447\/2025\/12\/Ders-Muafiyet-Dilekcesi.pdf\" target=\"_blank\" rel=\"noopener\"><span style=\"color: #000000\">Ders Muafiyet Dilek\u00e7esi<\/span><\/a><\/li><li><a href=\"http:\/\/birimler.atauni.edu.tr\/teknik-bilimler-meslek-yuksekokulu\/wp-content\/uploads\/sites\/447\/2025\/12\/Kayit-Dondurma.pdf\" target=\"_blank\" rel=\"noopener\"><span style=\"color: #000000\">Kay\u0131t Dondurma<\/span><\/a><\/li><li><a href=\"http:\/\/birimler.atauni.edu.tr\/teknik-bilimler-meslek-yuksekokulu\/wp-content\/uploads\/sites\/447\/2025\/12\/Mazeret-Sinavi-Talep-Dilekcesi.pdf\" target=\"_blank\" rel=\"noopener\"><span style=\"color: #000000\">Mazeret S\u0131nav\u0131 Talep Dilek\u00e7esi<\/span><\/a><\/li><li><a href=\"http:\/\/birimler.atauni.edu.tr\/teknik-bilimler-meslek-yuksekokulu\/wp-content\/uploads\/sites\/447\/2025\/12\/Sinav-Itirazi-Dilekcesi.pdf\" target=\"_blank\" rel=\"noopener\"><span style=\"color: #000000\">S\u0131nav \u0130tiraz\u0131 Dilek\u00e7esi<\/span><\/a><\/li><li><a href=\"http:\/\/birimler.atauni.edu.tr\/teknik-bilimler-meslek-yuksekokulu\/wp-content\/uploads\/sites\/447\/2025\/12\/Staj-Muafiyet-Formu.pdf\" target=\"_blank\" rel=\"noopener\"><span style=\"color: #000000\">Staj Muafiyet Formu<\/span><\/a><\/li><li><a href=\"http:\/\/birimler.atauni.edu.tr\/teknik-bilimler-meslek-yuksekokulu\/wp-content\/uploads\/sites\/447\/2025\/12\/Tek-Ders-Sinavi-Basvuru-Dilekcesi.pdf\" target=\"_blank\" rel=\"noopener\"><span style=\"color: #000000\">Tek Ders S\u0131nav\u0131 Ba\u015fvuru Dilek\u00e7esi<\/span><\/a><\/li><\/ul>\t\t\t\t\t\t\t\t<\/div>\n\t\t\t\t<\/div>\n\t\t\t\t\t<\/div>\n\t\t<\/div>\n\t\t\t\t\t<\/div>\n\t\t<\/section>\n\t\t\t\t<section class=\"elementor-section elementor-top-section elementor-element elementor-element-fece1f7 elementor-section-boxed elementor-section-height-default elementor-section-height-default\" data-id=\"fece1f7\" data-element_type=\"section\">\n\t\t\t\t\t\t<div class=\"elementor-container elementor-column-gap-default\">\n\t\t\t\t\t<div class=\"elementor-column elementor-col-100 elementor-top-column elementor-element elementor-element-bdac69a\" data-id=\"bdac69a\" data-element_type=\"column\">\n\t\t\t<div class=\"elementor-widget-wrap elementor-element-populated\">\n\t\t\t\t\t\t<div class=\"elementor-element elementor-element-d1e7292 elementor-widget__width-initial elementor-widget elementor-widget-heading\" data-id=\"d1e7292\" data-element_type=\"widget\" data-widget_type=\"heading.default\">\n\t\t\t\t<div class=\"elementor-widget-container\">\n\t\t\t\t\t<h2 class=\"elementor-heading-title elementor-size-small\"><a href=\"https:\/\/obs.atauni.edu.tr\/\"><p style=\"text-indent:35.4pt\"><span style=\"font-size:12.0pt;line-height:107%\">Not: OBS\u2019ye kay\u0131tl\u0131 \u00f6\u011frencilerimizin her t\u00fcrl\u00fc Ba\u015fvuru ve talep Dilek\u00e7eleri a\u015fa\u011f\u0131daki yol takip edilerek OBS \u00fczerinden yap\u0131lmaktad\u0131r. <\/span><span style=\"font-size: 12pt;text-indent: 35.4pt;letter-spacing: 0px\">Elden dilek\u00e7e ve evrak al\u0131nmamaktad\u0131r. <\/span><\/p><p style=\"text-indent:35.4pt\"><span style=\"font-size: 12pt;line-height: 107%\">   <\/span><span style=\"text-indent: 35.4pt;letter-spacing: 0px;font-size: 12pt;line-height: 107%\">   <\/span><span style=\"text-indent: 35.4pt;letter-spacing: 0px;font-size: 12pt;line-height: 107%\"> <\/span><span style=\"text-indent: 35.4pt;letter-spacing: 0px;font-size: 12pt\">OBS<\/span><span style=\"text-indent: 35.4pt;letter-spacing: 0px;font-size: 12pt\">-\u00d6\u011frenim- -\u00d6\u011frenim Talepleri-- Ba\u015fvuru ve talep <\/span><span style=\"text-indent: 35.4pt;letter-spacing: 0px;font-size: 12pt\">Dilek\u00e7eler<\/span><\/p><\/a><\/h2>\t\t\t\t<\/div>\n\t\t\t\t<\/div>\n\t\t\t\t\t<\/div>\n\t\t<\/div>\n\t\t\t\t\t<\/div>\n\t\t<\/section>\n\t\t\t\t<\/div>\n\t\t","protected":false},"excerpt":{"rendered":"<p>AGNO Baraj S\u0131nav\u0131 Ba\u015fvuru Dilek\u00e7esi Ders Muafiyet Dilek\u00e7esi Kay\u0131t Dondurma Mazeret S\u0131nav\u0131 Talep Dilek\u00e7esi S\u0131nav \u0130tiraz\u0131 Dilek\u00e7esi Staj Muafiyet Formu Tek Ders S\u0131nav\u0131 Ba\u015fvuru Dilek\u00e7esi Not: OBS\u2019ye kay\u0131tl\u0131 \u00f6\u011frencilerimizin her t\u00fcrl\u00fc Ba\u015fvuru ve talep Dilek\u00e7eleri a\u015fa\u011f\u0131daki yol takip edilerek OBS \u00fczerinden yap\u0131lmaktad\u0131r. Elden dilek\u00e7e ve evrak al\u0131nmamaktad\u0131r. OBS-\u00d6\u011frenim- -\u00d6\u011frenim Talepleri&#8211; Ba\u015fvuru ve talep Dilek\u00e7eler<\/p>\n","protected":false},"author":184,"featured_media":0,"parent":0,"menu_order":0,"comment_status":"closed","ping_status":"closed","template":"","meta":{"footnotes":""},"class_list":["post-6217","page","type-page","status-publish","hentry"],"_links":{"self":[{"href":"https:\/\/atauni.edu.tr\/teknik-bilimler-meslek-yuksekokulu\/wp-json\/wp\/v2\/pages\/6217","targetHints":{"allow":["GET"]}}],"collection":[{"href":"https:\/\/atauni.edu.tr\/teknik-bilimler-meslek-yuksekokulu\/wp-json\/wp\/v2\/pages"}],"about":[{"href":"https:\/\/atauni.edu.tr\/teknik-bilimler-meslek-yuksekokulu\/wp-json\/wp\/v2\/types\/page"}],"author":[{"embeddable":true,"href":"https:\/\/atauni.edu.tr\/teknik-bilimler-meslek-yuksekokulu\/wp-json\/wp\/v2\/users\/184"}],"replies":[{"embeddable":true,"href":"https:\/\/atauni.edu.tr\/teknik-bilimler-meslek-yuksekokulu\/wp-json\/wp\/v2\/comments?post=6217"}],"version-history":[{"count":55,"href":"https:\/\/atauni.edu.tr\/teknik-bilimler-meslek-yuksekokulu\/wp-json\/wp\/v2\/pages\/6217\/revisions"}],"predecessor-version":[{"id":9622,"href":"https:\/\/atauni.edu.tr\/teknik-bilimler-meslek-yuksekokulu\/wp-json\/wp\/v2\/pages\/6217\/revisions\/9622"}],"wp:attachment":[{"href":"https:\/\/atauni.edu.tr\/teknik-bilimler-meslek-yuksekokulu\/wp-json\/wp\/v2\/media?parent=6217"}],"curies":[{"name":"wp","href":"https:\/\/api.w.org\/{rel}","templated":true}]}}