{"id":7888,"date":"2024-06-13T10:45:56","date_gmt":"2024-06-13T07:45:56","guid":{"rendered":"https:\/\/birimler.atauni.edu.tr\/teknik-bilimler-meslek-yuksekokulu\/?page_id=7888"},"modified":"2025-12-03T20:34:32","modified_gmt":"2025-12-03T17:34:32","slug":"staj","status":"publish","type":"page","link":"https:\/\/atauni.edu.tr\/teknik-bilimler-meslek-yuksekokulu\/staj\/","title":{"rendered":"Staj"},"content":{"rendered":"\t\t<div data-elementor-type=\"wp-page\" data-elementor-id=\"7888\" class=\"elementor elementor-7888\" data-elementor-post-type=\"page\">\n\t\t\t\t\t\t<section class=\"elementor-section elementor-top-section elementor-element elementor-element-a271830 elementor-section-boxed elementor-section-height-default elementor-section-height-default\" data-id=\"a271830\" data-element_type=\"section\">\n\t\t\t\t\t\t<div class=\"elementor-container elementor-column-gap-default\">\n\t\t\t\t\t<div class=\"elementor-column elementor-col-100 elementor-top-column elementor-element elementor-element-14f7493\" data-id=\"14f7493\" data-element_type=\"column\">\n\t\t\t<div class=\"elementor-widget-wrap elementor-element-populated\">\n\t\t\t\t\t\t<div class=\"elementor-element elementor-element-2077624 elementor-widget elementor-widget-text-editor\" data-id=\"2077624\" data-element_type=\"widget\" data-widget_type=\"text-editor.default\">\n\t\t\t\t<div class=\"elementor-widget-container\">\n\t\t\t\t\t\t\t\t\t<p><span style=\"font-size: 1rem;letter-spacing: 0px\"><span style=\"text-decoration: underline\"><em><strong>MEDEK akreditasyon \u00f6l\u00e7\u00fctleri do\u011frultusunda staj defteri format\u0131 g\u00fcncellenmi\u015ftir. Teknik Bilimler Meslek Y\u00fcksekokulu b\u00fcnyesindeki t\u00fcm b\u00f6l\u00fcm ve program \u00f6\u011frencilerimiz, zorunlu staj defterini staj b\u00fcrosunun bulundu\u011fu birim fotokopi biriminden temin edebilirler.<\/strong><\/em><\/span><\/span><\/p><p><strong>STAJLA \u0130LE \u0130LG\u0130L\u0130 TEMEL B\u0130LG\u0130LER<\/strong><\/p><p>Staj ba\u015fvurular\u0131 \u00dcniversitemiz WEB sitesindeki OBS se\u00e7ene\u011fi ile yap\u0131lacakt\u0131r.<br \/><strong>1.<\/strong> Ba\u015fvuru i\u015flemleri\u2014\u2013&gt;Kay\u0131t ba\u015fvurular\u0131\u2014&gt;Staj ba\u015fvurular\u0131\u00a0<\/p><p><strong>2.<\/strong> <strong><em><u>657 say\u0131l\u0131 kanuna g\u00f6re kendisi DEVLET MEMURU olan \u00f6\u011frenciler i\u00e7in sigorta yap\u0131lamayaca\u011f\u0131ndan, ba\u015fvuruda bu durumu belirleyen se\u00e7ene\u011fi i\u015faretlemelidir.<\/u><\/em><\/strong><\/p><p><strong>3.<\/strong> Di\u011fer \u00f6\u011frenciler \u00d6n ba\u015fvuru yap\u0131ld\u0131ktan sonra \u201cturuncu\u201d sekmedeki istenilen bilgiler girildikten sonra kesin ba\u015fvuru yap\u0131lm\u0131\u015f olacakt\u0131r.<\/p><p><strong>4.<\/strong> Staj i\u00e7in m\u00fcracaat edilen yerin IBAN numaras\u0131 se\u00e7ene\u011fi i\u00e7in uygun olan\u0131 i\u015faretlemelisiniz.<\/p><p><strong>5.<\/strong> Staj ba\u015fvurular\u0131, staj\u0131n ba\u015flama tarihinden 20-30 g\u00fcn \u00f6nce yap\u0131lmal\u0131d\u0131r (3 g\u00fcne kadar SKS sigorta i\u015flemi ba\u015flatabiliyor). Staj yap\u0131labilecek tarihler TBMYO web sayfas\u0131nda ilan edilir.<\/p><p><strong>6.<\/strong> Staja ba\u015flama g\u00fcn\u00fc Pazartesi olmal\u0131d\u0131r (resmi kurum d\u0131\u015f\u0131ndaki i\u015fletmelerde cumartesi g\u00fcn\u00fc staj yap\u0131labilir). Resmi ve Dini Tatil g\u00fcnlerinde staj yap\u0131lmaz.<\/p><p><strong>7.<\/strong> Staj komisyonu onaylad\u0131-&gt;Meslek Y\u00fcksekokulu komisyonu onaylad\u0131-&gt;SKS onaylad\u0131-&gt; bilgisi tamamland\u0131ktan sonra \u00f6\u011frenci staja ba\u015flama belgesini sistemden yazd\u0131rabilir.<\/p><p><strong>8.<\/strong> Staj ba\u015flama yaz\u0131s\u0131n\u0131 getirerek staj dosyas\u0131n\u0131 y\u00fcksekokulumuzdan al\u0131n\u0131z.<\/p><p><strong>9.<\/strong> Staj ba\u015fvurusu ge\u00e7erli sebeple reddedilen \u00f6\u011frenci red olma sebebini giderdikten sonra tekrar staja ba\u015fvurmal\u0131d\u0131r.<\/p><p><strong>9.<\/strong> Staj komisyonu ba\u015fkan\u0131 SKS komisyonunun onaylad\u0131\u011f\u0131 stajlar\u0131 \u00f6\u011frenci staj\u0131n\u0131 bitirip defterini getirdi\u011fi zaman \u2013e\u011fer staj\u0131 kabul edilirse-i\u015flemler k\u0131sm\u0131nda sar\u0131 renkli<br \/>sekmeden \u201cstaj\u0131 tamamla\u201d sekmesind staj notunu girer ve onaylay\u0131p staj\u0131 bitirir.<\/p><p><strong>10.<\/strong> SKS Reddetti ( sigorta i\u015flemi i\u015fe ba\u015flama tarihinden 30 g\u00fcn \u00f6nce yap\u0131labildi\u011fi i\u00e7in i\u015flem yap\u0131lamad\u0131 ) uyar\u0131s\u0131 alan bir \u00f6\u011frenci staj ba\u015flama tarihinden aylar \u00f6nce sistem \u00fczerinden ba\u015fvurmu\u015f anlam\u0131na geliyor. Staj ba\u015flama tarihinden en fazla 30 g\u00fcn \u00f6nce sisteme bilgiler girilmeli. Mesela 25 Haziran da ba\u015flayacak bir staj i\u00e7in Mart ay\u0131nda ba\u015fvuru yap\u0131lamaz.\u00a0<\/p><p><strong>11.<\/strong> Staj sigortan\u0131z Atat\u00fcrk \u00dcniversitesi taraf\u0131ndan yap\u0131lacakt\u0131r. SKS taraf\u0131ndan staj\u0131 onaylanan \u00f6\u011frenci \u201c\u0130\u015fyeri Kaza Sigorta Poli\u00e7esi\u201dni e-Devlet \u00fczerinden yazd\u0131rabilir.<b><i><u><\/u><\/i><\/b><\/p>\t\t\t\t\t\t\t\t<\/div>\n\t\t\t\t<\/div>\n\t\t\t\t\t<\/div>\n\t\t<\/div>\n\t\t\t\t\t<\/div>\n\t\t<\/section>\n\t\t\t\t<\/div>\n\t\t","protected":false},"excerpt":{"rendered":"<p>MEDEK akreditasyon \u00f6l\u00e7\u00fctleri do\u011frultusunda staj defteri format\u0131 g\u00fcncellenmi\u015ftir. Teknik Bilimler Meslek Y\u00fcksekokulu b\u00fcnyesindeki t\u00fcm b\u00f6l\u00fcm ve program \u00f6\u011frencilerimiz, zorunlu staj defterini staj b\u00fcrosunun bulundu\u011fu birim fotokopi biriminden temin edebilirler. STAJLA \u0130LE \u0130LG\u0130L\u0130 TEMEL B\u0130LG\u0130LER Staj ba\u015fvurular\u0131 \u00dcniversitemiz WEB sitesindeki OBS se\u00e7ene\u011fi ile yap\u0131lacakt\u0131r.1. Ba\u015fvuru i\u015flemleri\u2014\u2013&gt;Kay\u0131t ba\u015fvurular\u0131\u2014&gt;Staj ba\u015fvurular\u0131\u00a0 2. 657 say\u0131l\u0131 kanuna g\u00f6re kendisi DEVLET MEMURU [&hellip;]<\/p>\n","protected":false},"author":184,"featured_media":0,"parent":0,"menu_order":0,"comment_status":"closed","ping_status":"closed","template":"","meta":{"footnotes":""},"class_list":["post-7888","page","type-page","status-publish","hentry"],"_links":{"self":[{"href":"https:\/\/atauni.edu.tr\/teknik-bilimler-meslek-yuksekokulu\/wp-json\/wp\/v2\/pages\/7888","targetHints":{"allow":["GET"]}}],"collection":[{"href":"https:\/\/atauni.edu.tr\/teknik-bilimler-meslek-yuksekokulu\/wp-json\/wp\/v2\/pages"}],"about":[{"href":"https:\/\/atauni.edu.tr\/teknik-bilimler-meslek-yuksekokulu\/wp-json\/wp\/v2\/types\/page"}],"author":[{"embeddable":true,"href":"https:\/\/atauni.edu.tr\/teknik-bilimler-meslek-yuksekokulu\/wp-json\/wp\/v2\/users\/184"}],"replies":[{"embeddable":true,"href":"https:\/\/atauni.edu.tr\/teknik-bilimler-meslek-yuksekokulu\/wp-json\/wp\/v2\/comments?post=7888"}],"version-history":[{"count":16,"href":"https:\/\/atauni.edu.tr\/teknik-bilimler-meslek-yuksekokulu\/wp-json\/wp\/v2\/pages\/7888\/revisions"}],"predecessor-version":[{"id":9637,"href":"https:\/\/atauni.edu.tr\/teknik-bilimler-meslek-yuksekokulu\/wp-json\/wp\/v2\/pages\/7888\/revisions\/9637"}],"wp:attachment":[{"href":"https:\/\/atauni.edu.tr\/teknik-bilimler-meslek-yuksekokulu\/wp-json\/wp\/v2\/media?parent=7888"}],"curies":[{"name":"wp","href":"https:\/\/api.w.org\/{rel}","templated":true}]}}