{"id":8234,"date":"2025-01-24T13:22:14","date_gmt":"2025-01-24T10:22:14","guid":{"rendered":"https:\/\/birimler.atauni.edu.tr\/teknik-bilimler-meslek-yuksekokulu\/?page_id=8234"},"modified":"2025-05-16T12:14:40","modified_gmt":"2025-05-16T09:14:40","slug":"yonetim-kurulu","status":"publish","type":"page","link":"https:\/\/atauni.edu.tr\/teknik-bilimler-meslek-yuksekokulu\/yonetim-kurulu\/","title":{"rendered":"Y\u00f6netim Kurulu"},"content":{"rendered":"\t\t<div data-elementor-type=\"wp-page\" data-elementor-id=\"8234\" class=\"elementor elementor-8234\" data-elementor-post-type=\"page\">\n\t\t\t\t\t\t<section class=\"elementor-section elementor-top-section elementor-element elementor-element-874b3a3 elementor-section-boxed elementor-section-height-default elementor-section-height-default\" data-id=\"874b3a3\" data-element_type=\"section\">\n\t\t\t\t\t\t<div class=\"elementor-container elementor-column-gap-default\">\n\t\t\t\t\t<div class=\"elementor-column elementor-col-100 elementor-top-column elementor-element elementor-element-b851558\" data-id=\"b851558\" data-element_type=\"column\">\n\t\t\t<div class=\"elementor-widget-wrap elementor-element-populated\">\n\t\t\t\t\t\t<div class=\"elementor-element elementor-element-2b35f32 elementor-widget elementor-widget-heading\" data-id=\"2b35f32\" data-element_type=\"widget\" data-widget_type=\"heading.default\">\n\t\t\t\t<div class=\"elementor-widget-container\">\n\t\t\t\t\t<h6 class=\"elementor-heading-title elementor-size-default\"><span style=\"font-size:12.0pt;line-height:107%;,serif\"><p style=\"line-height:normal\"><span style=\"font-size: 12pt\">Prof.Dr. Hayrunnisa NADARO\u011eLU<\/span><\/p><p style=\"line-height:normal\"><span style=\"font-size: 12pt\">Prof.Dr. Arzu KAVAZ Y\u00dcKSEL<\/span><\/p><p style=\"line-height:normal\"><span style=\"font-size: 12pt\">Prof.Dr. Yusuf Ziya AYIK<\/span><\/p><p style=\"line-height:normal\"><span style=\"font-size: 12pt\">Do\u00e7. Dr. Abd\u00fclkerim D\u0130LER <\/span><\/p><p style=\"line-height:normal\"><span style=\"font-size: 12pt\">Dr. \u00d6\u011fr. \u00dcyesi H\u00fcseyin G\u00dcLL\u00dcCE<\/span><\/p><p style=\"line-height:normal\"><span style=\"font-size: 12pt\">Dr. \u00d6\u011fr. \u00dcyesi Bilgehan POLATO\u011eLU<\/span><\/p><p style=\"line-height:normal\"><span style=\"font-size: 12pt\">Raport\u00f6r Hamza \u00d6ZT\u00dcRK<\/span><span style=\"color: var( --e-global-color-primary );font-family: var( --e-global-typography-primary-font-family ), Sans-serif;font-size: 1.5rem;font-weight: var( --e-global-typography-primary-font-weight );letter-spacing: 0px\"><\/span><\/p><\/span><\/h6>\t\t\t\t<\/div>\n\t\t\t\t<\/div>\n\t\t\t\t\t<\/div>\n\t\t<\/div>\n\t\t\t\t\t<\/div>\n\t\t<\/section>\n\t\t\t\t<\/div>\n\t\t","protected":false},"excerpt":{"rendered":"<p>Prof.Dr. Hayrunnisa NADARO\u011eLU Prof.Dr. Arzu KAVAZ Y\u00dcKSEL Prof.Dr. Yusuf Ziya AYIK Do\u00e7. Dr. Abd\u00fclkerim D\u0130LER Dr. \u00d6\u011fr. \u00dcyesi H\u00fcseyin G\u00dcLL\u00dcCE Dr. \u00d6\u011fr. \u00dcyesi Bilgehan POLATO\u011eLU Raport\u00f6r Hamza \u00d6ZT\u00dcRK<\/p>\n","protected":false},"author":172,"featured_media":0,"parent":0,"menu_order":0,"comment_status":"closed","ping_status":"closed","template":"","meta":{"footnotes":""},"class_list":["post-8234","page","type-page","status-publish","hentry"],"_links":{"self":[{"href":"https:\/\/atauni.edu.tr\/teknik-bilimler-meslek-yuksekokulu\/wp-json\/wp\/v2\/pages\/8234","targetHints":{"allow":["GET"]}}],"collection":[{"href":"https:\/\/atauni.edu.tr\/teknik-bilimler-meslek-yuksekokulu\/wp-json\/wp\/v2\/pages"}],"about":[{"href":"https:\/\/atauni.edu.tr\/teknik-bilimler-meslek-yuksekokulu\/wp-json\/wp\/v2\/types\/page"}],"author":[{"embeddable":true,"href":"https:\/\/atauni.edu.tr\/teknik-bilimler-meslek-yuksekokulu\/wp-json\/wp\/v2\/users\/172"}],"replies":[{"embeddable":true,"href":"https:\/\/atauni.edu.tr\/teknik-bilimler-meslek-yuksekokulu\/wp-json\/wp\/v2\/comments?post=8234"}],"version-history":[{"count":31,"href":"https:\/\/atauni.edu.tr\/teknik-bilimler-meslek-yuksekokulu\/wp-json\/wp\/v2\/pages\/8234\/revisions"}],"predecessor-version":[{"id":8729,"href":"https:\/\/atauni.edu.tr\/teknik-bilimler-meslek-yuksekokulu\/wp-json\/wp\/v2\/pages\/8234\/revisions\/8729"}],"wp:attachment":[{"href":"https:\/\/atauni.edu.tr\/teknik-bilimler-meslek-yuksekokulu\/wp-json\/wp\/v2\/media?parent=8234"}],"curies":[{"name":"wp","href":"https:\/\/api.w.org\/{rel}","templated":true}]}}