{"id":8280,"date":"2025-01-27T11:24:54","date_gmt":"2025-01-27T08:24:54","guid":{"rendered":"https:\/\/birimler.atauni.edu.tr\/teknik-bilimler-meslek-yuksekokulu\/?page_id=8280"},"modified":"2025-01-28T10:00:28","modified_gmt":"2025-01-28T07:00:28","slug":"mufredat","status":"publish","type":"page","link":"https:\/\/atauni.edu.tr\/teknik-bilimler-meslek-yuksekokulu\/mufredat\/","title":{"rendered":"M\u00fcfredat"},"content":{"rendered":"\n<p><a href=\"http:\/\/birimler.atauni.edu.tr\/teknik-bilimler-meslek-yuksekokulu\/wp-content\/uploads\/sites\/447\/2025\/01\/Atcilik-ve-antrenorlugu-.pdf\">At\u00e7\u0131l\u0131k ve Antren\u00f6rl\u00fc\u011f\u00fc \u00f6nlisans program\u0131<\/a><\/p>\n\n\n\n<p><a href=\"http:\/\/birimler.atauni.edu.tr\/teknik-bilimler-meslek-yuksekokulu\/wp-content\/uploads\/sites\/447\/2025\/01\/bilgisayar-programciligi.pdf\">Bilgisayar Programc\u0131l\u0131\u011f\u0131 \u00f6nlisans program\u0131<\/a><\/p>\n\n\n\n<p><a href=\"http:\/\/birimler.atauni.edu.tr\/teknik-bilimler-meslek-yuksekokulu\/wp-content\/uploads\/sites\/447\/2025\/01\/elektrik.pdf\">Elektrik \u00f6nlisans program\u0131<\/a><\/p>\n\n\n\n<p><a href=\"http:\/\/birimler.atauni.edu.tr\/teknik-bilimler-meslek-yuksekokulu\/wp-content\/uploads\/sites\/447\/2025\/01\/elektronik-haberlesme-teknolojisi.pdf\">Elektronik Haberle\u015fme Teknolojisi \u00f6nlisans program\u0131<\/a><\/p>\n\n\n\n<p><a href=\"http:\/\/birimler.atauni.edu.tr\/teknik-bilimler-meslek-yuksekokulu\/wp-content\/uploads\/sites\/447\/2025\/01\/geleneksel-el-sanatlari.pdf\">Geleneksel El Sanatlar\u0131 \u00f6nlisans program\u0131<\/a><\/p>\n\n\n\n<p><a href=\"http:\/\/birimler.atauni.edu.tr\/teknik-bilimler-meslek-yuksekokulu\/wp-content\/uploads\/sites\/447\/2025\/01\/gida-kalite-kontrol-ve-analizi.pdf\">G\u0131da Kalite Kontrol ve Analizi \u00f6nlisans program\u0131<\/a><\/p>\n\n\n\n<p><a href=\"http:\/\/birimler.atauni.edu.tr\/teknik-bilimler-meslek-yuksekokulu\/wp-content\/uploads\/sites\/447\/2025\/01\/gida-teknolojisi.pdf\">G\u0131da Teknolojisi \u00f6nlisans program\u0131<\/a><\/p>\n\n\n\n<p><a href=\"http:\/\/birimler.atauni.edu.tr\/teknik-bilimler-meslek-yuksekokulu\/wp-content\/uploads\/sites\/447\/2025\/01\/giyim-uretim-teknolojisi.pdf\">Giyim \u00dcretim Teknolojisi \u00f6nlisans program\u0131<\/a><\/p>\n\n\n\n<p><a href=\"http:\/\/birimler.atauni.edu.tr\/teknik-bilimler-meslek-yuksekokulu\/wp-content\/uploads\/sites\/447\/2025\/01\/harita-ve-kadastro.pdf\">Harita ve Kadastro \u00f6nlisans program\u0131<\/a><\/p>\n\n\n\n<p><a href=\"http:\/\/birimler.atauni.edu.tr\/teknik-bilimler-meslek-yuksekokulu\/wp-content\/uploads\/sites\/447\/2025\/01\/insaat-teknolojisi.pdf\">\u0130n\u015faat Teknolojisi \u00f6nlisans program\u0131<\/a><\/p>\n\n\n\n<p><a href=\"http:\/\/birimler.atauni.edu.tr\/teknik-bilimler-meslek-yuksekokulu\/wp-content\/uploads\/sites\/447\/2025\/01\/is-sagligi-ve-guvenligi.pdf\">\u0130\u015f Sa\u011fl\u0131\u011f\u0131 ve G\u00fcvenli\u011fi \u00f6nlisans program\u0131<\/a><\/p>\n\n\n\n<p><a href=\"http:\/\/birimler.atauni.edu.tr\/teknik-bilimler-meslek-yuksekokulu\/wp-content\/uploads\/sites\/447\/2025\/01\/kimya-teknolojisi.pdf\">Kimya Teknolojisi \u00f6nlisans program\u0131<\/a><\/p>\n\n\n\n<p><a href=\"http:\/\/birimler.atauni.edu.tr\/teknik-bilimler-meslek-yuksekokulu\/wp-content\/uploads\/sites\/447\/2025\/01\/makine.pdf\">Makine \u00f6nlisans program\u0131<\/a><\/p>\n\n\n\n<p><a href=\"http:\/\/birimler.atauni.edu.tr\/teknik-bilimler-meslek-yuksekokulu\/wp-content\/uploads\/sites\/447\/2025\/01\/otomotiv-teknolojisi.pdf\">Otomotiv Teknolojisi \u00f6nlisans program\u0131<\/a><\/p>\n","protected":false},"excerpt":{"rendered":"<p>At\u00e7\u0131l\u0131k ve Antren\u00f6rl\u00fc\u011f\u00fc \u00f6nlisans program\u0131 Bilgisayar Programc\u0131l\u0131\u011f\u0131 \u00f6nlisans program\u0131 Elektrik \u00f6nlisans program\u0131 Elektronik Haberle\u015fme Teknolojisi \u00f6nlisans program\u0131 Geleneksel El Sanatlar\u0131 \u00f6nlisans program\u0131 G\u0131da Kalite Kontrol ve Analizi \u00f6nlisans program\u0131 G\u0131da Teknolojisi \u00f6nlisans program\u0131 Giyim \u00dcretim Teknolojisi \u00f6nlisans program\u0131 Harita ve Kadastro \u00f6nlisans program\u0131 \u0130n\u015faat Teknolojisi \u00f6nlisans program\u0131 \u0130\u015f Sa\u011fl\u0131\u011f\u0131 ve G\u00fcvenli\u011fi \u00f6nlisans program\u0131 Kimya Teknolojisi [&hellip;]<\/p>\n","protected":false},"author":172,"featured_media":0,"parent":0,"menu_order":0,"comment_status":"closed","ping_status":"closed","template":"","meta":{"footnotes":""},"class_list":["post-8280","page","type-page","status-publish","hentry"],"_links":{"self":[{"href":"https:\/\/atauni.edu.tr\/teknik-bilimler-meslek-yuksekokulu\/wp-json\/wp\/v2\/pages\/8280","targetHints":{"allow":["GET"]}}],"collection":[{"href":"https:\/\/atauni.edu.tr\/teknik-bilimler-meslek-yuksekokulu\/wp-json\/wp\/v2\/pages"}],"about":[{"href":"https:\/\/atauni.edu.tr\/teknik-bilimler-meslek-yuksekokulu\/wp-json\/wp\/v2\/types\/page"}],"author":[{"embeddable":true,"href":"https:\/\/atauni.edu.tr\/teknik-bilimler-meslek-yuksekokulu\/wp-json\/wp\/v2\/users\/172"}],"replies":[{"embeddable":true,"href":"https:\/\/atauni.edu.tr\/teknik-bilimler-meslek-yuksekokulu\/wp-json\/wp\/v2\/comments?post=8280"}],"version-history":[{"count":16,"href":"https:\/\/atauni.edu.tr\/teknik-bilimler-meslek-yuksekokulu\/wp-json\/wp\/v2\/pages\/8280\/revisions"}],"predecessor-version":[{"id":8326,"href":"https:\/\/atauni.edu.tr\/teknik-bilimler-meslek-yuksekokulu\/wp-json\/wp\/v2\/pages\/8280\/revisions\/8326"}],"wp:attachment":[{"href":"https:\/\/atauni.edu.tr\/teknik-bilimler-meslek-yuksekokulu\/wp-json\/wp\/v2\/media?parent=8280"}],"curies":[{"name":"wp","href":"https:\/\/api.w.org\/{rel}","templated":true}]}}