{"id":8360,"date":"2025-02-04T12:57:26","date_gmt":"2025-02-04T09:57:26","guid":{"rendered":"https:\/\/birimler.atauni.edu.tr\/teknik-bilimler-meslek-yuksekokulu\/?page_id=8360"},"modified":"2025-05-13T16:14:53","modified_gmt":"2025-05-13T13:14:53","slug":"fiziki-imkanlar","status":"publish","type":"page","link":"https:\/\/atauni.edu.tr\/teknik-bilimler-meslek-yuksekokulu\/fiziki-imkanlar\/","title":{"rendered":"Fiziki \u0130mkanlar"},"content":{"rendered":"\n<p>Atat\u00fcrk \u00dcniversitesi Teknik Bilimler Meslek Y\u00fcksekokulu, Y\u00fcksek\u00f6\u011fretim Kurulu\u2019nun 12.03.2020 tarih ve 75850160-101.02.05-E.20079 say\u0131l\u0131 karar\u0131 ile Erzurum Meslek Y\u00fcksekokulu b\u00fcnyesinden ayr\u0131larak an\u0131lan tarih itibariyle teknik b\u00f6l\u00fcmlerle e\u011fitim-\u00f6\u011fretime devam etmektedir. Y\u00fcksekokulumuz Atat\u00fcrk \u00dcniversitesi Merkez Yerle\u015fke i\u00e7erisinde 35700 m2 lik alan \u00fczerine kurulmu\u015ftur. \u00a0A, B Blokta idari birimler ve derslikler vard\u0131r. C ve D Bloklarda derslik ve at\u00f6lyeler ve \u00a0laboratuvarlar vard\u0131r. \u00a0\u00d6\u011frenci s\u0131n\u0131f ve at\u00f6lyeler toplam alan\u0131 6200 m2 dir. <\/p>\n\n\n\n<p>13 At\u00f6lye<\/p>\n\n\n\n<p>9 Laboratuvar<\/p>\n\n\n\n<p><strong>Derslik Blo\u011fu:<\/strong><\/p>\n\n\n\n<p>20 Derslik<\/p>\n\n\n\n<p>1 Teknik Resim Salonu<\/p>\n\n\n\n<p>3 Bilgisayar Laboratuvar\u0131<\/p>\n\n\n\n<p><strong>\u0130dari Blok:<\/strong><\/p>\n\n\n\n<p>120 Ki\u015filik Konferans Salonu<\/p>\n\n\n\n<p>1 Toplant\u0131 Salonu<\/p>\n\n\n\n<p>9 \u0130dari Ofis<\/p>\n\n\n\n<p>6 Teknik Personel Ofisi<\/p>\n\n\n\n<p>50 Akademik Personel Ofisi<\/p>\n\n\n\n<p><strong>Sosyal Hizmet Blo\u011fu:<\/strong><\/p>\n\n\n\n<p>1 Kantin<\/p>\n\n\n\n<p>1 K\u00fct\u00fcphane<\/p>\n\n\n\n<p>2 Mescit<\/p>\n\n\n\n<p><strong>Di\u011fer:<\/strong><\/p>\n\n\n\n<p>2 Voleybol Sahas\u0131<\/p>\n\n\n\n<p>3 Otopark<\/p>\n\n\n\n<p><\/p>\n","protected":false},"excerpt":{"rendered":"<p>Atat\u00fcrk \u00dcniversitesi Teknik Bilimler Meslek Y\u00fcksekokulu, Y\u00fcksek\u00f6\u011fretim Kurulu\u2019nun 12.03.2020 tarih ve 75850160-101.02.05-E.20079 say\u0131l\u0131 karar\u0131 ile Erzurum Meslek Y\u00fcksekokulu b\u00fcnyesinden ayr\u0131larak an\u0131lan tarih itibariyle teknik b\u00f6l\u00fcmlerle e\u011fitim-\u00f6\u011fretime devam etmektedir. Y\u00fcksekokulumuz Atat\u00fcrk \u00dcniversitesi Merkez Yerle\u015fke i\u00e7erisinde 35700 m2 lik alan \u00fczerine kurulmu\u015ftur. \u00a0A, B Blokta idari birimler ve derslikler vard\u0131r. C ve D Bloklarda derslik ve at\u00f6lyeler [&hellip;]<\/p>\n","protected":false},"author":172,"featured_media":0,"parent":0,"menu_order":0,"comment_status":"closed","ping_status":"closed","template":"","meta":{"footnotes":""},"class_list":["post-8360","page","type-page","status-publish","hentry"],"_links":{"self":[{"href":"https:\/\/atauni.edu.tr\/teknik-bilimler-meslek-yuksekokulu\/wp-json\/wp\/v2\/pages\/8360","targetHints":{"allow":["GET"]}}],"collection":[{"href":"https:\/\/atauni.edu.tr\/teknik-bilimler-meslek-yuksekokulu\/wp-json\/wp\/v2\/pages"}],"about":[{"href":"https:\/\/atauni.edu.tr\/teknik-bilimler-meslek-yuksekokulu\/wp-json\/wp\/v2\/types\/page"}],"author":[{"embeddable":true,"href":"https:\/\/atauni.edu.tr\/teknik-bilimler-meslek-yuksekokulu\/wp-json\/wp\/v2\/users\/172"}],"replies":[{"embeddable":true,"href":"https:\/\/atauni.edu.tr\/teknik-bilimler-meslek-yuksekokulu\/wp-json\/wp\/v2\/comments?post=8360"}],"version-history":[{"count":6,"href":"https:\/\/atauni.edu.tr\/teknik-bilimler-meslek-yuksekokulu\/wp-json\/wp\/v2\/pages\/8360\/revisions"}],"predecessor-version":[{"id":8670,"href":"https:\/\/atauni.edu.tr\/teknik-bilimler-meslek-yuksekokulu\/wp-json\/wp\/v2\/pages\/8360\/revisions\/8670"}],"wp:attachment":[{"href":"https:\/\/atauni.edu.tr\/teknik-bilimler-meslek-yuksekokulu\/wp-json\/wp\/v2\/media?parent=8360"}],"curies":[{"name":"wp","href":"https:\/\/api.w.org\/{rel}","templated":true}]}}