{"id":8489,"date":"2025-04-14T10:56:00","date_gmt":"2025-04-14T07:56:00","guid":{"rendered":"https:\/\/birimler.atauni.edu.tr\/teknik-bilimler-meslek-yuksekokulu\/?page_id=8489"},"modified":"2025-04-14T11:01:07","modified_gmt":"2025-04-14T08:01:07","slug":"teknik-bilimler-meslek-yuksekokulu-egitim-ogretim-komisyon","status":"publish","type":"page","link":"https:\/\/atauni.edu.tr\/teknik-bilimler-meslek-yuksekokulu\/teknik-bilimler-meslek-yuksekokulu-egitim-ogretim-komisyon\/","title":{"rendered":"E\u011fitim \u00d6\u011fretim Komisyonu"},"content":{"rendered":"\t\t<div data-elementor-type=\"wp-page\" data-elementor-id=\"8489\" class=\"elementor elementor-8489\" data-elementor-post-type=\"page\">\n\t\t\t\t\t\t<section class=\"elementor-section elementor-top-section elementor-element elementor-element-1e0519a elementor-section-boxed elementor-section-height-default elementor-section-height-default\" data-id=\"1e0519a\" data-element_type=\"section\">\n\t\t\t\t\t\t<div class=\"elementor-container elementor-column-gap-default\">\n\t\t\t\t\t<div class=\"elementor-column elementor-col-100 elementor-top-column elementor-element elementor-element-809b099\" data-id=\"809b099\" data-element_type=\"column\">\n\t\t\t<div class=\"elementor-widget-wrap elementor-element-populated\">\n\t\t\t\t\t\t<div class=\"elementor-element elementor-element-3a8996e elementor-widget elementor-widget-text-editor\" data-id=\"3a8996e\" data-element_type=\"widget\" data-widget_type=\"text-editor.default\">\n\t\t\t\t<div class=\"elementor-widget-container\">\n\t\t\t\t\t\t\t\t\t<ul>\n<li style=\"text-align: left\"><span style=\"color: #000000\">Prof. Dr. Hayrunnisa NADARO\u011eLU<\/span><\/li>\n<li style=\"text-align: left\"><span style=\"color: #000000\">Prof. Dr. Arzu KAVAZ Y\u00dcKSEL<\/span><\/li>\n<li style=\"text-align: left\"><span style=\"color: #000000\">Prof. Dr. Ebru BOZKURT<\/span><\/li>\n<li style=\"text-align: left\"><span style=\"color: #000000\">Dr. \u00d6\u011fr. \u00dcyesi H\u00fcseyin G\u00dcLL\u00dcCE<\/span><\/li>\n<li style=\"text-align: left\"><span style=\"color: #000000\">Do\u00e7. Dr. H\u00fclya \u00d6zt\u00fcrk DO\u011eAN<\/span><\/li>\n<li style=\"text-align: left\"><span style=\"color: #000000\">Dr. \u00d6\u011fr. \u00dcyesi Rahim Ka\u011fan AKBULUT<\/span><\/li>\n<li style=\"text-align: left\"><span style=\"color: #000000\">\u00d6\u011fr. G\u00f6r. Soner G\u00d6K<\/span><\/li>\n<li style=\"text-align: left\"><span style=\"color: #000000\">Hamza \u00d6ZT\u00dcRK (Y\u00fcksekokul Sekreteri)<\/span><\/li>\n<li style=\"text-align: left\"><span style=\"color: #000000\">\u00dcmit YILMAZ (Belge Memuru)<\/span><\/li>\n<\/ul>\t\t\t\t\t\t\t\t<\/div>\n\t\t\t\t<\/div>\n\t\t\t\t\t<\/div>\n\t\t<\/div>\n\t\t\t\t\t<\/div>\n\t\t<\/section>\n\t\t\t\t<\/div>\n\t\t","protected":false},"excerpt":{"rendered":"<p>Prof. Dr. Hayrunnisa NADARO\u011eLU Prof. Dr. Arzu KAVAZ Y\u00dcKSEL Prof. Dr. Ebru BOZKURT Dr. \u00d6\u011fr. \u00dcyesi H\u00fcseyin G\u00dcLL\u00dcCE Do\u00e7. Dr. H\u00fclya \u00d6zt\u00fcrk DO\u011eAN Dr. \u00d6\u011fr. \u00dcyesi Rahim Ka\u011fan AKBULUT \u00d6\u011fr. G\u00f6r. Soner G\u00d6K Hamza \u00d6ZT\u00dcRK (Y\u00fcksekokul Sekreteri) \u00dcmit YILMAZ (Belge Memuru)<\/p>\n","protected":false},"author":172,"featured_media":0,"parent":0,"menu_order":0,"comment_status":"closed","ping_status":"closed","template":"","meta":{"footnotes":""},"class_list":["post-8489","page","type-page","status-publish","hentry"],"_links":{"self":[{"href":"https:\/\/atauni.edu.tr\/teknik-bilimler-meslek-yuksekokulu\/wp-json\/wp\/v2\/pages\/8489","targetHints":{"allow":["GET"]}}],"collection":[{"href":"https:\/\/atauni.edu.tr\/teknik-bilimler-meslek-yuksekokulu\/wp-json\/wp\/v2\/pages"}],"about":[{"href":"https:\/\/atauni.edu.tr\/teknik-bilimler-meslek-yuksekokulu\/wp-json\/wp\/v2\/types\/page"}],"author":[{"embeddable":true,"href":"https:\/\/atauni.edu.tr\/teknik-bilimler-meslek-yuksekokulu\/wp-json\/wp\/v2\/users\/172"}],"replies":[{"embeddable":true,"href":"https:\/\/atauni.edu.tr\/teknik-bilimler-meslek-yuksekokulu\/wp-json\/wp\/v2\/comments?post=8489"}],"version-history":[{"count":6,"href":"https:\/\/atauni.edu.tr\/teknik-bilimler-meslek-yuksekokulu\/wp-json\/wp\/v2\/pages\/8489\/revisions"}],"predecessor-version":[{"id":8495,"href":"https:\/\/atauni.edu.tr\/teknik-bilimler-meslek-yuksekokulu\/wp-json\/wp\/v2\/pages\/8489\/revisions\/8495"}],"wp:attachment":[{"href":"https:\/\/atauni.edu.tr\/teknik-bilimler-meslek-yuksekokulu\/wp-json\/wp\/v2\/media?parent=8489"}],"curies":[{"name":"wp","href":"https:\/\/api.w.org\/{rel}","templated":true}]}}