{"id":8497,"date":"2025-04-14T11:04:07","date_gmt":"2025-04-14T08:04:07","guid":{"rendered":"https:\/\/birimler.atauni.edu.tr\/teknik-bilimler-meslek-yuksekokulu\/?page_id=8497"},"modified":"2025-04-14T11:06:05","modified_gmt":"2025-04-14T08:06:05","slug":"mufredat-komisyonu","status":"publish","type":"page","link":"https:\/\/atauni.edu.tr\/teknik-bilimler-meslek-yuksekokulu\/mufredat-komisyonu\/","title":{"rendered":"M\u00fcfredat Komisyonu"},"content":{"rendered":"\t\t<div data-elementor-type=\"wp-page\" data-elementor-id=\"8497\" class=\"elementor elementor-8497\" data-elementor-post-type=\"page\">\n\t\t\t\t\t\t<section class=\"elementor-section elementor-top-section elementor-element elementor-element-589422f elementor-section-boxed elementor-section-height-default elementor-section-height-default\" data-id=\"589422f\" data-element_type=\"section\">\n\t\t\t\t\t\t<div class=\"elementor-container elementor-column-gap-default\">\n\t\t\t\t\t<div class=\"elementor-column elementor-col-100 elementor-top-column elementor-element elementor-element-6bfa196\" data-id=\"6bfa196\" data-element_type=\"column\">\n\t\t\t<div class=\"elementor-widget-wrap elementor-element-populated\">\n\t\t\t\t\t\t<div class=\"elementor-element elementor-element-95a5dce elementor-widget elementor-widget-text-editor\" data-id=\"95a5dce\" data-element_type=\"widget\" data-widget_type=\"text-editor.default\">\n\t\t\t\t<div class=\"elementor-widget-container\">\n\t\t\t\t\t\t\t\t\t<ul><li><span style=\"color: #000000\">Prof. Dr. Hayrunnisa NADARO\u011eLU<\/span><\/li><li><span style=\"color: #000000\">Prof. Dr. Arzu KAVAZ Y\u00dcKSEL<\/span><\/li><li><span style=\"color: #000000\">Prof. Dr. Abdulkadir KAN<\/span><\/li><li><span style=\"color: #000000\">Prof. Dr. Ebru BOZKURT<\/span><\/li><li><span style=\"color: #000000\">Prof. Dr. M. Dursun KAYA<\/span><\/li><li><span style=\"color: #000000\">Prof. Dr. Mustafa ERAT<\/span><\/li><li><span style=\"color: #000000\">Prof. Dr. Yusuf Ziya AYIK<\/span><\/li><li><span style=\"color: #000000\">Do\u00e7. Dr. Abdulkerim D\u0130LER<\/span><\/li><li><span style=\"color: #000000\">Do\u00e7. Dr. H\u00fclya \u00d6zt\u00fcrk DO\u011eAN<\/span><\/li><li><span style=\"color: #000000\">Do\u00e7. Dr. Serpil YORGANCI<\/span><\/li><li><span style=\"color: #000000\">Dr. \u00d6\u011fr. \u00dcyesi H\u00fcseyin G\u00dcLL\u00dcCE<\/span><\/li><li><span style=\"color: #000000\">Dr. \u00d6\u011fr. \u00dcyesi Rahim Ka\u011fan AKBULUT<\/span><\/li><li><span style=\"color: #000000\">Dr. \u00d6\u011fr. \u00dcyesi Fatih I\u015eIK<\/span><\/li><\/ul>\t\t\t\t\t\t\t\t<\/div>\n\t\t\t\t<\/div>\n\t\t\t\t\t<\/div>\n\t\t<\/div>\n\t\t\t\t\t<\/div>\n\t\t<\/section>\n\t\t\t\t<\/div>\n\t\t","protected":false},"excerpt":{"rendered":"<p>Prof. Dr. Hayrunnisa NADARO\u011eLU Prof. Dr. Arzu KAVAZ Y\u00dcKSEL Prof. Dr. Abdulkadir KAN Prof. Dr. Ebru BOZKURT Prof. Dr. M. Dursun KAYA Prof. Dr. Mustafa ERAT Prof. Dr. Yusuf Ziya AYIK Do\u00e7. Dr. Abdulkerim D\u0130LER Do\u00e7. Dr. H\u00fclya \u00d6zt\u00fcrk DO\u011eAN Do\u00e7. Dr. Serpil YORGANCI Dr. \u00d6\u011fr. \u00dcyesi H\u00fcseyin G\u00dcLL\u00dcCE Dr. \u00d6\u011fr. \u00dcyesi Rahim Ka\u011fan AKBULUT [&hellip;]<\/p>\n","protected":false},"author":172,"featured_media":0,"parent":0,"menu_order":0,"comment_status":"closed","ping_status":"closed","template":"","meta":{"footnotes":""},"class_list":["post-8497","page","type-page","status-publish","hentry"],"_links":{"self":[{"href":"https:\/\/atauni.edu.tr\/teknik-bilimler-meslek-yuksekokulu\/wp-json\/wp\/v2\/pages\/8497","targetHints":{"allow":["GET"]}}],"collection":[{"href":"https:\/\/atauni.edu.tr\/teknik-bilimler-meslek-yuksekokulu\/wp-json\/wp\/v2\/pages"}],"about":[{"href":"https:\/\/atauni.edu.tr\/teknik-bilimler-meslek-yuksekokulu\/wp-json\/wp\/v2\/types\/page"}],"author":[{"embeddable":true,"href":"https:\/\/atauni.edu.tr\/teknik-bilimler-meslek-yuksekokulu\/wp-json\/wp\/v2\/users\/172"}],"replies":[{"embeddable":true,"href":"https:\/\/atauni.edu.tr\/teknik-bilimler-meslek-yuksekokulu\/wp-json\/wp\/v2\/comments?post=8497"}],"version-history":[{"count":4,"href":"https:\/\/atauni.edu.tr\/teknik-bilimler-meslek-yuksekokulu\/wp-json\/wp\/v2\/pages\/8497\/revisions"}],"predecessor-version":[{"id":8502,"href":"https:\/\/atauni.edu.tr\/teknik-bilimler-meslek-yuksekokulu\/wp-json\/wp\/v2\/pages\/8497\/revisions\/8502"}],"wp:attachment":[{"href":"https:\/\/atauni.edu.tr\/teknik-bilimler-meslek-yuksekokulu\/wp-json\/wp\/v2\/media?parent=8497"}],"curies":[{"name":"wp","href":"https:\/\/api.w.org\/{rel}","templated":true}]}}