{"id":8532,"date":"2025-05-05T15:21:46","date_gmt":"2025-05-05T12:21:46","guid":{"rendered":"https:\/\/birimler.atauni.edu.tr\/teknik-bilimler-meslek-yuksekokulu\/?page_id=8532"},"modified":"2025-05-13T13:04:04","modified_gmt":"2025-05-13T10:04:04","slug":"haberler","status":"publish","type":"page","link":"https:\/\/atauni.edu.tr\/teknik-bilimler-meslek-yuksekokulu\/haberler\/","title":{"rendered":"Haberler"},"content":{"rendered":"\t\t<div data-elementor-type=\"wp-page\" data-elementor-id=\"8532\" class=\"elementor elementor-8532\" data-elementor-post-type=\"page\">\n\t\t\t\t\t\t<section class=\"elementor-section elementor-top-section elementor-element elementor-element-d388f35 elementor-section-boxed elementor-section-height-default elementor-section-height-default\" data-id=\"d388f35\" data-element_type=\"section\">\n\t\t\t\t\t\t<div class=\"elementor-container elementor-column-gap-default\">\n\t\t\t\t\t<div class=\"elementor-column elementor-col-100 elementor-top-column elementor-element elementor-element-fdc278a\" data-id=\"fdc278a\" data-element_type=\"column\">\n\t\t\t<div class=\"elementor-widget-wrap elementor-element-populated\">\n\t\t\t\t\t\t<div class=\"elementor-element elementor-element-e7fb0c0 elementor-widget elementor-widget-shortcode\" data-id=\"e7fb0c0\" data-element_type=\"widget\" data-widget_type=\"shortcode.default\">\n\t\t\t\t<div class=\"elementor-widget-container\">\n\t\t\t\t\t\t\t<div class=\"elementor-shortcode\"><form method=\"get\" class=\"row g-3\" style=\"margin-bottom: 20px;\"><div class=\"col-md-3\"><input type=\"text\" name=\"haber_ara\" class=\"form-control\" placeholder=\"Haber ara...\" value=\"\"><\/div><div class=\"col-md-3\"><input type=\"date\" name=\"baslangic_tarihi\" class=\"form-control\" value=\"\"><\/div><div class=\"col-md-3\"><input type=\"date\" name=\"bitis_tarihi\" class=\"form-control\" value=\"\"><\/div><div class=\"col-md-3\"><button type=\"submit\" class=\"btn btn-secondary w-50\">Filtrele<\/button><\/div><\/form><ul class=\"kategori-yazilari-liste\"><li style=\"display: flex; margin-bottom: 10px; align-items: center;\"><div class=\"post-thumbnail\" style=\"margin-right: 15px;\"><a href=\"https:\/\/atauni.edu.tr\/teknik-bilimler-meslek-yuksekokulu\/2025\/12\/31\/teknik-bilimler-meslek-yuksekokulumuzun-programlari-medek-tarafindan-akredite-edildi\/\"><img decoding=\"async\" width=\"150\" height=\"150\" src=\"https:\/\/atauni.edu.tr\/teknik-bilimler-meslek-yuksekokulu\/wp-content\/uploads\/sites\/447\/2025\/12\/Medek-2-1-150x150.jpg\" class=\"attachment-thumbnail size-thumbnail wp-post-image\" alt=\"\" \/><\/a><\/div><div class=\"post-content\" style=\"flex-grow: 1;\"><span class=\"post-date habertarih\" style=\"display: block; font-weight: bold; margin-bottom: 5px;\">31\/12\/2025<\/span><a class=\"haberbaslik\" href=\"https:\/\/atauni.edu.tr\/teknik-bilimler-meslek-yuksekokulu\/2025\/12\/31\/teknik-bilimler-meslek-yuksekokulumuzun-programlari-medek-tarafindan-akredite-edildi\/\">Teknik Bilimler Meslek Y\u00fcksekokulumuzun Programlar\u0131 MEDEK Taraf\u0131ndan Akredite Edildi!<\/a><\/div><\/li><li style=\"display: flex; margin-bottom: 10px; align-items: center;\"><div class=\"post-thumbnail\" style=\"margin-right: 15px;\"><a href=\"https:\/\/atauni.edu.tr\/teknik-bilimler-meslek-yuksekokulu\/2025\/07\/31\/alman-otomobil-firmasindan-erzurumdaki-teknik-bilimler-meslek-yuksekokuluna-egitim-destegi\/\"><img decoding=\"async\" width=\"150\" height=\"150\" src=\"https:\/\/atauni.edu.tr\/teknik-bilimler-meslek-yuksekokulu\/wp-content\/uploads\/sites\/447\/2025\/07\/g-150x150.jpeg\" class=\"attachment-thumbnail size-thumbnail wp-post-image\" alt=\"\" \/><\/a><\/div><div class=\"post-content\" style=\"flex-grow: 1;\"><span class=\"post-date habertarih\" style=\"display: block; font-weight: bold; margin-bottom: 5px;\">31\/07\/2025<\/span><a class=\"haberbaslik\" href=\"https:\/\/atauni.edu.tr\/teknik-bilimler-meslek-yuksekokulu\/2025\/07\/31\/alman-otomobil-firmasindan-erzurumdaki-teknik-bilimler-meslek-yuksekokuluna-egitim-destegi\/\">Alman otomobil firmas\u0131ndan Erzurum&#8217;daki Teknik Bilimler Meslek Y\u00fcksekokulu&#8217;na e\u011fitim deste\u011fi<\/a><\/div><\/li><li style=\"display: flex; margin-bottom: 10px; align-items: center;\"><div class=\"post-content\" style=\"flex-grow: 1;\"><span class=\"post-date habertarih\" style=\"display: block; font-weight: bold; margin-bottom: 5px;\">12\/06\/2025<\/span><a class=\"haberbaslik\" href=\"https:\/\/atauni.edu.tr\/teknik-bilimler-meslek-yuksekokulu\/2025\/06\/12\/toyotadan-teknik-bilimler-myoya-donanim-destegi\/\">Toyota&#8217;dan Teknik Bilimler MYO&#8217;ya Donan\u0131m Deste\u011fi<\/a><\/div><\/li><li style=\"display: flex; margin-bottom: 10px; align-items: center;\"><div class=\"post-thumbnail\" style=\"margin-right: 15px;\"><a href=\"https:\/\/atauni.edu.tr\/teknik-bilimler-meslek-yuksekokulu\/2024\/11\/02\/taziye-mesaji\/\"><img decoding=\"async\" width=\"150\" height=\"150\" src=\"https:\/\/atauni.edu.tr\/teknik-bilimler-meslek-yuksekokulu\/wp-content\/uploads\/sites\/447\/2024\/11\/Taziye-150x150.jpg\" class=\"attachment-thumbnail size-thumbnail wp-post-image\" alt=\"\" \/><\/a><\/div><div class=\"post-content\" style=\"flex-grow: 1;\"><span class=\"post-date habertarih\" style=\"display: block; font-weight: bold; margin-bottom: 5px;\">02\/11\/2024<\/span><a class=\"haberbaslik\" href=\"https:\/\/atauni.edu.tr\/teknik-bilimler-meslek-yuksekokulu\/2024\/11\/02\/taziye-mesaji\/\">Taziye Mesaj\u0131<\/a><\/div><\/li><\/ul><\/div>\n\t\t\t\t\t\t<\/div>\n\t\t\t\t<\/div>\n\t\t\t\t\t<\/div>\n\t\t<\/div>\n\t\t\t\t\t<\/div>\n\t\t<\/section>\n\t\t\t\t<\/div>\n\t\t","protected":false},"excerpt":{"rendered":"","protected":false},"author":8,"featured_media":0,"parent":0,"menu_order":0,"comment_status":"closed","ping_status":"closed","template":"","meta":{"footnotes":""},"class_list":["post-8532","page","type-page","status-publish","hentry"],"_links":{"self":[{"href":"https:\/\/atauni.edu.tr\/teknik-bilimler-meslek-yuksekokulu\/wp-json\/wp\/v2\/pages\/8532","targetHints":{"allow":["GET"]}}],"collection":[{"href":"https:\/\/atauni.edu.tr\/teknik-bilimler-meslek-yuksekokulu\/wp-json\/wp\/v2\/pages"}],"about":[{"href":"https:\/\/atauni.edu.tr\/teknik-bilimler-meslek-yuksekokulu\/wp-json\/wp\/v2\/types\/page"}],"author":[{"embeddable":true,"href":"https:\/\/atauni.edu.tr\/teknik-bilimler-meslek-yuksekokulu\/wp-json\/wp\/v2\/users\/8"}],"replies":[{"embeddable":true,"href":"https:\/\/atauni.edu.tr\/teknik-bilimler-meslek-yuksekokulu\/wp-json\/wp\/v2\/comments?post=8532"}],"version-history":[{"count":4,"href":"https:\/\/atauni.edu.tr\/teknik-bilimler-meslek-yuksekokulu\/wp-json\/wp\/v2\/pages\/8532\/revisions"}],"predecessor-version":[{"id":8605,"href":"https:\/\/atauni.edu.tr\/teknik-bilimler-meslek-yuksekokulu\/wp-json\/wp\/v2\/pages\/8532\/revisions\/8605"}],"wp:attachment":[{"href":"https:\/\/atauni.edu.tr\/teknik-bilimler-meslek-yuksekokulu\/wp-json\/wp\/v2\/media?parent=8532"}],"curies":[{"name":"wp","href":"https:\/\/api.w.org\/{rel}","templated":true}]}}