{"id":8534,"date":"2025-05-05T15:22:06","date_gmt":"2025-05-05T12:22:06","guid":{"rendered":"https:\/\/birimler.atauni.edu.tr\/teknik-bilimler-meslek-yuksekokulu\/?page_id=8534"},"modified":"2025-05-13T13:04:18","modified_gmt":"2025-05-13T10:04:18","slug":"duyurular","status":"publish","type":"page","link":"https:\/\/atauni.edu.tr\/teknik-bilimler-meslek-yuksekokulu\/duyurular\/","title":{"rendered":"Duyurular"},"content":{"rendered":"\t\t<div data-elementor-type=\"wp-page\" data-elementor-id=\"8534\" class=\"elementor elementor-8534\" data-elementor-post-type=\"page\">\n\t\t\t\t\t\t<section class=\"elementor-section elementor-top-section elementor-element elementor-element-46da976 elementor-section-boxed elementor-section-height-default elementor-section-height-default\" data-id=\"46da976\" data-element_type=\"section\">\n\t\t\t\t\t\t<div class=\"elementor-container elementor-column-gap-default\">\n\t\t\t\t\t<div class=\"elementor-column elementor-col-100 elementor-top-column elementor-element elementor-element-4b98c76\" data-id=\"4b98c76\" data-element_type=\"column\">\n\t\t\t<div class=\"elementor-widget-wrap elementor-element-populated\">\n\t\t\t\t\t\t<div class=\"elementor-element elementor-element-039d158 elementor-widget elementor-widget-shortcode\" data-id=\"039d158\" data-element_type=\"widget\" data-widget_type=\"shortcode.default\">\n\t\t\t\t<div class=\"elementor-widget-container\">\n\t\t\t\t\t\t\t<div class=\"elementor-shortcode\"><form method=\"get\" class=\"row g-3\" style=\"margin-bottom: 20px;\"><div class=\"col-md-3\"><input type=\"text\" name=\"Duyuru_ara\" class=\"form-control\" placeholder=\"Duyuru ara...\" value=\"\"><\/div><div class=\"col-md-3\"><input type=\"date\" name=\"baslangic_tarihi\" class=\"form-control\" value=\"\"><\/div><div class=\"col-md-3\"><input type=\"date\" name=\"bitis_tarihi\" class=\"form-control\" value=\"\"><\/div><div class=\"col-md-3\"><button type=\"submit\" class=\"btn btn-secondary w-50\">Filtrele<\/button><\/div><\/form><ul class=\"kategori-yazilari-liste\"><li style=\"display: flex; margin-bottom: 10px; align-items: center;\"><div class=\"post-content\" style=\"flex-grow: 1;\"><span class=\"post-date Duyurutarih\" style=\"display: block; font-weight: bold; margin-bottom: 5px;\">16\/03\/2026<\/span><a class=\"Duyurubaslik\" href=\"https:\/\/atauni.edu.tr\/teknik-bilimler-meslek-yuksekokulu\/2026\/03\/16\/usd-sinav-takvimi\/\">2025-2026 Bahar D\u00f6nemi \u00dcSD S\u0131nav Takvimi<\/a><\/div><\/li><li style=\"display: flex; margin-bottom: 10px; align-items: center;\"><div class=\"post-content\" style=\"flex-grow: 1;\"><span class=\"post-date Duyurutarih\" style=\"display: block; font-weight: bold; margin-bottom: 5px;\">12\/03\/2026<\/span><a class=\"Duyurubaslik\" href=\"https:\/\/atauni.edu.tr\/teknik-bilimler-meslek-yuksekokulu\/2026\/03\/12\/2025-2026-bahar-donemi-vize-programi\/\">2025-2026 Bahar D\u00f6nemi Vize Program\u0131<\/a><\/div><\/li><li style=\"display: flex; margin-bottom: 10px; align-items: center;\"><div class=\"post-content\" style=\"flex-grow: 1;\"><span class=\"post-date Duyurutarih\" style=\"display: block; font-weight: bold; margin-bottom: 5px;\">12\/03\/2026<\/span><a class=\"Duyurubaslik\" href=\"https:\/\/atauni.edu.tr\/teknik-bilimler-meslek-yuksekokulu\/2026\/03\/12\/2025-2026-egitim-ogretim-yili-yaz-donemi-zorunlu-staj-baslangic-ve-bitis-tarihleri\/\">2025-2026 E\u011e\u0130T\u0130M-\u00d6\u011eRET\u0130M YILI YAZ D\u00d6NEM\u0130 ZORUNLU STAJ BA\u015eLANGI\u00c7 ve B\u0130T\u0130\u015e TAR\u0130HLER\u0130<\/a><\/div><\/li><li style=\"display: flex; margin-bottom: 10px; align-items: center;\"><div class=\"post-content\" style=\"flex-grow: 1;\"><span class=\"post-date Duyurutarih\" style=\"display: block; font-weight: bold; margin-bottom: 5px;\">16\/01\/2026<\/span><a class=\"Duyurubaslik\" href=\"https:\/\/atauni.edu.tr\/teknik-bilimler-meslek-yuksekokulu\/2026\/01\/16\/2025-2026-guz-yy-butunleme-sinav-programi\/\">2025-2026 E\u011fitim \u00d6\u011fretim Y\u0131l\u0131 G\u00fcz D\u00f6nemi B\u00fct\u00fcnleme S\u0131nav Program\u0131<\/a><\/div><\/li><li style=\"display: flex; margin-bottom: 10px; align-items: center;\"><div class=\"post-content\" style=\"flex-grow: 1;\"><span class=\"post-date Duyurutarih\" style=\"display: block; font-weight: bold; margin-bottom: 5px;\">29\/12\/2025<\/span><a class=\"Duyurubaslik\" href=\"https:\/\/atauni.edu.tr\/teknik-bilimler-meslek-yuksekokulu\/2025\/12\/29\/tek-ders-sinavi-agno-yukseltme-sinavi-azami-sure-sonu-sinavi-tarihleri\/\">Tek Ders S\u0131nav\u0131\/AGNO Y\u00fckseltme S\u0131nav\u0131\/Azami S\u00fcre Sonu S\u0131nav\u0131 Tarihleri<\/a><\/div><\/li><li style=\"display: flex; margin-bottom: 10px; align-items: center;\"><div class=\"post-content\" style=\"flex-grow: 1;\"><span class=\"post-date Duyurutarih\" style=\"display: block; font-weight: bold; margin-bottom: 5px;\">19\/12\/2025<\/span><a class=\"Duyurubaslik\" href=\"https:\/\/atauni.edu.tr\/teknik-bilimler-meslek-yuksekokulu\/2025\/12\/19\/2025-2026-egitim-ogretim-yili-guz-donemi-final-sinav-programlari\/\">2025-2026 E\u011fitim-\u00d6\u011fretim Y\u0131l\u0131 G\u00fcz D\u00f6nemi Final S\u0131nav Programlar\u0131<\/a><\/div><\/li><li style=\"display: flex; margin-bottom: 10px; align-items: center;\"><div class=\"post-content\" style=\"flex-grow: 1;\"><span class=\"post-date Duyurutarih\" style=\"display: block; font-weight: bold; margin-bottom: 5px;\">11\/12\/2025<\/span><a class=\"Duyurubaslik\" href=\"https:\/\/atauni.edu.tr\/teknik-bilimler-meslek-yuksekokulu\/2025\/12\/11\/2025-2026-guz-donemi-mazeret-sinavi-duyurusu\/\">2025-2026 G\u00fcz D\u00f6nemi Mazeret S\u0131nav\u0131 Duyurusu<\/a><\/div><\/li><li style=\"display: flex; margin-bottom: 10px; align-items: center;\"><div class=\"post-content\" style=\"flex-grow: 1;\"><span class=\"post-date Duyurutarih\" style=\"display: block; font-weight: bold; margin-bottom: 5px;\">19\/11\/2025<\/span><a class=\"Duyurubaslik\" href=\"https:\/\/atauni.edu.tr\/teknik-bilimler-meslek-yuksekokulu\/2025\/11\/19\/tbmyo-icin-usd-dersleri-vize-sinav-tarihleri\/\">TBMYO i\u00e7in \u00dcSD Dersleri Vize S\u0131nav Tarihleri<\/a><\/div><\/li><li style=\"display: flex; margin-bottom: 10px; align-items: center;\"><div class=\"post-content\" style=\"flex-grow: 1;\"><span class=\"post-date Duyurutarih\" style=\"display: block; font-weight: bold; margin-bottom: 5px;\">08\/11\/2025<\/span><a class=\"Duyurubaslik\" href=\"https:\/\/atauni.edu.tr\/teknik-bilimler-meslek-yuksekokulu\/2025\/11\/08\/2025-2026-egitim-ogretim-yili-guz-donemi-vize-sinav-programlari\/\">2025-2026 E\u011fitim-\u00d6\u011fretim Y\u0131l\u0131 G\u00fcz D\u00f6nemi Vize S\u0131nav Programlar\u0131<\/a><\/div><\/li><li style=\"display: flex; margin-bottom: 10px; align-items: center;\"><div class=\"post-content\" style=\"flex-grow: 1;\"><span class=\"post-date Duyurutarih\" style=\"display: block; font-weight: bold; margin-bottom: 5px;\">08\/10\/2025<\/span><a class=\"Duyurubaslik\" href=\"https:\/\/atauni.edu.tr\/teknik-bilimler-meslek-yuksekokulu\/2025\/10\/08\/2025-2026-egitim-ogretim-yili-bilgi-ve-iletisim-teknolojisi-dersi-muafiyet-sinavi\/\">2025-2026 E\u011e\u0130T\u0130M-\u00d6\u011eRET\u0130M YILI B\u0130LG\u0130 VE \u0130LET\u0130\u015e\u0130M TEKNOLOJ\u0130S\u0130 DERS\u0130 MUAF\u0130YET SINAVI<\/a><\/div><\/li><\/ul><nav class=\"pagination\" style=\"margin-top: 20px;\"><ul class='page-numbers'>\n\t<li><span aria-current=\"page\" class=\"page-numbers current\">1<\/span><\/li>\n\t<li><a class=\"page-numbers\" href=\"https:\/\/atauni.edu.tr\/teknik-bilimler-meslek-yuksekokulu\/wp-json\/wp\/v2\/pages\/8534\/page\/2\/\">2<\/a><\/li>\n\t<li><a class=\"page-numbers\" href=\"https:\/\/atauni.edu.tr\/teknik-bilimler-meslek-yuksekokulu\/wp-json\/wp\/v2\/pages\/8534\/page\/3\/\">3<\/a><\/li>\n\t<li><span class=\"page-numbers dots\">&hellip;<\/span><\/li>\n\t<li><a class=\"page-numbers\" href=\"https:\/\/atauni.edu.tr\/teknik-bilimler-meslek-yuksekokulu\/wp-json\/wp\/v2\/pages\/8534\/page\/7\/\">7<\/a><\/li>\n\t<li><a class=\"next page-numbers\" href=\"https:\/\/atauni.edu.tr\/teknik-bilimler-meslek-yuksekokulu\/wp-json\/wp\/v2\/pages\/8534\/page\/2\/\">Sonraki &raquo;<\/a><\/li>\n<\/ul>\n<\/nav><\/div>\n\t\t\t\t\t\t<\/div>\n\t\t\t\t<\/div>\n\t\t\t\t\t<\/div>\n\t\t<\/div>\n\t\t\t\t\t<\/div>\n\t\t<\/section>\n\t\t\t\t<\/div>\n\t\t","protected":false},"excerpt":{"rendered":"","protected":false},"author":8,"featured_media":0,"parent":0,"menu_order":0,"comment_status":"closed","ping_status":"closed","template":"","meta":{"footnotes":""},"class_list":["post-8534","page","type-page","status-publish","hentry"],"_links":{"self":[{"href":"https:\/\/atauni.edu.tr\/teknik-bilimler-meslek-yuksekokulu\/wp-json\/wp\/v2\/pages\/8534","targetHints":{"allow":["GET"]}}],"collection":[{"href":"https:\/\/atauni.edu.tr\/teknik-bilimler-meslek-yuksekokulu\/wp-json\/wp\/v2\/pages"}],"about":[{"href":"https:\/\/atauni.edu.tr\/teknik-bilimler-meslek-yuksekokulu\/wp-json\/wp\/v2\/types\/page"}],"author":[{"embeddable":true,"href":"https:\/\/atauni.edu.tr\/teknik-bilimler-meslek-yuksekokulu\/wp-json\/wp\/v2\/users\/8"}],"replies":[{"embeddable":true,"href":"https:\/\/atauni.edu.tr\/teknik-bilimler-meslek-yuksekokulu\/wp-json\/wp\/v2\/comments?post=8534"}],"version-history":[{"count":4,"href":"https:\/\/atauni.edu.tr\/teknik-bilimler-meslek-yuksekokulu\/wp-json\/wp\/v2\/pages\/8534\/revisions"}],"predecessor-version":[{"id":8608,"href":"https:\/\/atauni.edu.tr\/teknik-bilimler-meslek-yuksekokulu\/wp-json\/wp\/v2\/pages\/8534\/revisions\/8608"}],"wp:attachment":[{"href":"https:\/\/atauni.edu.tr\/teknik-bilimler-meslek-yuksekokulu\/wp-json\/wp\/v2\/media?parent=8534"}],"curies":[{"name":"wp","href":"https:\/\/api.w.org\/{rel}","templated":true}]}}