{"id":8536,"date":"2025-05-05T15:22:24","date_gmt":"2025-05-05T12:22:24","guid":{"rendered":"https:\/\/birimler.atauni.edu.tr\/teknik-bilimler-meslek-yuksekokulu\/?page_id=8536"},"modified":"2025-05-13T13:04:35","modified_gmt":"2025-05-13T10:04:35","slug":"etkinlikler","status":"publish","type":"page","link":"https:\/\/atauni.edu.tr\/teknik-bilimler-meslek-yuksekokulu\/etkinlikler\/","title":{"rendered":"Etkinlikler"},"content":{"rendered":"\t\t<div data-elementor-type=\"wp-page\" data-elementor-id=\"8536\" class=\"elementor elementor-8536\" data-elementor-post-type=\"page\">\n\t\t\t\t\t\t<section class=\"elementor-section elementor-top-section elementor-element elementor-element-bf5e215 elementor-section-boxed elementor-section-height-default elementor-section-height-default\" data-id=\"bf5e215\" data-element_type=\"section\">\n\t\t\t\t\t\t<div class=\"elementor-container elementor-column-gap-default\">\n\t\t\t\t\t<div class=\"elementor-column elementor-col-100 elementor-top-column elementor-element elementor-element-4816b0b\" data-id=\"4816b0b\" data-element_type=\"column\">\n\t\t\t<div class=\"elementor-widget-wrap elementor-element-populated\">\n\t\t\t\t\t\t<div class=\"elementor-element elementor-element-274a611 elementor-widget elementor-widget-shortcode\" data-id=\"274a611\" data-element_type=\"widget\" data-widget_type=\"shortcode.default\">\n\t\t\t\t<div class=\"elementor-widget-container\">\n\t\t\t\t\t\t\t<div class=\"elementor-shortcode\"><form method=\"get\" class=\"row g-3\" style=\"margin-bottom: 20px;\"><div class=\"col-md-3\"><input type=\"text\" name=\"etkinlik_ara\" class=\"form-control\" placeholder=\"Etkinlik ara...\" value=\"\"><\/div><div class=\"col-md-3\"><input type=\"date\" name=\"baslangic_tarihi\" class=\"form-control\" value=\"\"><\/div><div class=\"col-md-3\"><input type=\"date\" name=\"bitis_tarihi\" class=\"form-control\" value=\"\"><\/div><div class=\"col-md-3\"><button type=\"submit\" class=\"btn btn-secondary w-50\">Filtrele<\/button><\/div><\/form><div class=\"etkinlikler-grid-container\" style=\"display: grid; grid-template-columns: repeat(3, 1fr); gap: 20px;\"><div class=\"etkinlik-grid-item\"><div class=\"etkinlik-thumbnail\"><img fetchpriority=\"high\" decoding=\"async\" width=\"300\" height=\"225\" src=\"https:\/\/atauni.edu.tr\/teknik-bilimler-meslek-yuksekokulu\/wp-content\/uploads\/sites\/447\/2026\/03\/WhatsApp-Image-2026-03-16-at-23.28.51-300x225.jpeg\" class=\"img-fluid wp-post-image\" alt=\"\" srcset=\"https:\/\/atauni.edu.tr\/teknik-bilimler-meslek-yuksekokulu\/wp-content\/uploads\/sites\/447\/2026\/03\/WhatsApp-Image-2026-03-16-at-23.28.51-300x225.jpeg 300w, https:\/\/atauni.edu.tr\/teknik-bilimler-meslek-yuksekokulu\/wp-content\/uploads\/sites\/447\/2026\/03\/WhatsApp-Image-2026-03-16-at-23.28.51-1024x768.jpeg 1024w, https:\/\/atauni.edu.tr\/teknik-bilimler-meslek-yuksekokulu\/wp-content\/uploads\/sites\/447\/2026\/03\/WhatsApp-Image-2026-03-16-at-23.28.51-768x576.jpeg 768w, https:\/\/atauni.edu.tr\/teknik-bilimler-meslek-yuksekokulu\/wp-content\/uploads\/sites\/447\/2026\/03\/WhatsApp-Image-2026-03-16-at-23.28.51-1536x1152.jpeg 1536w, https:\/\/atauni.edu.tr\/teknik-bilimler-meslek-yuksekokulu\/wp-content\/uploads\/sites\/447\/2026\/03\/WhatsApp-Image-2026-03-16-at-23.28.51-600x450.jpeg 600w, https:\/\/atauni.edu.tr\/teknik-bilimler-meslek-yuksekokulu\/wp-content\/uploads\/sites\/447\/2026\/03\/WhatsApp-Image-2026-03-16-at-23.28.51-560x420.jpeg 560w, https:\/\/atauni.edu.tr\/teknik-bilimler-meslek-yuksekokulu\/wp-content\/uploads\/sites\/447\/2026\/03\/WhatsApp-Image-2026-03-16-at-23.28.51.jpeg 2048w\" sizes=\"(max-width: 300px) 100vw, 300px\" \/><\/div><div class=\"etkinlik-datee\"><span class=\"day\">16<\/span><span class=\"month\">Mart<\/span><span class=\"year\">2026<\/span><\/div><a href=\"https:\/\/atauni.edu.tr\/teknik-bilimler-meslek-yuksekokulu\/2026\/03\/16\/teknik-bilimler-meslek-yuksekokulu-ile-citroen-erzurum-yetkili-servisi-arasinda-is-birligi-protokolu-imzalandi\/\" class=\"etkinlik-titlee\">Teknik Bilimler Meslek Y\u00fcksekokulu ile Citro\u00ebn Erzurum Yetkili Servisi Aras\u0131nda \u0130\u015f Birli\u011fi Protokol\u00fc \u0130mzaland\u0131<\/a><\/div><div class=\"etkinlik-grid-item\"><div class=\"etkinlik-thumbnail\"><img decoding=\"async\" width=\"300\" height=\"146\" src=\"https:\/\/atauni.edu.tr\/teknik-bilimler-meslek-yuksekokulu\/wp-content\/uploads\/sites\/447\/2026\/03\/WhatsApp-Image-2026-03-12-at-12.22.20-300x146.jpeg\" class=\"img-fluid wp-post-image\" alt=\"\" srcset=\"https:\/\/atauni.edu.tr\/teknik-bilimler-meslek-yuksekokulu\/wp-content\/uploads\/sites\/447\/2026\/03\/WhatsApp-Image-2026-03-12-at-12.22.20-300x146.jpeg 300w, https:\/\/atauni.edu.tr\/teknik-bilimler-meslek-yuksekokulu\/wp-content\/uploads\/sites\/447\/2026\/03\/WhatsApp-Image-2026-03-12-at-12.22.20-1024x498.jpeg 1024w, https:\/\/atauni.edu.tr\/teknik-bilimler-meslek-yuksekokulu\/wp-content\/uploads\/sites\/447\/2026\/03\/WhatsApp-Image-2026-03-12-at-12.22.20-768x373.jpeg 768w, https:\/\/atauni.edu.tr\/teknik-bilimler-meslek-yuksekokulu\/wp-content\/uploads\/sites\/447\/2026\/03\/WhatsApp-Image-2026-03-12-at-12.22.20-1536x747.jpeg 1536w, https:\/\/atauni.edu.tr\/teknik-bilimler-meslek-yuksekokulu\/wp-content\/uploads\/sites\/447\/2026\/03\/WhatsApp-Image-2026-03-12-at-12.22.20-600x292.jpeg 600w, https:\/\/atauni.edu.tr\/teknik-bilimler-meslek-yuksekokulu\/wp-content\/uploads\/sites\/447\/2026\/03\/WhatsApp-Image-2026-03-12-at-12.22.20-560x272.jpeg 560w, https:\/\/atauni.edu.tr\/teknik-bilimler-meslek-yuksekokulu\/wp-content\/uploads\/sites\/447\/2026\/03\/WhatsApp-Image-2026-03-12-at-12.22.20.jpeg 2016w\" sizes=\"(max-width: 300px) 100vw, 300px\" \/><\/div><div class=\"etkinlik-datee\"><span class=\"day\">12<\/span><span class=\"month\">Mart<\/span><span class=\"year\">2026<\/span><\/div><a href=\"https:\/\/atauni.edu.tr\/teknik-bilimler-meslek-yuksekokulu\/2026\/03\/12\/meslek-yuksekokulumuzda-ramazan-iftar-programi-gerceklestirildi\/\" class=\"etkinlik-titlee\">Meslek Y\u00fcksekokulumuzda Ramazan \u0130ftar Program\u0131 Ger\u00e7ekle\u015ftirildi<\/a><\/div><div class=\"etkinlik-grid-item\"><div class=\"etkinlik-thumbnail\"><img decoding=\"async\" width=\"225\" height=\"300\" src=\"https:\/\/atauni.edu.tr\/teknik-bilimler-meslek-yuksekokulu\/wp-content\/uploads\/sites\/447\/2026\/03\/WhatsApp-Image-2026-03-06-at-12.00.22-225x300.jpeg\" class=\"img-fluid wp-post-image\" alt=\"\" srcset=\"https:\/\/atauni.edu.tr\/teknik-bilimler-meslek-yuksekokulu\/wp-content\/uploads\/sites\/447\/2026\/03\/WhatsApp-Image-2026-03-06-at-12.00.22-225x300.jpeg 225w, https:\/\/atauni.edu.tr\/teknik-bilimler-meslek-yuksekokulu\/wp-content\/uploads\/sites\/447\/2026\/03\/WhatsApp-Image-2026-03-06-at-12.00.22-768x1024.jpeg 768w, https:\/\/atauni.edu.tr\/teknik-bilimler-meslek-yuksekokulu\/wp-content\/uploads\/sites\/447\/2026\/03\/WhatsApp-Image-2026-03-06-at-12.00.22-1152x1536.jpeg 1152w, https:\/\/atauni.edu.tr\/teknik-bilimler-meslek-yuksekokulu\/wp-content\/uploads\/sites\/447\/2026\/03\/WhatsApp-Image-2026-03-06-at-12.00.22-450x600.jpeg 450w, https:\/\/atauni.edu.tr\/teknik-bilimler-meslek-yuksekokulu\/wp-content\/uploads\/sites\/447\/2026\/03\/WhatsApp-Image-2026-03-06-at-12.00.22-420x560.jpeg 420w, https:\/\/atauni.edu.tr\/teknik-bilimler-meslek-yuksekokulu\/wp-content\/uploads\/sites\/447\/2026\/03\/WhatsApp-Image-2026-03-06-at-12.00.22.jpeg 1200w\" sizes=\"(max-width: 225px) 100vw, 225px\" \/><\/div><div class=\"etkinlik-datee\"><span class=\"day\">06<\/span><span class=\"month\">Mart<\/span><span class=\"year\">2026<\/span><\/div><a href=\"https:\/\/atauni.edu.tr\/teknik-bilimler-meslek-yuksekokulu\/2026\/03\/06\/gida-isleme-bolumu-ogrencilerinden-pide-yapimi\/\" class=\"etkinlik-titlee\">G\u0131da \u0130\u015fleme B\u00f6l\u00fcm\u00fc \u00d6\u011frencilerinden Pide Yap\u0131m\u0131<\/a><\/div><div class=\"etkinlik-grid-item\"><div class=\"etkinlik-thumbnail\"><img loading=\"lazy\" decoding=\"async\" width=\"225\" height=\"300\" src=\"https:\/\/atauni.edu.tr\/teknik-bilimler-meslek-yuksekokulu\/wp-content\/uploads\/sites\/447\/2026\/02\/Bizim-Resimlerimiz-1-225x300.jpeg\" class=\"img-fluid wp-post-image\" alt=\"\" srcset=\"https:\/\/atauni.edu.tr\/teknik-bilimler-meslek-yuksekokulu\/wp-content\/uploads\/sites\/447\/2026\/02\/Bizim-Resimlerimiz-1-225x300.jpeg 225w, https:\/\/atauni.edu.tr\/teknik-bilimler-meslek-yuksekokulu\/wp-content\/uploads\/sites\/447\/2026\/02\/Bizim-Resimlerimiz-1-768x1024.jpeg 768w, https:\/\/atauni.edu.tr\/teknik-bilimler-meslek-yuksekokulu\/wp-content\/uploads\/sites\/447\/2026\/02\/Bizim-Resimlerimiz-1-1152x1536.jpeg 1152w, https:\/\/atauni.edu.tr\/teknik-bilimler-meslek-yuksekokulu\/wp-content\/uploads\/sites\/447\/2026\/02\/Bizim-Resimlerimiz-1-450x600.jpeg 450w, https:\/\/atauni.edu.tr\/teknik-bilimler-meslek-yuksekokulu\/wp-content\/uploads\/sites\/447\/2026\/02\/Bizim-Resimlerimiz-1-420x560.jpeg 420w, https:\/\/atauni.edu.tr\/teknik-bilimler-meslek-yuksekokulu\/wp-content\/uploads\/sites\/447\/2026\/02\/Bizim-Resimlerimiz-1.jpeg 1200w\" sizes=\"(max-width: 225px) 100vw, 225px\" \/><\/div><div class=\"etkinlik-datee\"><span class=\"day\">25<\/span><span class=\"month\">\u015eubat<\/span><span class=\"year\">2026<\/span><\/div><a href=\"https:\/\/atauni.edu.tr\/teknik-bilimler-meslek-yuksekokulu\/2026\/02\/25\/2025-yilina-ait-son-akademik-tesvik-toreni-duzenlendi\/\" class=\"etkinlik-titlee\">2025 Y\u0131l\u0131na Ait Son Akademik Te\u015fvik T\u00f6reni D\u00fczenlendi<\/a><\/div><div class=\"etkinlik-grid-item\"><div class=\"etkinlik-thumbnail\"><img loading=\"lazy\" decoding=\"async\" width=\"300\" height=\"250\" src=\"https:\/\/atauni.edu.tr\/teknik-bilimler-meslek-yuksekokulu\/wp-content\/uploads\/sites\/447\/2026\/02\/qw-300x250.jpeg\" class=\"img-fluid wp-post-image\" alt=\"\" srcset=\"https:\/\/atauni.edu.tr\/teknik-bilimler-meslek-yuksekokulu\/wp-content\/uploads\/sites\/447\/2026\/02\/qw-300x250.jpeg 300w, https:\/\/atauni.edu.tr\/teknik-bilimler-meslek-yuksekokulu\/wp-content\/uploads\/sites\/447\/2026\/02\/qw-600x499.jpeg 600w, https:\/\/atauni.edu.tr\/teknik-bilimler-meslek-yuksekokulu\/wp-content\/uploads\/sites\/447\/2026\/02\/qw-560x466.jpeg 560w, https:\/\/atauni.edu.tr\/teknik-bilimler-meslek-yuksekokulu\/wp-content\/uploads\/sites\/447\/2026\/02\/qw.jpeg 619w\" sizes=\"(max-width: 300px) 100vw, 300px\" \/><\/div><div class=\"etkinlik-datee\"><span class=\"day\">07<\/span><span class=\"month\">\u015eubat<\/span><span class=\"year\">2026<\/span><\/div><a href=\"https:\/\/atauni.edu.tr\/teknik-bilimler-meslek-yuksekokulu\/2026\/02\/07\/2025-2026-bahar-donemi-egitim-ogretim-donemi-tbmyo-akademik-kurul-toplantimiz\/\" class=\"etkinlik-titlee\">2025-2026 Bahar D\u00f6nemi E\u011fitim \u00d6\u011fretim D\u00f6nemi TBMYO Akademik Kurul Toplant\u0131m\u0131z<\/a><\/div><div class=\"etkinlik-grid-item\"><div class=\"etkinlik-thumbnail\"><img loading=\"lazy\" decoding=\"async\" width=\"300\" height=\"112\" src=\"https:\/\/atauni.edu.tr\/teknik-bilimler-meslek-yuksekokulu\/wp-content\/uploads\/sites\/447\/2026\/02\/Ekran-Alintisi-123-300x112.jpg\" class=\"img-fluid wp-post-image\" alt=\"\" srcset=\"https:\/\/atauni.edu.tr\/teknik-bilimler-meslek-yuksekokulu\/wp-content\/uploads\/sites\/447\/2026\/02\/Ekran-Alintisi-123-300x112.jpg 300w, https:\/\/atauni.edu.tr\/teknik-bilimler-meslek-yuksekokulu\/wp-content\/uploads\/sites\/447\/2026\/02\/Ekran-Alintisi-123-768x286.jpg 768w, https:\/\/atauni.edu.tr\/teknik-bilimler-meslek-yuksekokulu\/wp-content\/uploads\/sites\/447\/2026\/02\/Ekran-Alintisi-123-600x223.jpg 600w, https:\/\/atauni.edu.tr\/teknik-bilimler-meslek-yuksekokulu\/wp-content\/uploads\/sites\/447\/2026\/02\/Ekran-Alintisi-123-560x208.jpg 560w, https:\/\/atauni.edu.tr\/teknik-bilimler-meslek-yuksekokulu\/wp-content\/uploads\/sites\/447\/2026\/02\/Ekran-Alintisi-123.jpg 841w\" sizes=\"(max-width: 300px) 100vw, 300px\" \/><\/div><div class=\"etkinlik-datee\"><span class=\"day\">04<\/span><span class=\"month\">\u015eubat<\/span><span class=\"year\">2026<\/span><\/div><a href=\"https:\/\/atauni.edu.tr\/teknik-bilimler-meslek-yuksekokulu\/2026\/02\/04\/emeklilige-ayrilan-personellerimiz-icin-veda-yemegi-duzenlendi\/\" class=\"etkinlik-titlee\">Emeklili\u011fe Ayr\u0131lan Personellerimiz \u0130\u00e7in Veda Yeme\u011fi D\u00fczenlendi<\/a><\/div><div class=\"etkinlik-grid-item\"><div class=\"etkinlik-thumbnail\"><img loading=\"lazy\" decoding=\"async\" width=\"300\" height=\"167\" src=\"https:\/\/atauni.edu.tr\/teknik-bilimler-meslek-yuksekokulu\/wp-content\/uploads\/sites\/447\/2026\/01\/WhatsApp-Image-2026-01-20-at-11.23.18-7-300x167.jpeg\" class=\"img-fluid wp-post-image\" alt=\"\" srcset=\"https:\/\/atauni.edu.tr\/teknik-bilimler-meslek-yuksekokulu\/wp-content\/uploads\/sites\/447\/2026\/01\/WhatsApp-Image-2026-01-20-at-11.23.18-7-300x167.jpeg 300w, https:\/\/atauni.edu.tr\/teknik-bilimler-meslek-yuksekokulu\/wp-content\/uploads\/sites\/447\/2026\/01\/WhatsApp-Image-2026-01-20-at-11.23.18-7-1024x572.jpeg 1024w, https:\/\/atauni.edu.tr\/teknik-bilimler-meslek-yuksekokulu\/wp-content\/uploads\/sites\/447\/2026\/01\/WhatsApp-Image-2026-01-20-at-11.23.18-7-768x429.jpeg 768w, https:\/\/atauni.edu.tr\/teknik-bilimler-meslek-yuksekokulu\/wp-content\/uploads\/sites\/447\/2026\/01\/WhatsApp-Image-2026-01-20-at-11.23.18-7-1536x857.jpeg 1536w, https:\/\/atauni.edu.tr\/teknik-bilimler-meslek-yuksekokulu\/wp-content\/uploads\/sites\/447\/2026\/01\/WhatsApp-Image-2026-01-20-at-11.23.18-7-600x335.jpeg 600w, https:\/\/atauni.edu.tr\/teknik-bilimler-meslek-yuksekokulu\/wp-content\/uploads\/sites\/447\/2026\/01\/WhatsApp-Image-2026-01-20-at-11.23.18-7-560x313.jpeg 560w, https:\/\/atauni.edu.tr\/teknik-bilimler-meslek-yuksekokulu\/wp-content\/uploads\/sites\/447\/2026\/01\/WhatsApp-Image-2026-01-20-at-11.23.18-7.jpeg 1600w\" sizes=\"(max-width: 300px) 100vw, 300px\" \/><\/div><div class=\"etkinlik-datee\"><span class=\"day\">20<\/span><span class=\"month\">Ocak<\/span><span class=\"year\">2026<\/span><\/div><a href=\"https:\/\/atauni.edu.tr\/teknik-bilimler-meslek-yuksekokulu\/2026\/01\/20\/teknik-bilimler-meslek-yuksekokulumuz-programlarina-medek-akreditasyon-belgeleri-takdim-edildi\/\" class=\"etkinlik-titlee\">TEKN\u0130K B\u0130L\u0130MLER MESLEK Y\u00dcKSEKOKULUMUZ PROGRAMLARINA MEDEK AKRED\u0130TASYON BELGELER\u0130 TAKD\u0130M ED\u0130LD\u0130.<\/a><\/div><div class=\"etkinlik-grid-item\"><div class=\"etkinlik-thumbnail\"><img loading=\"lazy\" decoding=\"async\" width=\"300\" height=\"135\" src=\"https:\/\/atauni.edu.tr\/teknik-bilimler-meslek-yuksekokulu\/wp-content\/uploads\/sites\/447\/2025\/12\/WhatsApp-Image-2025-12-24-at-15.46.55-6-300x135.jpeg\" class=\"img-fluid wp-post-image\" alt=\"\" srcset=\"https:\/\/atauni.edu.tr\/teknik-bilimler-meslek-yuksekokulu\/wp-content\/uploads\/sites\/447\/2025\/12\/WhatsApp-Image-2025-12-24-at-15.46.55-6-300x135.jpeg 300w, https:\/\/atauni.edu.tr\/teknik-bilimler-meslek-yuksekokulu\/wp-content\/uploads\/sites\/447\/2025\/12\/WhatsApp-Image-2025-12-24-at-15.46.55-6-1024x460.jpeg 1024w, https:\/\/atauni.edu.tr\/teknik-bilimler-meslek-yuksekokulu\/wp-content\/uploads\/sites\/447\/2025\/12\/WhatsApp-Image-2025-12-24-at-15.46.55-6-768x345.jpeg 768w, https:\/\/atauni.edu.tr\/teknik-bilimler-meslek-yuksekokulu\/wp-content\/uploads\/sites\/447\/2025\/12\/WhatsApp-Image-2025-12-24-at-15.46.55-6-1536x690.jpeg 1536w, https:\/\/atauni.edu.tr\/teknik-bilimler-meslek-yuksekokulu\/wp-content\/uploads\/sites\/447\/2025\/12\/WhatsApp-Image-2025-12-24-at-15.46.55-6-600x270.jpeg 600w, https:\/\/atauni.edu.tr\/teknik-bilimler-meslek-yuksekokulu\/wp-content\/uploads\/sites\/447\/2025\/12\/WhatsApp-Image-2025-12-24-at-15.46.55-6-560x252.jpeg 560w, https:\/\/atauni.edu.tr\/teknik-bilimler-meslek-yuksekokulu\/wp-content\/uploads\/sites\/447\/2025\/12\/WhatsApp-Image-2025-12-24-at-15.46.55-6.jpeg 1600w\" sizes=\"(max-width: 300px) 100vw, 300px\" \/><\/div><div class=\"etkinlik-datee\"><span class=\"day\">24<\/span><span class=\"month\">Aral\u0131k<\/span><span class=\"year\">2025<\/span><\/div><a href=\"https:\/\/atauni.edu.tr\/teknik-bilimler-meslek-yuksekokulu\/2025\/12\/24\/kimya-teknolojisi-kandil-simidi-dagitimi-gerceklestirildi\/\" class=\"etkinlik-titlee\">Kimya Teknolojisi Kandil Simidi Da\u011f\u0131t\u0131m\u0131 Ger\u00e7ekle\u015ftirildi<\/a><\/div><div class=\"etkinlik-grid-item\"><div class=\"etkinlik-thumbnail\"><img loading=\"lazy\" decoding=\"async\" width=\"300\" height=\"225\" src=\"https:\/\/atauni.edu.tr\/teknik-bilimler-meslek-yuksekokulu\/wp-content\/uploads\/sites\/447\/2025\/12\/WhatsApp-Image-2025-12-19-at-15.56.49-300x225.jpeg\" class=\"img-fluid wp-post-image\" alt=\"\" srcset=\"https:\/\/atauni.edu.tr\/teknik-bilimler-meslek-yuksekokulu\/wp-content\/uploads\/sites\/447\/2025\/12\/WhatsApp-Image-2025-12-19-at-15.56.49-300x225.jpeg 300w, https:\/\/atauni.edu.tr\/teknik-bilimler-meslek-yuksekokulu\/wp-content\/uploads\/sites\/447\/2025\/12\/WhatsApp-Image-2025-12-19-at-15.56.49-1024x768.jpeg 1024w, https:\/\/atauni.edu.tr\/teknik-bilimler-meslek-yuksekokulu\/wp-content\/uploads\/sites\/447\/2025\/12\/WhatsApp-Image-2025-12-19-at-15.56.49-768x576.jpeg 768w, https:\/\/atauni.edu.tr\/teknik-bilimler-meslek-yuksekokulu\/wp-content\/uploads\/sites\/447\/2025\/12\/WhatsApp-Image-2025-12-19-at-15.56.49-1536x1152.jpeg 1536w, https:\/\/atauni.edu.tr\/teknik-bilimler-meslek-yuksekokulu\/wp-content\/uploads\/sites\/447\/2025\/12\/WhatsApp-Image-2025-12-19-at-15.56.49-600x450.jpeg 600w, https:\/\/atauni.edu.tr\/teknik-bilimler-meslek-yuksekokulu\/wp-content\/uploads\/sites\/447\/2025\/12\/WhatsApp-Image-2025-12-19-at-15.56.49-560x420.jpeg 560w, https:\/\/atauni.edu.tr\/teknik-bilimler-meslek-yuksekokulu\/wp-content\/uploads\/sites\/447\/2025\/12\/WhatsApp-Image-2025-12-19-at-15.56.49.jpeg 2000w\" sizes=\"(max-width: 300px) 100vw, 300px\" \/><\/div><div class=\"etkinlik-datee\"><span class=\"day\">23<\/span><span class=\"month\">Aral\u0131k<\/span><span class=\"year\">2025<\/span><\/div><a href=\"https:\/\/atauni.edu.tr\/teknik-bilimler-meslek-yuksekokulu\/2025\/12\/23\/narkogenclik-egitimi-calistayi-gerceklestirildi\/\" class=\"etkinlik-titlee\">Narkogen\u00e7lik E\u011fitimi \u00c7al\u0131\u015ftay\u0131 Ger\u00e7ekle\u015ftirildi<\/a><\/div><\/div><div class=\"pagination\" style=\"margin-top: 20px;\"><span aria-current=\"page\" class=\"page-numbers current\">1<\/span>\n<a class=\"page-numbers\" href=\"https:\/\/atauni.edu.tr\/teknik-bilimler-meslek-yuksekokulu\/wp-json\/wp\/v2\/pages\/8536\/page\/2\/\">2<\/a>\n<a class=\"page-numbers\" href=\"https:\/\/atauni.edu.tr\/teknik-bilimler-meslek-yuksekokulu\/wp-json\/wp\/v2\/pages\/8536\/page\/3\/\">3<\/a>\n<span class=\"page-numbers dots\">&hellip;<\/span>\n<a class=\"page-numbers\" href=\"https:\/\/atauni.edu.tr\/teknik-bilimler-meslek-yuksekokulu\/wp-json\/wp\/v2\/pages\/8536\/page\/5\/\">5<\/a>\n<a class=\"next page-numbers\" href=\"https:\/\/atauni.edu.tr\/teknik-bilimler-meslek-yuksekokulu\/wp-json\/wp\/v2\/pages\/8536\/page\/2\/\">Sonraki &raquo;<\/a><\/div><\/div>\n\t\t\t\t\t\t<\/div>\n\t\t\t\t<\/div>\n\t\t\t\t\t<\/div>\n\t\t<\/div>\n\t\t\t\t\t<\/div>\n\t\t<\/section>\n\t\t\t\t<\/div>\n\t\t","protected":false},"excerpt":{"rendered":"","protected":false},"author":8,"featured_media":0,"parent":0,"menu_order":0,"comment_status":"closed","ping_status":"closed","template":"","meta":{"footnotes":""},"class_list":["post-8536","page","type-page","status-publish","hentry"],"_links":{"self":[{"href":"https:\/\/atauni.edu.tr\/teknik-bilimler-meslek-yuksekokulu\/wp-json\/wp\/v2\/pages\/8536","targetHints":{"allow":["GET"]}}],"collection":[{"href":"https:\/\/atauni.edu.tr\/teknik-bilimler-meslek-yuksekokulu\/wp-json\/wp\/v2\/pages"}],"about":[{"href":"https:\/\/atauni.edu.tr\/teknik-bilimler-meslek-yuksekokulu\/wp-json\/wp\/v2\/types\/page"}],"author":[{"embeddable":true,"href":"https:\/\/atauni.edu.tr\/teknik-bilimler-meslek-yuksekokulu\/wp-json\/wp\/v2\/users\/8"}],"replies":[{"embeddable":true,"href":"https:\/\/atauni.edu.tr\/teknik-bilimler-meslek-yuksekokulu\/wp-json\/wp\/v2\/comments?post=8536"}],"version-history":[{"count":4,"href":"https:\/\/atauni.edu.tr\/teknik-bilimler-meslek-yuksekokulu\/wp-json\/wp\/v2\/pages\/8536\/revisions"}],"predecessor-version":[{"id":8611,"href":"https:\/\/atauni.edu.tr\/teknik-bilimler-meslek-yuksekokulu\/wp-json\/wp\/v2\/pages\/8536\/revisions\/8611"}],"wp:attachment":[{"href":"https:\/\/atauni.edu.tr\/teknik-bilimler-meslek-yuksekokulu\/wp-json\/wp\/v2\/media?parent=8536"}],"curies":[{"name":"wp","href":"https:\/\/api.w.org\/{rel}","templated":true}]}}