{"id":9092,"date":"2025-06-20T11:57:36","date_gmt":"2025-06-20T08:57:36","guid":{"rendered":"https:\/\/birimler.atauni.edu.tr\/teknik-bilimler-meslek-yuksekokulu\/?page_id=9092"},"modified":"2025-06-26T16:21:57","modified_gmt":"2025-06-26T13:21:57","slug":"akademik-teskilat-semasi","status":"publish","type":"page","link":"https:\/\/atauni.edu.tr\/teknik-bilimler-meslek-yuksekokulu\/akademik-teskilat-semasi\/","title":{"rendered":"Akademik Te\u015fkilat \u015eemas\u0131"},"content":{"rendered":"\t\t<div data-elementor-type=\"wp-page\" data-elementor-id=\"9092\" class=\"elementor elementor-9092\" data-elementor-post-type=\"page\">\n\t\t\t\t\t\t<section class=\"elementor-section elementor-top-section elementor-element elementor-element-7dfbf73 elementor-section-boxed elementor-section-height-default elementor-section-height-default\" data-id=\"7dfbf73\" data-element_type=\"section\">\n\t\t\t\t\t\t<div class=\"elementor-container elementor-column-gap-default\">\n\t\t\t\t\t<div class=\"elementor-column elementor-col-100 elementor-top-column elementor-element elementor-element-ebbcdee\" data-id=\"ebbcdee\" data-element_type=\"column\">\n\t\t\t<div class=\"elementor-widget-wrap elementor-element-populated\">\n\t\t\t\t\t\t<div class=\"elementor-element elementor-element-be3bc03 elementor-widget elementor-widget-image\" data-id=\"be3bc03\" data-element_type=\"widget\" data-widget_type=\"image.default\">\n\t\t\t\t<div class=\"elementor-widget-container\">\n\t\t\t\t\t\t\t\t\t\t\t\t\t\t\t<img fetchpriority=\"high\" decoding=\"async\" width=\"969\" height=\"444\" src=\"https:\/\/atauni.edu.tr\/teknik-bilimler-meslek-yuksekokulu\/wp-content\/uploads\/sites\/447\/2025\/06\/YY-Akademik.png\" class=\"attachment-large size-large wp-image-9199\" alt=\"\" srcset=\"https:\/\/atauni.edu.tr\/teknik-bilimler-meslek-yuksekokulu\/wp-content\/uploads\/sites\/447\/2025\/06\/YY-Akademik.png 969w, https:\/\/atauni.edu.tr\/teknik-bilimler-meslek-yuksekokulu\/wp-content\/uploads\/sites\/447\/2025\/06\/YY-Akademik-300x137.png 300w, https:\/\/atauni.edu.tr\/teknik-bilimler-meslek-yuksekokulu\/wp-content\/uploads\/sites\/447\/2025\/06\/YY-Akademik-768x352.png 768w, https:\/\/atauni.edu.tr\/teknik-bilimler-meslek-yuksekokulu\/wp-content\/uploads\/sites\/447\/2025\/06\/YY-Akademik-600x275.png 600w, https:\/\/atauni.edu.tr\/teknik-bilimler-meslek-yuksekokulu\/wp-content\/uploads\/sites\/447\/2025\/06\/YY-Akademik-560x257.png 560w\" sizes=\"(max-width: 969px) 100vw, 969px\" \/>\t\t\t\t\t\t\t\t\t\t\t\t\t\t\t<\/div>\n\t\t\t\t<\/div>\n\t\t\t\t\t<\/div>\n\t\t<\/div>\n\t\t\t\t\t<\/div>\n\t\t<\/section>\n\t\t\t\t<\/div>\n\t\t","protected":false},"excerpt":{"rendered":"","protected":false},"author":172,"featured_media":0,"parent":0,"menu_order":0,"comment_status":"closed","ping_status":"closed","template":"","meta":{"footnotes":""},"class_list":["post-9092","page","type-page","status-publish","hentry"],"_links":{"self":[{"href":"https:\/\/atauni.edu.tr\/teknik-bilimler-meslek-yuksekokulu\/wp-json\/wp\/v2\/pages\/9092","targetHints":{"allow":["GET"]}}],"collection":[{"href":"https:\/\/atauni.edu.tr\/teknik-bilimler-meslek-yuksekokulu\/wp-json\/wp\/v2\/pages"}],"about":[{"href":"https:\/\/atauni.edu.tr\/teknik-bilimler-meslek-yuksekokulu\/wp-json\/wp\/v2\/types\/page"}],"author":[{"embeddable":true,"href":"https:\/\/atauni.edu.tr\/teknik-bilimler-meslek-yuksekokulu\/wp-json\/wp\/v2\/users\/172"}],"replies":[{"embeddable":true,"href":"https:\/\/atauni.edu.tr\/teknik-bilimler-meslek-yuksekokulu\/wp-json\/wp\/v2\/comments?post=9092"}],"version-history":[{"count":10,"href":"https:\/\/atauni.edu.tr\/teknik-bilimler-meslek-yuksekokulu\/wp-json\/wp\/v2\/pages\/9092\/revisions"}],"predecessor-version":[{"id":9209,"href":"https:\/\/atauni.edu.tr\/teknik-bilimler-meslek-yuksekokulu\/wp-json\/wp\/v2\/pages\/9092\/revisions\/9209"}],"wp:attachment":[{"href":"https:\/\/atauni.edu.tr\/teknik-bilimler-meslek-yuksekokulu\/wp-json\/wp\/v2\/media?parent=9092"}],"curies":[{"name":"wp","href":"https:\/\/api.w.org\/{rel}","templated":true}]}}