{"id":9528,"date":"2025-12-02T13:02:14","date_gmt":"2025-12-02T10:02:14","guid":{"rendered":"https:\/\/birimler.atauni.edu.tr\/teknik-bilimler-meslek-yuksekokulu\/?page_id=9528"},"modified":"2025-12-08T12:16:52","modified_gmt":"2025-12-08T09:16:52","slug":"akademik-personel-formlari","status":"publish","type":"page","link":"https:\/\/atauni.edu.tr\/teknik-bilimler-meslek-yuksekokulu\/akademik-personel-formlari\/","title":{"rendered":"Akademik Personel Formlar\u0131"},"content":{"rendered":"\t\t<div data-elementor-type=\"wp-page\" data-elementor-id=\"9528\" class=\"elementor elementor-9528\" data-elementor-post-type=\"page\">\n\t\t\t\t\t\t<section class=\"elementor-section elementor-top-section elementor-element elementor-element-8813ff1 elementor-section-boxed elementor-section-height-default elementor-section-height-default\" data-id=\"8813ff1\" data-element_type=\"section\">\n\t\t\t\t\t\t<div class=\"elementor-container elementor-column-gap-default\">\n\t\t\t\t\t<div class=\"elementor-column elementor-col-100 elementor-top-column elementor-element elementor-element-b30a528\" data-id=\"b30a528\" data-element_type=\"column\">\n\t\t\t<div class=\"elementor-widget-wrap elementor-element-populated\">\n\t\t\t\t\t\t<div class=\"elementor-element elementor-element-f76b8ce elementor-widget elementor-widget-text-editor\" data-id=\"f76b8ce\" data-element_type=\"widget\" data-widget_type=\"text-editor.default\">\n\t\t\t\t<div class=\"elementor-widget-container\">\n\t\t\t\t\t\t\t\t\t<ul><li><a href=\"http:\/\/birimler.atauni.edu.tr\/teknik-bilimler-meslek-yuksekokulu\/wp-content\/uploads\/sites\/447\/2025\/12\/Staj-Rubrig\u0306i.pdf\" target=\"_blank\" rel=\"noopener\"><span style=\"color: #000000\">Staj De\u011ferlendirme Formu<\/span><\/a><\/li><li><a href=\"http:\/\/birimler.atauni.edu.tr\/teknik-bilimler-meslek-yuksekokulu\/wp-content\/uploads\/sites\/447\/2025\/12\/Mesleki-Uygulama-Dersi-Deg\u0306erlendirme-Formu.pdf\" target=\"_blank\" rel=\"noopener\"><span style=\"color: #000000\">Mesleki Uygulama Dersi De\u011ferlendirme Formu<\/span><\/a><\/li><li><a href=\"http:\/\/birimler.atauni.edu.tr\/teknik-bilimler-meslek-yuksekokulu\/wp-content\/uploads\/sites\/447\/2025\/12\/Laboratuvar-Dersi-O\u0308g\u0306renci-Deg\u0306erlendirme-Formu-taslak.pdf\" target=\"_blank\" rel=\"noopener\"><span style=\"color: #000000\">Laboratuvar Dersi \u00d6\u011frenci De\u011ferlendirme Formu<\/span><\/a><\/li><li><a href=\"http:\/\/birimler.atauni.edu.tr\/teknik-bilimler-meslek-yuksekokulu\/wp-content\/uploads\/sites\/447\/2025\/12\/danisman-ogrenci-gorusme-formu.pdf\" target=\"_blank\" rel=\"noopener\"><span style=\"color: #000000\">Dan\u0131\u015fman \u00d6\u011frenci G\u00f6r\u00fc\u015fme Formu<\/span><\/a><\/li><li><a href=\"http:\/\/birimler.atauni.edu.tr\/teknik-bilimler-meslek-yuksekokulu\/wp-content\/uploads\/sites\/447\/2025\/12\/ATOLYE-LAB-UYGULAMALARI-DEGERLENDIRME-FORMU.pdf\" target=\"_blank\" rel=\"noopener\"><span style=\"color: #000000\">At\u00f6lye\/Laboratuvar Uygulamalar\u0131 De\u011ferlendirme Formu<\/span><\/a><\/li><li><a href=\"http:\/\/birimler.atauni.edu.tr\/teknik-bilimler-meslek-yuksekokulu\/wp-content\/uploads\/sites\/447\/2025\/12\/ATCILIK-VE-ANTRENORLUGU.pdf\" target=\"_blank\" rel=\"noopener\"><span style=\"color: #000000\">At\u00e7\u0131l\u0131k ve Antren\u00f6rl\u00fc\u011f\u00fc Program\u0131 Uygulama S\u0131nav\u0131 De\u011ferlendirme Formu<\/span><\/a><\/li><\/ul>\t\t\t\t\t\t\t\t<\/div>\n\t\t\t\t<\/div>\n\t\t\t\t\t<\/div>\n\t\t<\/div>\n\t\t\t\t\t<\/div>\n\t\t<\/section>\n\t\t\t\t<section class=\"elementor-section elementor-top-section elementor-element elementor-element-0871ee3 elementor-section-boxed elementor-section-height-default elementor-section-height-default\" data-id=\"0871ee3\" data-element_type=\"section\">\n\t\t\t\t\t\t<div class=\"elementor-container elementor-column-gap-default\">\n\t\t\t\t\t<div class=\"elementor-column elementor-col-100 elementor-top-column elementor-element elementor-element-c5c9be4\" data-id=\"c5c9be4\" data-element_type=\"column\">\n\t\t\t<div class=\"elementor-widget-wrap elementor-element-populated\">\n\t\t\t\t\t\t<div class=\"elementor-element elementor-element-8ea3eb3 elementor-widget elementor-widget-heading\" data-id=\"8ea3eb3\" data-element_type=\"widget\" data-widget_type=\"heading.default\">\n\t\t\t\t<div class=\"elementor-widget-container\">\n\t\t\t\t\t<h5 class=\"elementor-heading-title elementor-size-default\">E\u011e\u0130T\u0130M-\u00d6\u011eRET\u0130M \u0130LE \u0130LG\u0130L\u0130 FORMLAR<\/h5>\t\t\t\t<\/div>\n\t\t\t\t<\/div>\n\t\t\t\t\t<\/div>\n\t\t<\/div>\n\t\t\t\t\t<\/div>\n\t\t<\/section>\n\t\t\t\t<section class=\"elementor-section elementor-top-section elementor-element elementor-element-e12f27f elementor-section-boxed elementor-section-height-default elementor-section-height-default\" data-id=\"e12f27f\" data-element_type=\"section\">\n\t\t\t\t\t\t<div class=\"elementor-container elementor-column-gap-default\">\n\t\t\t\t\t<div class=\"elementor-column elementor-col-100 elementor-top-column elementor-element elementor-element-81938fd\" data-id=\"81938fd\" data-element_type=\"column\">\n\t\t\t<div class=\"elementor-widget-wrap elementor-element-populated\">\n\t\t\t\t\t\t<div class=\"elementor-element elementor-element-e37f6dc elementor-widget elementor-widget-text-editor\" data-id=\"e37f6dc\" data-element_type=\"widget\" data-widget_type=\"text-editor.default\">\n\t\t\t\t<div class=\"elementor-widget-container\">\n\t\t\t\t\t\t\t\t\t<ul><li><a href=\"http:\/\/birimler.atauni.edu.tr\/teknik-bilimler-meslek-yuksekokulu\/wp-content\/uploads\/sites\/447\/2025\/12\/TEK_DERS_NOT_BILDIRIM_FORMU-1.pdf\" target=\"_blank\" rel=\"noopener\"><span style=\"color: #000000\">Tek Ders Not Bildirim Formu<\/span><\/a><\/li><li><a href=\"http:\/\/birimler.atauni.edu.tr\/teknik-bilimler-meslek-yuksekokulu\/wp-content\/uploads\/sites\/447\/2025\/12\/AZAMI_SURE_EK_SINAV_NOT_BILDIRIM_FORMU-1.pdf\" target=\"_blank\" rel=\"noopener\"><span style=\"color: #000000\">Azami S\u00fcre Sonu Ek S\u0131nav Not Bildirim Formu<\/span><\/a><\/li><li><a href=\"http:\/\/birimler.atauni.edu.tr\/teknik-bilimler-meslek-yuksekokulu\/wp-content\/uploads\/sites\/447\/2025\/12\/Sinav_Imza_Tutanagi.pdf\" target=\"_blank\" rel=\"noopener\"><span style=\"color: #000000\">S\u0131nav \u0130mza Tutana\u011f\u0131<\/span><\/a><\/li><li><a href=\"http:\/\/birimler.atauni.edu.tr\/teknik-bilimler-meslek-yuksekokulu\/wp-content\/uploads\/sites\/447\/2025\/12\/MADDI-HATA.pdf\" target=\"_blank\" rel=\"noopener\"><span style=\"color: #000000\">Maddi Hata Formu<\/span><\/a><\/li><li><a href=\"http:\/\/birimler.atauni.edu.tr\/teknik-bilimler-meslek-yuksekokulu\/wp-content\/uploads\/sites\/447\/2025\/12\/Danis\u0327man-O\u0308g\u0306renci-Formu.pdf\" target=\"_blank\" rel=\"noopener\"><span style=\"color: #000000\">Dan\u0131\u015fman \u00d6\u011frenci \u0130zleme Formu<\/span><\/a><\/li><li><a href=\"http:\/\/birimler.atauni.edu.tr\/teknik-bilimler-meslek-yuksekokulu\/wp-content\/uploads\/sites\/447\/2025\/12\/Danisman_Toplanti_Tutanak_Formu.pdf\" target=\"_blank\" rel=\"noopener\"><span style=\"color: #000000\">Dan\u0131\u015fman \u00d6\u011frenci Tutanak Formu<\/span><\/a><\/li><\/ul>\t\t\t\t\t\t\t\t<\/div>\n\t\t\t\t<\/div>\n\t\t\t\t\t<\/div>\n\t\t<\/div>\n\t\t\t\t\t<\/div>\n\t\t<\/section>\n\t\t\t\t<section class=\"elementor-section elementor-top-section elementor-element elementor-element-8e0fae4 elementor-section-boxed elementor-section-height-default elementor-section-height-default\" data-id=\"8e0fae4\" data-element_type=\"section\">\n\t\t\t\t\t\t<div class=\"elementor-container elementor-column-gap-default\">\n\t\t\t\t\t<div class=\"elementor-column elementor-col-100 elementor-top-column elementor-element elementor-element-754cc15\" data-id=\"754cc15\" data-element_type=\"column\">\n\t\t\t<div class=\"elementor-widget-wrap elementor-element-populated\">\n\t\t\t\t\t\t<div class=\"elementor-element elementor-element-8d45932 elementor-widget elementor-widget-heading\" data-id=\"8d45932\" data-element_type=\"widget\" data-widget_type=\"heading.default\">\n\t\t\t\t<div class=\"elementor-widget-container\">\n\t\t\t\t\t<h5 class=\"elementor-heading-title elementor-size-default\">AKADEM\u0130K \u0130\u015eLEMLERLE \u0130LG\u0130L\u0130 BA\u015eVURU FORMLARI<\/h5>\t\t\t\t<\/div>\n\t\t\t\t<\/div>\n\t\t\t\t\t<\/div>\n\t\t<\/div>\n\t\t\t\t\t<\/div>\n\t\t<\/section>\n\t\t\t\t<section class=\"elementor-section elementor-top-section elementor-element elementor-element-aa3c131 elementor-section-boxed elementor-section-height-default elementor-section-height-default\" data-id=\"aa3c131\" data-element_type=\"section\">\n\t\t\t\t\t\t<div class=\"elementor-container elementor-column-gap-default\">\n\t\t\t\t\t<div class=\"elementor-column elementor-col-100 elementor-top-column elementor-element elementor-element-44fea8c\" data-id=\"44fea8c\" data-element_type=\"column\">\n\t\t\t<div class=\"elementor-widget-wrap elementor-element-populated\">\n\t\t\t\t\t\t<div class=\"elementor-element elementor-element-eb2452f elementor-widget elementor-widget-text-editor\" data-id=\"eb2452f\" data-element_type=\"widget\" data-widget_type=\"text-editor.default\">\n\t\t\t\t<div class=\"elementor-widget-container\">\n\t\t\t\t\t\t\t\t\t<ul><li><a href=\"http:\/\/birimler.atauni.edu.tr\/teknik-bilimler-meslek-yuksekokulu\/wp-content\/uploads\/sites\/447\/2025\/12\/Ogretim-Uyesi-Basvuru.pdf\" target=\"_blank\" rel=\"noopener\"><span style=\"color: #000000\">\u00d6\u011fretim \u00dcyesi Kadrosu \u0130lan Ba\u015fvuru Formu<\/span><\/a><\/li><li><a href=\"http:\/\/birimler.atauni.edu.tr\/teknik-bilimler-meslek-yuksekokulu\/wp-content\/uploads\/sites\/447\/2025\/12\/ogretim-gorevlisi-basvuru.pdf\" target=\"_blank\" rel=\"noopener\"><span style=\"color: #000000\">\u00d6\u011fretim G\u00f6revlisi\/Ara\u015ft\u0131rma G\u00f6revlisi \u0130lan\u0131 Ba\u015fvuru Formu<\/span><\/a><\/li><li><a href=\"http:\/\/birimler.atauni.edu.tr\/teknik-bilimler-meslek-yuksekokulu\/wp-content\/uploads\/sites\/447\/2025\/12\/Docentlik_Sinav_Juri_UEyeleri_Ile_Yardimci_Docent__Docent_ve_Profesoer_Atama_Jurilerinde_Goerev_Alan_OEgretim_UEyeleri_BILGI_FORMU__5_.pdf\" target=\"_blank\" rel=\"noopener\"><span style=\"color: #000000\">Do\u00e7entlik S\u0131nav J\u00fcri \u00dcyeleri Bilgi Formu<\/span><\/a><\/li><li><a href=\"http:\/\/birimler.atauni.edu.tr\/teknik-bilimler-meslek-yuksekokulu\/wp-content\/uploads\/sites\/447\/2025\/12\/35._madde_senet-kamu-personlei.pdf\" target=\"_blank\" rel=\"noopener\"><span style=\"color: #000000\">Kamu Personeline Mahsus Y\u00fcklenme Senedi<\/span><\/a><\/li><li><a href=\"http:\/\/birimler.atauni.edu.tr\/teknik-bilimler-meslek-yuksekokulu\/wp-content\/uploads\/sites\/447\/2025\/12\/37-madde-uyarinca-gorevlendirilme-istek-formu-28032012.pdf\" target=\"_blank\" rel=\"noopener\"><span style=\"color: #000000\">2547 Say\u0131l\u0131 Kanunun 37. Maddesi G\u00f6revlendirme \u0130stek Formu<\/span><\/a><\/li><li><a href=\"http:\/\/birimler.atauni.edu.tr\/teknik-bilimler-meslek-yuksekokulu\/wp-content\/uploads\/sites\/447\/2025\/12\/ogretim-elemani-ders-yuku-form1.pdf\" target=\"_blank\" rel=\"noopener\"><span style=\"color: #000000\">\u00d6\u011fretim Elemanlar\u0131 Ders Y\u00fck\u00fc Formu (F1 Formu)<\/span><\/a><\/li><\/ul>\t\t\t\t\t\t\t\t<\/div>\n\t\t\t\t<\/div>\n\t\t\t\t\t<\/div>\n\t\t<\/div>\n\t\t\t\t\t<\/div>\n\t\t<\/section>\n\t\t\t\t<section class=\"elementor-section elementor-top-section elementor-element elementor-element-e5eab99 elementor-section-boxed elementor-section-height-default elementor-section-height-default\" data-id=\"e5eab99\" data-element_type=\"section\">\n\t\t\t\t\t\t<div class=\"elementor-container elementor-column-gap-default\">\n\t\t\t\t\t<div class=\"elementor-column elementor-col-100 elementor-top-column elementor-element elementor-element-4a2120c\" data-id=\"4a2120c\" data-element_type=\"column\">\n\t\t\t<div class=\"elementor-widget-wrap elementor-element-populated\">\n\t\t\t\t\t\t<div class=\"elementor-element elementor-element-bfe14a6 elementor-widget elementor-widget-heading\" data-id=\"bfe14a6\" data-element_type=\"widget\" data-widget_type=\"heading.default\">\n\t\t\t\t<div class=\"elementor-widget-container\">\n\t\t\t\t\t<h5 class=\"elementor-heading-title elementor-size-default\">G\u00d6REVE BA\u015eLAMADA DOLDURULACAK FORMLAR<\/h5>\t\t\t\t<\/div>\n\t\t\t\t<\/div>\n\t\t\t\t\t<\/div>\n\t\t<\/div>\n\t\t\t\t\t<\/div>\n\t\t<\/section>\n\t\t\t\t<section class=\"elementor-section elementor-top-section elementor-element elementor-element-b3986d2 elementor-section-boxed elementor-section-height-default elementor-section-height-default\" data-id=\"b3986d2\" data-element_type=\"section\">\n\t\t\t\t\t\t<div class=\"elementor-container elementor-column-gap-default\">\n\t\t\t\t\t<div class=\"elementor-column elementor-col-100 elementor-top-column elementor-element elementor-element-39ebd06\" data-id=\"39ebd06\" data-element_type=\"column\">\n\t\t\t<div class=\"elementor-widget-wrap elementor-element-populated\">\n\t\t\t\t\t\t<div class=\"elementor-element elementor-element-de3d855 elementor-widget elementor-widget-text-editor\" data-id=\"de3d855\" data-element_type=\"widget\" data-widget_type=\"text-editor.default\">\n\t\t\t\t<div class=\"elementor-widget-container\">\n\t\t\t\t\t\t\t\t\t<ul><li><a href=\"http:\/\/birimler.atauni.edu.tr\/teknik-bilimler-meslek-yuksekokulu\/wp-content\/uploads\/sites\/447\/2025\/12\/Aile-Yardimi-Bildirim-Formu.pdf\" target=\"_blank\" rel=\"noopener\"><span style=\"color: #000000\">Aile Bildirim Formu<\/span><\/a><\/li><li><a href=\"http:\/\/birimler.atauni.edu.tr\/teknik-bilimler-meslek-yuksekokulu\/wp-content\/uploads\/sites\/447\/2025\/12\/Guevenlik_Sorusturmasi_Formu.pdf\" target=\"_blank\" rel=\"noopener\"><span style=\"color: #000000\">G\u00fcvenlik Soru\u015fturmas\u0131 Formu<\/span><\/a><\/li><li><a href=\"http:\/\/birimler.atauni.edu.tr\/teknik-bilimler-meslek-yuksekokulu\/wp-content\/uploads\/sites\/447\/2025\/12\/Mal-Bildirim-Formu.pdf\" target=\"_blank\" rel=\"noopener\"><span style=\"color: #000000\">Mal Bildirimi Formu<\/span><\/a><\/li><li><a href=\"http:\/\/birimler.atauni.edu.tr\/teknik-bilimler-meslek-yuksekokulu\/wp-content\/uploads\/sites\/447\/2025\/12\/APersonel_Kimlik_Talep_Formu.pdf\" target=\"_blank\" rel=\"noopener\"><span style=\"color: #000000\">Personel Kimlik Talep Formu<\/span><\/a><\/li><li><a href=\"http:\/\/birimler.atauni.edu.tr\/teknik-bilimler-meslek-yuksekokulu\/wp-content\/uploads\/sites\/447\/2025\/12\/ATedavi_Yardim_Beyannamesi.pdf\" target=\"_blank\" rel=\"noopener\"><span style=\"color: #000000\">Tedavi Yard\u0131m\u0131 Beyannamesi<\/span><\/a><\/li><li><a href=\"http:\/\/birimler.atauni.edu.tr\/teknik-bilimler-meslek-yuksekokulu\/wp-content\/uploads\/sites\/447\/2025\/12\/Kamu-Gorevlileri-Etik-Sozlesmesi.pdf\" target=\"_blank\" rel=\"noopener\"><span style=\"color: #000000\">Kamu G\u00f6revlileri Etik S\u00f6zle\u015fmesi Formu<\/span><\/a><\/li><\/ul>\t\t\t\t\t\t\t\t<\/div>\n\t\t\t\t<\/div>\n\t\t\t\t\t<\/div>\n\t\t<\/div>\n\t\t\t\t\t<\/div>\n\t\t<\/section>\n\t\t\t\t<section class=\"elementor-section elementor-top-section elementor-element elementor-element-ef88cc8 elementor-section-boxed elementor-section-height-default elementor-section-height-default\" data-id=\"ef88cc8\" data-element_type=\"section\">\n\t\t\t\t\t\t<div class=\"elementor-container elementor-column-gap-default\">\n\t\t\t\t\t<div class=\"elementor-column elementor-col-100 elementor-top-column elementor-element elementor-element-93ed2cd\" data-id=\"93ed2cd\" data-element_type=\"column\">\n\t\t\t<div class=\"elementor-widget-wrap elementor-element-populated\">\n\t\t\t\t\t\t<div class=\"elementor-element elementor-element-bc39524 elementor-widget elementor-widget-heading\" data-id=\"bc39524\" data-element_type=\"widget\" data-widget_type=\"heading.default\">\n\t\t\t\t<div class=\"elementor-widget-container\">\n\t\t\t\t\t<h5 class=\"elementor-heading-title elementor-size-default\">\u0130L\u0130\u015eK\u0130 KESME \u0130LE \u0130LG\u0130L\u0130 FORMLAR<\/h5>\t\t\t\t<\/div>\n\t\t\t\t<\/div>\n\t\t\t\t\t<\/div>\n\t\t<\/div>\n\t\t\t\t\t<\/div>\n\t\t<\/section>\n\t\t\t\t<section class=\"elementor-section elementor-top-section elementor-element elementor-element-81fdac5 elementor-section-boxed elementor-section-height-default elementor-section-height-default\" data-id=\"81fdac5\" data-element_type=\"section\">\n\t\t\t\t\t\t<div class=\"elementor-container elementor-column-gap-default\">\n\t\t\t\t\t<div class=\"elementor-column elementor-col-100 elementor-top-column elementor-element elementor-element-369daa1\" data-id=\"369daa1\" data-element_type=\"column\">\n\t\t\t<div class=\"elementor-widget-wrap elementor-element-populated\">\n\t\t\t\t\t\t<div class=\"elementor-element elementor-element-28ea065 elementor-widget elementor-widget-text-editor\" data-id=\"28ea065\" data-element_type=\"widget\" data-widget_type=\"text-editor.default\">\n\t\t\t\t<div class=\"elementor-widget-container\">\n\t\t\t\t\t\t\t\t\t<ul><li><a href=\"http:\/\/birimler.atauni.edu.tr\/teknik-bilimler-meslek-yuksekokulu\/wp-content\/uploads\/sites\/447\/2025\/12\/akademik_Ilisik_kesme_belgesi.pdf\" target=\"_blank\" rel=\"noopener\"><span style=\"color: #000000\">Personel \u0130li\u015fki Kesme Formu<\/span><\/a><\/li><li><a href=\"http:\/\/birimler.atauni.edu.tr\/teknik-bilimler-meslek-yuksekokulu\/wp-content\/uploads\/sites\/447\/2025\/12\/Personel_Nakil_Bildirim.pdf\" target=\"_blank\" rel=\"noopener\"><span style=\"color: #000000\">Personel Nakil Bildirimi<\/span><\/a><\/li><\/ul>\t\t\t\t\t\t\t\t<\/div>\n\t\t\t\t<\/div>\n\t\t\t\t\t<\/div>\n\t\t<\/div>\n\t\t\t\t\t<\/div>\n\t\t<\/section>\n\t\t\t\t<section class=\"elementor-section elementor-top-section elementor-element elementor-element-c6f0086 elementor-section-boxed elementor-section-height-default elementor-section-height-default\" data-id=\"c6f0086\" data-element_type=\"section\">\n\t\t\t\t\t\t<div class=\"elementor-container elementor-column-gap-default\">\n\t\t\t\t\t<div class=\"elementor-column elementor-col-100 elementor-top-column elementor-element elementor-element-6f3a854\" data-id=\"6f3a854\" data-element_type=\"column\">\n\t\t\t<div class=\"elementor-widget-wrap elementor-element-populated\">\n\t\t\t\t\t\t<div class=\"elementor-element elementor-element-1d35046 elementor-widget elementor-widget-heading\" data-id=\"1d35046\" data-element_type=\"widget\" data-widget_type=\"heading.default\">\n\t\t\t\t<div class=\"elementor-widget-container\">\n\t\t\t\t\t<h5 class=\"elementor-heading-title elementor-size-default\">EMEKL\u0130L\u0130K \u0130\u015eLEMLER\u0130 \u0130LE \u0130LG\u0130L\u0130 FORMLAR<\/h5>\t\t\t\t<\/div>\n\t\t\t\t<\/div>\n\t\t\t\t\t<\/div>\n\t\t<\/div>\n\t\t\t\t\t<\/div>\n\t\t<\/section>\n\t\t\t\t<section class=\"elementor-section elementor-top-section elementor-element elementor-element-d70dc44 elementor-section-boxed elementor-section-height-default elementor-section-height-default\" data-id=\"d70dc44\" data-element_type=\"section\">\n\t\t\t\t\t\t<div class=\"elementor-container elementor-column-gap-default\">\n\t\t\t\t\t<div class=\"elementor-column elementor-col-100 elementor-top-column elementor-element elementor-element-e1137e5\" data-id=\"e1137e5\" data-element_type=\"column\">\n\t\t\t<div class=\"elementor-widget-wrap elementor-element-populated\">\n\t\t\t\t\t\t<div class=\"elementor-element elementor-element-7b304ae elementor-widget elementor-widget-text-editor\" data-id=\"7b304ae\" data-element_type=\"widget\" data-widget_type=\"text-editor.default\">\n\t\t\t\t<div class=\"elementor-widget-container\">\n\t\t\t\t\t\t\t\t\t<ul><li><span style=\"color: #000000\">Emeklilik Dilek\u00e7esi<\/span><\/li><li><span style=\"color: #000000\">1 Adet Foto\u011fraf<\/span><\/li><li><a href=\"http:\/\/birimler.atauni.edu.tr\/teknik-bilimler-meslek-yuksekokulu\/wp-content\/uploads\/sites\/447\/2025\/12\/Banka-Tercih-Talep-Dilekcesi.pdf\" target=\"_blank\" rel=\"noopener\"><span style=\"color: #000000\">Banka Tercih Talep Dilek\u00e7esi<\/span><\/a><\/li><\/ul>\t\t\t\t\t\t\t\t<\/div>\n\t\t\t\t<\/div>\n\t\t\t\t\t<\/div>\n\t\t<\/div>\n\t\t\t\t\t<\/div>\n\t\t<\/section>\n\t\t\t\t<section class=\"elementor-section elementor-top-section elementor-element elementor-element-83c9f34 elementor-section-boxed elementor-section-height-default elementor-section-height-default\" data-id=\"83c9f34\" data-element_type=\"section\">\n\t\t\t\t\t\t<div class=\"elementor-container elementor-column-gap-default\">\n\t\t\t\t\t<div class=\"elementor-column elementor-col-100 elementor-top-column elementor-element elementor-element-4f493d6\" data-id=\"4f493d6\" data-element_type=\"column\">\n\t\t\t<div class=\"elementor-widget-wrap elementor-element-populated\">\n\t\t\t\t\t\t<div class=\"elementor-element elementor-element-ddd256b elementor-widget elementor-widget-heading\" data-id=\"ddd256b\" data-element_type=\"widget\" data-widget_type=\"heading.default\">\n\t\t\t\t<div class=\"elementor-widget-container\">\n\t\t\t\t\t<h5 class=\"elementor-heading-title elementor-size-default\">PASAPORT TALEB\u0130 \u0130\u00c7\u0130N \u0130STENEN EVRAKLAR<\/h5>\t\t\t\t<\/div>\n\t\t\t\t<\/div>\n\t\t\t\t\t<\/div>\n\t\t<\/div>\n\t\t\t\t\t<\/div>\n\t\t<\/section>\n\t\t\t\t<section class=\"elementor-section elementor-top-section elementor-element elementor-element-1b5317b elementor-section-boxed elementor-section-height-default elementor-section-height-default\" data-id=\"1b5317b\" data-element_type=\"section\">\n\t\t\t\t\t\t<div class=\"elementor-container elementor-column-gap-default\">\n\t\t\t\t\t<div class=\"elementor-column elementor-col-100 elementor-top-column elementor-element elementor-element-d198d02\" data-id=\"d198d02\" data-element_type=\"column\">\n\t\t\t<div class=\"elementor-widget-wrap elementor-element-populated\">\n\t\t\t\t\t\t<div class=\"elementor-element elementor-element-5cd726b elementor-widget elementor-widget-text-editor\" data-id=\"5cd726b\" data-element_type=\"widget\" data-widget_type=\"text-editor.default\">\n\t\t\t\t<div class=\"elementor-widget-container\">\n\t\t\t\t\t\t\t\t\t<ul><li><a href=\"http:\/\/birimler.atauni.edu.tr\/teknik-bilimler-meslek-yuksekokulu\/wp-content\/uploads\/sites\/447\/2025\/12\/Pasaport-Talep-Dilekcesi.pdf\" target=\"_blank\" rel=\"noopener\"><span style=\"color: #000000\">Pasaport Talep Dilek\u00e7esi<\/span><\/a><\/li><li><span style=\"color: #000000\">Pasaport Formu i\u00e7in Talepte bulunan Personele ait Kimlik Kart\u0131 fotokopisi<\/span><\/li><\/ul>\t\t\t\t\t\t\t\t<\/div>\n\t\t\t\t<\/div>\n\t\t\t\t\t<\/div>\n\t\t<\/div>\n\t\t\t\t\t<\/div>\n\t\t<\/section>\n\t\t\t\t<\/div>\n\t\t","protected":false},"excerpt":{"rendered":"<p>Staj De\u011ferlendirme Formu Mesleki Uygulama Dersi De\u011ferlendirme Formu Laboratuvar Dersi \u00d6\u011frenci De\u011ferlendirme Formu Dan\u0131\u015fman \u00d6\u011frenci G\u00f6r\u00fc\u015fme Formu At\u00f6lye\/Laboratuvar Uygulamalar\u0131 De\u011ferlendirme Formu At\u00e7\u0131l\u0131k ve Antren\u00f6rl\u00fc\u011f\u00fc Program\u0131 Uygulama S\u0131nav\u0131 De\u011ferlendirme Formu E\u011e\u0130T\u0130M-\u00d6\u011eRET\u0130M \u0130LE \u0130LG\u0130L\u0130 FORMLAR Tek Ders Not Bildirim Formu Azami S\u00fcre Sonu Ek S\u0131nav Not Bildirim Formu S\u0131nav \u0130mza Tutana\u011f\u0131 Maddi Hata Formu Dan\u0131\u015fman \u00d6\u011frenci \u0130zleme [&hellip;]<\/p>\n","protected":false},"author":172,"featured_media":0,"parent":0,"menu_order":0,"comment_status":"closed","ping_status":"closed","template":"","meta":{"footnotes":""},"class_list":["post-9528","page","type-page","status-publish","hentry"],"_links":{"self":[{"href":"https:\/\/atauni.edu.tr\/teknik-bilimler-meslek-yuksekokulu\/wp-json\/wp\/v2\/pages\/9528","targetHints":{"allow":["GET"]}}],"collection":[{"href":"https:\/\/atauni.edu.tr\/teknik-bilimler-meslek-yuksekokulu\/wp-json\/wp\/v2\/pages"}],"about":[{"href":"https:\/\/atauni.edu.tr\/teknik-bilimler-meslek-yuksekokulu\/wp-json\/wp\/v2\/types\/page"}],"author":[{"embeddable":true,"href":"https:\/\/atauni.edu.tr\/teknik-bilimler-meslek-yuksekokulu\/wp-json\/wp\/v2\/users\/172"}],"replies":[{"embeddable":true,"href":"https:\/\/atauni.edu.tr\/teknik-bilimler-meslek-yuksekokulu\/wp-json\/wp\/v2\/comments?post=9528"}],"version-history":[{"count":67,"href":"https:\/\/atauni.edu.tr\/teknik-bilimler-meslek-yuksekokulu\/wp-json\/wp\/v2\/pages\/9528\/revisions"}],"predecessor-version":[{"id":9703,"href":"https:\/\/atauni.edu.tr\/teknik-bilimler-meslek-yuksekokulu\/wp-json\/wp\/v2\/pages\/9528\/revisions\/9703"}],"wp:attachment":[{"href":"https:\/\/atauni.edu.tr\/teknik-bilimler-meslek-yuksekokulu\/wp-json\/wp\/v2\/media?parent=9528"}],"curies":[{"name":"wp","href":"https:\/\/api.w.org\/{rel}","templated":true}]}}