{"id":9530,"date":"2025-12-02T13:02:46","date_gmt":"2025-12-02T10:02:46","guid":{"rendered":"https:\/\/birimler.atauni.edu.tr\/teknik-bilimler-meslek-yuksekokulu\/?page_id=9530"},"modified":"2025-12-09T14:22:44","modified_gmt":"2025-12-09T11:22:44","slug":"idari-personel-formlari","status":"publish","type":"page","link":"https:\/\/atauni.edu.tr\/teknik-bilimler-meslek-yuksekokulu\/idari-personel-formlari\/","title":{"rendered":"\u0130dari Personel Formlar\u0131"},"content":{"rendered":"\t\t<div data-elementor-type=\"wp-page\" data-elementor-id=\"9530\" class=\"elementor elementor-9530\" data-elementor-post-type=\"page\">\n\t\t\t\t\t\t<section class=\"elementor-section elementor-top-section elementor-element elementor-element-14d3a3e elementor-section-boxed elementor-section-height-default elementor-section-height-default\" data-id=\"14d3a3e\" data-element_type=\"section\">\n\t\t\t\t\t\t<div class=\"elementor-container elementor-column-gap-default\">\n\t\t\t\t\t<div class=\"elementor-column elementor-col-100 elementor-top-column elementor-element elementor-element-3aed9b1\" data-id=\"3aed9b1\" data-element_type=\"column\">\n\t\t\t<div class=\"elementor-widget-wrap elementor-element-populated\">\n\t\t\t\t\t\t<div class=\"elementor-element elementor-element-ff7e931 elementor-widget elementor-widget-heading\" data-id=\"ff7e931\" data-element_type=\"widget\" data-widget_type=\"heading.default\">\n\t\t\t\t<div class=\"elementor-widget-container\">\n\t\t\t\t\t<h5 class=\"elementor-heading-title elementor-size-default\">G\u00d6REVE BA\u015eLAMADA DOLDURULACAK FORMLAR<\/h5>\t\t\t\t<\/div>\n\t\t\t\t<\/div>\n\t\t\t\t\t<\/div>\n\t\t<\/div>\n\t\t\t\t\t<\/div>\n\t\t<\/section>\n\t\t\t\t<section class=\"elementor-section elementor-top-section elementor-element elementor-element-aba9d53 elementor-section-boxed elementor-section-height-default elementor-section-height-default\" data-id=\"aba9d53\" data-element_type=\"section\">\n\t\t\t\t\t\t<div class=\"elementor-container elementor-column-gap-default\">\n\t\t\t\t\t<div class=\"elementor-column elementor-col-100 elementor-top-column elementor-element elementor-element-a66e47e\" data-id=\"a66e47e\" data-element_type=\"column\">\n\t\t\t<div class=\"elementor-widget-wrap elementor-element-populated\">\n\t\t\t\t\t\t<div class=\"elementor-element elementor-element-5f90756 elementor-widget elementor-widget-text-editor\" data-id=\"5f90756\" data-element_type=\"widget\" data-widget_type=\"text-editor.default\">\n\t\t\t\t<div class=\"elementor-widget-container\">\n\t\t\t\t\t\t\t\t\t<ul><li><a href=\"http:\/\/birimler.atauni.edu.tr\/teknik-bilimler-meslek-yuksekokulu\/wp-content\/uploads\/sites\/447\/2025\/12\/657-Sayili-kanunun-28.-madde-taahhutnamesi.pdf\" target=\"_blank\" rel=\"noopener\"><span style=\"color: #000000\">657 sK. 28. Madde Taahh\u00fctnamesi Formu<\/span><\/a><\/li><li><a href=\"http:\/\/birimler.atauni.edu.tr\/teknik-bilimler-meslek-yuksekokulu\/wp-content\/uploads\/sites\/447\/2025\/12\/Kamu-Gorevlileri-Etik-Sozlesmesi-1.pdf\" target=\"_blank\" rel=\"noopener\"><span style=\"color: #000000\">Kamu G\u00f6revlileri Etik S\u00f6zle\u015fmesi Formu<\/span><\/a><\/li><li><a href=\"http:\/\/birimler.atauni.edu.tr\/teknik-bilimler-meslek-yuksekokulu\/wp-content\/uploads\/sites\/447\/2025\/12\/Mal-Bildirim-Formu-1.pdf\" target=\"_blank\" rel=\"noopener\"><span style=\"color: #000000\">Mal Bildirimi Formu<\/span><\/a><\/li><li><a href=\"http:\/\/birimler.atauni.edu.tr\/teknik-bilimler-meslek-yuksekokulu\/wp-content\/uploads\/sites\/447\/2025\/12\/Bilgi-Sistemi-Formu.pdf\" target=\"_blank\" rel=\"noopener\"><span style=\"color: #000000\">Bilgi Sistemi Formu<\/span><\/a><\/li><li><a href=\"http:\/\/birimler.atauni.edu.tr\/teknik-bilimler-meslek-yuksekokulu\/wp-content\/uploads\/sites\/447\/2025\/12\/Aile-Yardimi-Bildirim-Formu-1.pdf\" target=\"_blank\" rel=\"noopener\"><span style=\"color: #000000\">Aile Yard\u0131m\u0131 Bildirim Formu<\/span><\/a><\/li><li><a href=\"http:\/\/birimler.atauni.edu.tr\/teknik-bilimler-meslek-yuksekokulu\/wp-content\/uploads\/sites\/447\/2025\/12\/Tedavi-Yardim-Beyannamesi-Formu.pdf\" target=\"_blank\" rel=\"noopener\"><span style=\"color: #000000\">Tedavi Yard\u0131m Beyannamesi<\/span><\/a><\/li><li><a href=\"http:\/\/birimler.atauni.edu.tr\/teknik-bilimler-meslek-yuksekokulu\/wp-content\/uploads\/sites\/447\/2025\/12\/Kurumsal-Kimlik-Talep-Formu.pdf\" target=\"_blank\" rel=\"noopener\"><span style=\"color: #000000\">Kurumsal Kimlik Talep Formu<\/span><\/a><\/li><\/ul>\t\t\t\t\t\t\t\t<\/div>\n\t\t\t\t<\/div>\n\t\t\t\t\t<\/div>\n\t\t<\/div>\n\t\t\t\t\t<\/div>\n\t\t<\/section>\n\t\t\t\t<section class=\"elementor-section elementor-top-section elementor-element elementor-element-3d0ab05 elementor-section-boxed elementor-section-height-default elementor-section-height-default\" data-id=\"3d0ab05\" data-element_type=\"section\">\n\t\t\t\t\t\t<div class=\"elementor-container elementor-column-gap-default\">\n\t\t\t\t\t<div class=\"elementor-column elementor-col-100 elementor-top-column elementor-element elementor-element-b1c7ddb\" data-id=\"b1c7ddb\" data-element_type=\"column\">\n\t\t\t<div class=\"elementor-widget-wrap elementor-element-populated\">\n\t\t\t\t\t\t<div class=\"elementor-element elementor-element-c8253be elementor-widget elementor-widget-heading\" data-id=\"c8253be\" data-element_type=\"widget\" data-widget_type=\"heading.default\">\n\t\t\t\t<div class=\"elementor-widget-container\">\n\t\t\t\t\t<h5 class=\"elementor-heading-title elementor-size-default\">ASALET TAST\u0130K\u0130NDE DOLDURULMASI GEREKEN FORMLAR<\/h5>\t\t\t\t<\/div>\n\t\t\t\t<\/div>\n\t\t\t\t\t<\/div>\n\t\t<\/div>\n\t\t\t\t\t<\/div>\n\t\t<\/section>\n\t\t\t\t<section class=\"elementor-section elementor-top-section elementor-element elementor-element-b0d40d8 elementor-section-boxed elementor-section-height-default elementor-section-height-default\" data-id=\"b0d40d8\" data-element_type=\"section\">\n\t\t\t\t\t\t<div class=\"elementor-container elementor-column-gap-default\">\n\t\t\t\t\t<div class=\"elementor-column elementor-col-100 elementor-top-column elementor-element elementor-element-d5ae4f5\" data-id=\"d5ae4f5\" data-element_type=\"column\">\n\t\t\t<div class=\"elementor-widget-wrap elementor-element-populated\">\n\t\t\t\t\t\t<div class=\"elementor-element elementor-element-84f9630 elementor-widget elementor-widget-text-editor\" data-id=\"84f9630\" data-element_type=\"widget\" data-widget_type=\"text-editor.default\">\n\t\t\t\t<div class=\"elementor-widget-container\">\n\t\t\t\t\t\t\t\t\t<ul><li><a href=\"http:\/\/birimler.atauni.edu.tr\/teknik-bilimler-meslek-yuksekokulu\/wp-content\/uploads\/sites\/447\/2025\/12\/Aday-Memurlar-Staj-Degerlendirme-Formu.pdf\" target=\"_blank\" rel=\"noopener\"><span style=\"color: #000000\">Aday Memurlar Staj De\u011ferlendirme Belgesi Formu<\/span><\/a><\/li><li><a href=\"http:\/\/birimler.atauni.edu.tr\/teknik-bilimler-meslek-yuksekokulu\/wp-content\/uploads\/sites\/447\/2025\/12\/Devlet-Memurlari-Yemin-Belgesi.pdf\" target=\"_blank\" rel=\"noopener\"><span style=\"color: #000000\">Devlet Memurlar\u0131 Yemin Belgesi Formu<\/span><\/a><\/li><\/ul>\t\t\t\t\t\t\t\t<\/div>\n\t\t\t\t<\/div>\n\t\t\t\t\t<\/div>\n\t\t<\/div>\n\t\t\t\t\t<\/div>\n\t\t<\/section>\n\t\t\t\t<section class=\"elementor-section elementor-top-section elementor-element elementor-element-21c512c elementor-section-boxed elementor-section-height-default elementor-section-height-default\" data-id=\"21c512c\" data-element_type=\"section\">\n\t\t\t\t\t\t<div class=\"elementor-container elementor-column-gap-default\">\n\t\t\t\t\t<div class=\"elementor-column elementor-col-100 elementor-top-column elementor-element elementor-element-95dd9c6\" data-id=\"95dd9c6\" data-element_type=\"column\">\n\t\t\t<div class=\"elementor-widget-wrap elementor-element-populated\">\n\t\t\t\t\t\t<div class=\"elementor-element elementor-element-9c7fa9c elementor-widget elementor-widget-heading\" data-id=\"9c7fa9c\" data-element_type=\"widget\" data-widget_type=\"heading.default\">\n\t\t\t\t<div class=\"elementor-widget-container\">\n\t\t\t\t\t<h5 class=\"elementor-heading-title elementor-size-default\">PASAPORT TALEB\u0130 \u0130\u00c7\u0130N \u0130STENEN EVRAKLAR<\/h5>\t\t\t\t<\/div>\n\t\t\t\t<\/div>\n\t\t\t\t\t<\/div>\n\t\t<\/div>\n\t\t\t\t\t<\/div>\n\t\t<\/section>\n\t\t\t\t<section class=\"elementor-section elementor-top-section elementor-element elementor-element-b1fe799 elementor-section-boxed elementor-section-height-default elementor-section-height-default\" data-id=\"b1fe799\" data-element_type=\"section\">\n\t\t\t\t\t\t<div class=\"elementor-container elementor-column-gap-default\">\n\t\t\t\t\t<div class=\"elementor-column elementor-col-100 elementor-top-column elementor-element elementor-element-32c8783\" data-id=\"32c8783\" data-element_type=\"column\">\n\t\t\t<div class=\"elementor-widget-wrap elementor-element-populated\">\n\t\t\t\t\t\t<div class=\"elementor-element elementor-element-39cda42 elementor-widget elementor-widget-text-editor\" data-id=\"39cda42\" data-element_type=\"widget\" data-widget_type=\"text-editor.default\">\n\t\t\t\t<div class=\"elementor-widget-container\">\n\t\t\t\t\t\t\t\t\t<ul><li><a href=\"http:\/\/birimler.atauni.edu.tr\/teknik-bilimler-meslek-yuksekokulu\/wp-content\/uploads\/sites\/447\/2025\/12\/Pasaport-Talep-Dilekcesi-1.pdf\" target=\"_blank\" rel=\"noopener\"><span style=\"color: #000000\">Pasaport Talep Dilek\u00e7esi<\/span><\/a><\/li><li><span style=\"color: #000000\">Pasaport Formu i\u00e7in Talepte bulunan Personele ait Kimlik Kart\u0131 Fotokopisi<\/span><\/li><\/ul>\t\t\t\t\t\t\t\t<\/div>\n\t\t\t\t<\/div>\n\t\t\t\t\t<\/div>\n\t\t<\/div>\n\t\t\t\t\t<\/div>\n\t\t<\/section>\n\t\t\t\t<section class=\"elementor-section elementor-top-section elementor-element elementor-element-980d989 elementor-section-boxed elementor-section-height-default elementor-section-height-default\" data-id=\"980d989\" data-element_type=\"section\">\n\t\t\t\t\t\t<div class=\"elementor-container elementor-column-gap-default\">\n\t\t\t\t\t<div class=\"elementor-column elementor-col-100 elementor-top-column elementor-element elementor-element-a186020\" data-id=\"a186020\" data-element_type=\"column\">\n\t\t\t<div class=\"elementor-widget-wrap elementor-element-populated\">\n\t\t\t\t\t\t<div class=\"elementor-element elementor-element-0fc26da elementor-widget elementor-widget-heading\" data-id=\"0fc26da\" data-element_type=\"widget\" data-widget_type=\"heading.default\">\n\t\t\t\t<div class=\"elementor-widget-container\">\n\t\t\t\t\t<h5 class=\"elementor-heading-title elementor-size-default\">NAKLEN AYRILANLAR \u0130\u00c7\u0130N \u0130L\u0130\u015eK\u0130 KESME \u0130LE \u0130LG\u0130L\u0130 \u0130STENEN FORMLAR<\/h5>\t\t\t\t<\/div>\n\t\t\t\t<\/div>\n\t\t\t\t\t<\/div>\n\t\t<\/div>\n\t\t\t\t\t<\/div>\n\t\t<\/section>\n\t\t\t\t<section class=\"elementor-section elementor-top-section elementor-element elementor-element-b209e34 elementor-section-boxed elementor-section-height-default elementor-section-height-default\" data-id=\"b209e34\" data-element_type=\"section\">\n\t\t\t\t\t\t<div class=\"elementor-container elementor-column-gap-default\">\n\t\t\t\t\t<div class=\"elementor-column elementor-col-100 elementor-top-column elementor-element elementor-element-548b8fd\" data-id=\"548b8fd\" data-element_type=\"column\">\n\t\t\t<div class=\"elementor-widget-wrap elementor-element-populated\">\n\t\t\t\t\t\t<div class=\"elementor-element elementor-element-34a52a7 elementor-widget elementor-widget-text-editor\" data-id=\"34a52a7\" data-element_type=\"widget\" data-widget_type=\"text-editor.default\">\n\t\t\t\t<div class=\"elementor-widget-container\">\n\t\t\t\t\t\t\t\t\t<ul><li><a href=\"http:\/\/birimler.atauni.edu.tr\/teknik-bilimler-meslek-yuksekokulu\/wp-content\/uploads\/sites\/447\/2025\/12\/IDARI_Ilisik_kesme_belgesi.pdf\" target=\"_blank\" rel=\"noopener\"><span style=\"color: #000000\">\u0130li\u015fki Kesme Belgesi Formu<\/span><\/a><\/li><li><a href=\"http:\/\/birimler.atauni.edu.tr\/teknik-bilimler-meslek-yuksekokulu\/wp-content\/uploads\/sites\/447\/2025\/12\/Personel-Nakil-Bildirim-Formu.pdf\" target=\"_blank\" rel=\"noopener\"><span style=\"color: #000000\">Personel Nakil Bildirim Formu<\/span><\/a><\/li><\/ul>\t\t\t\t\t\t\t\t<\/div>\n\t\t\t\t<\/div>\n\t\t\t\t\t<\/div>\n\t\t<\/div>\n\t\t\t\t\t<\/div>\n\t\t<\/section>\n\t\t\t\t<section class=\"elementor-section elementor-top-section elementor-element elementor-element-5ecf25d elementor-section-boxed elementor-section-height-default elementor-section-height-default\" data-id=\"5ecf25d\" data-element_type=\"section\">\n\t\t\t\t\t\t<div class=\"elementor-container elementor-column-gap-default\">\n\t\t\t\t\t<div class=\"elementor-column elementor-col-100 elementor-top-column elementor-element elementor-element-4c52c84\" data-id=\"4c52c84\" data-element_type=\"column\">\n\t\t\t<div class=\"elementor-widget-wrap elementor-element-populated\">\n\t\t\t\t\t\t<div class=\"elementor-element elementor-element-3330687 elementor-widget elementor-widget-heading\" data-id=\"3330687\" data-element_type=\"widget\" data-widget_type=\"heading.default\">\n\t\t\t\t<div class=\"elementor-widget-container\">\n\t\t\t\t\t<h5 class=\"elementor-heading-title elementor-size-default\">EMEKL\u0130YE AYRILACAKLAR \u0130\u00c7\u0130N \u0130STENEN FORMLAR<\/h5>\t\t\t\t<\/div>\n\t\t\t\t<\/div>\n\t\t\t\t\t<\/div>\n\t\t<\/div>\n\t\t\t\t\t<\/div>\n\t\t<\/section>\n\t\t\t\t<section class=\"elementor-section elementor-top-section elementor-element elementor-element-3b4156b elementor-section-boxed elementor-section-height-default elementor-section-height-default\" data-id=\"3b4156b\" data-element_type=\"section\">\n\t\t\t\t\t\t<div class=\"elementor-container elementor-column-gap-default\">\n\t\t\t\t\t<div class=\"elementor-column elementor-col-100 elementor-top-column elementor-element elementor-element-52670cb\" data-id=\"52670cb\" data-element_type=\"column\">\n\t\t\t<div class=\"elementor-widget-wrap elementor-element-populated\">\n\t\t\t\t\t\t<div class=\"elementor-element elementor-element-45d001e elementor-widget elementor-widget-text-editor\" data-id=\"45d001e\" data-element_type=\"widget\" data-widget_type=\"text-editor.default\">\n\t\t\t\t<div class=\"elementor-widget-container\">\n\t\t\t\t\t\t\t\t\t<ul><li><span style=\"color: #000000\">Emeklilik Dilek\u00e7esi<\/span><\/li><li><span style=\"color: #000000\">1 Adet Foto\u011fraf<\/span><\/li><li><a href=\"http:\/\/birimler.atauni.edu.tr\/teknik-bilimler-meslek-yuksekokulu\/wp-content\/uploads\/sites\/447\/2025\/12\/Banka-Tercih-Talep-Dilekcesi-1.pdf\" target=\"_blank\" rel=\"noopener\"><span style=\"color: #000000\">Banka Tercih Talep Dilek\u00e7esi<\/span><\/a><\/li><\/ul>\t\t\t\t\t\t\t\t<\/div>\n\t\t\t\t<\/div>\n\t\t\t\t\t<\/div>\n\t\t<\/div>\n\t\t\t\t\t<\/div>\n\t\t<\/section>\n\t\t\t\t<\/div>\n\t\t","protected":false},"excerpt":{"rendered":"<p>G\u00d6REVE BA\u015eLAMADA DOLDURULACAK FORMLAR 657 sK. 28. Madde Taahh\u00fctnamesi Formu Kamu G\u00f6revlileri Etik S\u00f6zle\u015fmesi Formu Mal Bildirimi Formu Bilgi Sistemi Formu Aile Yard\u0131m\u0131 Bildirim Formu Tedavi Yard\u0131m Beyannamesi Kurumsal Kimlik Talep Formu ASALET TAST\u0130K\u0130NDE DOLDURULMASI GEREKEN FORMLAR Aday Memurlar Staj De\u011ferlendirme Belgesi Formu Devlet Memurlar\u0131 Yemin Belgesi Formu PASAPORT TALEB\u0130 \u0130\u00c7\u0130N \u0130STENEN EVRAKLAR Pasaport Talep [&hellip;]<\/p>\n","protected":false},"author":172,"featured_media":0,"parent":0,"menu_order":0,"comment_status":"closed","ping_status":"closed","template":"","meta":{"footnotes":""},"class_list":["post-9530","page","type-page","status-publish","hentry"],"_links":{"self":[{"href":"https:\/\/atauni.edu.tr\/teknik-bilimler-meslek-yuksekokulu\/wp-json\/wp\/v2\/pages\/9530","targetHints":{"allow":["GET"]}}],"collection":[{"href":"https:\/\/atauni.edu.tr\/teknik-bilimler-meslek-yuksekokulu\/wp-json\/wp\/v2\/pages"}],"about":[{"href":"https:\/\/atauni.edu.tr\/teknik-bilimler-meslek-yuksekokulu\/wp-json\/wp\/v2\/types\/page"}],"author":[{"embeddable":true,"href":"https:\/\/atauni.edu.tr\/teknik-bilimler-meslek-yuksekokulu\/wp-json\/wp\/v2\/users\/172"}],"replies":[{"embeddable":true,"href":"https:\/\/atauni.edu.tr\/teknik-bilimler-meslek-yuksekokulu\/wp-json\/wp\/v2\/comments?post=9530"}],"version-history":[{"count":7,"href":"https:\/\/atauni.edu.tr\/teknik-bilimler-meslek-yuksekokulu\/wp-json\/wp\/v2\/pages\/9530\/revisions"}],"predecessor-version":[{"id":9722,"href":"https:\/\/atauni.edu.tr\/teknik-bilimler-meslek-yuksekokulu\/wp-json\/wp\/v2\/pages\/9530\/revisions\/9722"}],"wp:attachment":[{"href":"https:\/\/atauni.edu.tr\/teknik-bilimler-meslek-yuksekokulu\/wp-json\/wp\/v2\/media?parent=9530"}],"curies":[{"name":"wp","href":"https:\/\/api.w.org\/{rel}","templated":true}]}}