{"id":5638,"date":"2021-07-13T09:49:25","date_gmt":"2021-07-13T06:49:25","guid":{"rendered":"https:\/\/portaltest.atauni.edu.tr\/bilgisayar-muhendisligi\/?page_id=5638"},"modified":"2022-04-03T12:19:53","modified_gmt":"2022-04-03T09:19:53","slug":"tarihce","status":"publish","type":"page","link":"https:\/\/atauni.edu.tr\/tekstil-ve-moda-tasarimi\/tarihce\/","title":{"rendered":"Tarih\u00e7e"},"content":{"rendered":"\t\t<div data-elementor-type=\"wp-page\" data-elementor-id=\"5638\" class=\"elementor elementor-5638\" data-elementor-post-type=\"page\">\n\t\t\t\t\t\t<section class=\"elementor-section elementor-top-section elementor-element elementor-element-730d320 elementor-section-boxed elementor-section-height-default elementor-section-height-default\" data-id=\"730d320\" data-element_type=\"section\">\n\t\t\t\t\t\t<div class=\"elementor-container elementor-column-gap-default\">\n\t\t\t\t\t<div class=\"elementor-column elementor-col-100 elementor-top-column elementor-element elementor-element-753d0860\" data-id=\"753d0860\" data-element_type=\"column\">\n\t\t\t<div class=\"elementor-widget-wrap\">\n\t\t\t\t\t\t\t<\/div>\n\t\t<\/div>\n\t\t\t\t\t<\/div>\n\t\t<\/section>\n\t\t\t\t<section class=\"elementor-section elementor-top-section elementor-element elementor-element-9be811a elementor-section-boxed elementor-section-height-default elementor-section-height-default\" data-id=\"9be811a\" data-element_type=\"section\">\n\t\t\t\t\t\t<div class=\"elementor-container elementor-column-gap-default\">\n\t\t\t\t\t<div class=\"elementor-column elementor-col-100 elementor-top-column elementor-element elementor-element-1ed847b7\" data-id=\"1ed847b7\" data-element_type=\"column\">\n\t\t\t<div class=\"elementor-widget-wrap elementor-element-populated\">\n\t\t\t\t\t\t<div class=\"elementor-element elementor-element-4ce0d07f elementor-widget elementor-widget-heading\" data-id=\"4ce0d07f\" data-element_type=\"widget\" data-widget_type=\"heading.default\">\n\t\t\t\t<div class=\"elementor-widget-container\">\n\t\t\t\t\t<h2 class=\"elementor-heading-title elementor-size-default\">Tarih\u00e7e<\/h2>\t\t\t\t<\/div>\n\t\t\t\t<\/div>\n\t\t\t\t<div class=\"elementor-element elementor-element-63260862 elementor-widget-divider--view-line elementor-widget elementor-widget-divider\" data-id=\"63260862\" data-element_type=\"widget\" data-widget_type=\"divider.default\">\n\t\t\t\t<div class=\"elementor-widget-container\">\n\t\t\t\t\t\t\t<div class=\"elementor-divider\">\n\t\t\t<span class=\"elementor-divider-separator\">\n\t\t\t\t\t\t<\/span>\n\t\t<\/div>\n\t\t\t\t\t\t<\/div>\n\t\t\t\t<\/div>\n\t\t\t\t\t<\/div>\n\t\t<\/div>\n\t\t\t\t\t<\/div>\n\t\t<\/section>\n\t\t\t\t<section class=\"elementor-section elementor-top-section elementor-element elementor-element-681db8b elementor-section-boxed elementor-section-height-default elementor-section-height-default\" data-id=\"681db8b\" data-element_type=\"section\">\n\t\t\t\t\t\t<div class=\"elementor-container elementor-column-gap-default\">\n\t\t\t\t\t<div class=\"elementor-column elementor-col-100 elementor-top-column elementor-element elementor-element-ad4dac5\" data-id=\"ad4dac5\" data-element_type=\"column\">\n\t\t\t<div class=\"elementor-widget-wrap elementor-element-populated\">\n\t\t\t\t\t\t<div class=\"elementor-element elementor-element-2f96b3d elementor-widget elementor-widget-text-editor\" data-id=\"2f96b3d\" data-element_type=\"widget\" data-widget_type=\"text-editor.default\">\n\t\t\t\t<div class=\"elementor-widget-container\">\n\t\t\t\t\t\t\t\t\t<div><h2>Tarih\u00e7e<\/h2><\/div><div><p>2009 y\u0131l\u0131nda kurulmu\u015f ve 2018-2019 e\u011fitim-\u00f6\u011fretim y\u0131l\u0131nda, e\u011fitim faaliyetlerine ba\u015flam\u0131\u015f olan Tekstil ve Moda Tasar\u0131m\u0131 B\u00f6l\u00fcm\u00fc, teknoloji ile tasar\u0131m\u0131 birle\u015ftiren \u00f6zg\u00fcn sanatsal g\u00f6r\u00fc\u015f\u00fc ile \u00f6\u011frencilere i\u015f hayat\u0131 i\u00e7in de\u011ferli beceriler kazand\u0131ran, ulusal ve uluslararas\u0131 dinamikleri yak\u0131ndan takip eden ve ders programlar\u0131n\u0131 s\u00fcrekli g\u00fcncelleyerek \u00f6\u011frencilerini akademik ve teknolojik geli\u015fmelere uygun ileri d\u00fczey bilgi ve donan\u0131mlarla gelece\u011fe haz\u0131rlamaktad\u0131r.<\/p><\/div>\t\t\t\t\t\t\t\t<\/div>\n\t\t\t\t<\/div>\n\t\t\t\t\t<\/div>\n\t\t<\/div>\n\t\t\t\t\t<\/div>\n\t\t<\/section>\n\t\t\t\t<\/div>\n\t\t","protected":false},"excerpt":{"rendered":"<p>Tarih\u00e7e Tarih\u00e7e 2009 y\u0131l\u0131nda kurulmu\u015f ve 2018-2019 e\u011fitim-\u00f6\u011fretim y\u0131l\u0131nda, e\u011fitim faaliyetlerine ba\u015flam\u0131\u015f olan Tekstil ve Moda Tasar\u0131m\u0131 B\u00f6l\u00fcm\u00fc, teknoloji ile tasar\u0131m\u0131 birle\u015ftiren \u00f6zg\u00fcn sanatsal g\u00f6r\u00fc\u015f\u00fc ile \u00f6\u011frencilere i\u015f hayat\u0131 i\u00e7in de\u011ferli beceriler kazand\u0131ran, ulusal ve uluslararas\u0131 dinamikleri yak\u0131ndan takip eden ve ders programlar\u0131n\u0131 s\u00fcrekli g\u00fcncelleyerek \u00f6\u011frencilerini akademik ve teknolojik geli\u015fmelere uygun ileri d\u00fczey bilgi ve [&hellip;]<\/p>\n","protected":false},"author":1,"featured_media":0,"parent":0,"menu_order":0,"comment_status":"closed","ping_status":"closed","template":"","meta":{"footnotes":""},"class_list":["post-5638","page","type-page","status-publish","hentry"],"_links":{"self":[{"href":"https:\/\/atauni.edu.tr\/tekstil-ve-moda-tasarimi\/wp-json\/wp\/v2\/pages\/5638","targetHints":{"allow":["GET"]}}],"collection":[{"href":"https:\/\/atauni.edu.tr\/tekstil-ve-moda-tasarimi\/wp-json\/wp\/v2\/pages"}],"about":[{"href":"https:\/\/atauni.edu.tr\/tekstil-ve-moda-tasarimi\/wp-json\/wp\/v2\/types\/page"}],"author":[{"embeddable":true,"href":"https:\/\/atauni.edu.tr\/tekstil-ve-moda-tasarimi\/wp-json\/wp\/v2\/users\/1"}],"replies":[{"embeddable":true,"href":"https:\/\/atauni.edu.tr\/tekstil-ve-moda-tasarimi\/wp-json\/wp\/v2\/comments?post=5638"}],"version-history":[{"count":25,"href":"https:\/\/atauni.edu.tr\/tekstil-ve-moda-tasarimi\/wp-json\/wp\/v2\/pages\/5638\/revisions"}],"predecessor-version":[{"id":6203,"href":"https:\/\/atauni.edu.tr\/tekstil-ve-moda-tasarimi\/wp-json\/wp\/v2\/pages\/5638\/revisions\/6203"}],"wp:attachment":[{"href":"https:\/\/atauni.edu.tr\/tekstil-ve-moda-tasarimi\/wp-json\/wp\/v2\/media?parent=5638"}],"curies":[{"name":"wp","href":"https:\/\/api.w.org\/{rel}","templated":true}]}}