{"id":5682,"date":"2021-07-13T10:10:01","date_gmt":"2021-07-13T07:10:01","guid":{"rendered":"https:\/\/portaltest.atauni.edu.tr\/bilgisayar-muhendisligi\/?page_id=5682"},"modified":"2024-06-06T11:54:26","modified_gmt":"2024-06-06T08:54:26","slug":"misyon-vizyon-ve-temel-degerler","status":"publish","type":"page","link":"https:\/\/atauni.edu.tr\/tekstil-ve-moda-tasarimi\/misyon-vizyon-ve-temel-degerler\/","title":{"rendered":"Misyon, Vizyon ve Temel De\u011ferler"},"content":{"rendered":"\t\t<div data-elementor-type=\"wp-page\" data-elementor-id=\"5682\" class=\"elementor elementor-5682\" data-elementor-post-type=\"page\">\n\t\t\t\t\t\t<section class=\"elementor-section elementor-top-section elementor-element elementor-element-730d320 elementor-section-boxed elementor-section-height-default elementor-section-height-default\" data-id=\"730d320\" data-element_type=\"section\">\n\t\t\t\t\t\t<div class=\"elementor-container elementor-column-gap-default\">\n\t\t\t\t\t<div class=\"elementor-column elementor-col-100 elementor-top-column elementor-element elementor-element-753d0860\" data-id=\"753d0860\" data-element_type=\"column\">\n\t\t\t<div class=\"elementor-widget-wrap\">\n\t\t\t\t\t\t\t<\/div>\n\t\t<\/div>\n\t\t\t\t\t<\/div>\n\t\t<\/section>\n\t\t\t\t<section class=\"elementor-section elementor-top-section elementor-element elementor-element-9be811a elementor-section-boxed elementor-section-height-default elementor-section-height-default\" data-id=\"9be811a\" data-element_type=\"section\">\n\t\t\t\t\t\t<div class=\"elementor-container elementor-column-gap-default\">\n\t\t\t\t\t<div class=\"elementor-column elementor-col-100 elementor-top-column elementor-element elementor-element-1ed847b7\" data-id=\"1ed847b7\" data-element_type=\"column\">\n\t\t\t<div class=\"elementor-widget-wrap elementor-element-populated\">\n\t\t\t\t\t\t<div class=\"elementor-element elementor-element-4ce0d07f elementor-widget elementor-widget-heading\" data-id=\"4ce0d07f\" data-element_type=\"widget\" data-widget_type=\"heading.default\">\n\t\t\t\t<div class=\"elementor-widget-container\">\n\t\t\t\t\t<h2 class=\"elementor-heading-title elementor-size-default\">Misyon, Vizyon ve Temel De\u011ferler<\/h2>\t\t\t\t<\/div>\n\t\t\t\t<\/div>\n\t\t\t\t<div class=\"elementor-element elementor-element-63260862 elementor-widget-divider--view-line elementor-widget elementor-widget-divider\" data-id=\"63260862\" data-element_type=\"widget\" data-widget_type=\"divider.default\">\n\t\t\t\t<div class=\"elementor-widget-container\">\n\t\t\t\t\t\t\t<div class=\"elementor-divider\">\n\t\t\t<span class=\"elementor-divider-separator\">\n\t\t\t\t\t\t<\/span>\n\t\t<\/div>\n\t\t\t\t\t\t<\/div>\n\t\t\t\t<\/div>\n\t\t\t\t\t<\/div>\n\t\t<\/div>\n\t\t\t\t\t<\/div>\n\t\t<\/section>\n\t\t\t\t<section class=\"elementor-section elementor-top-section elementor-element elementor-element-681db8b elementor-section-boxed elementor-section-height-default elementor-section-height-default\" data-id=\"681db8b\" data-element_type=\"section\">\n\t\t\t\t\t\t<div class=\"elementor-container elementor-column-gap-default\">\n\t\t\t\t\t<div class=\"elementor-column elementor-col-100 elementor-top-column elementor-element elementor-element-ad4dac5\" data-id=\"ad4dac5\" data-element_type=\"column\">\n\t\t\t<div class=\"elementor-widget-wrap elementor-element-populated\">\n\t\t\t\t\t\t<div class=\"elementor-element elementor-element-2f96b3d elementor-widget elementor-widget-text-editor\" data-id=\"2f96b3d\" data-element_type=\"widget\" data-widget_type=\"text-editor.default\">\n\t\t\t\t<div class=\"elementor-widget-container\">\n\t\t\t\t\t\t\t\t\t<h2><strong>Misyonumuz<\/strong><\/h2><p>Tekstil ve Moda Tasar\u0131m\u0131 B\u00f6l\u00fcm\u00fc \u00f6\u011frencilerin e\u011fitim ve \u00f6\u011fretimi i\u00e7in gereken bilimsel ve sosyo-k\u00fclt\u00fcrel ortam\u0131 sa\u011flayarak onlara T\u00fcrk tekstil, haz\u0131r giyim ve moda sekt\u00f6r\u00fcn\u00fcn ihtiya\u00e7lar\u0131n\u0131 kar\u015f\u0131layacak bilgi ve becerileri, tasar\u0131m, sanat, \u00e7evre, \u00e7a\u011fda\u015f teknoloji ve bilgiye ula\u015fma konular\u0131nda \u00e7a\u011fda\u015f bilgiyi kazand\u0131rmay\u0131; sorgulayan, ele\u015ftirel, analitik ve yenilik\u00e7i d\u00fc\u015f\u00fcnen, analiz etme, de\u011ferlendirme, sentezleme, uygulama, yaratma yetkinli\u011fine sahip, \u00e7a\u011f\u0131n gerekleri do\u011frultusunda y\u00fcksek teknolojiye dayal\u0131 yenilik\u00e7i tasar\u0131m ve sanat faaliyetleri ger\u00e7ekle\u015ftiren nitelikli tasar\u0131mc\u0131lar yeti\u015ftirmeyi; tekstil ve moda tasar\u0131m\u0131 e\u011fitiminin seviyesini s\u00fcrekli y\u00fckseltmeyi, bilime ve sanata uluslararas\u0131 d\u00fczeyde katk\u0131 sa\u011flamay\u0131 ve b\u00f6lgesel ve ulusal geli\u015fime fayda sa\u011flamay\u0131 kendisine misyon edinmi\u015ftir.<\/p><h2><strong>Vizyonumuz<\/strong><\/h2><p>Tekstil ve Moda Tasar\u0131m\u0131 alan\u0131nda e\u011fitim-\u00f6\u011fretim, sanatsal ve ara\u015ft\u0131rma faaliyetleriyle uluslararas\u0131 d\u00fczeyde tan\u0131n\u0131rl\u0131\u011f\u0131 olan; k\u00fcreselle\u015fen d\u00fcnyan\u0131n \u00e7a\u011fda\u015f talepleri do\u011frultusunda bilgi ve becerilerle donanm\u0131\u015f, ele\u015ftirel, analitik ve yenilik\u00e7i d\u00fc\u015f\u00fcnen, analiz etme, de\u011ferlendirme, sentezleme, uygulama, yaratma yetkinli\u011fine sahip, sanat ve tasar\u0131ma ulusal ve uluslararas\u0131 d\u00fczeyde katk\u0131 sa\u011flayan nitelikli tasar\u0131mc\u0131lar yeti\u015ftiren; yenilik\u00e7i, di\u011fer sanat ve tasar\u0131m alanlar\u0131 ile etkile\u015fim i\u00e7inde farkl\u0131 ve \u00e7ok y\u00f6nl\u00fc bak\u0131\u015f a\u00e7\u0131s\u0131yla geli\u015fen, s\u00fcrd\u00fcr\u00fclebilirlik, yenilik\u00e7ilik, dijital de\u011fi\u015fim ve d\u00f6n\u00fc\u015f\u00fcm hedeflerine katk\u0131da bulunabilecek ve s\u00fcrd\u00fcr\u00fclebilir akademik k\u00fclt\u00fcre sahip bir b\u00f6l\u00fcm olmak.<\/p><h2><a name=\"_Toc79058881\"><\/a><\/h2><h2><strong>Program E\u011fitim Hedefleri<\/strong><\/h2><p><strong>PEH1. <\/strong>Tekstil ve moda tasar\u0131m\u0131 alan\u0131nda \u00f6zg\u00fcn tasar\u0131m yapabilme konusunda uluslararas\u0131 d\u00fczeyde gerekli \u00e7a\u011fda\u015f bilgi ve beceri ile donanm\u0131\u015f, sanat ve tasar\u0131ma ulusal ve uluslararas\u0131 d\u00fczeyde katk\u0131 sa\u011flayabilen ara\u015ft\u0131rmac\u0131 ve giri\u015fimci tasar\u0131mc\u0131lar yeti\u015ftirmeyi ama\u00e7lar.<\/p><p><strong>PEH2. <\/strong>Program mezunlar\u0131n\u0131n yurt i\u00e7i ve yurt d\u0131\u015f\u0131nda lisans\u00fcst\u00fc e\u011fitim alarak akademik kariyer yapma imkan\u0131na sahip olmas\u0131n\u0131 ama\u00e7lar.<\/p><p><strong>PEH3. <\/strong>Program mezunlar\u0131n\u0131n yurt i\u00e7i ve yurt d\u0131\u015f\u0131nda tekstil ve haz\u0131r giyim fabrikalar\u0131nda, moda at\u00f6lyeleri ve st\u00fcdyolar\u0131nda, tasar\u0131m st\u00fcdyolar\u0131nda ve tasar\u0131mla ili\u015fkili di\u011fer \u00f6zel kurulu\u015flarda istihdam imkan\u0131 kazanmas\u0131n\u0131 hedefler.<\/p><h2><strong>Program E\u011fitim Ama\u00e7lar\u0131<\/strong><\/h2><p>Tekstil ve Moda Tasar\u0131m\u0131 B\u00f6l\u00fcm\u00fc, tekstil, haz\u0131r giyim ve moda sekt\u00f6r\u00fcne \u00f6zg\u00fcn tasar\u0131m yapabilme konusunda uluslararas\u0131 d\u00fczeyde gerekli \u00e7a\u011fda\u015f bilgi ve beceri ile donanm\u0131\u015f, \u00e7a\u011fda\u015f malzemeler ve \u00fcretim tekniklerini bilen, alan\u0131nda yarat\u0131c\u0131 ve \u00e7\u00f6z\u00fcmleyici bilgilere sahip olan ve ald\u0131\u011f\u0131 bilgileri sentezleme becerisine sahip, \u00f6nc\u00fc fikirleri de\u011ferlendire ve benimseyebilen, evrensel d\u00fc\u015f\u00fcnce ve de\u011ferlere, d\u00fc\u015f\u00fcnsel esnekli\u011fe sahip, sanat ve tasar\u0131ma ulusal ve uluslararas\u0131 d\u00fczeyde katk\u0131 sa\u011flayan, b\u00f6lgesel ve ulusal s\u00fcrd\u00fcr\u00fclebilir kalk\u0131nmaya katk\u0131da bulunan, \u00e7evreye duyarl\u0131, toplumsal ve bireysel beklentilerin fark\u0131nda olan, ekip i\u00e7inde \u00e7al\u0131\u015fma ve i\u015fbirli\u011fi yeteneklerine, mesleki etik sorumlulu\u011fa sahip, disiplinleraras\u0131 \u00e7al\u0131\u015fmalara yatk\u0131n, sorgulay\u0131c\u0131, k\u00fcreselle\u015fmi\u015f d\u00fcnyan\u0131n ger\u00e7eklerini anlayan ve herkes i\u00e7in daha fazla adalet, e\u015fitlik ve insan haklar\u0131 konular\u0131n\u0131n fark\u0131nda olan, en az bir yabanc\u0131 dil bilgisine o dili yaz\u0131l\u0131 ve s\u00f6zl\u00fc olarak kullanabilecek d\u00fczeyde sahip olan, insanlar\u0131n \u00e7evre ve kalk\u0131nma sorunlar\u0131n\u0131 ele alma kapasitesine sahip, tarihsel, k\u00fclt\u00fcrel ve sanatsal de\u011ferleri dikkate alan, ara\u015ft\u0131rmac\u0131, dinamik, giri\u015fimci tasar\u0131mc\u0131lar yeti\u015ftirmeyi ama\u00e7lar.<\/p>\t\t\t\t\t\t\t\t<\/div>\n\t\t\t\t<\/div>\n\t\t\t\t\t<\/div>\n\t\t<\/div>\n\t\t\t\t\t<\/div>\n\t\t<\/section>\n\t\t\t\t<\/div>\n\t\t","protected":false},"excerpt":{"rendered":"<p>Misyon, Vizyon ve Temel De\u011ferler Misyonumuz Tekstil ve Moda Tasar\u0131m\u0131 B\u00f6l\u00fcm\u00fc \u00f6\u011frencilerin e\u011fitim ve \u00f6\u011fretimi i\u00e7in gereken bilimsel ve sosyo-k\u00fclt\u00fcrel ortam\u0131 sa\u011flayarak onlara T\u00fcrk tekstil, haz\u0131r giyim ve moda sekt\u00f6r\u00fcn\u00fcn ihtiya\u00e7lar\u0131n\u0131 kar\u015f\u0131layacak bilgi ve becerileri, tasar\u0131m, sanat, \u00e7evre, \u00e7a\u011fda\u015f teknoloji ve bilgiye ula\u015fma konular\u0131nda \u00e7a\u011fda\u015f bilgiyi kazand\u0131rmay\u0131; sorgulayan, ele\u015ftirel, analitik ve yenilik\u00e7i d\u00fc\u015f\u00fcnen, analiz etme, [&hellip;]<\/p>\n","protected":false},"author":1,"featured_media":0,"parent":0,"menu_order":0,"comment_status":"closed","ping_status":"closed","template":"elementor_header_footer","meta":{"footnotes":""},"class_list":["post-5682","page","type-page","status-publish","hentry"],"_links":{"self":[{"href":"https:\/\/atauni.edu.tr\/tekstil-ve-moda-tasarimi\/wp-json\/wp\/v2\/pages\/5682","targetHints":{"allow":["GET"]}}],"collection":[{"href":"https:\/\/atauni.edu.tr\/tekstil-ve-moda-tasarimi\/wp-json\/wp\/v2\/pages"}],"about":[{"href":"https:\/\/atauni.edu.tr\/tekstil-ve-moda-tasarimi\/wp-json\/wp\/v2\/types\/page"}],"author":[{"embeddable":true,"href":"https:\/\/atauni.edu.tr\/tekstil-ve-moda-tasarimi\/wp-json\/wp\/v2\/users\/1"}],"replies":[{"embeddable":true,"href":"https:\/\/atauni.edu.tr\/tekstil-ve-moda-tasarimi\/wp-json\/wp\/v2\/comments?post=5682"}],"version-history":[{"count":20,"href":"https:\/\/atauni.edu.tr\/tekstil-ve-moda-tasarimi\/wp-json\/wp\/v2\/pages\/5682\/revisions"}],"predecessor-version":[{"id":7578,"href":"https:\/\/atauni.edu.tr\/tekstil-ve-moda-tasarimi\/wp-json\/wp\/v2\/pages\/5682\/revisions\/7578"}],"wp:attachment":[{"href":"https:\/\/atauni.edu.tr\/tekstil-ve-moda-tasarimi\/wp-json\/wp\/v2\/media?parent=5682"}],"curies":[{"name":"wp","href":"https:\/\/api.w.org\/{rel}","templated":true}]}}