{"id":5688,"date":"2021-07-13T10:13:48","date_gmt":"2021-07-13T07:13:48","guid":{"rendered":"https:\/\/portaltest.atauni.edu.tr\/bilgisayar-muhendisligi\/?page_id=5688"},"modified":"2025-12-08T21:24:59","modified_gmt":"2025-12-08T18:24:59","slug":"akademik-personel","status":"publish","type":"page","link":"https:\/\/atauni.edu.tr\/tekstil-ve-moda-tasarimi\/akademik-personel\/","title":{"rendered":"Akademik Personel"},"content":{"rendered":"\t\t<div data-elementor-type=\"wp-page\" data-elementor-id=\"5688\" class=\"elementor elementor-5688\" data-elementor-post-type=\"page\">\n\t\t\t\t\t\t<section class=\"elementor-section elementor-top-section elementor-element elementor-element-22b96024 elementor-section-boxed elementor-section-height-default elementor-section-height-default\" data-id=\"22b96024\" data-element_type=\"section\">\n\t\t\t\t\t\t<div class=\"elementor-container elementor-column-gap-default\">\n\t\t\t\t\t<div class=\"elementor-column elementor-col-100 elementor-top-column elementor-element elementor-element-5a1f7769\" data-id=\"5a1f7769\" data-element_type=\"column\">\n\t\t\t<div class=\"elementor-widget-wrap elementor-element-populated\">\n\t\t\t\t\t\t<div class=\"elementor-element elementor-element-3b3e2d4a elementor-widget elementor-widget-heading\" data-id=\"3b3e2d4a\" data-element_type=\"widget\" data-widget_type=\"heading.default\">\n\t\t\t\t<div class=\"elementor-widget-container\">\n\t\t\t\t\t<h2 class=\"elementor-heading-title elementor-size-default\">Akademik Personel<\/h2>\t\t\t\t<\/div>\n\t\t\t\t<\/div>\n\t\t\t\t<div class=\"elementor-element elementor-element-35223868 elementor-widget-divider--view-line elementor-widget elementor-widget-divider\" data-id=\"35223868\" data-element_type=\"widget\" data-widget_type=\"divider.default\">\n\t\t\t\t<div class=\"elementor-widget-container\">\n\t\t\t\t\t\t\t<div class=\"elementor-divider\">\n\t\t\t<span class=\"elementor-divider-separator\">\n\t\t\t\t\t\t<\/span>\n\t\t<\/div>\n\t\t\t\t\t\t<\/div>\n\t\t\t\t<\/div>\n\t\t\t\t\t<\/div>\n\t\t<\/div>\n\t\t\t\t\t<\/div>\n\t\t<\/section>\n\t\t\t\t<section class=\"elementor-section elementor-top-section elementor-element elementor-element-b9726fb elementor-section-boxed elementor-section-height-default elementor-section-height-default\" data-id=\"b9726fb\" data-element_type=\"section\">\n\t\t\t\t\t\t<div class=\"elementor-container elementor-column-gap-default\">\n\t\t\t\t\t<div class=\"elementor-column elementor-col-100 elementor-top-column elementor-element elementor-element-db5efd7\" data-id=\"db5efd7\" data-element_type=\"column\">\n\t\t\t<div class=\"elementor-widget-wrap elementor-element-populated\">\n\t\t\t\t\t\t<div class=\"elementor-element elementor-element-7acf783 elementor-widget elementor-widget-shortcode\" data-id=\"7acf783\" data-element_type=\"widget\" data-widget_type=\"shortcode.default\">\n\t\t\t\t<div class=\"elementor-widget-container\">\n\t\t\t\t\t        <div class=\"accordion\" id=\"personel-kart\">\n            <div class=\"card p-liste\">\n                <div class=\"card-header \" id=\"p-0\">\n                    <h2 class=\"mb-0\">\n                        <button class=\"btn btn-link collapsed\" type=\"button\" data-toggle=\"collapse\"\n                                data-target=\"#k-0\"\n                                aria-expanded=\"false\" aria-controls=\"collapseOne\">\n                            Prof. Dr. Val\u0131da Pashayeva                        <\/button>\n                    <\/h2>\n                <\/div>\n\n                <div id=\"k-0\" class=\"collapse\" aria-labelledby=\"p-0\"\n                     data-parent=\"#personel-kart\" style=\"\">\n                    <div class=\"card-body\">\n                        <div class=\"row\">\n                            <div class=\"col-3 kart-resim\">\n                                <img decoding=\"async\" src=\"\/\/eski.atauni.edu.tr\/resizer.php?w=189&amp;h=228&amp;zc=1&amp;src=\/uploads\/profilResimleriSha1\/d3e08aa3aad179856fcad82aa7d373e2.png\"\n                                     class=\"img-fluid\">\n                            <\/div>\n                            <div class=\"col-7\">\n                                <h3 class=\"kart-baslik \">PROF\u0130L B\u0130LG\u0130S\u0130<\/h3>\n                                <div class=\"row\">\n                                    <div class=\"ad-soyad\">Prof. Dr. Val\u0131da Pashayeva<\/div>\n                                    <div class=\"birim\">Tekstil ve Moda Tasar\u0131m\u0131<\/div>\n                                    <div class=\"bilgiler\"><strong>E-Posta<\/strong>valide@atauni.edu.tr                                    <\/div>\n                                                                        <div class=\"bilgiler\"><strong>Profil<\/strong> <a target=\"_blank\"\n                                                                                     href=\"http:\/\/avesis.atauni.edu.tr\/valide\">https:\/\/avesis.atauni.edu.tr\/valide<\/a>\n                                    <\/div>\n                                    <div class=\"bilgiler\">\n                                        <strong>Telefon<\/strong>\n                                        +90 442 231                                        ()&nbsp;\n                                    <\/div>\n                                    <div class=\"bilgiler\"><strong>Posta Adresi<\/strong> <span\n                                                class=\"posta\">\n                                                                                                        Atat\u00fcrk \u00dcniversitesi G\u00fczel Sanatlar Fak\u00fcltesi 25240 Erzurum                                                                                                                                                                                                                                                                                                                                                                                                                                    <\/span>\n                                    <\/div>\n                                <\/div>\n                            <\/div>\n                            <div class=\"col-10 kart-egitim\">\n                                <h3>E\u011fitim<\/h3>\n                                <ul>\n\n                                    \n                                <\/ul>\n                            <\/div>\n                             <!--<div class=\"col-2 qr\">\n                                <img decoding=\"async\" src=\"https:\/\/chart.googleapis.com\/chart?chs=100x100&amp;cht=qr&amp;chl=BEGIN:VCARD%0AVERSION:3.0%0ATITLE:%0AN:Val\u0131da%20Pashayeva%0ATEL;type=WORK:%2B90442231%0AEMAIL:valide@atauni.edu.tr%0AEND:VCARD\"\n                                     class=\"img-fluid qr\">\n                            <\/div>-->\n                        <\/div>\n                    <\/div>\n                <\/div>\n            <\/div>\n        <\/div>\n\n\n                <div class=\"accordion\" id=\"personel-kart\">\n            <div class=\"card p-liste\">\n                <div class=\"card-header \" id=\"p-1\">\n                    <h2 class=\"mb-0\">\n                        <button class=\"btn btn-link collapsed\" type=\"button\" data-toggle=\"collapse\"\n                                data-target=\"#k-1\"\n                                aria-expanded=\"false\" aria-controls=\"collapseOne\">\n                            Do\u00e7. Dr. Fazl\u0131han Y\u0131lmaz                        <\/button>\n                    <\/h2>\n                <\/div>\n\n                <div id=\"k-1\" class=\"collapse\" aria-labelledby=\"p-1\"\n                     data-parent=\"#personel-kart\" style=\"\">\n                    <div class=\"card-body\">\n                        <div class=\"row\">\n                            <div class=\"col-3 kart-resim\">\n                                <img decoding=\"async\" src=\"\/\/eski.atauni.edu.tr\/resizer.php?w=189&amp;h=228&amp;zc=1&amp;src=\/uploads\/profilResimleriSha1\/81fa68887530828253e61423013a3c4b.png\"\n                                     class=\"img-fluid\">\n                            <\/div>\n                            <div class=\"col-7\">\n                                <h3 class=\"kart-baslik \">PROF\u0130L B\u0130LG\u0130S\u0130<\/h3>\n                                <div class=\"row\">\n                                    <div class=\"ad-soyad\">Do\u00e7. Dr. Fazl\u0131han Y\u0131lmaz<\/div>\n                                    <div class=\"birim\">Tekstil ve Moda Tasar\u0131m\u0131<\/div>\n                                    <div class=\"bilgiler\"><strong>E-Posta<\/strong>fazlihan.yilmaz@atauni.edu.tr                                    <\/div>\n                                                                        <div class=\"bilgiler\"><strong>Profil<\/strong> <a target=\"_blank\"\n                                                                                     href=\"http:\/\/avesis.atauni.edu.tr\/fazlihan.yilmaz\">https:\/\/avesis.atauni.edu.tr\/fazlihan.yilmaz<\/a>\n                                    <\/div>\n                                    <div class=\"bilgiler\">\n                                        <strong>Telefon<\/strong>\n                                        +90 442 231                                        (5161)&nbsp;\n                                    <\/div>\n                                    <div class=\"bilgiler\"><strong>Posta Adresi<\/strong> <span\n                                                class=\"posta\">\n                                                                                                        Atat\u00fcrk \u00dcniversitesi G\u00fczel Sanatlar Fak\u00fcltesi 25240 Erzurum                                                                                                                                                                                                                                                                                                                                                                                                                                    <\/span>\n                                    <\/div>\n                                <\/div>\n                            <\/div>\n                            <div class=\"col-10 kart-egitim\">\n                                <h3>E\u011fitim<\/h3>\n                                <ul>\n\n                                    <li>Lisans, U\u015fak \u00dcniversitesi, Tekstil M\u00fchendisli\u011fi, <\/li><li>Y\u00fcksek Lisans, Erciyes \u00dcniversitesi, Tekstil M\u00fchendisli\u011fi, <\/li><li>Doktora, Erciyes \u00dcniversitesi, Tekstil M\u00fchendisli\u011fi, <\/li>\n                                <\/ul>\n                            <\/div>\n                             <!--<div class=\"col-2 qr\">\n                                <img decoding=\"async\" src=\"https:\/\/chart.googleapis.com\/chart?chs=100x100&amp;cht=qr&amp;chl=BEGIN:VCARD%0AVERSION:3.0%0ATITLE:%0AN:Fazl\u0131han%20Y\u0131lmaz%0ATEL;type=WORK:%2B904422315161%0AEMAIL:fazlihan.yilmaz@atauni.edu.tr%0AEND:VCARD\"\n                                     class=\"img-fluid qr\">\n                            <\/div>-->\n                        <\/div>\n                    <\/div>\n                <\/div>\n            <\/div>\n        <\/div>\n\n\n                <div class=\"accordion\" id=\"personel-kart\">\n            <div class=\"card p-liste\">\n                <div class=\"card-header \" id=\"p-2\">\n                    <h2 class=\"mb-0\">\n                        <button class=\"btn btn-link collapsed\" type=\"button\" data-toggle=\"collapse\"\n                                data-target=\"#k-2\"\n                                aria-expanded=\"false\" aria-controls=\"collapseOne\">\n                            Do\u00e7. Dr. Zeynep K\u0131rk\u0131nc\u0131o\u011flu                        <\/button>\n                    <\/h2>\n                <\/div>\n\n                <div id=\"k-2\" class=\"collapse\" aria-labelledby=\"p-2\"\n                     data-parent=\"#personel-kart\" style=\"\">\n                    <div class=\"card-body\">\n                        <div class=\"row\">\n                            <div class=\"col-3 kart-resim\">\n                                <img decoding=\"async\" src=\"\/\/eski.atauni.edu.tr\/resizer.php?w=189&amp;h=228&amp;zc=1&amp;src=\/uploads\/profilResimleriSha1\/5eb59f166b31c10f13bf965e43e791be.png\"\n                                     class=\"img-fluid\">\n                            <\/div>\n                            <div class=\"col-7\">\n                                <h3 class=\"kart-baslik \">PROF\u0130L B\u0130LG\u0130S\u0130<\/h3>\n                                <div class=\"row\">\n                                    <div class=\"ad-soyad\">Do\u00e7. Dr. Zeynep K\u0131rk\u0131nc\u0131o\u011flu<\/div>\n                                    <div class=\"birim\">Tekstil ve Moda Tasar\u0131m\u0131<\/div>\n                                    <div class=\"bilgiler\"><strong>E-Posta<\/strong>zatmaca@atauni.edu.tr                                    <\/div>\n                                                                        <div class=\"bilgiler\"><strong>Profil<\/strong> <a target=\"_blank\"\n                                                                                     href=\"http:\/\/avesis.atauni.edu.tr\/zatmaca\">https:\/\/avesis.atauni.edu.tr\/zatmaca<\/a>\n                                    <\/div>\n                                    <div class=\"bilgiler\">\n                                        <strong>Telefon<\/strong>\n                                        +90 442 231                                        (6684)&nbsp;\n                                    <\/div>\n                                    <div class=\"bilgiler\"><strong>Posta Adresi<\/strong> <span\n                                                class=\"posta\">\n                                                                                                        Atat\u00fcrk \u00dcniversitesi G\u00fczel Sanatlar Fak\u00fcltesi 25240 Erzurum                                                                                                                                                                                                                                                                                                                                                                                                                                    <\/span>\n                                    <\/div>\n                                <\/div>\n                            <\/div>\n                            <div class=\"col-10 kart-egitim\">\n                                <h3>E\u011fitim<\/h3>\n                                <ul>\n\n                                    <li>Lisans, Gazi \u00dcniversitesi, Giyim End\u00fcstrisi ve Moda Tasar\u0131m\u0131 E\u011fitimi B\u00f6l\u00fcm\u00fc, 2007<\/li><li>Y\u00fcksek Lisans, Gazi \u00dcniversitesi, Giyim End\u00fcstrisi ve Moda Tasar\u0131m\u0131 E\u011fitimi B\u00f6l\u00fcm\u00fc, 2010<\/li><li>Uzmanl\u0131k, Gazi \u00dcniversitesi, Giyim End\u00fcstrisi ve Giyim Sanatlar\u0131, 2015<\/li>\n                                <\/ul>\n                            <\/div>\n                             <!--<div class=\"col-2 qr\">\n                                <img decoding=\"async\" src=\"https:\/\/chart.googleapis.com\/chart?chs=100x100&amp;cht=qr&amp;chl=BEGIN:VCARD%0AVERSION:3.0%0ATITLE:%0AN:Zeynep%20K\u0131rk\u0131nc\u0131o\u011flu%0ATEL;type=WORK:%2B904422316684%0AEMAIL:zatmaca@atauni.edu.tr%0AEND:VCARD\"\n                                     class=\"img-fluid qr\">\n                            <\/div>-->\n                        <\/div>\n                    <\/div>\n                <\/div>\n            <\/div>\n        <\/div>\n\n\n                <div class=\"accordion\" id=\"personel-kart\">\n            <div class=\"card p-liste\">\n                <div class=\"card-header \" id=\"p-3\">\n                    <h2 class=\"mb-0\">\n                        <button class=\"btn btn-link collapsed\" type=\"button\" data-toggle=\"collapse\"\n                                data-target=\"#k-3\"\n                                aria-expanded=\"false\" aria-controls=\"collapseOne\">\n                            Do\u00e7. Safiye Sari                        <\/button>\n                    <\/h2>\n                <\/div>\n\n                <div id=\"k-3\" class=\"collapse\" aria-labelledby=\"p-3\"\n                     data-parent=\"#personel-kart\" style=\"\">\n                    <div class=\"card-body\">\n                        <div class=\"row\">\n                            <div class=\"col-3 kart-resim\">\n                                <img decoding=\"async\" src=\"\/\/eski.atauni.edu.tr\/resizer.php?w=189&amp;h=228&amp;zc=1&amp;src=\/uploads\/profilResimleriSha1\/95354450bbf4fba8e4ad8193890bf7ec.png\"\n                                     class=\"img-fluid\">\n                            <\/div>\n                            <div class=\"col-7\">\n                                <h3 class=\"kart-baslik \">PROF\u0130L B\u0130LG\u0130S\u0130<\/h3>\n                                <div class=\"row\">\n                                    <div class=\"ad-soyad\">Do\u00e7. Safiye Sari<\/div>\n                                    <div class=\"birim\">Tekstil ve Moda Tasar\u0131m\u0131<\/div>\n                                    <div class=\"bilgiler\"><strong>E-Posta<\/strong>safiye.sari@atauni.edu.tr                                    <\/div>\n                                                                        <div class=\"bilgiler\"><strong>Profil<\/strong> <a target=\"_blank\"\n                                                                                     href=\"http:\/\/avesis.atauni.edu.tr\/safiye.sari\">https:\/\/avesis.atauni.edu.tr\/safiye.sari<\/a>\n                                    <\/div>\n                                    <div class=\"bilgiler\">\n                                        <strong>Telefon<\/strong>\n                                        +90 442 231                                        (5287)&nbsp;\n                                    <\/div>\n                                    <div class=\"bilgiler\"><strong>Posta Adresi<\/strong> <span\n                                                class=\"posta\">\n                                                                                                        Atat\u00fcrk \u00dcniversitesi G\u00fczel Sanatlar Fak\u00fcltesi 25240 Erzurum                                                                                                                                                                                                                                                                                                                                                                                                                                    <\/span>\n                                    <\/div>\n                                <\/div>\n                            <\/div>\n                            <div class=\"col-10 kart-egitim\">\n                                <h3>E\u011fitim<\/h3>\n                                <ul>\n\n                                    <li>Lisans, Gazi \u00dcniversitesi, Giyim Sanatlar\u0131 \u00d6\u011fretmenli\u011fi, 1996<\/li><li>Y\u00fcksek Lisans, Gazi \u00dcniversitesi, Sanatta Y\u00fcksek Lisans, 1999<\/li><li>Doktora, S\u00fcleyman Demirel \u00dcniversitesi, Sanat ve Tasar\u0131m, 2014<\/li>\n                                <\/ul>\n                            <\/div>\n                             <!--<div class=\"col-2 qr\">\n                                <img decoding=\"async\" src=\"https:\/\/chart.googleapis.com\/chart?chs=100x100&amp;cht=qr&amp;chl=BEGIN:VCARD%0AVERSION:3.0%0ATITLE:%0AN:Safiye%20Sari%0ATEL;type=WORK:%2B904422315287%0AEMAIL:safiye.sari@atauni.edu.tr%0AEND:VCARD\"\n                                     class=\"img-fluid qr\">\n                            <\/div>-->\n                        <\/div>\n                    <\/div>\n                <\/div>\n            <\/div>\n        <\/div>\n\n\n                <div class=\"accordion\" id=\"personel-kart\">\n            <div class=\"card p-liste\">\n                <div class=\"card-header \" id=\"p-4\">\n                    <h2 class=\"mb-0\">\n                        <button class=\"btn btn-link collapsed\" type=\"button\" data-toggle=\"collapse\"\n                                data-target=\"#k-4\"\n                                aria-expanded=\"false\" aria-controls=\"collapseOne\">\n                            Ar\u015f. G\u00f6r. Alara Nur Keskin                        <\/button>\n                    <\/h2>\n                <\/div>\n\n                <div id=\"k-4\" class=\"collapse\" aria-labelledby=\"p-4\"\n                     data-parent=\"#personel-kart\" style=\"\">\n                    <div class=\"card-body\">\n                        <div class=\"row\">\n                            <div class=\"col-3 kart-resim\">\n                                <img decoding=\"async\" src=\"\/\/eski.atauni.edu.tr\/resizer.php?w=189&amp;h=228&amp;zc=1&amp;src=\/uploads\/profilResimleriSha1\/dad18fe9b9a775b52ea50d67ec943d49.png\"\n                                     class=\"img-fluid\">\n                            <\/div>\n                            <div class=\"col-7\">\n                                <h3 class=\"kart-baslik \">PROF\u0130L B\u0130LG\u0130S\u0130<\/h3>\n                                <div class=\"row\">\n                                    <div class=\"ad-soyad\">Ar\u015f. G\u00f6r. Alara Nur Keskin<\/div>\n                                    <div class=\"birim\">Tekstil ve Moda Tasar\u0131m\u0131<\/div>\n                                    <div class=\"bilgiler\"><strong>E-Posta<\/strong>alaranur.keskin@atauni.edu.tr                                    <\/div>\n                                                                        <div class=\"bilgiler\"><strong>Profil<\/strong> <a target=\"_blank\"\n                                                                                     href=\"http:\/\/avesis.atauni.edu.tr\/alaranur.keskin\">https:\/\/avesis.atauni.edu.tr\/alaranur.keskin<\/a>\n                                    <\/div>\n                                    <div class=\"bilgiler\">\n                                        <strong>Telefon<\/strong>\n                                        +90 442 231                                        (5173)&nbsp;\n                                    <\/div>\n                                    <div class=\"bilgiler\"><strong>Posta Adresi<\/strong> <span\n                                                class=\"posta\">\n                                                                                                        Atat\u00fcrk \u00dcniversitesi G\u00fczel Sanatlar Fak\u00fcltesi 25240 Erzurum                                                                                                                                                                                                                                                                                                                                                                                                                                    <\/span>\n                                    <\/div>\n                                <\/div>\n                            <\/div>\n                            <div class=\"col-10 kart-egitim\">\n                                <h3>E\u011fitim<\/h3>\n                                <ul>\n\n                                    \n                                <\/ul>\n                            <\/div>\n                             <!--<div class=\"col-2 qr\">\n                                <img decoding=\"async\" src=\"https:\/\/chart.googleapis.com\/chart?chs=100x100&amp;cht=qr&amp;chl=BEGIN:VCARD%0AVERSION:3.0%0ATITLE:%0AN:Alara Nur%20Keskin%0ATEL;type=WORK:%2B904422315173%0AEMAIL:alaranur.keskin@atauni.edu.tr%0AEND:VCARD\"\n                                     class=\"img-fluid qr\">\n                            <\/div>-->\n                        <\/div>\n                    <\/div>\n                <\/div>\n            <\/div>\n        <\/div>\n\n\n        \t\t<div class=\"elementor-shortcode\"><\/div>\n\t\t\t\t\t\t<\/div>\n\t\t\t\t<\/div>\n\t\t\t\t\t<\/div>\n\t\t<\/div>\n\t\t\t\t\t<\/div>\n\t\t<\/section>\n\t\t\t\t<\/div>\n\t\t","protected":false},"excerpt":{"rendered":"<p>Akademik Personel<\/p>\n","protected":false},"author":1,"featured_media":0,"parent":0,"menu_order":0,"comment_status":"closed","ping_status":"closed","template":"elementor_header_footer","meta":{"footnotes":""},"class_list":["post-5688","page","type-page","status-publish","hentry"],"_links":{"self":[{"href":"https:\/\/atauni.edu.tr\/tekstil-ve-moda-tasarimi\/wp-json\/wp\/v2\/pages\/5688","targetHints":{"allow":["GET"]}}],"collection":[{"href":"https:\/\/atauni.edu.tr\/tekstil-ve-moda-tasarimi\/wp-json\/wp\/v2\/pages"}],"about":[{"href":"https:\/\/atauni.edu.tr\/tekstil-ve-moda-tasarimi\/wp-json\/wp\/v2\/types\/page"}],"author":[{"embeddable":true,"href":"https:\/\/atauni.edu.tr\/tekstil-ve-moda-tasarimi\/wp-json\/wp\/v2\/users\/1"}],"replies":[{"embeddable":true,"href":"https:\/\/atauni.edu.tr\/tekstil-ve-moda-tasarimi\/wp-json\/wp\/v2\/comments?post=5688"}],"version-history":[{"count":29,"href":"https:\/\/atauni.edu.tr\/tekstil-ve-moda-tasarimi\/wp-json\/wp\/v2\/pages\/5688\/revisions"}],"predecessor-version":[{"id":8101,"href":"https:\/\/atauni.edu.tr\/tekstil-ve-moda-tasarimi\/wp-json\/wp\/v2\/pages\/5688\/revisions\/8101"}],"wp:attachment":[{"href":"https:\/\/atauni.edu.tr\/tekstil-ve-moda-tasarimi\/wp-json\/wp\/v2\/media?parent=5688"}],"curies":[{"name":"wp","href":"https:\/\/api.w.org\/{rel}","templated":true}]}}