{"id":5638,"date":"2021-07-13T09:49:25","date_gmt":"2021-07-13T06:49:25","guid":{"rendered":"https:\/\/portaltest.atauni.edu.tr\/bilgisayar-muhendisligi\/?page_id=5638"},"modified":"2021-09-13T10:21:35","modified_gmt":"2021-09-13T07:21:35","slug":"tarihce","status":"publish","type":"page","link":"https:\/\/atauni.edu.tr\/tezhip-anasanat-dali\/tarihce\/","title":{"rendered":"Tarih\u00e7e"},"content":{"rendered":"\t\t<div data-elementor-type=\"wp-page\" data-elementor-id=\"5638\" class=\"elementor elementor-5638\" data-elementor-post-type=\"page\">\n\t\t\t\t\t\t<section class=\"elementor-section elementor-top-section elementor-element elementor-element-730d320 elementor-section-boxed elementor-section-height-default elementor-section-height-default\" data-id=\"730d320\" data-element_type=\"section\">\n\t\t\t\t\t\t<div class=\"elementor-container elementor-column-gap-default\">\n\t\t\t\t\t<div class=\"elementor-column elementor-col-100 elementor-top-column elementor-element elementor-element-753d0860\" data-id=\"753d0860\" data-element_type=\"column\">\n\t\t\t<div class=\"elementor-widget-wrap\">\n\t\t\t\t\t\t\t<\/div>\n\t\t<\/div>\n\t\t\t\t\t<\/div>\n\t\t<\/section>\n\t\t\t\t<section class=\"elementor-section elementor-top-section elementor-element elementor-element-9be811a elementor-section-boxed elementor-section-height-default elementor-section-height-default\" data-id=\"9be811a\" data-element_type=\"section\">\n\t\t\t\t\t\t<div class=\"elementor-container elementor-column-gap-default\">\n\t\t\t\t\t<div class=\"elementor-column elementor-col-100 elementor-top-column elementor-element elementor-element-1ed847b7\" data-id=\"1ed847b7\" data-element_type=\"column\">\n\t\t\t<div class=\"elementor-widget-wrap elementor-element-populated\">\n\t\t\t\t\t\t<div class=\"elementor-element elementor-element-4ce0d07f elementor-widget elementor-widget-heading\" data-id=\"4ce0d07f\" data-element_type=\"widget\" data-widget_type=\"heading.default\">\n\t\t\t\t<div class=\"elementor-widget-container\">\n\t\t\t\t\t<h2 class=\"elementor-heading-title elementor-size-default\">Tarih\u00e7e<\/h2>\t\t\t\t<\/div>\n\t\t\t\t<\/div>\n\t\t\t\t<div class=\"elementor-element elementor-element-63260862 elementor-widget-divider--view-line elementor-widget elementor-widget-divider\" data-id=\"63260862\" data-element_type=\"widget\" data-widget_type=\"divider.default\">\n\t\t\t\t<div class=\"elementor-widget-container\">\n\t\t\t\t\t\t\t<div class=\"elementor-divider\">\n\t\t\t<span class=\"elementor-divider-separator\">\n\t\t\t\t\t\t<\/span>\n\t\t<\/div>\n\t\t\t\t\t\t<\/div>\n\t\t\t\t<\/div>\n\t\t\t\t\t<\/div>\n\t\t<\/div>\n\t\t\t\t\t<\/div>\n\t\t<\/section>\n\t\t\t\t<section class=\"elementor-section elementor-top-section elementor-element elementor-element-681db8b elementor-section-boxed elementor-section-height-default elementor-section-height-default\" data-id=\"681db8b\" data-element_type=\"section\">\n\t\t\t\t\t\t<div class=\"elementor-container elementor-column-gap-default\">\n\t\t\t\t\t<div class=\"elementor-column elementor-col-100 elementor-top-column elementor-element elementor-element-ad4dac5\" data-id=\"ad4dac5\" data-element_type=\"column\">\n\t\t\t<div class=\"elementor-widget-wrap elementor-element-populated\">\n\t\t\t\t\t\t<div class=\"elementor-element elementor-element-2f96b3d elementor-widget elementor-widget-text-editor\" data-id=\"2f96b3d\" data-element_type=\"widget\" data-widget_type=\"text-editor.default\">\n\t\t\t\t<div class=\"elementor-widget-container\">\n\t\t\t\t\t\t\t\t\t<p>Atat\u00fcrk \u00dcniversitesi Tezhip Anasanat Dal\u0131n\u0131n tarih\u00e7esi, sanat e\u011fitiminin geli\u015fimine paralel olarak \u015fekillenmi\u015ftir. Sanat e\u011fitimindeki ilerlemelerle birlikte, tezhip sanat\u0131 da itself geli\u015ftirmi\u015f ve g\u00fcn\u00fcm\u00fczde \u00f6nemli bir anasanat dal\u0131 haline gelmi\u015ftir.<\/p>\n<p>Sanat\u0131n \u00e7e\u015fitli dallar\u0131nda oldu\u011fu gibi, tezhip sanat\u0131nda da ge\u00e7mi\u015ften gelen birikimlerin ve geleneksel tekniklerin \u00f6nemini korurken, modern anlay\u0131\u015fla birliktesanat e\u011fitiminin yeniliklere a\u00e7\u0131k olmas\u0131 sa\u011flanm\u0131\u015ft\u0131r. Bu dalda e\u011fitim almak isteyen \u00f6\u011frencilere, hem geleneksel tezhip tekniklerini \u00f6\u011frenme f\u0131rsat\u0131 verilir hem de \u00e7a\u011fda\u015f sanat anlay\u0131\u015f\u0131 ile bunlar\u0131 sentezleme becerisi kazand\u0131r\u0131l\u0131r.<\/p>\n<p>Atat\u00fcrk \u00dcniversitesi Tezhip Anasanat Dal\u0131nda verilen e\u011fitim, sadece teknik bilgiyi aktarmakla kalmaz, ayn\u0131 zamanda \u00f6\u011frencilerin yarat\u0131c\u0131l\u0131klar\u0131n\u0131 geli\u015ftirmelerine ve sanatsal a\u00e7\u0131dan zengin bir perspektife sahip olmalar\u0131na M\u00f6glichkeiten sunar. Bu sayede mezun olan \u00f6\u011frenciler, tezhip sanat\u0131n\u0131n gelece\u011fini \u015fekillendirecek \u00f6nemli fig\u00fcrler haline gelirler.<\/p>\n<p>Sanat\u0131n evrenselli\u011fi ve k\u00fclt\u00fcrel de\u011ferler \u00e7er\u00e7evesinde, tezhip sanat\u0131 da di\u011fer disiplinlerle etkile\u015fim halinde geli\u015fir. Farkl\u0131 k\u00fclt\u00fcrlerin ve sanat geleneklerinin birbirleriyle olan diyalo\u011fu, tezhip sanat\u0131nda da yeni fikirlerin ve uygulamalar\u0131n ortaya \u00e7\u0131kmas\u0131na vesile olur.<\/p>\n<p>Atat\u00fcrk \u00dcniversitesi Tezhip Anasanat Dal\u0131, e\u011fitim verdi\u011fi \u00f6\u011frencilere sadece bir meslek kazand\u0131rmakla kalmaz, ayn\u0131 zamanda onlar\u0131 sanatsal bir bak\u0131\u015f a\u00e7\u0131s\u0131na sahip, yarat\u0131c\u0131 ve d\u00fc\u015f\u00fcnceleri ile toplumun k\u00fclt\u00fcrel zenginli\u011fine katk\u0131da bulunabilecek bireyler olarak yeti\u015ftirmeyi ama\u00e7lar.<\/p>\t\t\t\t\t\t\t\t<\/div>\n\t\t\t\t<\/div>\n\t\t\t\t\t<\/div>\n\t\t<\/div>\n\t\t\t\t\t<\/div>\n\t\t<\/section>\n\t\t\t\t<\/div>\n\t\t","protected":false},"excerpt":{"rendered":"<p>Tarih\u00e7e Lorem Ipsum Nedir? Lorem Ipsum, dizgi ve bask\u0131 end\u00fcstrisinde kullan\u0131lan m\u0131g\u0131r metinlerdir. Lorem Ipsum, ad\u0131 bilinmeyen bir matbaac\u0131n\u0131n bir hurufat numune kitab\u0131 olu\u015fturmak \u00fczere bir yaz\u0131 galerisini alarak kar\u0131\u015ft\u0131rd\u0131\u011f\u0131 1500&#8217;lerden beri end\u00fcstri standard\u0131 sahte metinler olarak kullan\u0131lm\u0131\u015ft\u0131r. Be\u015fy\u00fcz y\u0131l boyunca varl\u0131\u011f\u0131n\u0131 s\u00fcrd\u00fcrmekle kalmam\u0131\u015f, ayn\u0131 zamanda pek de\u011fi\u015fmeden elektronik dizgiye de s\u0131\u00e7ram\u0131\u015ft\u0131r. 1960&#8217;larda Lorem Ipsum [&hellip;]<\/p>\n","protected":false},"author":1,"featured_media":0,"parent":0,"menu_order":0,"comment_status":"closed","ping_status":"closed","template":"","meta":{"footnotes":""},"class_list":["post-5638","page","type-page","status-publish","hentry"],"_links":{"self":[{"href":"https:\/\/atauni.edu.tr\/tezhip-anasanat-dali\/wp-json\/wp\/v2\/pages\/5638","targetHints":{"allow":["GET"]}}],"collection":[{"href":"https:\/\/atauni.edu.tr\/tezhip-anasanat-dali\/wp-json\/wp\/v2\/pages"}],"about":[{"href":"https:\/\/atauni.edu.tr\/tezhip-anasanat-dali\/wp-json\/wp\/v2\/types\/page"}],"author":[{"embeddable":true,"href":"https:\/\/atauni.edu.tr\/tezhip-anasanat-dali\/wp-json\/wp\/v2\/users\/1"}],"replies":[{"embeddable":true,"href":"https:\/\/atauni.edu.tr\/tezhip-anasanat-dali\/wp-json\/wp\/v2\/comments?post=5638"}],"version-history":[{"count":22,"href":"https:\/\/atauni.edu.tr\/tezhip-anasanat-dali\/wp-json\/wp\/v2\/pages\/5638\/revisions"}],"predecessor-version":[{"id":6117,"href":"https:\/\/atauni.edu.tr\/tezhip-anasanat-dali\/wp-json\/wp\/v2\/pages\/5638\/revisions\/6117"}],"wp:attachment":[{"href":"https:\/\/atauni.edu.tr\/tezhip-anasanat-dali\/wp-json\/wp\/v2\/media?parent=5638"}],"curies":[{"name":"wp","href":"https:\/\/api.w.org\/{rel}","templated":true}]}}