{"id":5734,"date":"2021-07-13T11:37:45","date_gmt":"2021-07-13T08:37:45","guid":{"rendered":"https:\/\/portaltest.atauni.edu.tr\/bilgisayar-muhendisligi\/?page_id=5734"},"modified":"2021-08-27T15:50:14","modified_gmt":"2021-08-27T12:50:14","slug":"ogrenci-deneyimi","status":"publish","type":"page","link":"https:\/\/atauni.edu.tr\/tezhip-anasanat-dali\/ogrenci-deneyimi\/","title":{"rendered":"\u00d6\u011frenci Deneyimi"},"content":{"rendered":"\t\t<div data-elementor-type=\"wp-page\" data-elementor-id=\"5734\" class=\"elementor elementor-5734\" data-elementor-post-type=\"page\">\n\t\t\t\t\t\t<section class=\"elementor-section elementor-top-section elementor-element elementor-element-730d320 elementor-section-boxed elementor-section-height-default elementor-section-height-default\" data-id=\"730d320\" data-element_type=\"section\">\n\t\t\t\t\t\t<div class=\"elementor-container elementor-column-gap-default\">\n\t\t\t\t\t<div class=\"elementor-column elementor-col-100 elementor-top-column elementor-element elementor-element-753d0860\" data-id=\"753d0860\" data-element_type=\"column\">\n\t\t\t<div class=\"elementor-widget-wrap\">\n\t\t\t\t\t\t\t<\/div>\n\t\t<\/div>\n\t\t\t\t\t<\/div>\n\t\t<\/section>\n\t\t\t\t<section class=\"elementor-section elementor-top-section elementor-element elementor-element-9be811a elementor-section-boxed elementor-section-height-default elementor-section-height-default\" data-id=\"9be811a\" data-element_type=\"section\">\n\t\t\t\t\t\t<div class=\"elementor-container elementor-column-gap-default\">\n\t\t\t\t\t<div class=\"elementor-column elementor-col-100 elementor-top-column elementor-element elementor-element-1ed847b7\" data-id=\"1ed847b7\" data-element_type=\"column\">\n\t\t\t<div class=\"elementor-widget-wrap elementor-element-populated\">\n\t\t\t\t\t\t<div class=\"elementor-element elementor-element-4ce0d07f elementor-widget elementor-widget-heading\" data-id=\"4ce0d07f\" data-element_type=\"widget\" data-widget_type=\"heading.default\">\n\t\t\t\t<div class=\"elementor-widget-container\">\n\t\t\t\t\t<h2 class=\"elementor-heading-title elementor-size-default\">\u00d6\u011frenci Deneyimi<\/h2>\t\t\t\t<\/div>\n\t\t\t\t<\/div>\n\t\t\t\t<div class=\"elementor-element elementor-element-63260862 elementor-widget-divider--view-line elementor-widget elementor-widget-divider\" data-id=\"63260862\" data-element_type=\"widget\" data-widget_type=\"divider.default\">\n\t\t\t\t<div class=\"elementor-widget-container\">\n\t\t\t\t\t\t\t<div class=\"elementor-divider\">\n\t\t\t<span class=\"elementor-divider-separator\">\n\t\t\t\t\t\t<\/span>\n\t\t<\/div>\n\t\t\t\t\t\t<\/div>\n\t\t\t\t<\/div>\n\t\t\t\t\t<\/div>\n\t\t<\/div>\n\t\t\t\t\t<\/div>\n\t\t<\/section>\n\t\t\t\t<section class=\"elementor-section elementor-top-section elementor-element elementor-element-4debb41 elementor-section-boxed elementor-section-height-default elementor-section-height-default\" data-id=\"4debb41\" data-element_type=\"section\">\n\t\t\t\t\t\t<div class=\"elementor-container elementor-column-gap-default\">\n\t\t\t\t\t<div class=\"elementor-column elementor-col-100 elementor-top-column elementor-element elementor-element-28420b1\" data-id=\"28420b1\" data-element_type=\"column\">\n\t\t\t<div class=\"elementor-widget-wrap elementor-element-populated\">\n\t\t\t\t\t\t<div class=\"elementor-element elementor-element-e007b90 elementor-widget elementor-widget-ova_testimonial\" data-id=\"e007b90\" data-element_type=\"widget\" data-settings=\"{&quot;pause_on_hover&quot;:&quot;yes&quot;,&quot;infinite&quot;:&quot;yes&quot;,&quot;autoplay&quot;:&quot;yes&quot;,&quot;autoplay_speed&quot;:3000,&quot;dot_control&quot;:&quot;yes&quot;}\" data-widget_type=\"ova_testimonial.default\">\n\t\t\t\t<div class=\"elementor-widget-container\">\n\t\t\t\t\t\n\t\t\n\t\t\t<section class=\"ova-testimonial \">\n\t\t\t\t<div class=\"slide-testimonials owl-carousel owl-theme\" data-options=\"{&quot;items&quot;:3,&quot;slideBy&quot;:1,&quot;margin&quot;:30,&quot;autoplayHoverPause&quot;:true,&quot;loop&quot;:true,&quot;autoplay&quot;:true,&quot;autoplayTimeout&quot;:3000,&quot;smartSpeed&quot;:500,&quot;dots&quot;:true}\">\n\t\t\t\t\t\t\t\t\t\t\t<div class=\"item\">\n\t\t\t\t\t\t\t<div class=\"client_info\">\n\t\t\t\t\t\t\t\t\t\t\t\t\t\t\t\t\t<p class=\"evaluate\">Atat\u00fcrk \u00dcniversitesi Tezhip Anasanat Dal\u0131nda \u00f6\u011frenci deneyimi, \u00f6\u011frencilerin sanat\u0131n temel ilkelerini \u00f6\u011frenmelerinin yan\u0131 s\u0131ra yarat\u0131c\u0131 yeteneklerini geli\u015ftirmelerine de odaklan\u0131yor. Bu b\u00f6l\u00fcmde e\u011fitim alan \u00f6\u011frenciler, tezhip sanat\u0131n\u0131n tarihi ve tekniklerinin yan\u0131 s\u0131ra modern uygulamalar\u0131 hakk\u0131nda da derin bir anlay\u0131\u015f kazan\u0131yorlar.\n\nE\u011fitim s\u00fcreci boyunca \u00f6\u011frencilere sunulan olanaklar aras\u0131nda st\u00fcdyo \u00e7al\u0131\u015fmalar\u0131, at\u00f6lye uygulamalar\u0131 ve uzman \u00f6\u011fretim \u00fcyelerinin rehberli\u011fi yer al\u0131yor. Bu sayede \u00f6\u011frenciler, sadece teorik bilgiyi de\u011fil, ayn\u0131 zamanda prati\u011fe dayal\u0131 becerileri de kazanma f\u0131rsat\u0131 buluyorlar.\n\nAtat\u00fcrk \u00dcniversitesi Tezhip Anasanat Dal\u0131nda ge\u00e7irilen s\u00fcre, \u00f6\u011frencilerin hem bireysel olarak b\u00fcy\u00fcmelerine hem de sanat camias\u0131na katk\u0131da bulunmalar\u0131na yard\u0131mc\u0131 oluyor. B\u00f6l\u00fcm\u00fcn sundu\u011fu kapsaml\u0131 e\u011fitim ve destek ile mezun olan \u00f6\u011frenciler, tezhip sanat\u0131n\u0131n \u00e7e\u015fitli alanlar\u0131nda ba\u015far\u0131l\u0131 bir \u015fekilde \u00e7al\u0131\u015fabiliyorlar.\n\n\u00d6\u011frenci deneyimi, sadece akademik ba\u015far\u0131yla s\u0131n\u0131rl\u0131 de\u011fil, ayn\u0131 zamanda b\u00f6l\u00fcm\u00fcn d\u00fczenledi\u011fi etkinlikler, sergi ve at\u00f6lye \u00e7al\u0131\u015fmalar\u0131 gibi faaliyetlerle de zenginle\u015ftiriliyor. Bu aktiviteler, \u00f6\u011frencilerin birbirleriyle ve sanat d\u00fcnyas\u0131yla ba\u011flant\u0131 kurmalar\u0131na olanak tan\u0131yarak, daha geni\u015f bir perspektif kazand\u0131r\u0131yor.\n\nAtat\u00fcrk \u00dcniversitesi Tezhip Anasanat Dal\u0131nda ge\u00e7irilen zaman, \u00f6\u011frencilere tezhip sanat\u0131n\u0131n derinliklerini ke\u015ffetme ve bu sanata kar\u015f\u0131 takdir ve anlay\u0131\u015f geli\u015ftirme f\u0131rsat\u0131 sunuyor. Bu b\u00f6l\u00fcmde verilen e\u011fitim, \u00f6\u011frencilerin gelecekte ba\u015far\u0131l\u0131 bir \u015fekilde tezhip sanat\u00e7\u0131s\u0131 olarak yer alabilmeleri i\u00e7in gerekli olan bilgi, beceri ve yarat\u0131c\u0131l\u0131\u011f\u0131 kazanmalar\u0131na yard\u0131mc\u0131 oluyor.<\/p>\n\t\t\t\t\t\t\t\t\n\t\t\t\t\t\t\t\t<div class=\"info\">\n\t\t\t\t\t\t\t\t\t\t\t\t\t\t\t\t\t\t<div class=\"name-job\">\n\t\t\t\t\t\t\t\t\t\t\t\t\t\t\t\t\t\t\t\t\t<p class=\"name second_font\">Atat\u00fcrk \u00dcniversitesi Tezhip Anasanat Dal\u0131nda \u00f6\u011frenci deneyimi, \u00f6\u011frencilerin sanat\u0131n temel ilkelerini \u00f6\u011frenmelerinin yan\u0131 s\u0131ra yarat\u0131c\u0131 yeteneklerini geli\u015ftirmelerine de odaklan\u0131yor. Bu b\u00f6l\u00fcmde e\u011fitim alan \u00f6\u011frenciler, tezhip sanat\u0131n\u0131n tarihi ve tekniklerinin yan\u0131 s\u0131ra modern uygulamalar\u0131 hakk\u0131nda da derin bir anlay\u0131\u015f kazan\u0131yorlar.\n\nE\u011fitim s\u00fcreci boyunca \u00f6\u011frencilere sunulan olanaklar aras\u0131nda st\u00fcdyo \u00e7al\u0131\u015fmalar\u0131, at\u00f6lye uygulamalar\u0131 ve uzman \u00f6\u011fretim \u00fcyelerinin rehberli\u011fi yer al\u0131yor. Bu sayede \u00f6\u011frenciler, sadece teorik bilgiyi de\u011fil, ayn\u0131 zamanda prati\u011fe dayal\u0131 becerileri de kazanma f\u0131rsat\u0131 buluyorlar.\n\nAtat\u00fcrk \u00dcniversitesi Tezhip Anasanat Dal\u0131nda ge\u00e7irilen s\u00fcre, \u00f6\u011frencilerin hem bireysel olarak b\u00fcy\u00fcmelerine hem de sanat camias\u0131na katk\u0131da bulunmalar\u0131na yard\u0131mc\u0131 oluyor. B\u00f6l\u00fcm\u00fcn sundu\u011fu kapsaml\u0131 e\u011fitim ve destek ile mezun olan \u00f6\u011frenciler, tezhip sanat\u0131n\u0131n \u00e7e\u015fitli alanlar\u0131nda ba\u015far\u0131l\u0131 bir \u015fekilde \u00e7al\u0131\u015fabiliyorlar.\n\n\u00d6\u011frenci deneyimi, sadece akademik ba\u015far\u0131yla s\u0131n\u0131rl\u0131 de\u011fil, ayn\u0131 zamanda b\u00f6l\u00fcm\u00fcn d\u00fczenledi\u011fi etkinlikler, sergi ve at\u00f6lye \u00e7al\u0131\u015fmalar\u0131 gibi faaliyetlerle de zenginle\u015ftiriliyor. Bu aktiviteler, \u00f6\u011frencilerin birbirleriyle ve sanat d\u00fcnyas\u0131yla ba\u011flant\u0131 kurmalar\u0131na olanak tan\u0131yarak, daha geni\u015f bir perspektif kazand\u0131r\u0131yor.\n\nAtat\u00fcrk \u00dcniversitesi Tezhip Anasanat Dal\u0131nda ge\u00e7irilen zaman, \u00f6\u011frencilere tezhip sanat\u0131n\u0131n derinliklerini ke\u015ffetme ve bu sanata kar\u015f\u0131 takdir ve anlay\u0131\u015f geli\u015ftirme f\u0131rsat\u0131 sunuyor. Bu b\u00f6l\u00fcmde verilen e\u011fitim, \u00f6\u011frencilerin gelecekte ba\u015far\u0131l\u0131 bir \u015fekilde tezhip sanat\u00e7\u0131s\u0131 olarak yer alabilmeleri i\u00e7in gerekli olan bilgi, beceri ve yarat\u0131c\u0131l\u0131\u011f\u0131 kazanmalar\u0131na yard\u0131mc\u0131 oluyor.<\/p>\n\t\t\t\t\t\t\t\t\t\t\t\t\t\t\t\t\t\t\t\t\t\t\t\t\t\t\t\t\t\t\t<p class=\"job\">Atat\u00fcrk \u00dcniversitesi Tezhip Anasanat Dal\u0131nda \u00f6\u011frenci deneyimi, \u00f6\u011frencilerin sanat\u0131n temel ilkelerini \u00f6\u011frenmelerinin yan\u0131 s\u0131ra yarat\u0131c\u0131 yeteneklerini geli\u015ftirmelerine de odaklan\u0131yor. Bu b\u00f6l\u00fcmde e\u011fitim alan \u00f6\u011frenciler, tezhip sanat\u0131n\u0131n tarihi ve tekniklerinin yan\u0131 s\u0131ra modern uygulamalar\u0131 hakk\u0131nda da derin bir anlay\u0131\u015f kazan\u0131yorlar.\n\nE\u011fitim s\u00fcreci boyunca \u00f6\u011frencilere sunulan olanaklar aras\u0131nda st\u00fcdyo \u00e7al\u0131\u015fmalar\u0131, at\u00f6lye uygulamalar\u0131 ve uzman \u00f6\u011fretim \u00fcyelerinin rehberli\u011fi yer al\u0131yor. Bu sayede \u00f6\u011frenciler, sadece teorik bilgiyi de\u011fil, ayn\u0131 zamanda prati\u011fe dayal\u0131 becerileri de kazanma f\u0131rsat\u0131 buluyorlar.\n\nAtat\u00fcrk \u00dcniversitesi Tezhip Anasanat Dal\u0131nda ge\u00e7irilen s\u00fcre, \u00f6\u011frencilerin hem bireysel olarak b\u00fcy\u00fcmelerine hem de sanat camias\u0131na katk\u0131da bulunmalar\u0131na yard\u0131mc\u0131 oluyor. B\u00f6l\u00fcm\u00fcn sundu\u011fu kapsaml\u0131 e\u011fitim ve destek ile mezun olan \u00f6\u011frenciler, tezhip sanat\u0131n\u0131n \u00e7e\u015fitli alanlar\u0131nda ba\u015far\u0131l\u0131 bir \u015fekilde \u00e7al\u0131\u015fabiliyorlar.\n\n\u00d6\u011frenci deneyimi, sadece akademik ba\u015far\u0131yla s\u0131n\u0131rl\u0131 de\u011fil, ayn\u0131 zamanda b\u00f6l\u00fcm\u00fcn d\u00fczenledi\u011fi etkinlikler, sergi ve at\u00f6lye \u00e7al\u0131\u015fmalar\u0131 gibi faaliyetlerle de zenginle\u015ftiriliyor. Bu aktiviteler, \u00f6\u011frencilerin birbirleriyle ve sanat d\u00fcnyas\u0131yla ba\u011flant\u0131 kurmalar\u0131na olanak tan\u0131yarak, daha geni\u015f bir perspektif kazand\u0131r\u0131yor.\n\nAtat\u00fcrk \u00dcniversitesi Tezhip Anasanat Dal\u0131nda ge\u00e7irilen zaman, \u00f6\u011frencilere tezhip sanat\u0131n\u0131n derinliklerini ke\u015ffetme ve bu sanata kar\u015f\u0131 takdir ve anlay\u0131\u015f geli\u015ftirme f\u0131rsat\u0131 sunuyor. Bu b\u00f6l\u00fcmde verilen e\u011fitim, \u00f6\u011frencilerin gelecekte ba\u015far\u0131l\u0131 bir \u015fekilde tezhip sanat\u00e7\u0131s\u0131 olarak yer alabilmeleri i\u00e7in gerekli olan bilgi, beceri ve yarat\u0131c\u0131l\u0131\u011f\u0131 kazanmalar\u0131na yard\u0131mc\u0131 oluyor.<\/p>\n\t\t\t\t\t\t\t\t\t\t\t\t\t\t\t\t\t\t\t<\/div>\n\t\t\t\t\t\t\t\t<\/div>\n\t\t\t\t\t\t\t\t\n\t\t\t\t\t\t\t\t\t\t\t\t\t\t\t\t\t<div class=\"icon-quote\">\n\t\t\t\t\t\t\t\t\t\t<span class=\"flaticon-left-quote-1\"><\/span>\n\t\t\t\t\t\t\t\t\t<\/div>\n\t\t\t\t\t\t\t\t\t\t\t\t\t\t\t<\/div>\n\t\t\t\t\t\t<\/div>\n\t\t\t\t\t\t\t\t\t<\/div>\n\t\t\t<\/section>\n\n\t\t\t\t\n\t\t\t\t\t\t<\/div>\n\t\t\t\t<\/div>\n\t\t\t\t\t<\/div>\n\t\t<\/div>\n\t\t\t\t\t<\/div>\n\t\t<\/section>\n\t\t\t\t<\/div>\n\t\t","protected":false},"excerpt":{"rendered":"<p>\u00d6\u011frenci Deneyimi Lorem Ipsum Nedir? Lorem Ipsum, dizgi ve bask\u0131 end\u00fcstrisinde kullan\u0131lan m\u0131g\u0131r metinlerdir. Lorem Ipsum, ad\u0131 bilinmeyen bir matbaac\u0131n\u0131n bir hurufat numune kitab\u0131 olu\u015fturmak \u00fczere bir yaz\u0131 galerisini alarak kar\u0131\u015ft\u0131rd\u0131\u011f\u0131 1500&#039;lerden beri end\u00fcstri standard\u0131 sahte metinler olarak kullan\u0131lm\u0131\u015ft\u0131r. Be\u015fy\u00fcz y\u0131l boyunca varl\u0131\u011f\u0131n\u0131 s\u00fcrd\u00fcrmekle kalmam\u0131\u015f, ayn\u0131 zamanda pek de\u011fi\u015fmeden elektronik dizgiye de s\u0131\u00e7ram\u0131\u015ft\u0131r. 1960&#039;larda Lorem [&hellip;]<\/p>\n","protected":false},"author":1,"featured_media":0,"parent":0,"menu_order":0,"comment_status":"closed","ping_status":"closed","template":"elementor_header_footer","meta":{"footnotes":""},"class_list":["post-5734","page","type-page","status-publish","hentry"],"_links":{"self":[{"href":"https:\/\/atauni.edu.tr\/tezhip-anasanat-dali\/wp-json\/wp\/v2\/pages\/5734","targetHints":{"allow":["GET"]}}],"collection":[{"href":"https:\/\/atauni.edu.tr\/tezhip-anasanat-dali\/wp-json\/wp\/v2\/pages"}],"about":[{"href":"https:\/\/atauni.edu.tr\/tezhip-anasanat-dali\/wp-json\/wp\/v2\/types\/page"}],"author":[{"embeddable":true,"href":"https:\/\/atauni.edu.tr\/tezhip-anasanat-dali\/wp-json\/wp\/v2\/users\/1"}],"replies":[{"embeddable":true,"href":"https:\/\/atauni.edu.tr\/tezhip-anasanat-dali\/wp-json\/wp\/v2\/comments?post=5734"}],"version-history":[{"count":20,"href":"https:\/\/atauni.edu.tr\/tezhip-anasanat-dali\/wp-json\/wp\/v2\/pages\/5734\/revisions"}],"predecessor-version":[{"id":6103,"href":"https:\/\/atauni.edu.tr\/tezhip-anasanat-dali\/wp-json\/wp\/v2\/pages\/5734\/revisions\/6103"}],"wp:attachment":[{"href":"https:\/\/atauni.edu.tr\/tezhip-anasanat-dali\/wp-json\/wp\/v2\/media?parent=5734"}],"curies":[{"name":"wp","href":"https:\/\/api.w.org\/{rel}","templated":true}]}}